{"id":934,"date":"2020-09-10T08:38:58","date_gmt":"2020-09-10T08:38:58","guid":{"rendered":"https:\/\/aliceinwaterland.eu\/barca\/"},"modified":"2023-11-17T16:13:45","modified_gmt":"2023-11-17T15:13:45","slug":"barka","status":"publish","type":"page","link":"https:\/\/aliceinwaterland.eu\/sl\/barka\/","title":{"rendered":"Barka"},"content":{"rendered":"\n<h1>\n\t\tBARKA\n\t<\/h1>\n\t\t\t\t\t\t\t<p>&#8220;Dru\u017einska ladja ne bo nikoli potonila, dokler je ne zapusti njena posadka.&#8221;<\/p>\t\t\t\t\t\t\n\t\t\t\t\t\t\t\t&#8211; Wes Fesler\t\t\t\t\t\t\t\t\n\t\t\t\t<img decoding=\"async\" data-src=\"https:\/\/aliceinwaterland.eu\/wp-content\/uploads\/2020\/05\/crta.svg\" alt=\"crta\" title=\"crta\" itemprop=\"image\" src=\"data:image\/svg+xml;base64,PHN2ZyB3aWR0aD0iMSIgaGVpZ2h0PSIxIiB4bWxucz0iaHR0cDovL3d3dy53My5vcmcvMjAwMC9zdmciPjwvc3ZnPg==\" class=\"lazyload\" \/>\n\t\t\t\t<a href=\"https:\/\/i0.wp.com\/aliceinwaterland.eu\/wp-content\/uploads\/2021\/01\/Dufour-Gib-Sea-51-Alice-in-Waterland.jpg?ssl=1\" target=\"_self\" itemprop=\"url\" rel=\"noopener\">\n\t\t\t\t<img data-recalc-dims=\"1\" decoding=\"async\" data-src=\"https:\/\/i0.wp.com\/aliceinwaterland.eu\/wp-content\/uploads\/2021\/01\/Dufour-Gib-Sea-51-Alice-in-Waterland.jpg?resize=1194%2C574&#038;ssl=1\" alt=\"Dufour-Gib-Sea-51-Alice-in-Waterland\" itemprop=\"image\" height=\"574\" width=\"1194\" title=\"Dufour-Gib-Sea-51-Alice-in-Waterland\" onerror=\"this.style.display='none'\" src=\"data:image\/svg+xml;base64,PHN2ZyB3aWR0aD0iMSIgaGVpZ2h0PSIxIiB4bWxucz0iaHR0cDovL3d3dy53My5vcmcvMjAwMC9zdmciPjwvc3ZnPg==\" class=\"lazyload\" style=\"--smush-placeholder-width: 1194px; --smush-placeholder-aspect-ratio: 1194\/574;\" \/>\n\t\t\t\t<\/a>\n\t<strong>Ime:<\/strong> Alice in Waterland<br \/>\n<strong>Reg. \u0160t .:<\/strong> IZ-3835<br \/>\n<strong>Zastava:<\/strong> Slovenska\n<strong>Ladjedelnica:<\/strong> Dufour yacht<br \/>\n<strong>Model:<\/strong> Gib Sea 51<br \/>\n<strong>Leto izdelave:<\/strong> 2004<br \/>\n<strong>Tip:<\/strong> Jadrnica<br \/>\n<strong>Dol\u017eina:<\/strong> 14,90m<br \/>\n<strong>\u0160irina:<\/strong> 4,84 m<br \/>\n<strong>Ugrez:<\/strong> 1,95 m\n<strong>POGON:<\/strong><br \/>\n<strong>Motor:<\/strong> Yanmar 100HP<br \/>\n<strong>Izvenkrmni motor:<\/strong> Yamaha 4HP\n<strong>JADRA:<\/strong><br \/>\n<strong>Glavno jadro:<\/strong> 56m2<br \/>\n<strong>Genoa:<\/strong> 73m2\n\t<strong>REZERVOARJI:<\/strong><br \/>\n<strong>Rezervoar nafte:<\/strong> 2x500L<br \/>\n<strong>Rezervoar sladke vode:<\/strong> 800L<br \/>\n<strong>Rezervoar pitne vode:<\/strong> 100L\n<strong>VARNOST:<\/strong><br \/>\nPrva pomo\u010d<br \/>\nZbirka zdravil<br \/>\nVarnostna mre\u017ea<br \/>\n12X Re\u0161ilni jopi\u010d za odrasle<br \/>\n4X Re\u0161ilni jopi\u010d za otroke<br \/>\n2X Re\u0161ilni obro\u010d<br \/>\n2X Re\u0161ilni splav\n<strong>NOTRANJA RAZPOREDITEV:<\/strong><br \/>\nGlavni salon s kuhinjo in radijsko postajo<br \/>\n2X KABINA ZA POSADKO + 2X KOPALNICA<br \/>\n3X KABINA ZA GOSTE + 3X KOPALNICA\n\t<strong>UDOBJE:<\/strong><br \/>\nAvtopilot<br \/>\nCentralno ogrevanje<br \/>\nDeska z veslom<br \/>\nGumenjak<br \/>\nHladilnik<br \/>\nKajak<br \/>\nNavigacijska oprema<br \/>\nPretvornik<br \/>\nRazsvetljava LED<br \/>\nTV \/ Radio<br \/>\nVHF<br \/>\nVodne igre\/oprema<br \/>\nZmrzovalnik<br \/>\nWi-Fi<br \/>\n4 blazine za son\u010denje\n\n","protected":false},"excerpt":{"rendered":"<p>BARKA &#8220;Dru\u017einska ladja ne bo nikoli potonila, dokler je ne zapusti njena posadka.&#8221; &#8211; Wes Fesler Ime: Alice in Waterland Reg. \u0160t .: IZ-3835 Zastava: Slovenska Ladjedelnica: Dufour yacht Model: Gib Sea 51 Leto izdelave: 2004 Tip: Jadrnica Dol\u017eina: 14,90m \u0160irina: 4,84 m Ugrez: 1,95 m POGON: Motor: Yanmar 100HP Izvenkrmni motor: Yamaha 4HP JADRA: &hellip;<\/p>\n<p class=\"read-more\"> <a class=\"\" href=\"https:\/\/aliceinwaterland.eu\/sl\/barka\/\"> <span class=\"screen-reader-text\">Barka<\/span> Read More \u00bb<\/a><\/p>\n","protected":false},"author":1,"featured_media":0,"parent":0,"menu_order":0,"comment_status":"closed","ping_status":"closed","template":"","meta":{"_eb_attr":"","site-sidebar-layout":"no-sidebar","site-content-layout":"page-builder","ast-global-header-display":"","ast-main-header-display":"","ast-hfb-above-header-display":"","ast-hfb-below-header-display":"","ast-hfb-mobile-header-display":"","site-post-title":"disabled","ast-breadcrumbs-content":"","ast-featured-img":"disabled","footer-sml-layout":"","theme-transparent-header-meta":"default","adv-header-id-meta":"","stick-header-meta":"default","header-above-stick-meta":"","header-main-stick-meta":"","header-below-stick-meta":"","_themeisle_gutenberg_block_has_review":false,"footnotes":""},"class_list":["post-934","page","type-page","status-publish","hentry"],"yoast_head":"<!-- This site is optimized with the Yoast SEO Premium plugin v20.3 (Yoast SEO v26.7) - https:\/\/yoast.com\/wordpress\/plugins\/seo\/ -->\n<title>Barka | Alice in Waterland<\/title>\n<meta name=\"robots\" content=\"index, follow, max-snippet:-1, max-image-preview:large, max-video-preview:-1\" \/>\n<link rel=\"canonical\" href=\"https:\/\/aliceinwaterland.eu\/sl\/barka\/\" \/>\n<meta property=\"og:locale\" content=\"sl_SI\" \/>\n<meta property=\"og:type\" content=\"article\" \/>\n<meta property=\"og:title\" content=\"Barka\" \/>\n<meta property=\"og:description\" content=\"BARKA &#8220;Dru\u017einska ladja ne bo nikoli potonila, dokler je ne zapusti njena posadka.&#8221; &#8211; Wes Fesler Ime: Alice in Waterland Reg. \u0160t .: IZ-3835 Zastava: Slovenska Ladjedelnica: Dufour yacht Model: Gib Sea 51 Leto izdelave: 2004 Tip: Jadrnica Dol\u017eina: 14,90m \u0160irina: 4,84 m Ugrez: 1,95 m POGON: Motor: Yanmar 100HP Izvenkrmni motor: Yamaha 4HP JADRA: &hellip; Barka Read More \u00bb\" \/>\n<meta property=\"og:url\" content=\"https:\/\/aliceinwaterland.eu\/sl\/barka\/\" \/>\n<meta property=\"og:site_name\" content=\"Alice in Waterland\" \/>\n<meta property=\"article:publisher\" content=\"https:\/\/www.facebook.com\/aliceinwaterlandboat\" \/>\n<meta property=\"article:modified_time\" content=\"2023-11-17T15:13:45+00:00\" \/>\n<meta property=\"og:image\" content=\"https:\/\/aliceinwaterland.eu\/wp-content\/uploads\/2020\/05\/crta.svg\" \/>\n<meta name=\"twitter:card\" content=\"summary_large_image\" \/>\n<meta name=\"twitter:site\" content=\"@aliceinwtrland\" \/>\n<meta name=\"twitter:label1\" content=\"Est. reading time\" \/>\n\t<meta name=\"twitter:data1\" content=\"1 minuta\" \/>\n<script type=\"application\/ld+json\" class=\"yoast-schema-graph\">{\"@context\":\"https:\/\/schema.org\",\"@graph\":[{\"@type\":\"WebPage\",\"@id\":\"https:\/\/aliceinwaterland.eu\/sl\/barka\/\",\"url\":\"https:\/\/aliceinwaterland.eu\/sl\/barka\/\",\"name\":\"Barka | Alice in Waterland\",\"isPartOf\":{\"@id\":\"https:\/\/aliceinwaterland.eu\/#website\"},\"primaryImageOfPage\":{\"@id\":\"https:\/\/aliceinwaterland.eu\/sl\/barka\/#primaryimage\"},\"image\":{\"@id\":\"https:\/\/aliceinwaterland.eu\/sl\/barka\/#primaryimage\"},\"thumbnailUrl\":\"https:\/\/aliceinwaterland.eu\/wp-content\/uploads\/2020\/05\/crta.svg\",\"datePublished\":\"2020-09-10T08:38:58+00:00\",\"dateModified\":\"2023-11-17T15:13:45+00:00\",\"breadcrumb\":{\"@id\":\"https:\/\/aliceinwaterland.eu\/sl\/barka\/#breadcrumb\"},\"inLanguage\":\"sl-SI\",\"potentialAction\":[{\"@type\":\"ReadAction\",\"target\":[\"https:\/\/aliceinwaterland.eu\/sl\/barka\/\"]}]},{\"@type\":\"ImageObject\",\"inLanguage\":\"sl-SI\",\"@id\":\"https:\/\/aliceinwaterland.eu\/sl\/barka\/#primaryimage\",\"url\":\"https:\/\/aliceinwaterland.eu\/wp-content\/uploads\/2020\/05\/crta.svg\",\"contentUrl\":\"https:\/\/aliceinwaterland.eu\/wp-content\/uploads\/2020\/05\/crta.svg\"},{\"@type\":\"BreadcrumbList\",\"@id\":\"https:\/\/aliceinwaterland.eu\/sl\/barka\/#breadcrumb\",\"itemListElement\":[{\"@type\":\"ListItem\",\"position\":1,\"name\":\"Home\",\"item\":\"https:\/\/aliceinwaterland.eu\/sl\/\"},{\"@type\":\"ListItem\",\"position\":2,\"name\":\"Barka\"}]},{\"@type\":\"WebSite\",\"@id\":\"https:\/\/aliceinwaterland.eu\/#website\",\"url\":\"https:\/\/aliceinwaterland.eu\/\",\"name\":\"Alice in Waterland\",\"description\":\"Unique family vacation\",\"publisher\":{\"@id\":\"https:\/\/aliceinwaterland.eu\/#organization\"},\"potentialAction\":[{\"@type\":\"SearchAction\",\"target\":{\"@type\":\"EntryPoint\",\"urlTemplate\":\"https:\/\/aliceinwaterland.eu\/?s={search_term_string}\"},\"query-input\":{\"@type\":\"PropertyValueSpecification\",\"valueRequired\":true,\"valueName\":\"search_term_string\"}}],\"inLanguage\":\"sl-SI\"},{\"@type\":\"Organization\",\"@id\":\"https:\/\/aliceinwaterland.eu\/#organization\",\"name\":\"POMORSTVO IN TURIZEM Damjan Ro\u017enik s.p.\",\"url\":\"https:\/\/aliceinwaterland.eu\/\",\"logo\":{\"@type\":\"ImageObject\",\"inLanguage\":\"sl-SI\",\"@id\":\"https:\/\/aliceinwaterland.eu\/#\/schema\/logo\/image\/\",\"url\":\"https:\/\/aliceinwaterland.eu\/wp-content\/uploads\/2023\/06\/AiW-Logo.jpg\",\"contentUrl\":\"https:\/\/aliceinwaterland.eu\/wp-content\/uploads\/2023\/06\/AiW-Logo.jpg\",\"width\":600,\"height\":600,\"caption\":\"POMORSTVO IN TURIZEM Damjan Ro\u017enik s.p.\"},\"image\":{\"@id\":\"https:\/\/aliceinwaterland.eu\/#\/schema\/logo\/image\/\"},\"sameAs\":[\"https:\/\/www.facebook.com\/aliceinwaterlandboat\",\"https:\/\/x.com\/aliceinwtrland\",\"https:\/\/www.instagram.com\/aliceinwaterlandboat\"]}]}<\/script>\n<!-- \/ Yoast SEO Premium plugin. -->","yoast_head_json":{"title":"Barka | Alice in Waterland","robots":{"index":"index","follow":"follow","max-snippet":"max-snippet:-1","max-image-preview":"max-image-preview:large","max-video-preview":"max-video-preview:-1"},"canonical":"https:\/\/aliceinwaterland.eu\/sl\/barka\/","og_locale":"sl_SI","og_type":"article","og_title":"Barka","og_description":"BARKA &#8220;Dru\u017einska ladja ne bo nikoli potonila, dokler je ne zapusti njena posadka.&#8221; &#8211; Wes Fesler Ime: Alice in Waterland Reg. \u0160t .: IZ-3835 Zastava: Slovenska Ladjedelnica: Dufour yacht Model: Gib Sea 51 Leto izdelave: 2004 Tip: Jadrnica Dol\u017eina: 14,90m \u0160irina: 4,84 m Ugrez: 1,95 m POGON: Motor: Yanmar 100HP Izvenkrmni motor: Yamaha 4HP JADRA: &hellip; Barka Read More \u00bb","og_url":"https:\/\/aliceinwaterland.eu\/sl\/barka\/","og_site_name":"Alice in Waterland","article_publisher":"https:\/\/www.facebook.com\/aliceinwaterlandboat","article_modified_time":"2023-11-17T15:13:45+00:00","og_image":[{"url":"https:\/\/aliceinwaterland.eu\/wp-content\/uploads\/2020\/05\/crta.svg","type":"","width":"","height":""}],"twitter_card":"summary_large_image","twitter_site":"@aliceinwtrland","twitter_misc":{"Est. reading time":"1 minuta"},"schema":{"@context":"https:\/\/schema.org","@graph":[{"@type":"WebPage","@id":"https:\/\/aliceinwaterland.eu\/sl\/barka\/","url":"https:\/\/aliceinwaterland.eu\/sl\/barka\/","name":"Barka | Alice in Waterland","isPartOf":{"@id":"https:\/\/aliceinwaterland.eu\/#website"},"primaryImageOfPage":{"@id":"https:\/\/aliceinwaterland.eu\/sl\/barka\/#primaryimage"},"image":{"@id":"https:\/\/aliceinwaterland.eu\/sl\/barka\/#primaryimage"},"thumbnailUrl":"https:\/\/aliceinwaterland.eu\/wp-content\/uploads\/2020\/05\/crta.svg","datePublished":"2020-09-10T08:38:58+00:00","dateModified":"2023-11-17T15:13:45+00:00","breadcrumb":{"@id":"https:\/\/aliceinwaterland.eu\/sl\/barka\/#breadcrumb"},"inLanguage":"sl-SI","potentialAction":[{"@type":"ReadAction","target":["https:\/\/aliceinwaterland.eu\/sl\/barka\/"]}]},{"@type":"ImageObject","inLanguage":"sl-SI","@id":"https:\/\/aliceinwaterland.eu\/sl\/barka\/#primaryimage","url":"https:\/\/aliceinwaterland.eu\/wp-content\/uploads\/2020\/05\/crta.svg","contentUrl":"https:\/\/aliceinwaterland.eu\/wp-content\/uploads\/2020\/05\/crta.svg"},{"@type":"BreadcrumbList","@id":"https:\/\/aliceinwaterland.eu\/sl\/barka\/#breadcrumb","itemListElement":[{"@type":"ListItem","position":1,"name":"Home","item":"https:\/\/aliceinwaterland.eu\/sl\/"},{"@type":"ListItem","position":2,"name":"Barka"}]},{"@type":"WebSite","@id":"https:\/\/aliceinwaterland.eu\/#website","url":"https:\/\/aliceinwaterland.eu\/","name":"Alice in Waterland","description":"Unique family vacation","publisher":{"@id":"https:\/\/aliceinwaterland.eu\/#organization"},"potentialAction":[{"@type":"SearchAction","target":{"@type":"EntryPoint","urlTemplate":"https:\/\/aliceinwaterland.eu\/?s={search_term_string}"},"query-input":{"@type":"PropertyValueSpecification","valueRequired":true,"valueName":"search_term_string"}}],"inLanguage":"sl-SI"},{"@type":"Organization","@id":"https:\/\/aliceinwaterland.eu\/#organization","name":"POMORSTVO IN TURIZEM Damjan Ro\u017enik s.p.","url":"https:\/\/aliceinwaterland.eu\/","logo":{"@type":"ImageObject","inLanguage":"sl-SI","@id":"https:\/\/aliceinwaterland.eu\/#\/schema\/logo\/image\/","url":"https:\/\/aliceinwaterland.eu\/wp-content\/uploads\/2023\/06\/AiW-Logo.jpg","contentUrl":"https:\/\/aliceinwaterland.eu\/wp-content\/uploads\/2023\/06\/AiW-Logo.jpg","width":600,"height":600,"caption":"POMORSTVO IN TURIZEM Damjan Ro\u017enik s.p."},"image":{"@id":"https:\/\/aliceinwaterland.eu\/#\/schema\/logo\/image\/"},"sameAs":["https:\/\/www.facebook.com\/aliceinwaterlandboat","https:\/\/x.com\/aliceinwtrland","https:\/\/www.instagram.com\/aliceinwaterlandboat"]}]}},"jetpack_sharing_enabled":true,"_links":{"self":[{"href":"https:\/\/aliceinwaterland.eu\/sl\/wp-json\/wp\/v2\/pages\/934","targetHints":{"allow":["GET"]}}],"collection":[{"href":"https:\/\/aliceinwaterland.eu\/sl\/wp-json\/wp\/v2\/pages"}],"about":[{"href":"https:\/\/aliceinwaterland.eu\/sl\/wp-json\/wp\/v2\/types\/page"}],"author":[{"embeddable":true,"href":"https:\/\/aliceinwaterland.eu\/sl\/wp-json\/wp\/v2\/users\/1"}],"replies":[{"embeddable":true,"href":"https:\/\/aliceinwaterland.eu\/sl\/wp-json\/wp\/v2\/comments?post=934"}],"version-history":[{"count":0,"href":"https:\/\/aliceinwaterland.eu\/sl\/wp-json\/wp\/v2\/pages\/934\/revisions"}],"wp:attachment":[{"href":"https:\/\/aliceinwaterland.eu\/sl\/wp-json\/wp\/v2\/media?parent=934"}],"curies":[{"name":"wp","href":"https:\/\/api.w.org\/{rel}","templated":true}]}}