{"id":562,"date":"2020-06-01T13:08:17","date_gmt":"2020-06-01T13:08:17","guid":{"rendered":"https:\/\/aliceinwaterland.eu\/barca-crew\/"},"modified":"2023-11-17T15:53:12","modified_gmt":"2023-11-17T14:53:12","slug":"posadka","status":"publish","type":"page","link":"https:\/\/aliceinwaterland.eu\/sl\/posadka\/","title":{"rendered":"Posadka"},"content":{"rendered":"\n<h1>\n\t\tPOSADKA\n\t<\/h1>\n\t\t\t\t\t\t\t<p>&#8220;Dru\u017einska ladja ne bo nikoli potonila, dokler je ne zapusti njena posadka.&#8221;<\/p>\t\t\t\t\t\t\n\t\t\t\t\t\t\t\t&#8211; Wes Fesler\t\t\t\t\t\t\t\t\n\t\t\t\t<img decoding=\"async\" data-src=\"https:\/\/aliceinwaterland.eu\/wp-content\/uploads\/2020\/05\/crta.svg\" alt=\"crta\" title=\"crta\" itemprop=\"image\" src=\"data:image\/svg+xml;base64,PHN2ZyB3aWR0aD0iMSIgaGVpZ2h0PSIxIiB4bWxucz0iaHR0cDovL3d3dy53My5vcmcvMjAwMC9zdmciPjwvc3ZnPg==\" class=\"lazyload\" \/>\n\t\t\t\t<img data-recalc-dims=\"1\" decoding=\"async\" data-src=\"https:\/\/i0.wp.com\/aliceinwaterland.eu\/wp-content\/uploads\/2023\/11\/Alice-1.png?resize=982%2C982&#038;ssl=1\" alt=\"Alice (1)\" itemprop=\"image\" height=\"982\" width=\"982\" title=\"Alice (1)\" onerror=\"this.style.display='none'\" src=\"data:image\/svg+xml;base64,PHN2ZyB3aWR0aD0iMSIgaGVpZ2h0PSIxIiB4bWxucz0iaHR0cDovL3d3dy53My5vcmcvMjAwMC9zdmciPjwvc3ZnPg==\" class=\"lazyload\" style=\"--smush-placeholder-width: 982px; --smush-placeholder-aspect-ratio: 982\/982;\" \/>\n\t\t\t\t<img decoding=\"async\" src=\"\" alt=\"\" title=\"\" itemprop=\"image\"\/>\n\t\t\t\t \n\t\t<h3>Alice Ro\u017enik<\/h3>Poveljnik\n<strong>Datum rojstva:<\/strong>  25 Januar 2018<br \/>\n<strong>Kraj rojstva:<\/strong>  Ravenna<br \/>\n<strong>Dr\u017eavljanstvo:<\/strong>  Italijansko &#8211; Slovensko<br \/>\n<strong>Izobrazba:<\/strong>  Vrtec<br \/>\n<strong>Delo in izku\u0161nje:<\/strong>  Od mojega rojstva, \u0161e nisem mirovala. Star\u0161i so \u017ee obiskali pol Evrope, odpeljali so me v Azijo in preplula sem ve\u010d kot 2000 milj. Igrala sem se s \u0161tevilnimi otroki in zelo u\u017eivala. Poslu\u0161am kadar mi gre in sem mala navihanka, tu pa tam tudi pridna \ud83d\ude42 <br \/>\n<a href=\"#\">Preberi ve\u010d &#8230;<\/a>\t\t\t\t\t\n\t\t\t<h2>Alice Ro\u017enik<\/h2>\n\t\t\t<p><strong>Poveljnik<\/strong><\/p>\n<p><strong>Datum rojstva:<\/strong> 25 Januar 2018<br \/><strong>Kraj rojstva:<\/strong> Ravenna<br \/><strong>Dr\u017eavljanstvo:<\/strong> Italijansko &#8211; Slovensko<br \/><strong>Izobrazba: <\/strong>Vrtec<\/p>\n<p><strong>Delo in izku\u0161nje: <\/strong>Od mojega rojstva, \u0161e nisem mirovala. Star\u0161i so \u017ee obiskali pol Evrope, odpeljali so me v Azijo in preplula sem ve\u010d kot 2000 milj. Igrala sem se s \u0161tevilnimi otroki in zelo u\u017eivala. Poslu\u0161am kadar mi gre in sem mala navihanka, tu pa tam tudi pridna \ud83d\ude42<\/p>\n<p><strong>Interesi:<\/strong> Obo\u017eujem branje knjig, imam jih res veliko in vedno beremo. Rada se igram in ljubim svojega psa Joy, v\u010dasih ga potegnem za dlako in rep, a vseeno jo imam rada. Vse me zanima. \ud83d\ude42<\/p>\n<p><strong>Osebni moto: <\/strong>Ba ba uuuuuuuuuu, Alice gleda, Alice tika.<\/p>\n<p><strong>Jeziki:<\/strong> Italijansko, Slovensko<\/p>\n\t\t<h5>Modal Popup &#8211; ID <\/h5>\n\t\tClick here to edit the &quot;Modal Popup&quot; settings. This text will not be visible on frontend.\t\n\t\t\t\t<img data-recalc-dims=\"1\" decoding=\"async\" data-src=\"https:\/\/i0.wp.com\/aliceinwaterland.eu\/wp-content\/uploads\/2023\/11\/Crew_Fede.jpg?resize=1280%2C1280&#038;ssl=1\" alt=\"Crew_Fede\" itemprop=\"image\" height=\"1280\" width=\"1280\" title=\"Crew_Fede\" onerror=\"this.style.display='none'\" src=\"data:image\/svg+xml;base64,PHN2ZyB3aWR0aD0iMSIgaGVpZ2h0PSIxIiB4bWxucz0iaHR0cDovL3d3dy53My5vcmcvMjAwMC9zdmciPjwvc3ZnPg==\" class=\"lazyload\" style=\"--smush-placeholder-width: 1280px; --smush-placeholder-aspect-ratio: 1280\/1280;\" \/>\n\t\t\t\t<img decoding=\"async\" src=\"\" alt=\"\" title=\"\" itemprop=\"image\"\/>\n\t\t\t\t \n\t\t<h3>Federica Minghelli<\/h3>Prvi \u010dastnik\n<strong>Datum rojstva:<\/strong>  25 Julij 1979<br \/>\n<strong>Kraj rojstva:<\/strong>  Ravenna<br \/>\n<strong>Dr\u017eavljanstvo:<\/strong>  Italijansko<br \/>\n<strong>Izobrazba:<\/strong>  Morska biologinja<br \/>\n<strong>Delo in izku\u0161nje:<\/strong>  Moja prva delovna izku\u0161nja je bila nabiranje breskev na pode\u017eelju Romagne, imela sem 16 let.\nNasledenje poletje sem delala v restavracijah na pla\u017eah kot to\u010dilka v baru in natakarica v Bologni v \u010dasu univerze.<br \/>\n<a href=\"#\">Preberi ve\u010d &#8230;<\/a>\t\t\t\t\t\n\t\t\t<h2>Federica Minghelli<\/h2>\n\t\t\t<p><strong>Prvi \u010dastnik<\/strong><\/p>\n<p><strong>Datum rojstva:<\/strong> 25 Julij 1979<br \/><strong>Kraj rojstva:<\/strong> Ravenna<br \/><strong>Dr\u017eavljanstvo:<\/strong> Italijansko<br \/><strong>Izobrazba:<\/strong> Morska biologinja<\/p>\n<p><strong>Delo in izku\u0161nje: <\/strong>Moja prva delovna izku\u0161nja je bila nabiranje breskev na pode\u017eelju Romagne, imela sem 16 let.<\/p>\n<p>Nasledenje poletje sem delala v restavracijah na pla\u017eah kot to\u010dilka v baru in natakarica v Bologni v \u010dasu univerze.<\/p>\n<p>Pri 23 letih sem odkrila svet nautike, mislim da me je tam pripeljala usoda, tudi zato, ker je bil moj prvi vkrcaj zgolj naklju\u010dje. Prostovoljno sem sodelovala v morskem rezervatu Miramare v Trstu in po dogovorjenem obdobju mi \u200b\u200bje biolog, s katerim sem delala, predlagal da se vkrcam na jadrnico s kapitanom ki ga je poznal. Takoj sem sprejela. To je bila pustolov\u0161\u010dina ki se ji nisem mogla odre\u010di. In vse se je za\u010delo od tu&#8230;<\/p>\n<p>V 17 letih plovbe sem se podala na starodavne brigantine, razko\u0161ne jahte, jadrnice, gulete in presti\u017ene jadrnice. Eno leto sem celo plula sem in tja na razli\u010dnih \u010dolnih za sicilijansko \u010dartersko dru\u017ebo, vsak teden sem bila v drugem \u010dolnu! Pokrivala sem prakti\u010dno vse vloge na krovu razen strojnika, delala kot mornar in prvi \u010dastnik, dokler nisem postala poveljnik. Delala sem kot kuharica, hostesa in vodja.<\/p>\n<p>Vedno sem mislila da zajeti vse vloge na krovu, ne da bi bila zasidrana v enem samem polo\u017eaju, omogo\u010di veliko \u0161ir\u0161i pogled na moje delo.<\/p>\n<p><strong>Interesi:<\/strong> To vpra\u0161anje me je vedno spravljalo v te\u017eave, nikoli ne vem kje za\u010deti in v kak\u0161nem vrstnem redu. Imam se za izredno radovedno osebo in to me je v preteklih letih pripeljalo do tega da sem imela veliko in v\u010dasih preve\u010d interesov. Mogo\u010de bi morala za\u010deti z mojo brezpogojno ljubeznijo do morja in \u017eivali. Ta &#8220;posebna vez&#8221; ki jo \u010dutim z naravo, me je naredila tak\u0161no kot sem, in me pripeljala do izbire \u017eivljenja ki ga \u017eivim. Vsekakor sem otrok Wanderlusta: potovanja, odkrivanje sveta, spoznavanje drugih ljudi in \u0161irjenje obzorja so bistveni del mene.<\/p>\n<p>Obo\u017eujem branje, strast ki jo gojim \u017ee od otro\u0161tva. Dobra knjiga je zdravilo za du\u0161o, obo\u017eujem filme, moja \u0161ibka to\u010dka so fantazijski filmi, zaradi katerih dobesedno odpotujem v druge svetove. Imam veliko strast do fotografije, rada kuham in u\u017eivam v dobri hrani in po mojem mnenju dober kozarec vina ob son\u010dnem zahodu naredi vsak dan popoln!<\/p>\n<p><strong>Osebni moto: <\/strong>\u010ce \u017eeli\u0161 lahko, vse ostalo je izgovor.<\/p>\n<p><strong>Jeziki:<\/strong> Italijanski, Angle\u0161ki, \u0160panski<\/p>\n\t\t<h5>Modal Popup &#8211; ID <\/h5>\n\t\tClick here to edit the &quot;Modal Popup&quot; settings. This text will not be visible on frontend.\t\n\t\t\t\t<img data-recalc-dims=\"1\" decoding=\"async\" data-src=\"https:\/\/i0.wp.com\/aliceinwaterland.eu\/wp-content\/uploads\/2023\/11\/Crew_Damjan-e1620054486862.jpg?resize=1193%2C1193&#038;ssl=1\" alt=\"Crew_Damjan-e1620054486862\" itemprop=\"image\" height=\"1193\" width=\"1193\" title=\"Crew_Damjan-e1620054486862\" onerror=\"this.style.display='none'\" src=\"data:image\/svg+xml;base64,PHN2ZyB3aWR0aD0iMSIgaGVpZ2h0PSIxIiB4bWxucz0iaHR0cDovL3d3dy53My5vcmcvMjAwMC9zdmciPjwvc3ZnPg==\" class=\"lazyload\" style=\"--smush-placeholder-width: 1193px; --smush-placeholder-aspect-ratio: 1193\/1193;\" \/>\n\t\t\t\t<img decoding=\"async\" src=\"\" alt=\"\" title=\"\" itemprop=\"image\"\/>\n\t\t\t\t \n\t\t<h3>Damjan Ro\u017enik<\/h3>Strojnik\n<strong>Datum rojstva:<\/strong> 7 Februar 1986<br \/>\n<strong>Kraj rojstva:<\/strong> Koper<br \/>\n<strong>Dr\u017eavljanstvo:<\/strong> Slovensko<br \/>\n<strong>Izobrazba:<\/strong> Plovbni tehnik<br \/>\n<strong>Delo in izku\u0161nje: <\/strong>Federica me kli\u010de &#8220;Nezemljan&#8221; in se pogosto \u0161ali o mojih letih. Pravi da bi moral imeti najmanj 100 let glede na dela ki sem jih opravljal in izku\u0161nje ki sem jih nabral.<br \/>\n<a href=\"#\">Preberi ve\u010d &#8230;<\/a>\t\t\t\t\t\n\t\t\t<h2>Damjan Ro\u017enik<\/h2>\n\t\t\t<p><strong>Strojnik<\/strong><\/p>\n<p><strong>Datum rojstva:<\/strong> 7 Februar 1986<br \/><strong>Kraj rojstva:<\/strong> Koper<br \/><strong>Dr\u017eavljanstvo:<\/strong> Slovensko<br \/><strong>Izobrazba:<\/strong> Plovbni tehnik<\/p>\n<p><strong>Delo in izku\u0161nje: <\/strong>Federica me kli\u010de &#8220;Nezemljan&#8221; in se pogosto \u0161ali o mojih letih. Pravi da bi moral imeti najmanj 100 let glede na dela ki sem jih opravljal in izku\u0161nje ki sem jih nabral.<\/p>\n<p>Moja radovednost, talent in volja do ro\u010dnega dela so mi omogo\u010dili da sem se pribli\u017eal \u0161tevilnim poklicem.<\/p>\n<p>O\u010detu ki je vodovodar sem za\u010del pomagati pri desetih letih, redno spremljal na gradbi\u0161\u010dih. S\u010dasoma sem se v dru\u017ebi \u0161tevilnih strokovnjakov nau\u010dil biti elektri\u010dar, pleskar, zidar in \u0161e veliko ve\u010d. Obiskoval sem Srednjo pomorsko \u0161olo v Portoro\u017eu kjer sem pridobil poklic Plovbnega tehnika. Po maturi sem se vkrcal na 40-metrsko jahto \u00a0Benettija iz leta 1977 \u00bbIntuition Lady\u00ab kjer sem skupno bil vkrcan 10 let za isto lastni\u0161ko podjetje. Na krovu sem opravljal vse, od mornarja do pomo\u010di v strojnici do prvega \u010dastnika. Ladja je bila ve\u010dkrat prenovljena kjer sem tudi sodeloval z mehaniki, varilci, tesarji in elektri\u010darji. Po prvih treh letih vkrcanja sem si vzel skoraj \u0161tiriletni premor, zgradil sem glasbeni snemalni studio, prevzel lokal v Izoli in delal na vla\u010dilcih v Trstu. Potem sem se \u0161e za sedem let vrnil na jahto Intuition Lady, dokler se ni porodila ideja za projekt Alice in Waterland.<\/p>\n<p><strong>Interesi:<\/strong> Moja najve\u010dja strast je glasba: sem bobnar od svojega 8. leta. V preteklih letih sem igral z ve\u010d skupinami in \u0161e danes sodelujem pri razli\u010dnih glasbenih projektih. Rad imam ro\u010dna dela ter ustvarjanje predmetov iz razli\u010dnih materialov. Kot otrok nisem imel ra\u010dunalnika, toda ko sem pri\u0161el v stik z digitalnim svetom sem se vanj zaljubil. Obo\u017eujem video igre, ustvarjam grafiko in urejam videoposnetke. Federica me je seznanila z lepoto potovanja ki je nato postala tudi moja velika strast.<\/p>\n<p><strong>Osebni moto: <\/strong>\u017divi in pusti \u017eiveti.<br \/><strong>Jeziki:<\/strong> Slovenski, Italijanski, Angle\u0161ki, Hrva\u0161ki<\/p>\n\t\t<h5>Modal Popup &#8211; ID <\/h5>\n\t\tClick here to edit the &quot;Modal Popup&quot; settings. This text will not be visible on frontend.\t\n\n","protected":false},"excerpt":{"rendered":"<p>POSADKA &#8220;Dru\u017einska ladja ne bo nikoli potonila, dokler je ne zapusti njena posadka.&#8221; &#8211; Wes Fesler Alice Ro\u017enik Poveljnik Datum rojstva: 25 Januar 2018 Kraj rojstva: Ravenna Dr\u017eavljanstvo: Italijansko &#8211; Slovensko Izobrazba: Vrtec Delo in izku\u0161nje: Od mojega rojstva, \u0161e nisem mirovala. Star\u0161i so \u017ee obiskali pol Evrope, odpeljali so me v Azijo in preplula &hellip;<\/p>\n<p class=\"read-more\"> <a class=\"\" href=\"https:\/\/aliceinwaterland.eu\/sl\/posadka\/\"> <span class=\"screen-reader-text\">Posadka<\/span> Read More \u00bb<\/a><\/p>\n","protected":false},"author":1,"featured_media":0,"parent":0,"menu_order":0,"comment_status":"closed","ping_status":"closed","template":"","meta":{"_eb_attr":"","site-sidebar-layout":"no-sidebar","site-content-layout":"page-builder","ast-global-header-display":"","ast-main-header-display":"","ast-hfb-above-header-display":"","ast-hfb-below-header-display":"","ast-hfb-mobile-header-display":"","site-post-title":"disabled","ast-breadcrumbs-content":"","ast-featured-img":"disabled","footer-sml-layout":"","theme-transparent-header-meta":"default","adv-header-id-meta":"","stick-header-meta":"default","header-above-stick-meta":"","header-main-stick-meta":"","header-below-stick-meta":"","_themeisle_gutenberg_block_has_review":false,"footnotes":""},"class_list":["post-562","page","type-page","status-publish","hentry"],"yoast_head":"<!-- This site is optimized with the Yoast SEO Premium plugin v20.3 (Yoast SEO v26.7) - https:\/\/yoast.com\/wordpress\/plugins\/seo\/ -->\n<title>Posadka | Alice in Waterland<\/title>\n<meta name=\"robots\" content=\"index, follow, max-snippet:-1, max-image-preview:large, max-video-preview:-1\" \/>\n<link rel=\"canonical\" href=\"https:\/\/aliceinwaterland.eu\/sl\/posadka\/\" \/>\n<meta property=\"og:locale\" content=\"sl_SI\" \/>\n<meta property=\"og:type\" content=\"article\" \/>\n<meta property=\"og:title\" content=\"Posadka\" \/>\n<meta property=\"og:description\" content=\"POSADKA &#8220;Dru\u017einska ladja ne bo nikoli potonila, dokler je ne zapusti njena posadka.&#8221; &#8211; Wes Fesler Alice Ro\u017enik Poveljnik Datum rojstva: 25 Januar 2018 Kraj rojstva: Ravenna Dr\u017eavljanstvo: Italijansko &#8211; Slovensko Izobrazba: Vrtec Delo in izku\u0161nje: Od mojega rojstva, \u0161e nisem mirovala. Star\u0161i so \u017ee obiskali pol Evrope, odpeljali so me v Azijo in preplula &hellip; Posadka Read More \u00bb\" \/>\n<meta property=\"og:url\" content=\"https:\/\/aliceinwaterland.eu\/sl\/posadka\/\" \/>\n<meta property=\"og:site_name\" content=\"Alice in Waterland\" \/>\n<meta property=\"article:publisher\" content=\"https:\/\/www.facebook.com\/aliceinwaterlandboat\" \/>\n<meta property=\"article:modified_time\" content=\"2023-11-17T14:53:12+00:00\" \/>\n<meta property=\"og:image\" content=\"https:\/\/aliceinwaterland.eu\/wp-content\/uploads\/2020\/05\/crta.svg\" \/>\n<meta name=\"twitter:card\" content=\"summary_large_image\" \/>\n<meta name=\"twitter:site\" content=\"@aliceinwtrland\" \/>\n<meta name=\"twitter:label1\" content=\"Est. reading time\" \/>\n\t<meta name=\"twitter:data1\" content=\"6 minut\" \/>\n<script type=\"application\/ld+json\" class=\"yoast-schema-graph\">{\"@context\":\"https:\/\/schema.org\",\"@graph\":[{\"@type\":\"WebPage\",\"@id\":\"https:\/\/aliceinwaterland.eu\/sl\/posadka\/\",\"url\":\"https:\/\/aliceinwaterland.eu\/sl\/posadka\/\",\"name\":\"Posadka | Alice in Waterland\",\"isPartOf\":{\"@id\":\"https:\/\/aliceinwaterland.eu\/#website\"},\"primaryImageOfPage\":{\"@id\":\"https:\/\/aliceinwaterland.eu\/sl\/posadka\/#primaryimage\"},\"image\":{\"@id\":\"https:\/\/aliceinwaterland.eu\/sl\/posadka\/#primaryimage\"},\"thumbnailUrl\":\"https:\/\/aliceinwaterland.eu\/wp-content\/uploads\/2020\/05\/crta.svg\",\"datePublished\":\"2020-06-01T13:08:17+00:00\",\"dateModified\":\"2023-11-17T14:53:12+00:00\",\"breadcrumb\":{\"@id\":\"https:\/\/aliceinwaterland.eu\/sl\/posadka\/#breadcrumb\"},\"inLanguage\":\"sl-SI\",\"potentialAction\":[{\"@type\":\"ReadAction\",\"target\":[\"https:\/\/aliceinwaterland.eu\/sl\/posadka\/\"]}]},{\"@type\":\"ImageObject\",\"inLanguage\":\"sl-SI\",\"@id\":\"https:\/\/aliceinwaterland.eu\/sl\/posadka\/#primaryimage\",\"url\":\"https:\/\/aliceinwaterland.eu\/wp-content\/uploads\/2020\/05\/crta.svg\",\"contentUrl\":\"https:\/\/aliceinwaterland.eu\/wp-content\/uploads\/2020\/05\/crta.svg\"},{\"@type\":\"BreadcrumbList\",\"@id\":\"https:\/\/aliceinwaterland.eu\/sl\/posadka\/#breadcrumb\",\"itemListElement\":[{\"@type\":\"ListItem\",\"position\":1,\"name\":\"Home\",\"item\":\"https:\/\/aliceinwaterland.eu\/sl\/\"},{\"@type\":\"ListItem\",\"position\":2,\"name\":\"Posadka\"}]},{\"@type\":\"WebSite\",\"@id\":\"https:\/\/aliceinwaterland.eu\/#website\",\"url\":\"https:\/\/aliceinwaterland.eu\/\",\"name\":\"Alice in Waterland\",\"description\":\"Unique family vacation\",\"publisher\":{\"@id\":\"https:\/\/aliceinwaterland.eu\/#organization\"},\"potentialAction\":[{\"@type\":\"SearchAction\",\"target\":{\"@type\":\"EntryPoint\",\"urlTemplate\":\"https:\/\/aliceinwaterland.eu\/?s={search_term_string}\"},\"query-input\":{\"@type\":\"PropertyValueSpecification\",\"valueRequired\":true,\"valueName\":\"search_term_string\"}}],\"inLanguage\":\"sl-SI\"},{\"@type\":\"Organization\",\"@id\":\"https:\/\/aliceinwaterland.eu\/#organization\",\"name\":\"POMORSTVO IN TURIZEM Damjan Ro\u017enik s.p.\",\"url\":\"https:\/\/aliceinwaterland.eu\/\",\"logo\":{\"@type\":\"ImageObject\",\"inLanguage\":\"sl-SI\",\"@id\":\"https:\/\/aliceinwaterland.eu\/#\/schema\/logo\/image\/\",\"url\":\"https:\/\/aliceinwaterland.eu\/wp-content\/uploads\/2023\/06\/AiW-Logo.jpg\",\"contentUrl\":\"https:\/\/aliceinwaterland.eu\/wp-content\/uploads\/2023\/06\/AiW-Logo.jpg\",\"width\":600,\"height\":600,\"caption\":\"POMORSTVO IN TURIZEM Damjan Ro\u017enik s.p.\"},\"image\":{\"@id\":\"https:\/\/aliceinwaterland.eu\/#\/schema\/logo\/image\/\"},\"sameAs\":[\"https:\/\/www.facebook.com\/aliceinwaterlandboat\",\"https:\/\/x.com\/aliceinwtrland\",\"https:\/\/www.instagram.com\/aliceinwaterlandboat\"]}]}<\/script>\n<!-- \/ Yoast SEO Premium plugin. -->","yoast_head_json":{"title":"Posadka | Alice in Waterland","robots":{"index":"index","follow":"follow","max-snippet":"max-snippet:-1","max-image-preview":"max-image-preview:large","max-video-preview":"max-video-preview:-1"},"canonical":"https:\/\/aliceinwaterland.eu\/sl\/posadka\/","og_locale":"sl_SI","og_type":"article","og_title":"Posadka","og_description":"POSADKA &#8220;Dru\u017einska ladja ne bo nikoli potonila, dokler je ne zapusti njena posadka.&#8221; &#8211; Wes Fesler Alice Ro\u017enik Poveljnik Datum rojstva: 25 Januar 2018 Kraj rojstva: Ravenna Dr\u017eavljanstvo: Italijansko &#8211; Slovensko Izobrazba: Vrtec Delo in izku\u0161nje: Od mojega rojstva, \u0161e nisem mirovala. Star\u0161i so \u017ee obiskali pol Evrope, odpeljali so me v Azijo in preplula &hellip; Posadka Read More \u00bb","og_url":"https:\/\/aliceinwaterland.eu\/sl\/posadka\/","og_site_name":"Alice in Waterland","article_publisher":"https:\/\/www.facebook.com\/aliceinwaterlandboat","article_modified_time":"2023-11-17T14:53:12+00:00","og_image":[{"url":"https:\/\/aliceinwaterland.eu\/wp-content\/uploads\/2020\/05\/crta.svg","type":"","width":"","height":""}],"twitter_card":"summary_large_image","twitter_site":"@aliceinwtrland","twitter_misc":{"Est. reading time":"6 minut"},"schema":{"@context":"https:\/\/schema.org","@graph":[{"@type":"WebPage","@id":"https:\/\/aliceinwaterland.eu\/sl\/posadka\/","url":"https:\/\/aliceinwaterland.eu\/sl\/posadka\/","name":"Posadka | Alice in Waterland","isPartOf":{"@id":"https:\/\/aliceinwaterland.eu\/#website"},"primaryImageOfPage":{"@id":"https:\/\/aliceinwaterland.eu\/sl\/posadka\/#primaryimage"},"image":{"@id":"https:\/\/aliceinwaterland.eu\/sl\/posadka\/#primaryimage"},"thumbnailUrl":"https:\/\/aliceinwaterland.eu\/wp-content\/uploads\/2020\/05\/crta.svg","datePublished":"2020-06-01T13:08:17+00:00","dateModified":"2023-11-17T14:53:12+00:00","breadcrumb":{"@id":"https:\/\/aliceinwaterland.eu\/sl\/posadka\/#breadcrumb"},"inLanguage":"sl-SI","potentialAction":[{"@type":"ReadAction","target":["https:\/\/aliceinwaterland.eu\/sl\/posadka\/"]}]},{"@type":"ImageObject","inLanguage":"sl-SI","@id":"https:\/\/aliceinwaterland.eu\/sl\/posadka\/#primaryimage","url":"https:\/\/aliceinwaterland.eu\/wp-content\/uploads\/2020\/05\/crta.svg","contentUrl":"https:\/\/aliceinwaterland.eu\/wp-content\/uploads\/2020\/05\/crta.svg"},{"@type":"BreadcrumbList","@id":"https:\/\/aliceinwaterland.eu\/sl\/posadka\/#breadcrumb","itemListElement":[{"@type":"ListItem","position":1,"name":"Home","item":"https:\/\/aliceinwaterland.eu\/sl\/"},{"@type":"ListItem","position":2,"name":"Posadka"}]},{"@type":"WebSite","@id":"https:\/\/aliceinwaterland.eu\/#website","url":"https:\/\/aliceinwaterland.eu\/","name":"Alice in Waterland","description":"Unique family vacation","publisher":{"@id":"https:\/\/aliceinwaterland.eu\/#organization"},"potentialAction":[{"@type":"SearchAction","target":{"@type":"EntryPoint","urlTemplate":"https:\/\/aliceinwaterland.eu\/?s={search_term_string}"},"query-input":{"@type":"PropertyValueSpecification","valueRequired":true,"valueName":"search_term_string"}}],"inLanguage":"sl-SI"},{"@type":"Organization","@id":"https:\/\/aliceinwaterland.eu\/#organization","name":"POMORSTVO IN TURIZEM Damjan Ro\u017enik s.p.","url":"https:\/\/aliceinwaterland.eu\/","logo":{"@type":"ImageObject","inLanguage":"sl-SI","@id":"https:\/\/aliceinwaterland.eu\/#\/schema\/logo\/image\/","url":"https:\/\/aliceinwaterland.eu\/wp-content\/uploads\/2023\/06\/AiW-Logo.jpg","contentUrl":"https:\/\/aliceinwaterland.eu\/wp-content\/uploads\/2023\/06\/AiW-Logo.jpg","width":600,"height":600,"caption":"POMORSTVO IN TURIZEM Damjan Ro\u017enik s.p."},"image":{"@id":"https:\/\/aliceinwaterland.eu\/#\/schema\/logo\/image\/"},"sameAs":["https:\/\/www.facebook.com\/aliceinwaterlandboat","https:\/\/x.com\/aliceinwtrland","https:\/\/www.instagram.com\/aliceinwaterlandboat"]}]}},"jetpack_sharing_enabled":true,"_links":{"self":[{"href":"https:\/\/aliceinwaterland.eu\/sl\/wp-json\/wp\/v2\/pages\/562","targetHints":{"allow":["GET"]}}],"collection":[{"href":"https:\/\/aliceinwaterland.eu\/sl\/wp-json\/wp\/v2\/pages"}],"about":[{"href":"https:\/\/aliceinwaterland.eu\/sl\/wp-json\/wp\/v2\/types\/page"}],"author":[{"embeddable":true,"href":"https:\/\/aliceinwaterland.eu\/sl\/wp-json\/wp\/v2\/users\/1"}],"replies":[{"embeddable":true,"href":"https:\/\/aliceinwaterland.eu\/sl\/wp-json\/wp\/v2\/comments?post=562"}],"version-history":[{"count":0,"href":"https:\/\/aliceinwaterland.eu\/sl\/wp-json\/wp\/v2\/pages\/562\/revisions"}],"wp:attachment":[{"href":"https:\/\/aliceinwaterland.eu\/sl\/wp-json\/wp\/v2\/media?parent=562"}],"curies":[{"name":"wp","href":"https:\/\/api.w.org\/{rel}","templated":true}]}}