{"id":4903,"date":"2023-09-21T12:54:29","date_gmt":"2023-09-21T10:54:29","guid":{"rendered":"https:\/\/aliceinwaterland.eu\/barcolana\/"},"modified":"2023-09-25T14:53:14","modified_gmt":"2023-09-25T12:53:14","slug":"barcolana","status":"publish","type":"page","link":"https:\/\/aliceinwaterland.eu\/sl\/barcolana\/","title":{"rendered":"BARCOLANA"},"content":{"rendered":"\n<h1>\n\t\tBARCOLANA 55\n\t<\/h1>\n\n\t<p>Ali ste vedeli, da se na Jadranu odvija regata ki velja za najve\u010djo regato na svetu in je tudi vpisana v <strong>Guinnessovo knjigo rekordov<\/strong>?<\/p>\n<p><strong>Barcolana v Trstu<\/strong> je edinstven dogodek, ki za en teden vklju\u010di mesto s koncerti in stojnicami, posve\u010denimi jadranju in drugim, vrhunec pa dose\u017ee v nedeljo zjutraj z mednarodno <strong>manifestacijo<\/strong>, ki je zdaj \u017ee 55. po vrsti.<\/p>\n<p>Prisotne bodo najuspe\u0161nej\u0161e jadrnice, na <strong>najbolj spektakularni regati na svetu<\/strong> pa se bodo pomerili tudi \u0161tevilni drugi udele\u017eenci.<\/p>\n<p>Vas zanima ve\u010d o dogodku? Oglejte si <a href=\"https:\/\/www.barcolana.it\/en\">TUKAJ<\/a><\/p>\n<p>Tr\u017ea\u0161ki zaliv bo o\u017eivelo na tiso\u010de jadrnic z razpetimi jadri, ki bodo pripravljene na medsebojno dirko &#8211; edinstveni dogodek, ki je tako poseben in navdu\u0161ujo\u010d, da si ga morate vsaj enkrat v \u017eivljenju ogledati!<\/p>\n<p>\u0160tart regate je predviden ob 10.30!<\/p>\n<p>Ste si pripravljeni ogledati regato z nami? Tukaj so <strong>na\u0161e ponudbe<\/strong>.<\/p>\n<h2>\n\t\tGLEDALEC ZA EN DAN\n\t<\/h2>\n\t<p>Odhod iz Izole ob 8.00 in postavitev ob \u0161tartni \u010drti. Tesno bomo spremljali regato in si jo ogledali z edinstvenega zornega kota!<\/p>\n\t<h3><strong>KAJ VKLJU\u010cUJE CENA:<\/strong><\/h3>\n<ul>\n<li>Izlet na morju od 8.30 do 15.30<\/li>\n<li>Izku\u0161ena posadka<\/li>\n<li>Lahkotno kosilo<\/li>\n<li>Voda in kava.<\/li>\n<\/ul>\n\t<h3><strong>\u010cESA NE VKLJU\u010cUJE:<\/strong><\/h3>\n<ul>\n<li>Alkohol &#8211; meni prisoten na krovu<\/li>\n<li>Vse, kar ni navedeno v razdelku &#8220;Kaj je vklju\u010deno&#8221;<\/li>\n<\/ul>\n<h1>\n\t\tCena: \u20ac100 \/ osebo\n\t<\/h1>\n<h2>\n\t\tNO\u010cITEV IN BARCOLANA\n\t<\/h2>\n\t<p>Si \u017eelite biti na jadrnici dan prej in do\u017eiveti spanje v zibanju morja?<\/p>\n<p>Potem je to paket za vas!<\/p>\n<h2>\n\t\tCheck in:\n\t<\/h2>\n<h2>\n\t\tSOBOTA 7\/10 ob 16.00\n\t<\/h2>\n<h2>\n\t\tCheck out:\n\t<\/h2>\n<h2>\n\t\tNEDELJA 8\/10 ob 15.30\n\t<\/h2>\n\t<h3><strong>KAJ VKLJU\u010cUJE CENA:<\/strong><\/h3>\n<ul>\n<li>Preno\u010ditev v kabini z zajtrkom<\/li>\n<li>Izlet na morju ob Barcolani od 8.30 do 15.30<\/li>\n<li>Izku\u0161ena posadka<\/li>\n<li>Lahkotno kosilo<\/li>\n<li>Voda in kava.<\/li>\n<\/ul>\n\t<h3><strong>\u010cESA NE VKLJU\u010cUJE:<\/strong><\/h3>\n<ul>\n<li>Alkohol &#8211; meni prisoten na krovu<\/li>\n<li>Vse, kar ni navedeno v razdelku &#8220;Kaj je vklju\u010deno&#8221;<\/li>\n<\/ul>\n<h1>\n\t\tCena: \u20ac280 za 2 osebi\n\t<\/h1>\n<h5>\n\t\t80\u20ac za kabino 100\u20ac na osebo za regato\n\t<\/h5>\n<h2>\n\t\t2 DNI NA JADRNICI IN BARCOLANA\n\t<\/h2>\n\t<p>Bli\u017enji Trst vas ob sobotah pri\u010dakuje s \u0161tevilnimi prireditvami, vklju\u010dno s koncerti in kulinari\u010dnimi stojnicami. Mesto in regato boste najbolje do\u017eiveli, \u010de boste pri nas prespali dve no\u010di. Lahko se boste prosto gibali po slovenski in italijanski obali ter se zve\u010der vrnili v edinstveno in prijetno vzdu\u0161je.<\/p>\n<h2>\n\t\tCheck in:\n\t<\/h2>\n<h2>\n\t\tPETEK 6\/10 ob 16.00\n\t<\/h2>\n<h2>\n\t\tCheck out:\n\t<\/h2>\n<h2>\n\t\tNEDELJA 8\/10 ob 15.30\n\t<\/h2>\n\t<h3><strong>KAJ VKLJU\u010cUJE CENA:<\/strong><\/h3>\n<ul>\n<li>Dve no\u010di v kabini z zajtrkom<\/li>\n<li>Izlet na morju ob Barcolani od 8.30 do 15.30<\/li>\n<li>Izku\u0161ena posadka<\/li>\n<li>Lahkotno kosilo<\/li>\n<li>Voda in kava.<\/li>\n<\/ul>\n\t<h3><strong>\u010cESA NE VKLJU\u010cUJE:<\/strong><\/h3>\n<ul>\n<li>Alkohol &#8211; na meniju na krovu<\/li>\n<li>Vse, kar ni navedeno v razdelku &#8220;Kaj je vklju\u010deno&#8221;<\/li>\n<\/ul>\n<h1>\n\t\tCENA: \u20ac360 za 2 osebi\n\t<\/h1>\n<h5>\n\t\t80\u20ac za kabino na no\u010d 100\u20ac na osebo za regato\n\t<\/h5>\n<h1>\n\t\tPO\u0160LJI POVPRA\u0160EVANJE\n\t<\/h1>\n<h1>\n\t\tVPRA\u0160ANJA? KONTAKTIRAJTE NAS!\n\t<\/h1>\n\t\t\t<a href=\"tel:+38640463082\" target=\"_self\" role=\"button\" rel=\"noopener\">\n\t\t\t\t\t\t+386 40 463 082\n\t\t\t\t\t<\/a>\n\t\t\t<a href=\"tel:+393286365700\" target=\"_self\" role=\"button\" rel=\"noopener\">\n\t\t\t\t\t\t+39 328 6365 700\n\t\t\t\t\t<\/a>\n\t\t\t<a href=\"mailto:vacation@aliceinwaterland.eu\" target=\"_self\" role=\"button\" rel=\"noopener\">\n\t\t\t\t\t\tE-mail\n\t\t\t\t\t<\/a>\n<h2>\n\t\tDELI\n\t<\/h2>\n\t\t\t\t\t\t\t\t\t\t<a class=\"uabb-ss-grid-button-link\" href=\"https:\/\/www.facebook.com\/sharer.php?u=https%3A%2F%2Faliceinwaterland.eu%2Fsl%2F%3Fpage_id%3D4903%26fl_builder\" target=\"_blank\" onclick=\"window.open(this.href,'social-share','left=20,top=20,width=500,height=500,toolbar=1,resizable=0');return false;\" rel=\"noopener\">\n\t\t\t\t\t\t\t\t\t\t<\/a>\n\t\t\t\t\t\t\t\t\t\t<a class=\"uabb-ss-grid-button-link\" href=\"https:\/\/api.whatsapp.com\/send?text=https%3A%2F%2Faliceinwaterland.eu%2Fsl%2F%3Fpage_id%3D4903%26fl_builder\" target=\"_blank\" onclick=\"window.open(this.href,'social-share','left=20,top=20,width=500,height=500,toolbar=1,resizable=0');return false;\" rel=\"noopener\">\n\t\t\t\t\t\t\t\t\t\t<\/a>\n\t\t\t\t\t\t\t\t\t\t<a class=\"uabb-ss-grid-button-link\" href=\"https:\/\/www.linkedin.com\/shareArticle?url=https%3A%2F%2Faliceinwaterland.eu%2Fsl%2F%3Fpage_id%3D4903%26fl_builder\" target=\"_blank\" onclick=\"window.open(this.href,'social-share','left=20,top=20,width=500,height=500,toolbar=1,resizable=0');return false;\" rel=\"noopener\">\n\t\t\t\t\t\t\t\t\t\t<\/a>\n\t\t\t\t\t\t\t\t\t\t<a class=\"uabb-ss-grid-button-link\" href=\"https:\/\/twitter.com\/share?url=https%3A%2F%2Faliceinwaterland.eu%2Fsl%2F%3Fpage_id%3D4903%26fl_builder\" target=\"_blank\" onclick=\"window.open(this.href,'social-share','left=20,top=20,width=500,height=500,toolbar=1,resizable=0');return false;\" rel=\"noopener\">\n\t\t\t\t\t\t\t\t\t\t<\/a>\n\n","protected":false},"excerpt":{"rendered":"<p>BARCOLANA 55 Ali ste vedeli, da se na Jadranu odvija regata ki velja za najve\u010djo regato na svetu in je tudi vpisana v Guinnessovo knjigo rekordov? Barcolana v Trstu je edinstven dogodek, ki za en teden vklju\u010di mesto s koncerti in stojnicami, posve\u010denimi jadranju in drugim, vrhunec pa dose\u017ee v nedeljo zjutraj z mednarodno manifestacijo, &hellip;<\/p>\n<p class=\"read-more\"> <a class=\"\" href=\"https:\/\/aliceinwaterland.eu\/sl\/barcolana\/\"> <span class=\"screen-reader-text\">BARCOLANA<\/span> Read More \u00bb<\/a><\/p>\n","protected":false},"author":2,"featured_media":4822,"parent":0,"menu_order":1,"comment_status":"closed","ping_status":"closed","template":"","meta":{"_eb_attr":"","site-sidebar-layout":"no-sidebar","site-content-layout":"page-builder","ast-global-header-display":"","ast-main-header-display":"","ast-hfb-above-header-display":"","ast-hfb-below-header-display":"","ast-hfb-mobile-header-display":"","site-post-title":"disabled","ast-breadcrumbs-content":"","ast-featured-img":"disabled","footer-sml-layout":"","theme-transparent-header-meta":"default","adv-header-id-meta":"","stick-header-meta":"default","header-above-stick-meta":"","header-main-stick-meta":"","header-below-stick-meta":"","_themeisle_gutenberg_block_has_review":false,"footnotes":""},"class_list":["post-4903","page","type-page","status-publish","has-post-thumbnail","hentry"],"yoast_head":"<!-- This site is optimized with the Yoast SEO Premium plugin v20.3 (Yoast SEO v26.7) - https:\/\/yoast.com\/wordpress\/plugins\/seo\/ -->\n<title>BARCOLANA | Alice in Waterland<\/title>\n<meta name=\"description\" content=\"Venezia non ha bisogno di presentazioni,citt\u00e0 unica al mondo, adagiata su isole all&#039;interno della laguna formatasi dal mare Adriatico, qui non esistono strade ma canali, ogni angolo \u00e8 magico ed ogni scorcio che vi si apre merita una foto.\" \/>\n<meta name=\"robots\" content=\"index, follow, max-snippet:-1, max-image-preview:large, max-video-preview:-1\" \/>\n<link rel=\"canonical\" href=\"https:\/\/aliceinwaterland.eu\/sl\/barcolana\/\" \/>\n<meta property=\"og:locale\" content=\"sl_SI\" \/>\n<meta property=\"og:type\" content=\"article\" \/>\n<meta property=\"og:title\" content=\"BARCOLANA\" \/>\n<meta property=\"og:description\" content=\"Venezia non ha bisogno di presentazioni,citt\u00e0 unica al mondo, adagiata su isole all&#039;interno della laguna formatasi dal mare Adriatico, qui non esistono strade ma canali, ogni angolo \u00e8 magico ed ogni scorcio che vi si apre merita una foto.\" \/>\n<meta property=\"og:url\" content=\"https:\/\/aliceinwaterland.eu\/sl\/barcolana\/\" \/>\n<meta property=\"og:site_name\" content=\"Alice in Waterland\" \/>\n<meta property=\"article:publisher\" content=\"https:\/\/www.facebook.com\/aliceinwaterlandboat\" \/>\n<meta property=\"article:modified_time\" content=\"2023-09-25T12:53:14+00:00\" \/>\n<meta property=\"og:image\" content=\"https:\/\/aliceinwaterland.eu\/wp-content\/uploads\/2023\/08\/Trieste_Barcolana-in-mare-e-a-terra_eventi-e-programma-2022_04.jpg\" \/>\n\t<meta property=\"og:image:width\" content=\"1260\" \/>\n\t<meta property=\"og:image:height\" content=\"680\" \/>\n\t<meta property=\"og:image:type\" content=\"image\/jpeg\" \/>\n<meta name=\"twitter:card\" content=\"summary_large_image\" \/>\n<meta name=\"twitter:site\" content=\"@aliceinwtrland\" \/>\n<meta name=\"twitter:label1\" content=\"Est. reading time\" \/>\n\t<meta name=\"twitter:data1\" content=\"2 minuti\" \/>\n<script type=\"application\/ld+json\" class=\"yoast-schema-graph\">{\"@context\":\"https:\/\/schema.org\",\"@graph\":[{\"@type\":\"WebPage\",\"@id\":\"https:\/\/aliceinwaterland.eu\/sl\/barcolana\/\",\"url\":\"https:\/\/aliceinwaterland.eu\/sl\/barcolana\/\",\"name\":\"BARCOLANA | Alice in Waterland\",\"isPartOf\":{\"@id\":\"https:\/\/aliceinwaterland.eu\/#website\"},\"primaryImageOfPage\":{\"@id\":\"https:\/\/aliceinwaterland.eu\/sl\/barcolana\/#primaryimage\"},\"image\":{\"@id\":\"https:\/\/aliceinwaterland.eu\/sl\/barcolana\/#primaryimage\"},\"thumbnailUrl\":\"https:\/\/i0.wp.com\/aliceinwaterland.eu\/wp-content\/uploads\/2023\/08\/Trieste_Barcolana-in-mare-e-a-terra_eventi-e-programma-2022_04.jpg?fit=1260%2C680&ssl=1\",\"datePublished\":\"2023-09-21T10:54:29+00:00\",\"dateModified\":\"2023-09-25T12:53:14+00:00\",\"description\":\"Venezia non ha bisogno di presentazioni,citt\u00e0 unica al mondo, adagiata su isole all'interno della laguna formatasi dal mare Adriatico, qui non esistono strade ma canali, ogni angolo \u00e8 magico ed ogni scorcio che vi si apre merita una foto.\",\"breadcrumb\":{\"@id\":\"https:\/\/aliceinwaterland.eu\/sl\/barcolana\/#breadcrumb\"},\"inLanguage\":\"sl-SI\",\"potentialAction\":[{\"@type\":\"ReadAction\",\"target\":[\"https:\/\/aliceinwaterland.eu\/sl\/barcolana\/\"]}]},{\"@type\":\"ImageObject\",\"inLanguage\":\"sl-SI\",\"@id\":\"https:\/\/aliceinwaterland.eu\/sl\/barcolana\/#primaryimage\",\"url\":\"https:\/\/i0.wp.com\/aliceinwaterland.eu\/wp-content\/uploads\/2023\/08\/Trieste_Barcolana-in-mare-e-a-terra_eventi-e-programma-2022_04.jpg?fit=1260%2C680&ssl=1\",\"contentUrl\":\"https:\/\/i0.wp.com\/aliceinwaterland.eu\/wp-content\/uploads\/2023\/08\/Trieste_Barcolana-in-mare-e-a-terra_eventi-e-programma-2022_04.jpg?fit=1260%2C680&ssl=1\",\"width\":1260,\"height\":680},{\"@type\":\"BreadcrumbList\",\"@id\":\"https:\/\/aliceinwaterland.eu\/sl\/barcolana\/#breadcrumb\",\"itemListElement\":[{\"@type\":\"ListItem\",\"position\":1,\"name\":\"Home\",\"item\":\"https:\/\/aliceinwaterland.eu\/sl\/\"},{\"@type\":\"ListItem\",\"position\":2,\"name\":\"BARCOLANA\"}]},{\"@type\":\"WebSite\",\"@id\":\"https:\/\/aliceinwaterland.eu\/#website\",\"url\":\"https:\/\/aliceinwaterland.eu\/\",\"name\":\"Alice in Waterland\",\"description\":\"Unique family vacation\",\"publisher\":{\"@id\":\"https:\/\/aliceinwaterland.eu\/#organization\"},\"potentialAction\":[{\"@type\":\"SearchAction\",\"target\":{\"@type\":\"EntryPoint\",\"urlTemplate\":\"https:\/\/aliceinwaterland.eu\/?s={search_term_string}\"},\"query-input\":{\"@type\":\"PropertyValueSpecification\",\"valueRequired\":true,\"valueName\":\"search_term_string\"}}],\"inLanguage\":\"sl-SI\"},{\"@type\":\"Organization\",\"@id\":\"https:\/\/aliceinwaterland.eu\/#organization\",\"name\":\"POMORSTVO IN TURIZEM Damjan Ro\u017enik s.p.\",\"url\":\"https:\/\/aliceinwaterland.eu\/\",\"logo\":{\"@type\":\"ImageObject\",\"inLanguage\":\"sl-SI\",\"@id\":\"https:\/\/aliceinwaterland.eu\/#\/schema\/logo\/image\/\",\"url\":\"https:\/\/aliceinwaterland.eu\/wp-content\/uploads\/2023\/06\/AiW-Logo.jpg\",\"contentUrl\":\"https:\/\/aliceinwaterland.eu\/wp-content\/uploads\/2023\/06\/AiW-Logo.jpg\",\"width\":600,\"height\":600,\"caption\":\"POMORSTVO IN TURIZEM Damjan Ro\u017enik s.p.\"},\"image\":{\"@id\":\"https:\/\/aliceinwaterland.eu\/#\/schema\/logo\/image\/\"},\"sameAs\":[\"https:\/\/www.facebook.com\/aliceinwaterlandboat\",\"https:\/\/x.com\/aliceinwtrland\",\"https:\/\/www.instagram.com\/aliceinwaterlandboat\"]}]}<\/script>\n<!-- \/ Yoast SEO Premium plugin. -->","yoast_head_json":{"title":"BARCOLANA | Alice in Waterland","description":"Venezia non ha bisogno di presentazioni,citt\u00e0 unica al mondo, adagiata su isole all'interno della laguna formatasi dal mare Adriatico, qui non esistono strade ma canali, ogni angolo \u00e8 magico ed ogni scorcio che vi si apre merita una foto.","robots":{"index":"index","follow":"follow","max-snippet":"max-snippet:-1","max-image-preview":"max-image-preview:large","max-video-preview":"max-video-preview:-1"},"canonical":"https:\/\/aliceinwaterland.eu\/sl\/barcolana\/","og_locale":"sl_SI","og_type":"article","og_title":"BARCOLANA","og_description":"Venezia non ha bisogno di presentazioni,citt\u00e0 unica al mondo, adagiata su isole all'interno della laguna formatasi dal mare Adriatico, qui non esistono strade ma canali, ogni angolo \u00e8 magico ed ogni scorcio che vi si apre merita una foto.","og_url":"https:\/\/aliceinwaterland.eu\/sl\/barcolana\/","og_site_name":"Alice in Waterland","article_publisher":"https:\/\/www.facebook.com\/aliceinwaterlandboat","article_modified_time":"2023-09-25T12:53:14+00:00","og_image":[{"width":1260,"height":680,"url":"https:\/\/aliceinwaterland.eu\/wp-content\/uploads\/2023\/08\/Trieste_Barcolana-in-mare-e-a-terra_eventi-e-programma-2022_04.jpg","type":"image\/jpeg"}],"twitter_card":"summary_large_image","twitter_site":"@aliceinwtrland","twitter_misc":{"Est. reading time":"2 minuti"},"schema":{"@context":"https:\/\/schema.org","@graph":[{"@type":"WebPage","@id":"https:\/\/aliceinwaterland.eu\/sl\/barcolana\/","url":"https:\/\/aliceinwaterland.eu\/sl\/barcolana\/","name":"BARCOLANA | Alice in Waterland","isPartOf":{"@id":"https:\/\/aliceinwaterland.eu\/#website"},"primaryImageOfPage":{"@id":"https:\/\/aliceinwaterland.eu\/sl\/barcolana\/#primaryimage"},"image":{"@id":"https:\/\/aliceinwaterland.eu\/sl\/barcolana\/#primaryimage"},"thumbnailUrl":"https:\/\/i0.wp.com\/aliceinwaterland.eu\/wp-content\/uploads\/2023\/08\/Trieste_Barcolana-in-mare-e-a-terra_eventi-e-programma-2022_04.jpg?fit=1260%2C680&ssl=1","datePublished":"2023-09-21T10:54:29+00:00","dateModified":"2023-09-25T12:53:14+00:00","description":"Venezia non ha bisogno di presentazioni,citt\u00e0 unica al mondo, adagiata su isole all'interno della laguna formatasi dal mare Adriatico, qui non esistono strade ma canali, ogni angolo \u00e8 magico ed ogni scorcio che vi si apre merita una foto.","breadcrumb":{"@id":"https:\/\/aliceinwaterland.eu\/sl\/barcolana\/#breadcrumb"},"inLanguage":"sl-SI","potentialAction":[{"@type":"ReadAction","target":["https:\/\/aliceinwaterland.eu\/sl\/barcolana\/"]}]},{"@type":"ImageObject","inLanguage":"sl-SI","@id":"https:\/\/aliceinwaterland.eu\/sl\/barcolana\/#primaryimage","url":"https:\/\/i0.wp.com\/aliceinwaterland.eu\/wp-content\/uploads\/2023\/08\/Trieste_Barcolana-in-mare-e-a-terra_eventi-e-programma-2022_04.jpg?fit=1260%2C680&ssl=1","contentUrl":"https:\/\/i0.wp.com\/aliceinwaterland.eu\/wp-content\/uploads\/2023\/08\/Trieste_Barcolana-in-mare-e-a-terra_eventi-e-programma-2022_04.jpg?fit=1260%2C680&ssl=1","width":1260,"height":680},{"@type":"BreadcrumbList","@id":"https:\/\/aliceinwaterland.eu\/sl\/barcolana\/#breadcrumb","itemListElement":[{"@type":"ListItem","position":1,"name":"Home","item":"https:\/\/aliceinwaterland.eu\/sl\/"},{"@type":"ListItem","position":2,"name":"BARCOLANA"}]},{"@type":"WebSite","@id":"https:\/\/aliceinwaterland.eu\/#website","url":"https:\/\/aliceinwaterland.eu\/","name":"Alice in Waterland","description":"Unique family vacation","publisher":{"@id":"https:\/\/aliceinwaterland.eu\/#organization"},"potentialAction":[{"@type":"SearchAction","target":{"@type":"EntryPoint","urlTemplate":"https:\/\/aliceinwaterland.eu\/?s={search_term_string}"},"query-input":{"@type":"PropertyValueSpecification","valueRequired":true,"valueName":"search_term_string"}}],"inLanguage":"sl-SI"},{"@type":"Organization","@id":"https:\/\/aliceinwaterland.eu\/#organization","name":"POMORSTVO IN TURIZEM Damjan Ro\u017enik s.p.","url":"https:\/\/aliceinwaterland.eu\/","logo":{"@type":"ImageObject","inLanguage":"sl-SI","@id":"https:\/\/aliceinwaterland.eu\/#\/schema\/logo\/image\/","url":"https:\/\/aliceinwaterland.eu\/wp-content\/uploads\/2023\/06\/AiW-Logo.jpg","contentUrl":"https:\/\/aliceinwaterland.eu\/wp-content\/uploads\/2023\/06\/AiW-Logo.jpg","width":600,"height":600,"caption":"POMORSTVO IN TURIZEM Damjan Ro\u017enik s.p."},"image":{"@id":"https:\/\/aliceinwaterland.eu\/#\/schema\/logo\/image\/"},"sameAs":["https:\/\/www.facebook.com\/aliceinwaterlandboat","https:\/\/x.com\/aliceinwtrland","https:\/\/www.instagram.com\/aliceinwaterlandboat"]}]}},"jetpack_sharing_enabled":true,"_links":{"self":[{"href":"https:\/\/aliceinwaterland.eu\/sl\/wp-json\/wp\/v2\/pages\/4903","targetHints":{"allow":["GET"]}}],"collection":[{"href":"https:\/\/aliceinwaterland.eu\/sl\/wp-json\/wp\/v2\/pages"}],"about":[{"href":"https:\/\/aliceinwaterland.eu\/sl\/wp-json\/wp\/v2\/types\/page"}],"author":[{"embeddable":true,"href":"https:\/\/aliceinwaterland.eu\/sl\/wp-json\/wp\/v2\/users\/2"}],"replies":[{"embeddable":true,"href":"https:\/\/aliceinwaterland.eu\/sl\/wp-json\/wp\/v2\/comments?post=4903"}],"version-history":[{"count":0,"href":"https:\/\/aliceinwaterland.eu\/sl\/wp-json\/wp\/v2\/pages\/4903\/revisions"}],"wp:featuredmedia":[{"embeddable":true,"href":"https:\/\/aliceinwaterland.eu\/sl\/wp-json\/wp\/v2\/media\/4822"}],"wp:attachment":[{"href":"https:\/\/aliceinwaterland.eu\/sl\/wp-json\/wp\/v2\/media?parent=4903"}],"curies":[{"name":"wp","href":"https:\/\/api.w.org\/{rel}","templated":true}]}}