{"id":4608,"date":"2023-01-11T13:04:45","date_gmt":"2023-01-11T12:04:45","guid":{"rendered":"https:\/\/aliceinwaterland.eu\/senza-pensieri\/"},"modified":"2025-02-26T17:44:28","modified_gmt":"2025-02-26T16:44:28","slug":"brez-skrbi","status":"publish","type":"page","link":"https:\/\/aliceinwaterland.eu\/sl\/brez-skrbi\/","title":{"rendered":"BREZ SKRBI"},"content":{"rendered":"\n\n\t<h4>PAKET<\/h4>\n<h1><strong>BREZ SKRBI<\/strong><\/h1>\n<h1>\n\t\tKaj pomeni?\n\t<\/h1>\n\t<p>&nbsp;<\/p>\n<p><strong>Skrbeti vam ni treba za ni\u010d<\/strong> drugega kot za to, kako priti do nas, za vse drugo bomo poskrbeli mi!<\/p>\n<p>Kabine bodo pripravljene za shranjevanje va\u0161ih stvari, kopalnice opremljene s toaletnimi potreb\u0161\u010dinami in posteljnino, nakupi pa \u017ee opravljeni! Ob rezervaciji vam bomo poslali vpra\u0161alnik o hrani, da ugotovimo va\u0161e \u017eelje, in med po\u010ditnicami vam ne bo treba skrbeti za obroke in to, kje najti hrano ali pija\u010do! <strong>Vse, kar morate storiti je, da se zabavate in sprostite<\/strong>, saj vas bomo popeljali na odkrivanje lepot obale, jadranje in obisk \u010dudovitih mest ob morju. Pomo\u010d na jadrnici je vedno dobrodo\u0161la, vendar bomo mi poskrbeli za navigacijo in logistiko! Ves \u010das bivanja vam bomo nudili <strong>edinstveno storitev<\/strong>, ki bo namenjena vam.<\/p>\n<p>Va\u0161a edina misel? <strong>U\u017eivajte v po\u010ditnicah!<\/strong><\/p>\n<h1>\n\t\tKaj vklju\u010duje?\n\t<\/h1>\n<h1>\n\t\tKaj ne vklju\u010duje?\n\t<\/h1>\n\t<ul>\n<li><strong>*3 obroki<\/strong> v enem tednu bodo prosti, imeli boste prilo\u017enost iti na kopno in spoznati okusno in intenzivno istrsko kuhinjo.<\/li>\n<li><strong>**Alkohol in pija\u010da:<\/strong> Na krovu boste na\u0161li izbor pija\u010d, vin in \u017eganih pija\u010d za aperitive ob son\u010dnem zahodu in ve\u010derje pod zvezdami. Naro\u010dili boste lahko vse, kar je na meniju in pla\u010dali ob koncu bivanja.<\/li>\n<li><b>Turisti\u010dna taksa<\/b> v Sloveniji in na Hrva\u0161kem.<\/li>\n<li><b>Vstop v naravne parke <\/b>v skladu z zakupljenimi paketi.<\/li>\n<li>Vse, kar ni navedeno v razdelku Kaj vklju\u010duje<\/li>\n<\/ul>\n<p>*v paketu &#8220;Tedensko sanjsko kri\u017earjenje&#8221;<\/p>\n<p>** v vseh paketih<\/p>\n<h1>\n\t\tIMATE DODATNA VPRA\u0160ANJA?\n\t<\/h1>\n\t\t\t<a href=\"tel:+38640463082\" target=\"_self\" role=\"button\" rel=\"noopener\">\n\t\t\t\t\t\t+386 40 463 082\n\t\t\t\t\t<\/a>\n\t\t\t<a href=\"tel:+393286365700\" target=\"_self\" role=\"button\" rel=\"noopener\">\n\t\t\t\t\t\t+39 328 6365 700\n\t\t\t\t\t<\/a>\n\t\t\t<a href=\"mailto:vacation@aliceinwaterland.eu\" target=\"_self\" role=\"button\" rel=\"noopener\">\n\t\t\t\t\t\tE-mail\n\t\t\t\t\t<\/a>\n<h2>\n\t\tDELI\n\t<\/h2>\n\t\t\t\t\t\t\t\t\t\t<a class=\"uabb-ss-grid-button-link\" href=\"https:\/\/www.facebook.com\/sharer.php?u=https%3A%2F%2Faliceinwaterland.eu%2Fsl%2F%3Fpage_id%3D4608%26fl_builder\" target=\"_blank\" onclick=\"window.open(this.href,'social-share','left=20,top=20,width=500,height=500,toolbar=1,resizable=0');return false;\" rel=\"noopener\">\n\t\t\t\t\t\t\t\t\t\t<\/a>\n\t\t\t\t\t\t\t\t\t\t<a class=\"uabb-ss-grid-button-link\" href=\"https:\/\/api.whatsapp.com\/send?text=https%3A%2F%2Faliceinwaterland.eu%2Fsl%2F%3Fpage_id%3D4608%26fl_builder\" target=\"_blank\" onclick=\"window.open(this.href,'social-share','left=20,top=20,width=500,height=500,toolbar=1,resizable=0');return false;\" rel=\"noopener\">\n\t\t\t\t\t\t\t\t\t\t<\/a>\n\t\t\t\t\t\t\t\t\t\t<a class=\"uabb-ss-grid-button-link\" href=\"https:\/\/www.linkedin.com\/shareArticle?url=https%3A%2F%2Faliceinwaterland.eu%2Fsl%2F%3Fpage_id%3D4608%26fl_builder\" target=\"_blank\" onclick=\"window.open(this.href,'social-share','left=20,top=20,width=500,height=500,toolbar=1,resizable=0');return false;\" rel=\"noopener\">\n\t\t\t\t\t\t\t\t\t\t<\/a>\n\t\t\t\t\t\t\t\t\t\t<a class=\"uabb-ss-grid-button-link\" href=\"https:\/\/twitter.com\/share?url=https%3A%2F%2Faliceinwaterland.eu%2Fsl%2F%3Fpage_id%3D4608%26fl_builder\" target=\"_blank\" onclick=\"window.open(this.href,'social-share','left=20,top=20,width=500,height=500,toolbar=1,resizable=0');return false;\" rel=\"noopener\">\n\t\t\t\t\t\t\t\t\t\t<\/a>\n\n","protected":false},"excerpt":{"rendered":"<p>PAKET BREZ SKRBI Kaj pomeni? &nbsp; Skrbeti vam ni treba za ni\u010d drugega kot za to, kako priti do nas, za vse drugo bomo poskrbeli mi! Kabine bodo pripravljene za shranjevanje va\u0161ih stvari, kopalnice opremljene s toaletnimi potreb\u0161\u010dinami in posteljnino, nakupi pa \u017ee opravljeni! Ob rezervaciji vam bomo poslali vpra\u0161alnik o hrani, da ugotovimo va\u0161e &hellip;<\/p>\n<p class=\"read-more\"> <a class=\"\" href=\"https:\/\/aliceinwaterland.eu\/sl\/brez-skrbi\/\"> <span class=\"screen-reader-text\">BREZ SKRBI<\/span> Read More \u00bb<\/a><\/p>\n","protected":false},"author":2,"featured_media":3080,"parent":0,"menu_order":0,"comment_status":"closed","ping_status":"closed","template":"","meta":{"_eb_attr":"","site-sidebar-layout":"no-sidebar","site-content-layout":"page-builder","ast-global-header-display":"","ast-main-header-display":"","ast-hfb-above-header-display":"","ast-hfb-below-header-display":"","ast-hfb-mobile-header-display":"","site-post-title":"disabled","ast-breadcrumbs-content":"","ast-featured-img":"disabled","footer-sml-layout":"","theme-transparent-header-meta":"default","adv-header-id-meta":"","stick-header-meta":"default","header-above-stick-meta":"","header-main-stick-meta":"","header-below-stick-meta":"","_themeisle_gutenberg_block_has_review":false,"footnotes":""},"class_list":["post-4608","page","type-page","status-publish","has-post-thumbnail","hentry"],"yoast_head":"<!-- This site is optimized with the Yoast SEO Premium plugin v20.3 (Yoast SEO v26.7) - https:\/\/yoast.com\/wordpress\/plugins\/seo\/ -->\n<title>Alice in Waterland | BREZ SKRBI<\/title>\n<meta name=\"description\" content=\"Z na\u0161im paketom &quot;Brez skrbi&quot; vam ni treba razmi\u0161ljati o ni\u010demer, razen o poti do nas; za vse drugo poskrbimo mi!\" \/>\n<meta name=\"robots\" content=\"index, follow, max-snippet:-1, max-image-preview:large, max-video-preview:-1\" \/>\n<link rel=\"canonical\" href=\"https:\/\/aliceinwaterland.eu\/sl\/brez-skrbi\/\" \/>\n<meta property=\"og:locale\" content=\"sl_SI\" \/>\n<meta property=\"og:type\" content=\"article\" \/>\n<meta property=\"og:title\" content=\"BREZ SKRBI\" \/>\n<meta property=\"og:description\" content=\"Z na\u0161im paketom &quot;Brez skrbi&quot; vam ni treba razmi\u0161ljati o ni\u010demer, razen o poti do nas; za vse drugo poskrbimo mi!\" \/>\n<meta property=\"og:url\" content=\"https:\/\/aliceinwaterland.eu\/sl\/brez-skrbi\/\" \/>\n<meta property=\"og:site_name\" content=\"Alice in Waterland\" \/>\n<meta property=\"article:publisher\" content=\"https:\/\/www.facebook.com\/aliceinwaterlandboat\" \/>\n<meta property=\"article:modified_time\" content=\"2025-02-26T16:44:28+00:00\" \/>\n<meta property=\"og:image\" content=\"https:\/\/i0.wp.com\/aliceinwaterland.eu\/wp-content\/uploads\/2022\/11\/01-carefree-scaled.jpg?fit=2560%2C2048&ssl=1\" \/>\n\t<meta property=\"og:image:width\" content=\"2560\" \/>\n\t<meta property=\"og:image:height\" content=\"2048\" \/>\n\t<meta property=\"og:image:type\" content=\"image\/jpeg\" \/>\n<meta name=\"twitter:card\" content=\"summary_large_image\" \/>\n<meta name=\"twitter:site\" content=\"@aliceinwtrland\" \/>\n<meta name=\"twitter:label1\" content=\"Est. reading time\" \/>\n\t<meta name=\"twitter:data1\" content=\"2 minuti\" \/>\n<script type=\"application\/ld+json\" class=\"yoast-schema-graph\">{\"@context\":\"https:\/\/schema.org\",\"@graph\":[{\"@type\":\"WebPage\",\"@id\":\"https:\/\/aliceinwaterland.eu\/sl\/brez-skrbi\/\",\"url\":\"https:\/\/aliceinwaterland.eu\/sl\/brez-skrbi\/\",\"name\":\"Alice in Waterland | BREZ SKRBI\",\"isPartOf\":{\"@id\":\"https:\/\/aliceinwaterland.eu\/#website\"},\"primaryImageOfPage\":{\"@id\":\"https:\/\/aliceinwaterland.eu\/sl\/brez-skrbi\/#primaryimage\"},\"image\":{\"@id\":\"https:\/\/aliceinwaterland.eu\/sl\/brez-skrbi\/#primaryimage\"},\"thumbnailUrl\":\"https:\/\/i0.wp.com\/aliceinwaterland.eu\/wp-content\/uploads\/2022\/11\/01-carefree-scaled.jpg?fit=2560%2C2048&ssl=1\",\"datePublished\":\"2023-01-11T12:04:45+00:00\",\"dateModified\":\"2025-02-26T16:44:28+00:00\",\"description\":\"Z na\u0161im paketom \\\"Brez skrbi\\\" vam ni treba razmi\u0161ljati o ni\u010demer, razen o poti do nas; za vse drugo poskrbimo mi!\",\"breadcrumb\":{\"@id\":\"https:\/\/aliceinwaterland.eu\/sl\/brez-skrbi\/#breadcrumb\"},\"inLanguage\":\"sl-SI\",\"potentialAction\":[{\"@type\":\"ReadAction\",\"target\":[\"https:\/\/aliceinwaterland.eu\/sl\/brez-skrbi\/\"]}]},{\"@type\":\"ImageObject\",\"inLanguage\":\"sl-SI\",\"@id\":\"https:\/\/aliceinwaterland.eu\/sl\/brez-skrbi\/#primaryimage\",\"url\":\"https:\/\/i0.wp.com\/aliceinwaterland.eu\/wp-content\/uploads\/2022\/11\/01-carefree-scaled.jpg?fit=2560%2C2048&ssl=1\",\"contentUrl\":\"https:\/\/i0.wp.com\/aliceinwaterland.eu\/wp-content\/uploads\/2022\/11\/01-carefree-scaled.jpg?fit=2560%2C2048&ssl=1\",\"width\":2560,\"height\":2048},{\"@type\":\"BreadcrumbList\",\"@id\":\"https:\/\/aliceinwaterland.eu\/sl\/brez-skrbi\/#breadcrumb\",\"itemListElement\":[{\"@type\":\"ListItem\",\"position\":1,\"name\":\"Home\",\"item\":\"https:\/\/aliceinwaterland.eu\/sl\/\"},{\"@type\":\"ListItem\",\"position\":2,\"name\":\"BREZ SKRBI\"}]},{\"@type\":\"WebSite\",\"@id\":\"https:\/\/aliceinwaterland.eu\/#website\",\"url\":\"https:\/\/aliceinwaterland.eu\/\",\"name\":\"Alice in Waterland\",\"description\":\"Unique family vacation\",\"publisher\":{\"@id\":\"https:\/\/aliceinwaterland.eu\/#organization\"},\"potentialAction\":[{\"@type\":\"SearchAction\",\"target\":{\"@type\":\"EntryPoint\",\"urlTemplate\":\"https:\/\/aliceinwaterland.eu\/?s={search_term_string}\"},\"query-input\":{\"@type\":\"PropertyValueSpecification\",\"valueRequired\":true,\"valueName\":\"search_term_string\"}}],\"inLanguage\":\"sl-SI\"},{\"@type\":\"Organization\",\"@id\":\"https:\/\/aliceinwaterland.eu\/#organization\",\"name\":\"POMORSTVO IN TURIZEM Damjan Ro\u017enik s.p.\",\"url\":\"https:\/\/aliceinwaterland.eu\/\",\"logo\":{\"@type\":\"ImageObject\",\"inLanguage\":\"sl-SI\",\"@id\":\"https:\/\/aliceinwaterland.eu\/#\/schema\/logo\/image\/\",\"url\":\"https:\/\/aliceinwaterland.eu\/wp-content\/uploads\/2023\/06\/AiW-Logo.jpg\",\"contentUrl\":\"https:\/\/aliceinwaterland.eu\/wp-content\/uploads\/2023\/06\/AiW-Logo.jpg\",\"width\":600,\"height\":600,\"caption\":\"POMORSTVO IN TURIZEM Damjan Ro\u017enik s.p.\"},\"image\":{\"@id\":\"https:\/\/aliceinwaterland.eu\/#\/schema\/logo\/image\/\"},\"sameAs\":[\"https:\/\/www.facebook.com\/aliceinwaterlandboat\",\"https:\/\/x.com\/aliceinwtrland\",\"https:\/\/www.instagram.com\/aliceinwaterlandboat\"]}]}<\/script>\n<!-- \/ Yoast SEO Premium plugin. -->","yoast_head_json":{"title":"Alice in Waterland | BREZ SKRBI","description":"Z na\u0161im paketom \"Brez skrbi\" vam ni treba razmi\u0161ljati o ni\u010demer, razen o poti do nas; za vse drugo poskrbimo mi!","robots":{"index":"index","follow":"follow","max-snippet":"max-snippet:-1","max-image-preview":"max-image-preview:large","max-video-preview":"max-video-preview:-1"},"canonical":"https:\/\/aliceinwaterland.eu\/sl\/brez-skrbi\/","og_locale":"sl_SI","og_type":"article","og_title":"BREZ SKRBI","og_description":"Z na\u0161im paketom \"Brez skrbi\" vam ni treba razmi\u0161ljati o ni\u010demer, razen o poti do nas; za vse drugo poskrbimo mi!","og_url":"https:\/\/aliceinwaterland.eu\/sl\/brez-skrbi\/","og_site_name":"Alice in Waterland","article_publisher":"https:\/\/www.facebook.com\/aliceinwaterlandboat","article_modified_time":"2025-02-26T16:44:28+00:00","og_image":[{"width":2560,"height":2048,"url":"https:\/\/i0.wp.com\/aliceinwaterland.eu\/wp-content\/uploads\/2022\/11\/01-carefree-scaled.jpg?fit=2560%2C2048&ssl=1","type":"image\/jpeg"}],"twitter_card":"summary_large_image","twitter_site":"@aliceinwtrland","twitter_misc":{"Est. reading time":"2 minuti"},"schema":{"@context":"https:\/\/schema.org","@graph":[{"@type":"WebPage","@id":"https:\/\/aliceinwaterland.eu\/sl\/brez-skrbi\/","url":"https:\/\/aliceinwaterland.eu\/sl\/brez-skrbi\/","name":"Alice in Waterland | BREZ SKRBI","isPartOf":{"@id":"https:\/\/aliceinwaterland.eu\/#website"},"primaryImageOfPage":{"@id":"https:\/\/aliceinwaterland.eu\/sl\/brez-skrbi\/#primaryimage"},"image":{"@id":"https:\/\/aliceinwaterland.eu\/sl\/brez-skrbi\/#primaryimage"},"thumbnailUrl":"https:\/\/i0.wp.com\/aliceinwaterland.eu\/wp-content\/uploads\/2022\/11\/01-carefree-scaled.jpg?fit=2560%2C2048&ssl=1","datePublished":"2023-01-11T12:04:45+00:00","dateModified":"2025-02-26T16:44:28+00:00","description":"Z na\u0161im paketom \"Brez skrbi\" vam ni treba razmi\u0161ljati o ni\u010demer, razen o poti do nas; za vse drugo poskrbimo mi!","breadcrumb":{"@id":"https:\/\/aliceinwaterland.eu\/sl\/brez-skrbi\/#breadcrumb"},"inLanguage":"sl-SI","potentialAction":[{"@type":"ReadAction","target":["https:\/\/aliceinwaterland.eu\/sl\/brez-skrbi\/"]}]},{"@type":"ImageObject","inLanguage":"sl-SI","@id":"https:\/\/aliceinwaterland.eu\/sl\/brez-skrbi\/#primaryimage","url":"https:\/\/i0.wp.com\/aliceinwaterland.eu\/wp-content\/uploads\/2022\/11\/01-carefree-scaled.jpg?fit=2560%2C2048&ssl=1","contentUrl":"https:\/\/i0.wp.com\/aliceinwaterland.eu\/wp-content\/uploads\/2022\/11\/01-carefree-scaled.jpg?fit=2560%2C2048&ssl=1","width":2560,"height":2048},{"@type":"BreadcrumbList","@id":"https:\/\/aliceinwaterland.eu\/sl\/brez-skrbi\/#breadcrumb","itemListElement":[{"@type":"ListItem","position":1,"name":"Home","item":"https:\/\/aliceinwaterland.eu\/sl\/"},{"@type":"ListItem","position":2,"name":"BREZ SKRBI"}]},{"@type":"WebSite","@id":"https:\/\/aliceinwaterland.eu\/#website","url":"https:\/\/aliceinwaterland.eu\/","name":"Alice in Waterland","description":"Unique family vacation","publisher":{"@id":"https:\/\/aliceinwaterland.eu\/#organization"},"potentialAction":[{"@type":"SearchAction","target":{"@type":"EntryPoint","urlTemplate":"https:\/\/aliceinwaterland.eu\/?s={search_term_string}"},"query-input":{"@type":"PropertyValueSpecification","valueRequired":true,"valueName":"search_term_string"}}],"inLanguage":"sl-SI"},{"@type":"Organization","@id":"https:\/\/aliceinwaterland.eu\/#organization","name":"POMORSTVO IN TURIZEM Damjan Ro\u017enik s.p.","url":"https:\/\/aliceinwaterland.eu\/","logo":{"@type":"ImageObject","inLanguage":"sl-SI","@id":"https:\/\/aliceinwaterland.eu\/#\/schema\/logo\/image\/","url":"https:\/\/aliceinwaterland.eu\/wp-content\/uploads\/2023\/06\/AiW-Logo.jpg","contentUrl":"https:\/\/aliceinwaterland.eu\/wp-content\/uploads\/2023\/06\/AiW-Logo.jpg","width":600,"height":600,"caption":"POMORSTVO IN TURIZEM Damjan Ro\u017enik s.p."},"image":{"@id":"https:\/\/aliceinwaterland.eu\/#\/schema\/logo\/image\/"},"sameAs":["https:\/\/www.facebook.com\/aliceinwaterlandboat","https:\/\/x.com\/aliceinwtrland","https:\/\/www.instagram.com\/aliceinwaterlandboat"]}]}},"jetpack_sharing_enabled":true,"_links":{"self":[{"href":"https:\/\/aliceinwaterland.eu\/sl\/wp-json\/wp\/v2\/pages\/4608","targetHints":{"allow":["GET"]}}],"collection":[{"href":"https:\/\/aliceinwaterland.eu\/sl\/wp-json\/wp\/v2\/pages"}],"about":[{"href":"https:\/\/aliceinwaterland.eu\/sl\/wp-json\/wp\/v2\/types\/page"}],"author":[{"embeddable":true,"href":"https:\/\/aliceinwaterland.eu\/sl\/wp-json\/wp\/v2\/users\/2"}],"replies":[{"embeddable":true,"href":"https:\/\/aliceinwaterland.eu\/sl\/wp-json\/wp\/v2\/comments?post=4608"}],"version-history":[{"count":0,"href":"https:\/\/aliceinwaterland.eu\/sl\/wp-json\/wp\/v2\/pages\/4608\/revisions"}],"wp:featuredmedia":[{"embeddable":true,"href":"https:\/\/aliceinwaterland.eu\/sl\/wp-json\/wp\/v2\/media\/3080"}],"wp:attachment":[{"href":"https:\/\/aliceinwaterland.eu\/sl\/wp-json\/wp\/v2\/media?parent=4608"}],"curies":[{"name":"wp","href":"https:\/\/api.w.org\/{rel}","templated":true}]}}