{"id":3514,"date":"2023-01-13T11:02:58","date_gmt":"2023-01-13T10:02:58","guid":{"rendered":"https:\/\/aliceinwaterland.eu\/?page_id=3514"},"modified":"2026-01-12T16:04:39","modified_gmt":"2026-01-12T15:04:39","slug":"vecerja-ob-soncnem-zahodu","status":"publish","type":"page","link":"https:\/\/aliceinwaterland.eu\/sl\/vecerja-ob-soncnem-zahodu\/","title":{"rendered":"VE\u010cERJA OB SON\u010cNEM ZAHODU"},"content":{"rendered":"\n\n\t<h1><strong>VE\u010cERJA OB SON\u010cNEM ZAHODU<\/strong><\/h1>\n<h1>ob slovenski obali<\/h1>\n<h3>\n\t\tProgram\n\t<\/h3>\n<h3>\n\t\t\u017dAR OB SON\u010cNEM ZAHODU\n\t<\/h3>\n<ul>\n<li><strong>Odhod iz Izole ob 18.00 Dobrodo\u0161li na krovu!<\/strong><\/li>\n<\/ul>\n<p>Odpluli bomo v son\u010dni zahod do <strong>&#8220;Belih Skal&#8221;<\/strong>, zaliva za katerega je zna\u010dilen visok <strong>beli klif<\/strong>, kjer je <strong>turkizna voda<\/strong>\u00a0in bogata vegetacija, ter zaplavali do <strong>bele prodnate pla\u017ee<\/strong>.<\/p>\n<ul>\n<li><strong>\u017dar ob son\u010dnem zahodu.<\/strong><\/li>\n<\/ul>\n<p>Ve\u010der se bo za\u010del s \u010dudovitim son\u010dnim zahodom, v u\u017eivanju <strong>aperitiva in zibanju morja<\/strong>. Na \u017earu bomo pripravili<strong>\u00a0mesno ve\u010derjo s sve\u017eimi sezonskimi izdelki<\/strong> \u00a0Popolnoma edinstveno do\u017eivetje.<\/p>\n<ul>\n<li><strong>Povratek v Izolo ob 22.00 Se vidimo na naslednjem jadranju!<\/strong><\/li>\n<\/ul>\n<h2>\n\t\t4 ure\n\t<\/h2>\n\t<h2><strong>\u0160tevilo gostov: 2 &#8211; 8<\/strong><\/h2>\n<h4>\n\t\tKraj odhoda in povratka:\n\t<\/h4>\n\t<p>Izola, Slovenija<\/p>\n<h4>\n\t\tOdhod:\n\t<\/h4>\n\t<p>18.00<\/p>\n<h4>\n\t\tPovratek:\n\t<\/h4>\n\t<p>22.00<\/p>\n<h2>\n\t\tCena: od \u20ac70 \/ osebo\n\t<\/h2>\n\t<ul>\n<li>Posadka lahko zapolne prosta mesta do najve\u010d osem gostov.<\/li>\n<li>Mo\u017enost ekskluzivnega najema za zasebne skupine do 10 gostov po dogovoru s posadko.<\/li>\n<li>Otroci do 4. leta starosti brezpla\u010dno.<\/li>\n<li>Otroci, stari od 5 do 8 let, pla\u010dajo 50 %.<\/li>\n<li>Otroci, starej\u0161i od 9 let, pla\u010dajo polno ceno.<\/li>\n<\/ul>\n<h6>\n\t\tKaj je vklju\u010deno:\n\t<\/h6>\n\t<ul>\n<li>Mesna ve\u010derja<\/li>\n<li>Jadranje do Belih Skal<\/li>\n<li>Postanek za kopanje<\/li>\n<li>Uporaba kabine s kopalnico<\/li>\n<\/ul>\n<h6>\n\t\tIz cene je izklju\u010dena:\n\t<\/h6>\n\t<ul>\n<li>Alkohol, pija\u010da in kava po porabi, meni na krovu<\/li>\n<\/ul>\n<h6>\n\t\tOpombe:\n\t<\/h6>\n\t<ul>\n<li>\u010ce posadka izlet<em>\u00a0odpove zaradi slabega vremena, bo izdan <\/em><em>voucher v vrednosti porabljenega zneska<\/em>, ki ga lahko uporabite brez \u010dasovnih omejitev. V primeru <em>odpovedi s strani gosta zaradi dokazljivih zdravstvenih razlogov<\/em> bo izdan <em>voucher, ki ga je mogo\u010de izkoristiti znotraj teko\u010de sezone<\/em>. V primeru odpovedi zaradi premisleka\/neupravi\u010denih razlogov se vpla\u010dana pristojbina odvzame.<\/li>\n<li>S seboj ni dovoljeno nositi alkohola ali pija\u010de.<\/li>\n<li>Hi\u0161ni ljubljen\u010dki niso dovoljeni.<\/li>\n<li>Navedeni postanki se lahko spremenijo zaradi vremena ali neugodnih pogojev plovbe. Poveljnik si pridr\u017euje pravico do spremembe ali odpovedi ture zaradi varnosti vseh!\u00a0<\/li>\n<\/ul>\n\t\t\t<a href=\"https:\/\/aliceinwaterland.eu\/sl\/booking\/\" target=\"_self\"   role=\"button\" aria-label=\"REZERVIRAJ ZDAJ\">\n\t\t\t\t\t\t\tREZERVIRAJ ZDAJ\n\t\t<\/a>\n<h1>\n\t\tIMATE DODATNA VPRA\u0160ANJA?\n\t<\/h1>\n\t\t\t<a href=\"tel:+38640463082\" target=\"_self\" role=\"button\">\n\t\t\t\t\t\t+386 40 463 082\n\t\t\t\t\t<\/a>\n\t\t\t<a href=\"tel:+393286365700\" target=\"_self\" role=\"button\">\n\t\t\t\t\t\t+39 328 6365 700\n\t\t\t\t\t<\/a>\n\t\t\t<a href=\"mailto:vacation@aliceinwaterland.eu\" target=\"_self\" role=\"button\">\n\t\t\t\t\t\tE-mail\n\t\t\t\t\t<\/a>\n<h2>\n\t\tDELI\n\t<\/h2>\n\t\t\t\t\t\t\t\t\t\t<a class= \"uabb-ss-grid-button-link\" href=\"https:\/\/www.facebook.com\/sharer.php?u=https%3A%2F%2Faliceinwaterland.eu%2Fsl%2F%3Fpage_id%3D3514%26fl_builder\" target=\"_blank\" onclick=\"window.open(this.href,'social-share','left=20,top=20,width=500,height=500,toolbar=1,resizable=0');return false;\">\n\t\t\t\t\t\t\t\t\t\t<\/a>\n\t\t\t\t\t\t\t\t\t\t<a class= \"uabb-ss-grid-button-link\" href=\"https:\/\/api.whatsapp.com\/send?text=https%3A%2F%2Faliceinwaterland.eu%2Fsl%2F%3Fpage_id%3D3514%26fl_builder\" target=\"_blank\" onclick=\"window.open(this.href,'social-share','left=20,top=20,width=500,height=500,toolbar=1,resizable=0');return false;\">\n\t\t\t\t\t\t\t\t\t\t<\/a>\n\t\t\t\t\t\t\t\t\t\t<a class= \"uabb-ss-grid-button-link\" href=\"https:\/\/www.linkedin.com\/shareArticle?url=https%3A%2F%2Faliceinwaterland.eu%2Fsl%2F%3Fpage_id%3D3514%26fl_builder\" target=\"_blank\" onclick=\"window.open(this.href,'social-share','left=20,top=20,width=500,height=500,toolbar=1,resizable=0');return false;\">\n\t\t\t\t\t\t\t\t\t\t<\/a>\n\t\t\t\t\t\t\t\t\t\t<a class= \"uabb-ss-grid-button-link\" href=\"https:\/\/twitter.com\/share?url=https%3A%2F%2Faliceinwaterland.eu%2Fsl%2F%3Fpage_id%3D3514%26fl_builder\" target=\"_blank\" onclick=\"window.open(this.href,'social-share','left=20,top=20,width=500,height=500,toolbar=1,resizable=0');return false;\">\n\t\t\t\t\t\t\t\t\t\t<\/a>\n\n","protected":false},"excerpt":{"rendered":"<p>VE\u010cERJA OB SON\u010cNEM ZAHODU ob slovenski obali Program \u017dAR OB SON\u010cNEM ZAHODU Odhod iz Izole ob 18.00 Dobrodo\u0161li na krovu! Odpluli bomo v son\u010dni zahod do &#8220;Belih Skal&#8221;, zaliva za katerega je zna\u010dilen visok beli klif, kjer je turkizna voda\u00a0in bogata vegetacija, ter zaplavali do bele prodnate pla\u017ee. \u017dar ob son\u010dnem zahodu. Ve\u010der se bo &hellip;<\/p>\n<p class=\"read-more\"> <a class=\"\" href=\"https:\/\/aliceinwaterland.eu\/sl\/vecerja-ob-soncnem-zahodu\/\"> <span class=\"screen-reader-text\">VE\u010cERJA OB SON\u010cNEM ZAHODU<\/span> Read More \u00bb<\/a><\/p>\n","protected":false},"author":2,"featured_media":2112,"parent":0,"menu_order":2,"comment_status":"closed","ping_status":"closed","template":"","meta":{"_eb_attr":"","site-sidebar-layout":"no-sidebar","site-content-layout":"page-builder","ast-global-header-display":"","ast-main-header-display":"","ast-hfb-above-header-display":"","ast-hfb-below-header-display":"","ast-hfb-mobile-header-display":"","site-post-title":"disabled","ast-breadcrumbs-content":"","ast-featured-img":"disabled","footer-sml-layout":"","theme-transparent-header-meta":"default","adv-header-id-meta":"","stick-header-meta":"default","header-above-stick-meta":"","header-main-stick-meta":"","header-below-stick-meta":"","_themeisle_gutenberg_block_has_review":false,"footnotes":""},"class_list":["post-3514","page","type-page","status-publish","has-post-thumbnail","hentry"],"yoast_head":"<!-- This site is optimized with the Yoast SEO Premium plugin v20.3 (Yoast SEO v26.7) - https:\/\/yoast.com\/wordpress\/plugins\/seo\/ -->\n<title>VE\u010cERJA OB SON\u010cNEM ZAHODU | Alice in Waterland<\/title>\n<meta name=\"description\" content=\"Weekend in barca a vela lungo la costa slovena e Castello di Miramare.\" \/>\n<meta name=\"robots\" content=\"index, follow, max-snippet:-1, max-image-preview:large, max-video-preview:-1\" \/>\n<link rel=\"canonical\" href=\"https:\/\/aliceinwaterland.eu\/sl\/vecerja-ob-soncnem-zahodu\/\" \/>\n<meta property=\"og:locale\" content=\"sl_SI\" \/>\n<meta property=\"og:type\" content=\"article\" \/>\n<meta property=\"og:title\" content=\"VE\u010cERJA OB SON\u010cNEM ZAHODU\" \/>\n<meta property=\"og:description\" content=\"Weekend in barca a vela lungo la costa slovena e Castello di Miramare.\" \/>\n<meta property=\"og:url\" content=\"https:\/\/aliceinwaterland.eu\/sl\/vecerja-ob-soncnem-zahodu\/\" \/>\n<meta property=\"og:site_name\" content=\"Alice in Waterland\" \/>\n<meta property=\"article:publisher\" content=\"https:\/\/www.facebook.com\/aliceinwaterlandboat\" \/>\n<meta property=\"article:modified_time\" content=\"2026-01-12T15:04:39+00:00\" \/>\n<meta property=\"og:image\" content=\"https:\/\/i0.wp.com\/aliceinwaterland.eu\/wp-content\/uploads\/2022\/03\/02-bbq-chef-scaled.jpg?fit=2560%2C1707&ssl=1\" \/>\n\t<meta property=\"og:image:width\" content=\"2560\" \/>\n\t<meta property=\"og:image:height\" content=\"1707\" \/>\n\t<meta property=\"og:image:type\" content=\"image\/jpeg\" \/>\n<meta name=\"twitter:card\" content=\"summary_large_image\" \/>\n<meta name=\"twitter:site\" content=\"@aliceinwtrland\" \/>\n<meta name=\"twitter:label1\" content=\"Est. reading time\" \/>\n\t<meta name=\"twitter:data1\" content=\"2 minuti\" \/>\n<script type=\"application\/ld+json\" class=\"yoast-schema-graph\">{\"@context\":\"https:\/\/schema.org\",\"@graph\":[{\"@type\":\"WebPage\",\"@id\":\"https:\/\/aliceinwaterland.eu\/sl\/vecerja-ob-soncnem-zahodu\/\",\"url\":\"https:\/\/aliceinwaterland.eu\/sl\/vecerja-ob-soncnem-zahodu\/\",\"name\":\"VE\u010cERJA OB SON\u010cNEM ZAHODU | Alice in Waterland\",\"isPartOf\":{\"@id\":\"https:\/\/aliceinwaterland.eu\/#website\"},\"primaryImageOfPage\":{\"@id\":\"https:\/\/aliceinwaterland.eu\/sl\/vecerja-ob-soncnem-zahodu\/#primaryimage\"},\"image\":{\"@id\":\"https:\/\/aliceinwaterland.eu\/sl\/vecerja-ob-soncnem-zahodu\/#primaryimage\"},\"thumbnailUrl\":\"https:\/\/i0.wp.com\/aliceinwaterland.eu\/wp-content\/uploads\/2022\/03\/02-bbq-chef-scaled.jpg?fit=2560%2C1707&ssl=1\",\"datePublished\":\"2023-01-13T10:02:58+00:00\",\"dateModified\":\"2026-01-12T15:04:39+00:00\",\"description\":\"Weekend in barca a vela lungo la costa slovena e Castello di Miramare.\",\"breadcrumb\":{\"@id\":\"https:\/\/aliceinwaterland.eu\/sl\/vecerja-ob-soncnem-zahodu\/#breadcrumb\"},\"inLanguage\":\"sl-SI\",\"potentialAction\":[{\"@type\":\"ReadAction\",\"target\":[\"https:\/\/aliceinwaterland.eu\/sl\/vecerja-ob-soncnem-zahodu\/\"]}]},{\"@type\":\"ImageObject\",\"inLanguage\":\"sl-SI\",\"@id\":\"https:\/\/aliceinwaterland.eu\/sl\/vecerja-ob-soncnem-zahodu\/#primaryimage\",\"url\":\"https:\/\/i0.wp.com\/aliceinwaterland.eu\/wp-content\/uploads\/2022\/03\/02-bbq-chef-scaled.jpg?fit=2560%2C1707&ssl=1\",\"contentUrl\":\"https:\/\/i0.wp.com\/aliceinwaterland.eu\/wp-content\/uploads\/2022\/03\/02-bbq-chef-scaled.jpg?fit=2560%2C1707&ssl=1\",\"width\":2560,\"height\":1707},{\"@type\":\"BreadcrumbList\",\"@id\":\"https:\/\/aliceinwaterland.eu\/sl\/vecerja-ob-soncnem-zahodu\/#breadcrumb\",\"itemListElement\":[{\"@type\":\"ListItem\",\"position\":1,\"name\":\"Home\",\"item\":\"https:\/\/aliceinwaterland.eu\/sl\/\"},{\"@type\":\"ListItem\",\"position\":2,\"name\":\"VE\u010cERJA OB SON\u010cNEM ZAHODU\"}]},{\"@type\":\"WebSite\",\"@id\":\"https:\/\/aliceinwaterland.eu\/#website\",\"url\":\"https:\/\/aliceinwaterland.eu\/\",\"name\":\"Alice in Waterland\",\"description\":\"Unique family vacation\",\"publisher\":{\"@id\":\"https:\/\/aliceinwaterland.eu\/#organization\"},\"potentialAction\":[{\"@type\":\"SearchAction\",\"target\":{\"@type\":\"EntryPoint\",\"urlTemplate\":\"https:\/\/aliceinwaterland.eu\/?s={search_term_string}\"},\"query-input\":{\"@type\":\"PropertyValueSpecification\",\"valueRequired\":true,\"valueName\":\"search_term_string\"}}],\"inLanguage\":\"sl-SI\"},{\"@type\":\"Organization\",\"@id\":\"https:\/\/aliceinwaterland.eu\/#organization\",\"name\":\"POMORSTVO IN TURIZEM Damjan Ro\u017enik s.p.\",\"url\":\"https:\/\/aliceinwaterland.eu\/\",\"logo\":{\"@type\":\"ImageObject\",\"inLanguage\":\"sl-SI\",\"@id\":\"https:\/\/aliceinwaterland.eu\/#\/schema\/logo\/image\/\",\"url\":\"https:\/\/aliceinwaterland.eu\/wp-content\/uploads\/2023\/06\/AiW-Logo.jpg\",\"contentUrl\":\"https:\/\/aliceinwaterland.eu\/wp-content\/uploads\/2023\/06\/AiW-Logo.jpg\",\"width\":600,\"height\":600,\"caption\":\"POMORSTVO IN TURIZEM Damjan Ro\u017enik s.p.\"},\"image\":{\"@id\":\"https:\/\/aliceinwaterland.eu\/#\/schema\/logo\/image\/\"},\"sameAs\":[\"https:\/\/www.facebook.com\/aliceinwaterlandboat\",\"https:\/\/x.com\/aliceinwtrland\",\"https:\/\/www.instagram.com\/aliceinwaterlandboat\"]}]}<\/script>\n<!-- \/ Yoast SEO Premium plugin. -->","yoast_head_json":{"title":"VE\u010cERJA OB SON\u010cNEM ZAHODU | Alice in Waterland","description":"Weekend in barca a vela lungo la costa slovena e Castello di Miramare.","robots":{"index":"index","follow":"follow","max-snippet":"max-snippet:-1","max-image-preview":"max-image-preview:large","max-video-preview":"max-video-preview:-1"},"canonical":"https:\/\/aliceinwaterland.eu\/sl\/vecerja-ob-soncnem-zahodu\/","og_locale":"sl_SI","og_type":"article","og_title":"VE\u010cERJA OB SON\u010cNEM ZAHODU","og_description":"Weekend in barca a vela lungo la costa slovena e Castello di Miramare.","og_url":"https:\/\/aliceinwaterland.eu\/sl\/vecerja-ob-soncnem-zahodu\/","og_site_name":"Alice in Waterland","article_publisher":"https:\/\/www.facebook.com\/aliceinwaterlandboat","article_modified_time":"2026-01-12T15:04:39+00:00","og_image":[{"width":2560,"height":1707,"url":"https:\/\/i0.wp.com\/aliceinwaterland.eu\/wp-content\/uploads\/2022\/03\/02-bbq-chef-scaled.jpg?fit=2560%2C1707&ssl=1","type":"image\/jpeg"}],"twitter_card":"summary_large_image","twitter_site":"@aliceinwtrland","twitter_misc":{"Est. reading time":"2 minuti"},"schema":{"@context":"https:\/\/schema.org","@graph":[{"@type":"WebPage","@id":"https:\/\/aliceinwaterland.eu\/sl\/vecerja-ob-soncnem-zahodu\/","url":"https:\/\/aliceinwaterland.eu\/sl\/vecerja-ob-soncnem-zahodu\/","name":"VE\u010cERJA OB SON\u010cNEM ZAHODU | Alice in Waterland","isPartOf":{"@id":"https:\/\/aliceinwaterland.eu\/#website"},"primaryImageOfPage":{"@id":"https:\/\/aliceinwaterland.eu\/sl\/vecerja-ob-soncnem-zahodu\/#primaryimage"},"image":{"@id":"https:\/\/aliceinwaterland.eu\/sl\/vecerja-ob-soncnem-zahodu\/#primaryimage"},"thumbnailUrl":"https:\/\/i0.wp.com\/aliceinwaterland.eu\/wp-content\/uploads\/2022\/03\/02-bbq-chef-scaled.jpg?fit=2560%2C1707&ssl=1","datePublished":"2023-01-13T10:02:58+00:00","dateModified":"2026-01-12T15:04:39+00:00","description":"Weekend in barca a vela lungo la costa slovena e Castello di Miramare.","breadcrumb":{"@id":"https:\/\/aliceinwaterland.eu\/sl\/vecerja-ob-soncnem-zahodu\/#breadcrumb"},"inLanguage":"sl-SI","potentialAction":[{"@type":"ReadAction","target":["https:\/\/aliceinwaterland.eu\/sl\/vecerja-ob-soncnem-zahodu\/"]}]},{"@type":"ImageObject","inLanguage":"sl-SI","@id":"https:\/\/aliceinwaterland.eu\/sl\/vecerja-ob-soncnem-zahodu\/#primaryimage","url":"https:\/\/i0.wp.com\/aliceinwaterland.eu\/wp-content\/uploads\/2022\/03\/02-bbq-chef-scaled.jpg?fit=2560%2C1707&ssl=1","contentUrl":"https:\/\/i0.wp.com\/aliceinwaterland.eu\/wp-content\/uploads\/2022\/03\/02-bbq-chef-scaled.jpg?fit=2560%2C1707&ssl=1","width":2560,"height":1707},{"@type":"BreadcrumbList","@id":"https:\/\/aliceinwaterland.eu\/sl\/vecerja-ob-soncnem-zahodu\/#breadcrumb","itemListElement":[{"@type":"ListItem","position":1,"name":"Home","item":"https:\/\/aliceinwaterland.eu\/sl\/"},{"@type":"ListItem","position":2,"name":"VE\u010cERJA OB SON\u010cNEM ZAHODU"}]},{"@type":"WebSite","@id":"https:\/\/aliceinwaterland.eu\/#website","url":"https:\/\/aliceinwaterland.eu\/","name":"Alice in Waterland","description":"Unique family vacation","publisher":{"@id":"https:\/\/aliceinwaterland.eu\/#organization"},"potentialAction":[{"@type":"SearchAction","target":{"@type":"EntryPoint","urlTemplate":"https:\/\/aliceinwaterland.eu\/?s={search_term_string}"},"query-input":{"@type":"PropertyValueSpecification","valueRequired":true,"valueName":"search_term_string"}}],"inLanguage":"sl-SI"},{"@type":"Organization","@id":"https:\/\/aliceinwaterland.eu\/#organization","name":"POMORSTVO IN TURIZEM Damjan Ro\u017enik s.p.","url":"https:\/\/aliceinwaterland.eu\/","logo":{"@type":"ImageObject","inLanguage":"sl-SI","@id":"https:\/\/aliceinwaterland.eu\/#\/schema\/logo\/image\/","url":"https:\/\/aliceinwaterland.eu\/wp-content\/uploads\/2023\/06\/AiW-Logo.jpg","contentUrl":"https:\/\/aliceinwaterland.eu\/wp-content\/uploads\/2023\/06\/AiW-Logo.jpg","width":600,"height":600,"caption":"POMORSTVO IN TURIZEM Damjan Ro\u017enik s.p."},"image":{"@id":"https:\/\/aliceinwaterland.eu\/#\/schema\/logo\/image\/"},"sameAs":["https:\/\/www.facebook.com\/aliceinwaterlandboat","https:\/\/x.com\/aliceinwtrland","https:\/\/www.instagram.com\/aliceinwaterlandboat"]}]}},"jetpack_sharing_enabled":true,"_links":{"self":[{"href":"https:\/\/aliceinwaterland.eu\/sl\/wp-json\/wp\/v2\/pages\/3514","targetHints":{"allow":["GET"]}}],"collection":[{"href":"https:\/\/aliceinwaterland.eu\/sl\/wp-json\/wp\/v2\/pages"}],"about":[{"href":"https:\/\/aliceinwaterland.eu\/sl\/wp-json\/wp\/v2\/types\/page"}],"author":[{"embeddable":true,"href":"https:\/\/aliceinwaterland.eu\/sl\/wp-json\/wp\/v2\/users\/2"}],"replies":[{"embeddable":true,"href":"https:\/\/aliceinwaterland.eu\/sl\/wp-json\/wp\/v2\/comments?post=3514"}],"version-history":[{"count":0,"href":"https:\/\/aliceinwaterland.eu\/sl\/wp-json\/wp\/v2\/pages\/3514\/revisions"}],"wp:featuredmedia":[{"embeddable":true,"href":"https:\/\/aliceinwaterland.eu\/sl\/wp-json\/wp\/v2\/media\/2112"}],"wp:attachment":[{"href":"https:\/\/aliceinwaterland.eu\/sl\/wp-json\/wp\/v2\/media?parent=3514"}],"curies":[{"name":"wp","href":"https:\/\/api.w.org\/{rel}","templated":true}]}}