{"id":3490,"date":"2023-01-13T10:39:16","date_gmt":"2023-01-13T09:39:16","guid":{"rendered":"https:\/\/aliceinwaterland.eu\/?page_id=3490"},"modified":"2026-01-12T16:00:44","modified_gmt":"2026-01-12T15:00:44","slug":"dnevni-izlet","status":"publish","type":"page","link":"https:\/\/aliceinwaterland.eu\/sl\/dnevni-izlet\/","title":{"rendered":"DNEVNI IZLET"},"content":{"rendered":"\n\n\t<h1><strong>DNEVNI IZLET<\/strong><\/h1>\n<h1><strong>ob slovenski obali<\/strong><\/h1>\n<h4>\n\t\tProgram\n\t<\/h4>\n<h4>\n\t\tDan ob obali dale\u010d od mno\u017eice ljudi!\n\t<\/h4>\n\t<ul>\n<li><strong>Odhod ob 9.00 iz Izole.<\/strong><\/li>\n<li><strong>Plovba ob slovenski obali.<\/strong><\/li>\n<\/ul>\n<p>Ogledali si bomo<strong> Piran z morja, edinstveno razgledno to\u010dko, s katere lahko ob\u010dudujemo najbolj obiskano slovensko mesto.<\/strong> Zaliv Bernardin gosti<strong> kolonijo delfinov,<\/strong> ki jih neprofitna organizacija <a href=\"https:\/\/www.morigenos.org\/it\/chi-siamo\/\">Morigenos<\/a> raziskuje in spremlja. \u010ce bomo imeli sre\u010do, bomo med plovbo lahko sre\u010dali te \u010dudovite prebivalce morja!<\/p>\n<ul>\n<li><strong>Postanek v Strunjanskem zalivu<\/strong><\/li>\n<\/ul>\n<p>Med Izolo in Piranom je od leta 1990 vzpostavljen Strunjanski park, za katerega sta zna\u010dilna tipi\u010dno sredozemsko rastlinstvo in \u017eivalstvo, ki cveti v vseh letnih \u010dasih. Ta zaliv ponuja<strong> enkraten spektakel<\/strong>: na eni strani temno zeleno divje rastlinje, ki se stika z modro vodo in ustvarja edinstveno igro barv, na drugi strani pa tipi\u010dno bene\u0161ki zvonik svetega Jurija, ki se dviga v modro nebo. V tem \u010dudovitem zalivu vam bomo pripravili <strong>okusno kosilo<\/strong>, vi pa se boste lahko <strong>sprostili zibajo\u010d se ob morju in dale\u010d od mno\u017eice<\/strong>.<\/p>\n<ul>\n<li><strong>Jadranje in postanek na &#8220;Belih Skalah&#8221;<\/strong><\/li>\n<\/ul>\n<p>Z jadrnico vas bomo odpeljali do \u0161e enega \u010dudovitega kopali\u0161\u010da: <strong>&#8220;Bele Skale&#8221;. Zaliv, za katerega je zna\u010dilna visoka skala belih pe\u010din<\/strong>. <strong>Voda je turkizna, vegetacija bogata, pla\u017ea<\/strong>, do katere lahko pridete le po morju ali po dolgem sprehodu iz Izole, pa je <strong>iz belih kamen\u010dkov<\/strong>. Ljubitelji potapljanja lahko odkrivajo lepote podvodnega sveta in ob\u010dudujejo <a href=\"https:\/\/aliceinwaterland.eu\/pinna-nobilis\/\">Le\u0161\u010durje<\/a>, najve\u010djo \u0161koljko v Sredozemlju, ki zaradi evropskega projekta ponovno naseljuje morsko dno.<\/p>\n<ul>\n<li><strong>Povratek v Izolo in izkrcanje ob 17.00.<\/strong><\/li>\n<\/ul>\n<p>&nbsp;<\/p>\n<hr \/>\n<p><strong>Dan, namenjen sprostitvi in morju, dale\u010d od poletne gne\u010de! <\/strong> Pluli bomo vzdol\u017e obale, imeli kosilo na prostem in u\u017eivali v razgledu, imeli prilo\u017enost za nekaj skokov z ladje ali pa boste preprosto lenarili na palubi s kozarcem dobrega vina ali hladnim koktajlom.<\/p>\n<p>&nbsp;<\/p>\n<h2>\n\t\t8 ur\n\t<\/h2>\n\t<h2>\u0160tevilo gostov: 2 &#8211; 8<\/h2>\n<h4>\n\t\tKraj odhoda in povratka:\n\t<\/h4>\n\t<p>Izola, Slovenija<\/p>\n<h4>\n\t\tOdhod:\n\t<\/h4>\n\t<p>9.00<\/p>\n<h4>\n\t\tPovratek:\n\t<\/h4>\n\t<p>17.00<\/p>\n<h2>\n\t\tCena: od \u20ac100 \/ osebo\n\t<\/h2>\n\t<ul>\n<li>Posadka lahko zapolne prosta mesta do najve\u010d osem gostov.<\/li>\n<li>Mo\u017enost ekskluzivnega najema za zasebne skupine do 10 gostov po dogovoru s posadko.<\/li>\n<li>Otroci do 4. leta starosti brezpla\u010dno.<\/li>\n<li>Otroci, stari od 5 do 8 let, pla\u010dajo 50 %.<\/li>\n<li>Otroci, starej\u0161i od 9 let, pla\u010dajo polno ceno.<\/li>\n<\/ul>\n<h6>\n\t\tV ceno je vklju\u010deno:\n\t<\/h6>\n\t<ul>\n<li>Jadranje do Pirana<\/li>\n<li>Dva postanka za kopanje<\/li>\n<li>Kava za dobrodo\u0161lico &#8211; kosilo &#8211; prigrizek<\/li>\n<li>Uporaba kabine s kopalnico<\/li>\n<\/ul>\n<h6>\n\t\tIz cene je izklju\u010dena:\n\t<\/h6>\n\t<ul>\n<li>Alkohol, pija\u010da in kava po porabi, meni na krovu<\/li>\n<\/ul>\n<h6>\n\t\tOpombe:\n\t<\/h6>\n\t<ul>\n<li>\u010ce posadka izlet<em> odpove zaradi slabega vremena, bo izdan bon<\/em><em>\u00a0v vrednosti porabljenega zneska<\/em>, ki ga lahko uporabite brez \u010dasovnih omejitev. V primeru <em>odpovedi s strani gosta zaradi dokazljivih zdravstvenih razlogov<\/em> bo izdan bon<em>\u00a0ki ga je mogo\u010de izkoristiti znotraj teko\u010de sezone<\/em>. V primeru odpovedi zaradi premisleka\/neupravi\u010denih razlogov se vpla\u010dana pristojbina odvzame.<\/li>\n<li>S seboj ni dovoljeno nositi alkohola in pija\u010d.<\/li>\n<li>Hi\u0161ni ljubljen\u010dki niso dovoljeni.<\/li>\n<li>Navedeni postanki se lahko spremenijo zaradi vremena ali neugodnih pogojev plovbe. Poveljnik si pridr\u017euje pravico do spremembe ali odpovedi izleta zaradi varnosti vseh!\u00a0<\/li>\n<\/ul>\n\t\t\t<a href=\"https:\/\/aliceinwaterland.eu\/sl\/booking\/\" target=\"_self\"   role=\"button\" aria-label=\"REZERVIRAJ ZDAJ\">\n\t\t\t\t\t\t\tREZERVIRAJ ZDAJ\n\t\t<\/a>\n<h1>\n\t\tIMATE DODATNA VPRA\u0160ANJA?\n\t<\/h1>\n\t\t\t<a href=\"tel:+38640463082\" target=\"_self\" role=\"button\">\n\t\t\t\t\t\t+386 40 463 082\n\t\t\t\t\t<\/a>\n\t\t\t<a href=\"tel:+393286365700\" target=\"_self\" role=\"button\">\n\t\t\t\t\t\t+39 328 6365 700\n\t\t\t\t\t<\/a>\n\t\t\t<a href=\"mailto:vacation@aliceinwaterland.eu\" target=\"_self\" role=\"button\">\n\t\t\t\t\t\tE-mail\n\t\t\t\t\t<\/a>\n<h2>\n\t\tDELI\n\t<\/h2>\n\t\t\t\t\t\t\t\t\t\t<a class= \"uabb-ss-grid-button-link\" href=\"https:\/\/www.facebook.com\/sharer.php?u=https%3A%2F%2Faliceinwaterland.eu%2Fsl%2F%3Fpage_id%3D3490%26fl_builder\" target=\"_blank\" onclick=\"window.open(this.href,'social-share','left=20,top=20,width=500,height=500,toolbar=1,resizable=0');return false;\">\n\t\t\t\t\t\t\t\t\t\t<\/a>\n\t\t\t\t\t\t\t\t\t\t<a class= \"uabb-ss-grid-button-link\" href=\"https:\/\/api.whatsapp.com\/send?text=https%3A%2F%2Faliceinwaterland.eu%2Fsl%2F%3Fpage_id%3D3490%26fl_builder\" target=\"_blank\" onclick=\"window.open(this.href,'social-share','left=20,top=20,width=500,height=500,toolbar=1,resizable=0');return false;\">\n\t\t\t\t\t\t\t\t\t\t<\/a>\n\t\t\t\t\t\t\t\t\t\t<a class= \"uabb-ss-grid-button-link\" href=\"https:\/\/www.linkedin.com\/shareArticle?url=https%3A%2F%2Faliceinwaterland.eu%2Fsl%2F%3Fpage_id%3D3490%26fl_builder\" target=\"_blank\" onclick=\"window.open(this.href,'social-share','left=20,top=20,width=500,height=500,toolbar=1,resizable=0');return false;\">\n\t\t\t\t\t\t\t\t\t\t<\/a>\n\t\t\t\t\t\t\t\t\t\t<a class= \"uabb-ss-grid-button-link\" href=\"https:\/\/twitter.com\/share?url=https%3A%2F%2Faliceinwaterland.eu%2Fsl%2F%3Fpage_id%3D3490%26fl_builder\" target=\"_blank\" onclick=\"window.open(this.href,'social-share','left=20,top=20,width=500,height=500,toolbar=1,resizable=0');return false;\">\n\t\t\t\t\t\t\t\t\t\t<\/a>\n\n","protected":false},"excerpt":{"rendered":"<p>DNEVNI IZLET ob slovenski obali Program Dan ob obali dale\u010d od mno\u017eice ljudi! Odhod ob 9.00 iz Izole. Plovba ob slovenski obali. Ogledali si bomo Piran z morja, edinstveno razgledno to\u010dko, s katere lahko ob\u010dudujemo najbolj obiskano slovensko mesto. Zaliv Bernardin gosti kolonijo delfinov, ki jih neprofitna organizacija Morigenos raziskuje in spremlja. \u010ce bomo imeli &hellip;<\/p>\n<p class=\"read-more\"> <a class=\"\" href=\"https:\/\/aliceinwaterland.eu\/sl\/dnevni-izlet\/\"> <span class=\"screen-reader-text\">DNEVNI IZLET<\/span> Read More \u00bb<\/a><\/p>\n","protected":false},"author":2,"featured_media":2106,"parent":0,"menu_order":2,"comment_status":"closed","ping_status":"closed","template":"","meta":{"_eb_attr":"","site-sidebar-layout":"no-sidebar","site-content-layout":"page-builder","ast-global-header-display":"","ast-main-header-display":"","ast-hfb-above-header-display":"","ast-hfb-below-header-display":"","ast-hfb-mobile-header-display":"","site-post-title":"disabled","ast-breadcrumbs-content":"","ast-featured-img":"disabled","footer-sml-layout":"","theme-transparent-header-meta":"default","adv-header-id-meta":"","stick-header-meta":"default","header-above-stick-meta":"","header-main-stick-meta":"","header-below-stick-meta":"","_themeisle_gutenberg_block_has_review":false,"footnotes":""},"class_list":["post-3490","page","type-page","status-publish","has-post-thumbnail","hentry"],"yoast_head":"<!-- This site is optimized with the Yoast SEO Premium plugin v20.3 (Yoast SEO v26.7) - https:\/\/yoast.com\/wordpress\/plugins\/seo\/ -->\n<title>DNEVNI IZLET | Alice in Waterland<\/title>\n<meta name=\"description\" content=\"Dnevni izlet z jadrnico je edinstvena izku\u0161nja za vsakogar ki \u017eeli u\u017eivati morje na poseben na\u010din. Son\u010denje, kopanje in odli\u010dna hrana!\" \/>\n<meta name=\"robots\" content=\"index, follow, max-snippet:-1, max-image-preview:large, max-video-preview:-1\" \/>\n<link rel=\"canonical\" href=\"https:\/\/aliceinwaterland.eu\/sl\/dnevni-izlet\/\" \/>\n<meta property=\"og:locale\" content=\"sl_SI\" \/>\n<meta property=\"og:type\" content=\"article\" \/>\n<meta property=\"og:title\" content=\"DNEVNI IZLET\" \/>\n<meta property=\"og:description\" content=\"Dnevni izlet z jadrnico je edinstvena izku\u0161nja za vsakogar ki \u017eeli u\u017eivati morje na poseben na\u010din. Son\u010denje, kopanje in odli\u010dna hrana!\" \/>\n<meta property=\"og:url\" content=\"https:\/\/aliceinwaterland.eu\/sl\/dnevni-izlet\/\" \/>\n<meta property=\"og:site_name\" content=\"Alice in Waterland\" \/>\n<meta property=\"article:publisher\" content=\"https:\/\/www.facebook.com\/aliceinwaterlandboat\" \/>\n<meta property=\"article:modified_time\" content=\"2026-01-12T15:00:44+00:00\" \/>\n<meta property=\"og:image\" content=\"https:\/\/i0.wp.com\/aliceinwaterland.eu\/wp-content\/uploads\/2022\/03\/01-daily-tour-scaled.jpg?fit=2560%2C2048&ssl=1\" \/>\n\t<meta property=\"og:image:width\" content=\"2560\" \/>\n\t<meta property=\"og:image:height\" content=\"2048\" \/>\n\t<meta property=\"og:image:type\" content=\"image\/jpeg\" \/>\n<meta name=\"twitter:card\" content=\"summary_large_image\" \/>\n<meta name=\"twitter:site\" content=\"@aliceinwtrland\" \/>\n<meta name=\"twitter:label1\" content=\"Est. reading time\" \/>\n\t<meta name=\"twitter:data1\" content=\"1 minuta\" \/>\n<script type=\"application\/ld+json\" class=\"yoast-schema-graph\">{\"@context\":\"https:\/\/schema.org\",\"@graph\":[{\"@type\":\"WebPage\",\"@id\":\"https:\/\/aliceinwaterland.eu\/sl\/dnevni-izlet\/\",\"url\":\"https:\/\/aliceinwaterland.eu\/sl\/dnevni-izlet\/\",\"name\":\"DNEVNI IZLET | Alice in Waterland\",\"isPartOf\":{\"@id\":\"https:\/\/aliceinwaterland.eu\/#website\"},\"primaryImageOfPage\":{\"@id\":\"https:\/\/aliceinwaterland.eu\/sl\/dnevni-izlet\/#primaryimage\"},\"image\":{\"@id\":\"https:\/\/aliceinwaterland.eu\/sl\/dnevni-izlet\/#primaryimage\"},\"thumbnailUrl\":\"https:\/\/i0.wp.com\/aliceinwaterland.eu\/wp-content\/uploads\/2022\/03\/01-daily-tour-scaled.jpg?fit=2560%2C2048&ssl=1\",\"datePublished\":\"2023-01-13T09:39:16+00:00\",\"dateModified\":\"2026-01-12T15:00:44+00:00\",\"description\":\"Dnevni izlet z jadrnico je edinstvena izku\u0161nja za vsakogar ki \u017eeli u\u017eivati morje na poseben na\u010din. Son\u010denje, kopanje in odli\u010dna hrana!\",\"breadcrumb\":{\"@id\":\"https:\/\/aliceinwaterland.eu\/sl\/dnevni-izlet\/#breadcrumb\"},\"inLanguage\":\"sl-SI\",\"potentialAction\":[{\"@type\":\"ReadAction\",\"target\":[\"https:\/\/aliceinwaterland.eu\/sl\/dnevni-izlet\/\"]}]},{\"@type\":\"ImageObject\",\"inLanguage\":\"sl-SI\",\"@id\":\"https:\/\/aliceinwaterland.eu\/sl\/dnevni-izlet\/#primaryimage\",\"url\":\"https:\/\/i0.wp.com\/aliceinwaterland.eu\/wp-content\/uploads\/2022\/03\/01-daily-tour-scaled.jpg?fit=2560%2C2048&ssl=1\",\"contentUrl\":\"https:\/\/i0.wp.com\/aliceinwaterland.eu\/wp-content\/uploads\/2022\/03\/01-daily-tour-scaled.jpg?fit=2560%2C2048&ssl=1\",\"width\":2560,\"height\":2048},{\"@type\":\"BreadcrumbList\",\"@id\":\"https:\/\/aliceinwaterland.eu\/sl\/dnevni-izlet\/#breadcrumb\",\"itemListElement\":[{\"@type\":\"ListItem\",\"position\":1,\"name\":\"Home\",\"item\":\"https:\/\/aliceinwaterland.eu\/sl\/\"},{\"@type\":\"ListItem\",\"position\":2,\"name\":\"DNEVNI IZLET\"}]},{\"@type\":\"WebSite\",\"@id\":\"https:\/\/aliceinwaterland.eu\/#website\",\"url\":\"https:\/\/aliceinwaterland.eu\/\",\"name\":\"Alice in Waterland\",\"description\":\"Unique family vacation\",\"publisher\":{\"@id\":\"https:\/\/aliceinwaterland.eu\/#organization\"},\"potentialAction\":[{\"@type\":\"SearchAction\",\"target\":{\"@type\":\"EntryPoint\",\"urlTemplate\":\"https:\/\/aliceinwaterland.eu\/?s={search_term_string}\"},\"query-input\":{\"@type\":\"PropertyValueSpecification\",\"valueRequired\":true,\"valueName\":\"search_term_string\"}}],\"inLanguage\":\"sl-SI\"},{\"@type\":\"Organization\",\"@id\":\"https:\/\/aliceinwaterland.eu\/#organization\",\"name\":\"POMORSTVO IN TURIZEM Damjan Ro\u017enik s.p.\",\"url\":\"https:\/\/aliceinwaterland.eu\/\",\"logo\":{\"@type\":\"ImageObject\",\"inLanguage\":\"sl-SI\",\"@id\":\"https:\/\/aliceinwaterland.eu\/#\/schema\/logo\/image\/\",\"url\":\"https:\/\/aliceinwaterland.eu\/wp-content\/uploads\/2023\/06\/AiW-Logo.jpg\",\"contentUrl\":\"https:\/\/aliceinwaterland.eu\/wp-content\/uploads\/2023\/06\/AiW-Logo.jpg\",\"width\":600,\"height\":600,\"caption\":\"POMORSTVO IN TURIZEM Damjan Ro\u017enik s.p.\"},\"image\":{\"@id\":\"https:\/\/aliceinwaterland.eu\/#\/schema\/logo\/image\/\"},\"sameAs\":[\"https:\/\/www.facebook.com\/aliceinwaterlandboat\",\"https:\/\/x.com\/aliceinwtrland\",\"https:\/\/www.instagram.com\/aliceinwaterlandboat\"]}]}<\/script>\n<!-- \/ Yoast SEO Premium plugin. -->","yoast_head_json":{"title":"DNEVNI IZLET | Alice in Waterland","description":"Dnevni izlet z jadrnico je edinstvena izku\u0161nja za vsakogar ki \u017eeli u\u017eivati morje na poseben na\u010din. Son\u010denje, kopanje in odli\u010dna hrana!","robots":{"index":"index","follow":"follow","max-snippet":"max-snippet:-1","max-image-preview":"max-image-preview:large","max-video-preview":"max-video-preview:-1"},"canonical":"https:\/\/aliceinwaterland.eu\/sl\/dnevni-izlet\/","og_locale":"sl_SI","og_type":"article","og_title":"DNEVNI IZLET","og_description":"Dnevni izlet z jadrnico je edinstvena izku\u0161nja za vsakogar ki \u017eeli u\u017eivati morje na poseben na\u010din. Son\u010denje, kopanje in odli\u010dna hrana!","og_url":"https:\/\/aliceinwaterland.eu\/sl\/dnevni-izlet\/","og_site_name":"Alice in Waterland","article_publisher":"https:\/\/www.facebook.com\/aliceinwaterlandboat","article_modified_time":"2026-01-12T15:00:44+00:00","og_image":[{"width":2560,"height":2048,"url":"https:\/\/i0.wp.com\/aliceinwaterland.eu\/wp-content\/uploads\/2022\/03\/01-daily-tour-scaled.jpg?fit=2560%2C2048&ssl=1","type":"image\/jpeg"}],"twitter_card":"summary_large_image","twitter_site":"@aliceinwtrland","twitter_misc":{"Est. reading time":"1 minuta"},"schema":{"@context":"https:\/\/schema.org","@graph":[{"@type":"WebPage","@id":"https:\/\/aliceinwaterland.eu\/sl\/dnevni-izlet\/","url":"https:\/\/aliceinwaterland.eu\/sl\/dnevni-izlet\/","name":"DNEVNI IZLET | Alice in Waterland","isPartOf":{"@id":"https:\/\/aliceinwaterland.eu\/#website"},"primaryImageOfPage":{"@id":"https:\/\/aliceinwaterland.eu\/sl\/dnevni-izlet\/#primaryimage"},"image":{"@id":"https:\/\/aliceinwaterland.eu\/sl\/dnevni-izlet\/#primaryimage"},"thumbnailUrl":"https:\/\/i0.wp.com\/aliceinwaterland.eu\/wp-content\/uploads\/2022\/03\/01-daily-tour-scaled.jpg?fit=2560%2C2048&ssl=1","datePublished":"2023-01-13T09:39:16+00:00","dateModified":"2026-01-12T15:00:44+00:00","description":"Dnevni izlet z jadrnico je edinstvena izku\u0161nja za vsakogar ki \u017eeli u\u017eivati morje na poseben na\u010din. Son\u010denje, kopanje in odli\u010dna hrana!","breadcrumb":{"@id":"https:\/\/aliceinwaterland.eu\/sl\/dnevni-izlet\/#breadcrumb"},"inLanguage":"sl-SI","potentialAction":[{"@type":"ReadAction","target":["https:\/\/aliceinwaterland.eu\/sl\/dnevni-izlet\/"]}]},{"@type":"ImageObject","inLanguage":"sl-SI","@id":"https:\/\/aliceinwaterland.eu\/sl\/dnevni-izlet\/#primaryimage","url":"https:\/\/i0.wp.com\/aliceinwaterland.eu\/wp-content\/uploads\/2022\/03\/01-daily-tour-scaled.jpg?fit=2560%2C2048&ssl=1","contentUrl":"https:\/\/i0.wp.com\/aliceinwaterland.eu\/wp-content\/uploads\/2022\/03\/01-daily-tour-scaled.jpg?fit=2560%2C2048&ssl=1","width":2560,"height":2048},{"@type":"BreadcrumbList","@id":"https:\/\/aliceinwaterland.eu\/sl\/dnevni-izlet\/#breadcrumb","itemListElement":[{"@type":"ListItem","position":1,"name":"Home","item":"https:\/\/aliceinwaterland.eu\/sl\/"},{"@type":"ListItem","position":2,"name":"DNEVNI IZLET"}]},{"@type":"WebSite","@id":"https:\/\/aliceinwaterland.eu\/#website","url":"https:\/\/aliceinwaterland.eu\/","name":"Alice in Waterland","description":"Unique family vacation","publisher":{"@id":"https:\/\/aliceinwaterland.eu\/#organization"},"potentialAction":[{"@type":"SearchAction","target":{"@type":"EntryPoint","urlTemplate":"https:\/\/aliceinwaterland.eu\/?s={search_term_string}"},"query-input":{"@type":"PropertyValueSpecification","valueRequired":true,"valueName":"search_term_string"}}],"inLanguage":"sl-SI"},{"@type":"Organization","@id":"https:\/\/aliceinwaterland.eu\/#organization","name":"POMORSTVO IN TURIZEM Damjan Ro\u017enik s.p.","url":"https:\/\/aliceinwaterland.eu\/","logo":{"@type":"ImageObject","inLanguage":"sl-SI","@id":"https:\/\/aliceinwaterland.eu\/#\/schema\/logo\/image\/","url":"https:\/\/aliceinwaterland.eu\/wp-content\/uploads\/2023\/06\/AiW-Logo.jpg","contentUrl":"https:\/\/aliceinwaterland.eu\/wp-content\/uploads\/2023\/06\/AiW-Logo.jpg","width":600,"height":600,"caption":"POMORSTVO IN TURIZEM Damjan Ro\u017enik s.p."},"image":{"@id":"https:\/\/aliceinwaterland.eu\/#\/schema\/logo\/image\/"},"sameAs":["https:\/\/www.facebook.com\/aliceinwaterlandboat","https:\/\/x.com\/aliceinwtrland","https:\/\/www.instagram.com\/aliceinwaterlandboat"]}]}},"jetpack_sharing_enabled":true,"_links":{"self":[{"href":"https:\/\/aliceinwaterland.eu\/sl\/wp-json\/wp\/v2\/pages\/3490","targetHints":{"allow":["GET"]}}],"collection":[{"href":"https:\/\/aliceinwaterland.eu\/sl\/wp-json\/wp\/v2\/pages"}],"about":[{"href":"https:\/\/aliceinwaterland.eu\/sl\/wp-json\/wp\/v2\/types\/page"}],"author":[{"embeddable":true,"href":"https:\/\/aliceinwaterland.eu\/sl\/wp-json\/wp\/v2\/users\/2"}],"replies":[{"embeddable":true,"href":"https:\/\/aliceinwaterland.eu\/sl\/wp-json\/wp\/v2\/comments?post=3490"}],"version-history":[{"count":0,"href":"https:\/\/aliceinwaterland.eu\/sl\/wp-json\/wp\/v2\/pages\/3490\/revisions"}],"wp:featuredmedia":[{"embeddable":true,"href":"https:\/\/aliceinwaterland.eu\/sl\/wp-json\/wp\/v2\/media\/2106"}],"wp:attachment":[{"href":"https:\/\/aliceinwaterland.eu\/sl\/wp-json\/wp\/v2\/media?parent=3490"}],"curies":[{"name":"wp","href":"https:\/\/api.w.org\/{rel}","templated":true}]}}