{"id":347,"date":"2020-05-15T13:24:18","date_gmt":"2020-05-15T13:24:18","guid":{"rendered":"https:\/\/aliceinwaterland.eu\/?page_id=347"},"modified":"2026-01-12T15:56:17","modified_gmt":"2026-01-12T14:56:17","slug":"vstopna-stran","status":"publish","type":"page","link":"https:\/\/aliceinwaterland.eu\/sl\/","title":{"rendered":"Vstopna stran"},"content":{"rendered":"\n\n\t<!-- Elfsight Slider | Front slider SI -->\n\t<!-- Elfsight Pricing Table | POLETJE -->\n\t<p>Projekt<strong><em> &#8220;MODERNIZACIJA ENERGETSKEGA IN VODNEGA SISTEMA TER RAZVOJ NAVTI\u010cNE PONUDBE&#8221; <\/em><\/strong>realiziran s pomo\u010djo evropskega razpisa OSSIN &#8211; Misura ANS 1\/1 2021-2024 :<\/p>\n<p><strong>&#8220;Spodbujanje novih gospodarskih projektov na obmo\u010dju, kjer \u017eivijo pripadniki avtohtone italijanske narodne skupnosti za obdobje 2023 in 2024 &#8211; ukrep 1&#8221;<\/strong><\/p>\n<hr \/>\n<p>Projekt <em><strong>&#8220;NAKUP ELEKTRI\u010cNEGA IZVENKRMNEGA MOTORJA IN \u010cOLNA&#8221;<\/strong><\/em>realiziran s pomo\u010djo evropskega razpisa OSSIN &#8211; Misura ANS 1\/4 2021-2024 :<\/p>\n<p><strong>&#8220;Program za razvoj gospodarstva in ekonomije italijanske narodnostne skupnosti&#8221;<\/strong><\/p>\n<p>&nbsp;<\/p>\n<p>Projekt realiziran in financiran v sodelovanju:<\/p>\n\t\t\t\t<a href=\"https:\/\/www.slovenia.info\/green&#038;safe\" target=\"_self\" itemprop=\"url\">\n\t\t\t\t<img data-recalc-dims=\"1\" decoding=\"async\" data-src=\"https:\/\/i0.wp.com\/aliceinwaterland.eu\/wp-content\/uploads\/2022\/06\/greensafe-logo-1-scaled.jpg?resize=2560%2C1112&#038;ssl=1\" alt=\"green&amp;safe logo\" itemprop=\"image\" height=\"1112\" width=\"2560\" title=\"green&amp;safe logo\" onerror=\"this.style.display='none'\" src=\"data:image\/svg+xml;base64,PHN2ZyB3aWR0aD0iMSIgaGVpZ2h0PSIxIiB4bWxucz0iaHR0cDovL3d3dy53My5vcmcvMjAwMC9zdmciPjwvc3ZnPg==\" class=\"lazyload\" style=\"--smush-placeholder-width: 2560px; --smush-placeholder-aspect-ratio: 2560\/1112;\" \/>\n\t\t\t\t<\/a>\n\n","protected":false},"excerpt":{"rendered":"<p>Projekt &#8220;MODERNIZACIJA ENERGETSKEGA IN VODNEGA SISTEMA TER RAZVOJ NAVTI\u010cNE PONUDBE&#8221; realiziran s pomo\u010djo evropskega razpisa OSSIN &#8211; Misura ANS 1\/1 2021-2024 : &#8220;Spodbujanje novih gospodarskih projektov na obmo\u010dju, kjer \u017eivijo pripadniki avtohtone italijanske narodne skupnosti za obdobje 2023 in 2024 &#8211; ukrep 1&#8221; Projekt &#8220;NAKUP ELEKTRI\u010cNEGA IZVENKRMNEGA MOTORJA IN \u010cOLNA&#8221;realiziran s pomo\u010djo evropskega razpisa OSSIN &hellip;<\/p>\n<p class=\"read-more\"> <a class=\"\" href=\"https:\/\/aliceinwaterland.eu\/sl\/\"> <span class=\"screen-reader-text\">Vstopna stran<\/span> Read More \u00bb<\/a><\/p>\n","protected":false},"author":1,"featured_media":2472,"parent":0,"menu_order":0,"comment_status":"closed","ping_status":"closed","template":"","meta":{"_eb_attr":"","site-sidebar-layout":"no-sidebar","site-content-layout":"page-builder","ast-global-header-display":"","ast-main-header-display":"","ast-hfb-above-header-display":"","ast-hfb-below-header-display":"","ast-hfb-mobile-header-display":"","site-post-title":"disabled","ast-breadcrumbs-content":"","ast-featured-img":"disabled","footer-sml-layout":"","theme-transparent-header-meta":"disabled","adv-header-id-meta":"","stick-header-meta":"enabled","header-above-stick-meta":"","header-main-stick-meta":"on","header-below-stick-meta":"","_themeisle_gutenberg_block_has_review":false,"footnotes":""},"class_list":["post-347","page","type-page","status-publish","has-post-thumbnail","hentry"],"yoast_head":"<!-- This site is optimized with the Yoast SEO Premium plugin v20.3 (Yoast SEO v27.5) - https:\/\/yoast.com\/product\/yoast-seo-premium-wordpress\/ -->\n<title>Dobrodo\u0161li na krovu! | Alice in Waterland<\/title>\n<meta name=\"description\" content=\"I\u0161\u010dete po\u010ditnice z jadrnico v Sloveniji? Imamo popoln recept za va\u0161e po\u010ditnice z jadrnico. Izku\u0161ena posadka, okusna hrana, udobje, vodna oprema in \u0161e ve\u010d po najbolj\u0161ih cenah. Najbolj\u0161a stvar, po\u010ditnice u\u017eivate brez skrbi. Po\u010dutili se boste kot doma.\" \/>\n<meta name=\"robots\" content=\"index, follow, max-snippet:-1, max-image-preview:large, max-video-preview:-1\" \/>\n<link rel=\"canonical\" href=\"https:\/\/aliceinwaterland.eu\/sl\/\" \/>\n<meta property=\"og:locale\" content=\"sl_SI\" \/>\n<meta property=\"og:type\" content=\"article\" \/>\n<meta property=\"og:title\" content=\"Alice in Waterland | Unique family vacation\" \/>\n<meta property=\"og:description\" content=\"I\u0161\u010dete po\u010ditnice z jadrnico v Sloveniji? Imamo popoln recept za va\u0161e po\u010ditnice z jadrnico. Izku\u0161ena posadka, okusna hrana, udobje, vodna oprema in \u0161e ve\u010d po najbolj\u0161ih cenah. Najbolj\u0161a stvar, po\u010ditnice u\u017eivate brez skrbi. Po\u010dutili se boste kot doma.\" \/>\n<meta property=\"og:url\" content=\"https:\/\/aliceinwaterland.eu\/sl\/\" \/>\n<meta property=\"og:site_name\" content=\"Alice in Waterland\" \/>\n<meta property=\"article:publisher\" content=\"https:\/\/www.facebook.com\/aliceinwaterlandboat\" \/>\n<meta property=\"article:modified_time\" content=\"2026-01-12T14:56:17+00:00\" \/>\n<meta property=\"og:image\" content=\"https:\/\/i0.wp.com\/aliceinwaterland.eu\/wp-content\/uploads\/2022\/05\/01-kvarner-scaled.jpg?fit=2560%2C1707&ssl=1\" \/>\n\t<meta property=\"og:image:width\" content=\"2560\" \/>\n\t<meta property=\"og:image:height\" content=\"1707\" \/>\n\t<meta property=\"og:image:type\" content=\"image\/jpeg\" \/>\n<meta name=\"twitter:card\" content=\"summary_large_image\" \/>\n<meta name=\"twitter:title\" content=\"Alice in Waterland | Unique family vacation\" \/>\n<meta name=\"twitter:site\" content=\"@aliceinwtrland\" \/>\n<meta name=\"twitter:label1\" content=\"Est. reading time\" \/>\n\t<meta name=\"twitter:data1\" content=\"1 minuta\" \/>\n<script type=\"application\/ld+json\" class=\"yoast-schema-graph\">{\"@context\":\"https:\\\/\\\/schema.org\",\"@graph\":[{\"@type\":\"WebPage\",\"@id\":\"https:\\\/\\\/aliceinwaterland.eu\\\/sl\\\/\",\"url\":\"https:\\\/\\\/aliceinwaterland.eu\\\/sl\\\/\",\"name\":\"Dobrodo\u0161li na krovu! | Alice in Waterland\",\"isPartOf\":{\"@id\":\"https:\\\/\\\/aliceinwaterland.eu\\\/#website\"},\"primaryImageOfPage\":{\"@id\":\"https:\\\/\\\/aliceinwaterland.eu\\\/sl\\\/#primaryimage\"},\"image\":{\"@id\":\"https:\\\/\\\/aliceinwaterland.eu\\\/sl\\\/#primaryimage\"},\"thumbnailUrl\":\"https:\\\/\\\/i0.wp.com\\\/aliceinwaterland.eu\\\/wp-content\\\/uploads\\\/2022\\\/05\\\/01-kvarner-scaled.jpg?fit=2560%2C1707&ssl=1\",\"datePublished\":\"2020-05-15T13:24:18+00:00\",\"dateModified\":\"2026-01-12T14:56:17+00:00\",\"description\":\"I\u0161\u010dete po\u010ditnice z jadrnico v Sloveniji? Imamo popoln recept za va\u0161e po\u010ditnice z jadrnico. Izku\u0161ena posadka, okusna hrana, udobje, vodna oprema in \u0161e ve\u010d po najbolj\u0161ih cenah. Najbolj\u0161a stvar, po\u010ditnice u\u017eivate brez skrbi. Po\u010dutili se boste kot doma.\",\"breadcrumb\":{\"@id\":\"https:\\\/\\\/aliceinwaterland.eu\\\/sl\\\/#breadcrumb\"},\"inLanguage\":\"sl-SI\",\"potentialAction\":[{\"@type\":\"ReadAction\",\"target\":[\"https:\\\/\\\/aliceinwaterland.eu\\\/sl\\\/\"]}]},{\"@type\":\"ImageObject\",\"inLanguage\":\"sl-SI\",\"@id\":\"https:\\\/\\\/aliceinwaterland.eu\\\/sl\\\/#primaryimage\",\"url\":\"https:\\\/\\\/i0.wp.com\\\/aliceinwaterland.eu\\\/wp-content\\\/uploads\\\/2022\\\/05\\\/01-kvarner-scaled.jpg?fit=2560%2C1707&ssl=1\",\"contentUrl\":\"https:\\\/\\\/i0.wp.com\\\/aliceinwaterland.eu\\\/wp-content\\\/uploads\\\/2022\\\/05\\\/01-kvarner-scaled.jpg?fit=2560%2C1707&ssl=1\",\"width\":2560,\"height\":1707},{\"@type\":\"BreadcrumbList\",\"@id\":\"https:\\\/\\\/aliceinwaterland.eu\\\/sl\\\/#breadcrumb\",\"itemListElement\":[{\"@type\":\"ListItem\",\"position\":1,\"name\":\"Home\",\"item\":\"https:\\\/\\\/aliceinwaterland.eu\\\/sl\\\/\"},{\"@type\":\"ListItem\",\"position\":2,\"name\":\"Vstopna stran\"}]},{\"@type\":\"WebSite\",\"@id\":\"https:\\\/\\\/aliceinwaterland.eu\\\/#website\",\"url\":\"https:\\\/\\\/aliceinwaterland.eu\\\/\",\"name\":\"Alice in Waterland\",\"description\":\"Unique family vacation\",\"publisher\":{\"@id\":\"https:\\\/\\\/aliceinwaterland.eu\\\/#organization\"},\"potentialAction\":[{\"@type\":\"SearchAction\",\"target\":{\"@type\":\"EntryPoint\",\"urlTemplate\":\"https:\\\/\\\/aliceinwaterland.eu\\\/?s={search_term_string}\"},\"query-input\":{\"@type\":\"PropertyValueSpecification\",\"valueRequired\":true,\"valueName\":\"search_term_string\"}}],\"inLanguage\":\"sl-SI\"},{\"@type\":\"Organization\",\"@id\":\"https:\\\/\\\/aliceinwaterland.eu\\\/#organization\",\"name\":\"POMORSTVO IN TURIZEM Damjan Ro\u017enik s.p.\",\"url\":\"https:\\\/\\\/aliceinwaterland.eu\\\/\",\"logo\":{\"@type\":\"ImageObject\",\"inLanguage\":\"sl-SI\",\"@id\":\"https:\\\/\\\/aliceinwaterland.eu\\\/#\\\/schema\\\/logo\\\/image\\\/\",\"url\":\"https:\\\/\\\/aliceinwaterland.eu\\\/wp-content\\\/uploads\\\/2023\\\/06\\\/AiW-Logo.jpg\",\"contentUrl\":\"https:\\\/\\\/aliceinwaterland.eu\\\/wp-content\\\/uploads\\\/2023\\\/06\\\/AiW-Logo.jpg\",\"width\":600,\"height\":600,\"caption\":\"POMORSTVO IN TURIZEM Damjan Ro\u017enik s.p.\"},\"image\":{\"@id\":\"https:\\\/\\\/aliceinwaterland.eu\\\/#\\\/schema\\\/logo\\\/image\\\/\"},\"sameAs\":[\"https:\\\/\\\/www.facebook.com\\\/aliceinwaterlandboat\",\"https:\\\/\\\/x.com\\\/aliceinwtrland\",\"https:\\\/\\\/www.instagram.com\\\/aliceinwaterlandboat\"]}]}<\/script>\n<!-- \/ Yoast SEO Premium plugin. -->","yoast_head_json":{"title":"Dobrodo\u0161li na krovu! | Alice in Waterland","description":"I\u0161\u010dete po\u010ditnice z jadrnico v Sloveniji? Imamo popoln recept za va\u0161e po\u010ditnice z jadrnico. Izku\u0161ena posadka, okusna hrana, udobje, vodna oprema in \u0161e ve\u010d po najbolj\u0161ih cenah. Najbolj\u0161a stvar, po\u010ditnice u\u017eivate brez skrbi. Po\u010dutili se boste kot doma.","robots":{"index":"index","follow":"follow","max-snippet":"max-snippet:-1","max-image-preview":"max-image-preview:large","max-video-preview":"max-video-preview:-1"},"canonical":"https:\/\/aliceinwaterland.eu\/sl\/","og_locale":"sl_SI","og_type":"article","og_title":"Alice in Waterland | Unique family vacation","og_description":"I\u0161\u010dete po\u010ditnice z jadrnico v Sloveniji? Imamo popoln recept za va\u0161e po\u010ditnice z jadrnico. Izku\u0161ena posadka, okusna hrana, udobje, vodna oprema in \u0161e ve\u010d po najbolj\u0161ih cenah. Najbolj\u0161a stvar, po\u010ditnice u\u017eivate brez skrbi. Po\u010dutili se boste kot doma.","og_url":"https:\/\/aliceinwaterland.eu\/sl\/","og_site_name":"Alice in Waterland","article_publisher":"https:\/\/www.facebook.com\/aliceinwaterlandboat","article_modified_time":"2026-01-12T14:56:17+00:00","og_image":[{"width":2560,"height":1707,"url":"https:\/\/i0.wp.com\/aliceinwaterland.eu\/wp-content\/uploads\/2022\/05\/01-kvarner-scaled.jpg?fit=2560%2C1707&ssl=1","type":"image\/jpeg"}],"twitter_card":"summary_large_image","twitter_title":"Alice in Waterland | Unique family vacation","twitter_site":"@aliceinwtrland","twitter_misc":{"Est. reading time":"1 minuta"},"schema":{"@context":"https:\/\/schema.org","@graph":[{"@type":"WebPage","@id":"https:\/\/aliceinwaterland.eu\/sl\/","url":"https:\/\/aliceinwaterland.eu\/sl\/","name":"Dobrodo\u0161li na krovu! | Alice in Waterland","isPartOf":{"@id":"https:\/\/aliceinwaterland.eu\/#website"},"primaryImageOfPage":{"@id":"https:\/\/aliceinwaterland.eu\/sl\/#primaryimage"},"image":{"@id":"https:\/\/aliceinwaterland.eu\/sl\/#primaryimage"},"thumbnailUrl":"https:\/\/i0.wp.com\/aliceinwaterland.eu\/wp-content\/uploads\/2022\/05\/01-kvarner-scaled.jpg?fit=2560%2C1707&ssl=1","datePublished":"2020-05-15T13:24:18+00:00","dateModified":"2026-01-12T14:56:17+00:00","description":"I\u0161\u010dete po\u010ditnice z jadrnico v Sloveniji? Imamo popoln recept za va\u0161e po\u010ditnice z jadrnico. Izku\u0161ena posadka, okusna hrana, udobje, vodna oprema in \u0161e ve\u010d po najbolj\u0161ih cenah. Najbolj\u0161a stvar, po\u010ditnice u\u017eivate brez skrbi. Po\u010dutili se boste kot doma.","breadcrumb":{"@id":"https:\/\/aliceinwaterland.eu\/sl\/#breadcrumb"},"inLanguage":"sl-SI","potentialAction":[{"@type":"ReadAction","target":["https:\/\/aliceinwaterland.eu\/sl\/"]}]},{"@type":"ImageObject","inLanguage":"sl-SI","@id":"https:\/\/aliceinwaterland.eu\/sl\/#primaryimage","url":"https:\/\/i0.wp.com\/aliceinwaterland.eu\/wp-content\/uploads\/2022\/05\/01-kvarner-scaled.jpg?fit=2560%2C1707&ssl=1","contentUrl":"https:\/\/i0.wp.com\/aliceinwaterland.eu\/wp-content\/uploads\/2022\/05\/01-kvarner-scaled.jpg?fit=2560%2C1707&ssl=1","width":2560,"height":1707},{"@type":"BreadcrumbList","@id":"https:\/\/aliceinwaterland.eu\/sl\/#breadcrumb","itemListElement":[{"@type":"ListItem","position":1,"name":"Home","item":"https:\/\/aliceinwaterland.eu\/sl\/"},{"@type":"ListItem","position":2,"name":"Vstopna stran"}]},{"@type":"WebSite","@id":"https:\/\/aliceinwaterland.eu\/#website","url":"https:\/\/aliceinwaterland.eu\/","name":"Alice in Waterland","description":"Unique family vacation","publisher":{"@id":"https:\/\/aliceinwaterland.eu\/#organization"},"potentialAction":[{"@type":"SearchAction","target":{"@type":"EntryPoint","urlTemplate":"https:\/\/aliceinwaterland.eu\/?s={search_term_string}"},"query-input":{"@type":"PropertyValueSpecification","valueRequired":true,"valueName":"search_term_string"}}],"inLanguage":"sl-SI"},{"@type":"Organization","@id":"https:\/\/aliceinwaterland.eu\/#organization","name":"POMORSTVO IN TURIZEM Damjan Ro\u017enik s.p.","url":"https:\/\/aliceinwaterland.eu\/","logo":{"@type":"ImageObject","inLanguage":"sl-SI","@id":"https:\/\/aliceinwaterland.eu\/#\/schema\/logo\/image\/","url":"https:\/\/aliceinwaterland.eu\/wp-content\/uploads\/2023\/06\/AiW-Logo.jpg","contentUrl":"https:\/\/aliceinwaterland.eu\/wp-content\/uploads\/2023\/06\/AiW-Logo.jpg","width":600,"height":600,"caption":"POMORSTVO IN TURIZEM Damjan Ro\u017enik s.p."},"image":{"@id":"https:\/\/aliceinwaterland.eu\/#\/schema\/logo\/image\/"},"sameAs":["https:\/\/www.facebook.com\/aliceinwaterlandboat","https:\/\/x.com\/aliceinwtrland","https:\/\/www.instagram.com\/aliceinwaterlandboat"]}]}},"jetpack_sharing_enabled":true,"_links":{"self":[{"href":"https:\/\/aliceinwaterland.eu\/sl\/wp-json\/wp\/v2\/pages\/347","targetHints":{"allow":["GET"]}}],"collection":[{"href":"https:\/\/aliceinwaterland.eu\/sl\/wp-json\/wp\/v2\/pages"}],"about":[{"href":"https:\/\/aliceinwaterland.eu\/sl\/wp-json\/wp\/v2\/types\/page"}],"author":[{"embeddable":true,"href":"https:\/\/aliceinwaterland.eu\/sl\/wp-json\/wp\/v2\/users\/1"}],"replies":[{"embeddable":true,"href":"https:\/\/aliceinwaterland.eu\/sl\/wp-json\/wp\/v2\/comments?post=347"}],"version-history":[{"count":0,"href":"https:\/\/aliceinwaterland.eu\/sl\/wp-json\/wp\/v2\/pages\/347\/revisions"}],"wp:featuredmedia":[{"embeddable":true,"href":"https:\/\/aliceinwaterland.eu\/sl\/wp-json\/wp\/v2\/media\/2472"}],"wp:attachment":[{"href":"https:\/\/aliceinwaterland.eu\/sl\/wp-json\/wp\/v2\/media?parent=347"}],"curies":[{"name":"wp","href":"https:\/\/api.w.org\/{rel}","templated":true}]}}