{"id":3420,"date":"2021-05-18T20:22:03","date_gmt":"2021-05-18T20:22:03","guid":{"rendered":"https:\/\/aliceinwaterland.eu\/weekend-in-barca\/"},"modified":"2026-01-13T10:41:09","modified_gmt":"2026-01-13T09:41:09","slug":"vikend-na-jadrnici","status":"publish","type":"page","link":"https:\/\/aliceinwaterland.eu\/sl\/vikend-na-jadrnici\/","title":{"rendered":"VIKEND NA JADRNICI"},"content":{"rendered":"\n\n\t<h1>3 DNEVNO<strong> JADRANJE<\/strong><\/h1>\n<h3>\n\t\tProgram\n\t<\/h3>\n<h3>\n\t\tIZOLA &#8211; PIRAN &#8211; PORTORO\u017d &#8211; KOPER\n\t<\/h3>\n<h3>\n\t\tTrije dnevi za odkrivanje slovenske obale z edinstvene perspektive!\n\t<\/h3>\n\t<p>Trije dnevi, v katerih se lahko <strong>prepustite v \u010dudesa slovenske obale, stran od gne\u010de in vro\u010dine! <\/strong><\/p>\n<p>Mirno jadranje, \u010dudovita pokrajina in udobje edinstvene jadrnice so <strong>odli\u010dna izku\u0161nja tudi za tiste, ki \u0161e nikoli niso bili na jadrnici!<\/strong><\/p>\n<p>Vsak postanek bo dolo\u010dil poveljnik, da bi zagotovil va\u0161o varnost in osebno izku\u0161njo, vedno odvisno od vremena in morja.<\/p>\n<hr \/>\n<ul>\n<li><strong>Vkrcanje v Izoli ob 14:00 <\/strong><strong>\u2192<\/strong><strong>Dobrodo\u0161li na krovu!!!<\/strong><\/li>\n<\/ul>\n<p>Va\u0161a pustolov\u0161\u010dina se za\u010denja! Ko boste izbrali kabino, se vam bomo predstavili in organizirali izlet glede na vreme. Prvi postanek bo v slikovitem <strong>zalivu<\/strong> <strong>Bele Skale<\/strong>, <strong>o\u010darljivem zalivu, za katerega so zna\u010dilni visoki beli klifi<\/strong> in kristalno \u010dista voda, kot nala\u0161\u010d za osve\u017eilno kopanje. \ud83c\udfd6\ufe0f<\/p>\n<ul>\n<li><strong>Portoro\u017e<\/strong><\/li>\n<\/ul>\n<p>Popoldne bomo pluli proti <strong>zalivu Bernardin<\/strong>, ob\u010dudovali Savudrijo in \u010dudoviti Piran. Postanek v <strong>Portoro\u017eu, \u017eivahnem turisti\u010dnem letovi\u0161\u010du z edino pe\u0161\u010deno pla\u017eo <\/strong>v Sloveniji, kjer se zabava in sprostitev odli\u010dno prepletata. <strong>Vrnitev na jadrnico, skok v morje, aperitiv in ve\u010derja pod zvezdami<\/strong><\/p>\n<ul>\n<li><strong>Koper<\/strong><\/li>\n<\/ul>\n<p>Naslednji dan plujemo do <strong>Kopra<\/strong>, o\u010darljivega pristani\u0161kega mesta s <strong>starim mestnim jedrom v bene\u0161kem slogu: pala\u010de, vijugaste ulice in skriti vrtovi so kot nala\u0161\u010d za fotografiranje.<\/strong> Majhne kavarne in obrtne trgovine mu dajejo sredozemski zrak, ki ga dihajo le obmorska mesta.<\/p>\n<ul>\n<li><strong>Piran<\/strong><\/li>\n<\/ul>\n<p>Zve\u010der se bomo odpravili v <strong>Piran<\/strong>,<strong> najbolj obiskano mesto v Sloveniji, <\/strong><strong>biser slovenske obale<\/strong> z mogo\u010dno katedralo svetega Jurija, ki dominira nad polotokom Piran je o\u010darljiv z dih jemajo\u010do eleganco in lepoto. Njegove obmorske restavracije in majhne gostilne vam bodo zagotovile nepozabno kulinari\u010dno do\u017eivetje.<\/p>\n<ul>\n<li><strong>Narodni park Strunjan.<\/strong><\/li>\n<\/ul>\n<p>Zadnji dan bomo raziskovali<strong> strunjanski park<\/strong>: tu se sredozemska vegetacija zliva s turkizno vodo in ustvarja sanjsko pokrajino. Kosilo na ladji, v tem koti\u010dku raja, vam bo omogo\u010dilo do\u017eivetje popolne sprostitve.<\/p>\n<ul>\n<li><strong>Izkrcanje ob 16:00 v Izoli <\/strong><strong>\u2192<\/strong><strong>Do naslednje plovbe!<\/strong><\/li>\n<\/ul>\n<p>&nbsp;<\/p>\n<hr \/>\n<p>Jadranje med destinacijami bo trajalo najve\u010d dve uri in bo ve\u010dinoma potekalo ob obali. Za posadko Alice in Waterland <strong>sta varnost in dobro po\u010dutje na\u0161ih gostov najpomembnej\u0161a<\/strong>, predstavljeni program je okviren in je <strong>vedno<\/strong> odvisen od vremenskih razmer. Vse odlo\u010ditve glede postankov, plovbe in morebitnih postankov sprejema <strong>izklju\u010dno<\/strong> poveljnik.<\/p>\n<h3>\n\t\t3 dni \/ 2 no\u010di\n\t<\/h3>\n\t\t\t\t<a href=\"https:\/\/aliceinwaterland.eu\/sl\/brez-skrbi\/\" target=\"_self\" itemprop=\"url\">\n\t\t\t\t<img data-recalc-dims=\"1\" decoding=\"async\" data-src=\"https:\/\/i0.wp.com\/aliceinwaterland.eu\/wp-content\/uploads\/2021\/01\/brez-skrbi.png?resize=807%2C243&#038;ssl=1\" alt=\"brez-skrbi\" itemprop=\"image\" height=\"243\" width=\"807\" title=\"brez-skrbi\" onerror=\"this.style.display='none'\" src=\"data:image\/svg+xml;base64,PHN2ZyB3aWR0aD0iMSIgaGVpZ2h0PSIxIiB4bWxucz0iaHR0cDovL3d3dy53My5vcmcvMjAwMC9zdmciPjwvc3ZnPg==\" class=\"lazyload\" style=\"--smush-placeholder-width: 807px; --smush-placeholder-aspect-ratio: 807\/243;\" \/>\n\t\t\t\t<\/a>\n<h4>\n\t\tIZOLA &#8211; PIRAN &#8211; PORTORO\u017d &#8211; KOPER\n\t<\/h4>\n\t<h4><strong>Najve\u010dje \u0161tevilo gostov: 6 odraslih in 3 otroci &#8211; glej OPOMBE*<\/strong><\/h4>\n<h4>Gostom so na voljo 3 kabine z zakonsko posteljo in zasebno kopalnico.<\/h4>\n<h4>\n\t\tMesto vkrcaja in izkrcaja:\n\t<\/h4>\n\t<p>Izola, Slovenija<\/p>\n<h4>\n\t\tCheck in: 1. dan\n\t<\/h4>\n\t<p>14.00<\/p>\n<h4>\n\t\tCheck out: 3. dan\n\t<\/h4>\n\t<p>16.00<\/p>\n\t\t\t\t<table>\n\t\t\t\t\t<thead>\n\t\t\t\t\t\t\t\t\t\t\t\t\t\t<tr>\n\t\t\t\t\t\t\t\t\t\t\t\t\t\t\t<th rowspan=\"\" colspan=\"\">\n\t\t\t\t\t\t\t\t\t\t OBDOBJE \n\t\t\t\t\t\t\t\t\t\t\t\t\t\t\t\t\t<\/th> \n\t\t\t\t\t\t\t\t\t\t\t\t\t\t<th rowspan=\"\" colspan=\"\">\n\t\t\t\t\t\t\t\t\t\t EKSKLUZIVNO \n\t\t\t\t\t\t\t\t\t\t\t\t\t\t\t\t\t<\/th> \n\t\t\t\t\t\t\t\t\t\t\t\t\t\t<th rowspan=\"\" colspan=\"\">\n\t\t\t\t\t\t\t\t\t\t\t\t\t\t\t\t\t<label> \n\t\t\t\t\t\t\t\t\t\t<\/label><label> NAJEM KABINE* <\/label> \n\t\t\t\t\t\t\t\t\t\n\t\t\t\t\t\t\t\t\t\t\t\t\t\t\t\t\t<\/th> \n\t\t\t\t\t\t\t\t\t\t\t<\/tr><\/thead>\n\t\t\t\t\t<tbody>\n\t\t\t\t\t\t\t\t\t\t\t\t\t\t\t<tr> \n\t\t\t\t\t\t\t\t\t\t\t\t\t\t\t\t\t\t\t\t<td colspan=\"\" rowspan=\"\"> \n\t\t\t\t\t\t\t\t\t\t\t\t\t\t\t 01\/04\/2026 &#8211; 28\/05\/2026 \n\t\t\t\t\t\t\t\t\t\t\t\t\t\t\t\t\t\t\t\t\t\t\t\t<\/td>\n\t\t\t\t\t\t\t\t\t\t\t\t\t\t\t\t<td colspan=\"\" rowspan=\"\"> \n\t\t\t\t\t\t\t\t\t\t\t\t\t\t\t\t\t\t\t\t\t\t\t 2400\u20ac \n\t\t\t\t\t\t\t\t\t\t\t\t\t\t\t\t\t\t\t\t\t\t\t<\/td>\n\t\t\t\t\t\t\t\t\t\t\t\t\t\t\t\t<td colspan=\"\" rowspan=\"\"> \n\t\t\t\t\t\t\t\t\t\t\t\t\t\t\t\t\t\t\t\t\t\t\t 1000\u20ac \n\t\t\t\t\t\t\t\t\t\t\t\t\t\t\t\t\t\t\t\t\t\t\t<\/td>\n\t\t\t\t\t\t\t\t\t\t\t\t\t\t\t<\/tr><tr> \n\t\t\t\t\t\t\t\t\t\t\t\t\t\t\t\t\t\t\t\t<td colspan=\"\" rowspan=\"\"> \n\t\t\t\t\t\t\t\t\t\t\t\t\t\t\t 29\/05\/2026 &#8211; 13\/09\/2026 \n\t\t\t\t\t\t\t\t\t\t\t\t\t\t\t\t\t\t\t\t\t\t\t\t<\/td>\n\t\t\t\t\t\t\t\t\t\t\t\t\t\t\t\t<td colspan=\"\" rowspan=\"\"> \n\t\t\t\t\t\t\t\t\t\t\t\t\t\t\t\t\t\t\t\t\t\t\t 2500\u20ac \n\t\t\t\t\t\t\t\t\t\t\t\t\t\t\t\t\t\t\t\t\t\t\t<\/td>\n\t\t\t\t\t\t\t\t\t\t\t\t\t\t\t\t<td colspan=\"\" rowspan=\"\"> \n\t\t\t\t\t\t\t\t\t\t\t\t\t\t\t\t\t\t\t\t\t\t\t 1100\u20ac \n\t\t\t\t\t\t\t\t\t\t\t\t\t\t\t\t\t\t\t\t\t\t\t<\/td>\n\t\t\t\t\t\t\t\t\t\t\t<\/tr><\/tbody>\n\t\t\t\t<\/table>\n\t<h6>\n\t\tKaj je vklju\u010deno:\n\t<\/h6>\n\t<ul>\n<li>3 dni\/2 no\u010di z nastanitvijo v dvoposteljni kabini z lastno kopalnico, paket <a href=\"https:\/\/aliceinwaterland.eu\/sl\/brez-skrbi\/\">Brez skrbi<\/a>.<\/li>\n<li>2 zajtrka, 2 kosili, 1 ve\u010derja. Preostali obroki so prosti.<\/li>\n<li>Negazirana in gazirana voda, kava in sok pri zajtrku.<\/li>\n<li>Postanki navedeni po programu se lahko spremenijo zaradi vremena in\/ali neugodnih pogojev plovbe. Poveljnik si pridr\u017euje pravico, da zaradi varnosti vseh spremeni program izleta!<\/li>\n<\/ul>\n<h6>\n\t\tIz cene je izklju\u010dena:\n\t<\/h6>\n\t<ul>\n<li>Turisti\u010dna taksa v Izoli- 2,5\u20ac odrasli\/ 1,25\u20ac otroci 7-18 let (na no\u010d) <a href=\"https:\/\/www.visitizola.com\/novice\/sprememba-turisticne-takse-v-obcini-izola\">ve\u010d informacij<\/a><\/li>\n<li>1 obrok bo prost da boste lahko spoznali istrsko kuhinjo: bogato z mediteranskimi notami, okusno in intenzivno.<\/li>\n<li>Alkohol, pija\u010da in kava po porabi, meni na krovu<\/li>\n<\/ul>\n<h6>\n\t\tOpombe:\n\t<\/h6>\n\t<ul>\n<li>Na krovu je lahko najve\u010d 6 odraslih in 3 otroci &#8211; v isti kabini z star\u0161i.<\/li>\n<li>Zagotovljen odhod z dvema rezerviranima kabinama<\/li>\n<li>Otroci do 4. leta starosti brezpla\u010dno.<\/li>\n<li>Otroci, stari od 5 do 9 let, lahko spijo s star\u0161i &#8211; dopla\u010dilo 80 \u20ac (40 \u20ac\/dan).<\/li>\n<li>Hrana in\/ali pija\u010da na krovu nista dovoljeni.<\/li>\n<li>Hi\u0161ni ljubljen\u010dki niso dovoljeni.<\/li>\n<li><em>Postanki navedeni v programu, se lahko spremenijo zaradi vremena in\/ali neugodnih pogojev plovbe. Poveljnik si pridr\u017euje pravico da spremeni izlet zaradi varnosti vseh!<\/em><\/li>\n<\/ul>\n\t\t\t<a href=\"https:\/\/aliceinwaterland.eu\/sl\/booking\/\" target=\"_self\"   role=\"button\" aria-label=\"REZERVIRAJ ZDAJ\">\n\t\t\t\t\t\t\tREZERVIRAJ ZDAJ\n\t\t<\/a>\n<h1>\n\t\tVPRA\u0160ANJA? KONTAKTIRAJ NAS!\n\t<\/h1>\n\t\t\t<a href=\"tel:+38640463082\" target=\"_self\" role=\"button\">\n\t\t\t\t\t\t+386 40 463 082\n\t\t\t\t\t<\/a>\n\t\t\t<a href=\"tel:+393286365700\" target=\"_self\" role=\"button\">\n\t\t\t\t\t\t+39 328 6365 700\n\t\t\t\t\t<\/a>\n\t\t\t<a href=\"mailto:vacation@aliceinwaterland.eu\" target=\"_self\" role=\"button\">\n\t\t\t\t\t\tE-mail\n\t\t\t\t\t<\/a>\n<h2>\n\t\tDELI\n\t<\/h2>\n\t\t\t\t\t\t\t\t\t\t<a class= \"uabb-ss-grid-button-link\" href=\"https:\/\/www.facebook.com\/sharer.php?u=https%3A%2F%2Faliceinwaterland.eu%2Fsl%2F%3Fpage_id%3D3420%26fl_builder\" target=\"_blank\" onclick=\"window.open(this.href,'social-share','left=20,top=20,width=500,height=500,toolbar=1,resizable=0');return false;\">\n\t\t\t\t\t\t\t\t\t\t<\/a>\n\t\t\t\t\t\t\t\t\t\t<a class= \"uabb-ss-grid-button-link\" href=\"https:\/\/api.whatsapp.com\/send?text=https%3A%2F%2Faliceinwaterland.eu%2Fsl%2F%3Fpage_id%3D3420%26fl_builder\" target=\"_blank\" onclick=\"window.open(this.href,'social-share','left=20,top=20,width=500,height=500,toolbar=1,resizable=0');return false;\">\n\t\t\t\t\t\t\t\t\t\t<\/a>\n\t\t\t\t\t\t\t\t\t\t<a class= \"uabb-ss-grid-button-link\" href=\"https:\/\/www.linkedin.com\/shareArticle?url=https%3A%2F%2Faliceinwaterland.eu%2Fsl%2F%3Fpage_id%3D3420%26fl_builder\" target=\"_blank\" onclick=\"window.open(this.href,'social-share','left=20,top=20,width=500,height=500,toolbar=1,resizable=0');return false;\">\n\t\t\t\t\t\t\t\t\t\t<\/a>\n\t\t\t\t\t\t\t\t\t\t<a class= \"uabb-ss-grid-button-link\" href=\"https:\/\/twitter.com\/share?url=https%3A%2F%2Faliceinwaterland.eu%2Fsl%2F%3Fpage_id%3D3420%26fl_builder\" target=\"_blank\" onclick=\"window.open(this.href,'social-share','left=20,top=20,width=500,height=500,toolbar=1,resizable=0');return false;\">\n\t\t\t\t\t\t\t\t\t\t<\/a>\n\n","protected":false},"excerpt":{"rendered":"<p>3 DNEVNO JADRANJE Program IZOLA &#8211; PIRAN &#8211; PORTORO\u017d &#8211; KOPER Trije dnevi za odkrivanje slovenske obale z edinstvene perspektive! Trije dnevi, v katerih se lahko prepustite v \u010dudesa slovenske obale, stran od gne\u010de in vro\u010dine! Mirno jadranje, \u010dudovita pokrajina in udobje edinstvene jadrnice so odli\u010dna izku\u0161nja tudi za tiste, ki \u0161e nikoli niso bili &hellip;<\/p>\n<p class=\"read-more\"> <a class=\"\" href=\"https:\/\/aliceinwaterland.eu\/sl\/vikend-na-jadrnici\/\"> <span class=\"screen-reader-text\">VIKEND NA JADRNICI<\/span> Read More \u00bb<\/a><\/p>\n","protected":false},"author":1,"featured_media":3406,"parent":0,"menu_order":2,"comment_status":"closed","ping_status":"closed","template":"","meta":{"_eb_attr":"","site-sidebar-layout":"no-sidebar","site-content-layout":"page-builder","ast-global-header-display":"","ast-main-header-display":"","ast-hfb-above-header-display":"","ast-hfb-below-header-display":"","ast-hfb-mobile-header-display":"","site-post-title":"disabled","ast-breadcrumbs-content":"","ast-featured-img":"disabled","footer-sml-layout":"","theme-transparent-header-meta":"default","adv-header-id-meta":"","stick-header-meta":"default","header-above-stick-meta":"","header-main-stick-meta":"","header-below-stick-meta":"","_themeisle_gutenberg_block_has_review":false,"footnotes":""},"class_list":["post-3420","page","type-page","status-publish","has-post-thumbnail","hentry"],"yoast_head":"<!-- This site is optimized with the Yoast SEO Premium plugin v20.3 (Yoast SEO v26.7) - https:\/\/yoast.com\/wordpress\/plugins\/seo\/ -->\n<title>VIKEND NA JADRNICI | Alice in Waterland<\/title>\n<meta name=\"description\" content=\"Vikend na jadrnici ob slovenski obali in gradu Miramare.\" \/>\n<meta name=\"robots\" content=\"index, follow, max-snippet:-1, max-image-preview:large, max-video-preview:-1\" \/>\n<link rel=\"canonical\" href=\"https:\/\/aliceinwaterland.eu\/sl\/vikend-na-jadrnici\/\" \/>\n<meta property=\"og:locale\" content=\"sl_SI\" \/>\n<meta property=\"og:type\" content=\"article\" \/>\n<meta property=\"og:title\" content=\"VIKEND NA JADRNICI\" \/>\n<meta property=\"og:description\" content=\"Vikend na jadrnici ob slovenski obali in gradu Miramare.\" \/>\n<meta property=\"og:url\" content=\"https:\/\/aliceinwaterland.eu\/sl\/vikend-na-jadrnici\/\" \/>\n<meta property=\"og:site_name\" content=\"Alice in Waterland\" \/>\n<meta property=\"article:publisher\" content=\"https:\/\/www.facebook.com\/aliceinwaterlandboat\" \/>\n<meta property=\"article:modified_time\" content=\"2026-01-13T09:41:09+00:00\" \/>\n<meta property=\"og:image\" content=\"https:\/\/i0.wp.com\/aliceinwaterland.eu\/wp-content\/uploads\/2023\/01\/castello-miramare.jpg?fit=1500%2C1000&ssl=1\" \/>\n\t<meta property=\"og:image:width\" content=\"1500\" \/>\n\t<meta property=\"og:image:height\" content=\"1000\" \/>\n\t<meta property=\"og:image:type\" content=\"image\/jpeg\" \/>\n<meta name=\"twitter:card\" content=\"summary_large_image\" \/>\n<meta name=\"twitter:site\" content=\"@aliceinwtrland\" \/>\n<meta name=\"twitter:label1\" content=\"Est. reading time\" \/>\n\t<meta name=\"twitter:data1\" content=\"3 minute\" \/>\n<script type=\"application\/ld+json\" class=\"yoast-schema-graph\">{\"@context\":\"https:\/\/schema.org\",\"@graph\":[{\"@type\":\"WebPage\",\"@id\":\"https:\/\/aliceinwaterland.eu\/sl\/vikend-na-jadrnici\/\",\"url\":\"https:\/\/aliceinwaterland.eu\/sl\/vikend-na-jadrnici\/\",\"name\":\"VIKEND NA JADRNICI | Alice in Waterland\",\"isPartOf\":{\"@id\":\"https:\/\/aliceinwaterland.eu\/#website\"},\"primaryImageOfPage\":{\"@id\":\"https:\/\/aliceinwaterland.eu\/sl\/vikend-na-jadrnici\/#primaryimage\"},\"image\":{\"@id\":\"https:\/\/aliceinwaterland.eu\/sl\/vikend-na-jadrnici\/#primaryimage\"},\"thumbnailUrl\":\"https:\/\/i0.wp.com\/aliceinwaterland.eu\/wp-content\/uploads\/2023\/01\/castello-miramare.jpg?fit=1500%2C1000&ssl=1\",\"datePublished\":\"2021-05-18T20:22:03+00:00\",\"dateModified\":\"2026-01-13T09:41:09+00:00\",\"description\":\"Vikend na jadrnici ob slovenski obali in gradu Miramare.\",\"breadcrumb\":{\"@id\":\"https:\/\/aliceinwaterland.eu\/sl\/vikend-na-jadrnici\/#breadcrumb\"},\"inLanguage\":\"sl-SI\",\"potentialAction\":[{\"@type\":\"ReadAction\",\"target\":[\"https:\/\/aliceinwaterland.eu\/sl\/vikend-na-jadrnici\/\"]}]},{\"@type\":\"ImageObject\",\"inLanguage\":\"sl-SI\",\"@id\":\"https:\/\/aliceinwaterland.eu\/sl\/vikend-na-jadrnici\/#primaryimage\",\"url\":\"https:\/\/i0.wp.com\/aliceinwaterland.eu\/wp-content\/uploads\/2023\/01\/castello-miramare.jpg?fit=1500%2C1000&ssl=1\",\"contentUrl\":\"https:\/\/i0.wp.com\/aliceinwaterland.eu\/wp-content\/uploads\/2023\/01\/castello-miramare.jpg?fit=1500%2C1000&ssl=1\",\"width\":1500,\"height\":1000},{\"@type\":\"BreadcrumbList\",\"@id\":\"https:\/\/aliceinwaterland.eu\/sl\/vikend-na-jadrnici\/#breadcrumb\",\"itemListElement\":[{\"@type\":\"ListItem\",\"position\":1,\"name\":\"Home\",\"item\":\"https:\/\/aliceinwaterland.eu\/sl\/\"},{\"@type\":\"ListItem\",\"position\":2,\"name\":\"VIKEND NA JADRNICI\"}]},{\"@type\":\"WebSite\",\"@id\":\"https:\/\/aliceinwaterland.eu\/#website\",\"url\":\"https:\/\/aliceinwaterland.eu\/\",\"name\":\"Alice in Waterland\",\"description\":\"Unique family vacation\",\"publisher\":{\"@id\":\"https:\/\/aliceinwaterland.eu\/#organization\"},\"potentialAction\":[{\"@type\":\"SearchAction\",\"target\":{\"@type\":\"EntryPoint\",\"urlTemplate\":\"https:\/\/aliceinwaterland.eu\/?s={search_term_string}\"},\"query-input\":{\"@type\":\"PropertyValueSpecification\",\"valueRequired\":true,\"valueName\":\"search_term_string\"}}],\"inLanguage\":\"sl-SI\"},{\"@type\":\"Organization\",\"@id\":\"https:\/\/aliceinwaterland.eu\/#organization\",\"name\":\"POMORSTVO IN TURIZEM Damjan Ro\u017enik s.p.\",\"url\":\"https:\/\/aliceinwaterland.eu\/\",\"logo\":{\"@type\":\"ImageObject\",\"inLanguage\":\"sl-SI\",\"@id\":\"https:\/\/aliceinwaterland.eu\/#\/schema\/logo\/image\/\",\"url\":\"https:\/\/aliceinwaterland.eu\/wp-content\/uploads\/2023\/06\/AiW-Logo.jpg\",\"contentUrl\":\"https:\/\/aliceinwaterland.eu\/wp-content\/uploads\/2023\/06\/AiW-Logo.jpg\",\"width\":600,\"height\":600,\"caption\":\"POMORSTVO IN TURIZEM Damjan Ro\u017enik s.p.\"},\"image\":{\"@id\":\"https:\/\/aliceinwaterland.eu\/#\/schema\/logo\/image\/\"},\"sameAs\":[\"https:\/\/www.facebook.com\/aliceinwaterlandboat\",\"https:\/\/x.com\/aliceinwtrland\",\"https:\/\/www.instagram.com\/aliceinwaterlandboat\"]}]}<\/script>\n<!-- \/ Yoast SEO Premium plugin. -->","yoast_head_json":{"title":"VIKEND NA JADRNICI | Alice in Waterland","description":"Vikend na jadrnici ob slovenski obali in gradu Miramare.","robots":{"index":"index","follow":"follow","max-snippet":"max-snippet:-1","max-image-preview":"max-image-preview:large","max-video-preview":"max-video-preview:-1"},"canonical":"https:\/\/aliceinwaterland.eu\/sl\/vikend-na-jadrnici\/","og_locale":"sl_SI","og_type":"article","og_title":"VIKEND NA JADRNICI","og_description":"Vikend na jadrnici ob slovenski obali in gradu Miramare.","og_url":"https:\/\/aliceinwaterland.eu\/sl\/vikend-na-jadrnici\/","og_site_name":"Alice in Waterland","article_publisher":"https:\/\/www.facebook.com\/aliceinwaterlandboat","article_modified_time":"2026-01-13T09:41:09+00:00","og_image":[{"width":1500,"height":1000,"url":"https:\/\/i0.wp.com\/aliceinwaterland.eu\/wp-content\/uploads\/2023\/01\/castello-miramare.jpg?fit=1500%2C1000&ssl=1","type":"image\/jpeg"}],"twitter_card":"summary_large_image","twitter_site":"@aliceinwtrland","twitter_misc":{"Est. reading time":"3 minute"},"schema":{"@context":"https:\/\/schema.org","@graph":[{"@type":"WebPage","@id":"https:\/\/aliceinwaterland.eu\/sl\/vikend-na-jadrnici\/","url":"https:\/\/aliceinwaterland.eu\/sl\/vikend-na-jadrnici\/","name":"VIKEND NA JADRNICI | Alice in Waterland","isPartOf":{"@id":"https:\/\/aliceinwaterland.eu\/#website"},"primaryImageOfPage":{"@id":"https:\/\/aliceinwaterland.eu\/sl\/vikend-na-jadrnici\/#primaryimage"},"image":{"@id":"https:\/\/aliceinwaterland.eu\/sl\/vikend-na-jadrnici\/#primaryimage"},"thumbnailUrl":"https:\/\/i0.wp.com\/aliceinwaterland.eu\/wp-content\/uploads\/2023\/01\/castello-miramare.jpg?fit=1500%2C1000&ssl=1","datePublished":"2021-05-18T20:22:03+00:00","dateModified":"2026-01-13T09:41:09+00:00","description":"Vikend na jadrnici ob slovenski obali in gradu Miramare.","breadcrumb":{"@id":"https:\/\/aliceinwaterland.eu\/sl\/vikend-na-jadrnici\/#breadcrumb"},"inLanguage":"sl-SI","potentialAction":[{"@type":"ReadAction","target":["https:\/\/aliceinwaterland.eu\/sl\/vikend-na-jadrnici\/"]}]},{"@type":"ImageObject","inLanguage":"sl-SI","@id":"https:\/\/aliceinwaterland.eu\/sl\/vikend-na-jadrnici\/#primaryimage","url":"https:\/\/i0.wp.com\/aliceinwaterland.eu\/wp-content\/uploads\/2023\/01\/castello-miramare.jpg?fit=1500%2C1000&ssl=1","contentUrl":"https:\/\/i0.wp.com\/aliceinwaterland.eu\/wp-content\/uploads\/2023\/01\/castello-miramare.jpg?fit=1500%2C1000&ssl=1","width":1500,"height":1000},{"@type":"BreadcrumbList","@id":"https:\/\/aliceinwaterland.eu\/sl\/vikend-na-jadrnici\/#breadcrumb","itemListElement":[{"@type":"ListItem","position":1,"name":"Home","item":"https:\/\/aliceinwaterland.eu\/sl\/"},{"@type":"ListItem","position":2,"name":"VIKEND NA JADRNICI"}]},{"@type":"WebSite","@id":"https:\/\/aliceinwaterland.eu\/#website","url":"https:\/\/aliceinwaterland.eu\/","name":"Alice in Waterland","description":"Unique family vacation","publisher":{"@id":"https:\/\/aliceinwaterland.eu\/#organization"},"potentialAction":[{"@type":"SearchAction","target":{"@type":"EntryPoint","urlTemplate":"https:\/\/aliceinwaterland.eu\/?s={search_term_string}"},"query-input":{"@type":"PropertyValueSpecification","valueRequired":true,"valueName":"search_term_string"}}],"inLanguage":"sl-SI"},{"@type":"Organization","@id":"https:\/\/aliceinwaterland.eu\/#organization","name":"POMORSTVO IN TURIZEM Damjan Ro\u017enik s.p.","url":"https:\/\/aliceinwaterland.eu\/","logo":{"@type":"ImageObject","inLanguage":"sl-SI","@id":"https:\/\/aliceinwaterland.eu\/#\/schema\/logo\/image\/","url":"https:\/\/aliceinwaterland.eu\/wp-content\/uploads\/2023\/06\/AiW-Logo.jpg","contentUrl":"https:\/\/aliceinwaterland.eu\/wp-content\/uploads\/2023\/06\/AiW-Logo.jpg","width":600,"height":600,"caption":"POMORSTVO IN TURIZEM Damjan Ro\u017enik s.p."},"image":{"@id":"https:\/\/aliceinwaterland.eu\/#\/schema\/logo\/image\/"},"sameAs":["https:\/\/www.facebook.com\/aliceinwaterlandboat","https:\/\/x.com\/aliceinwtrland","https:\/\/www.instagram.com\/aliceinwaterlandboat"]}]}},"jetpack_sharing_enabled":true,"_links":{"self":[{"href":"https:\/\/aliceinwaterland.eu\/sl\/wp-json\/wp\/v2\/pages\/3420","targetHints":{"allow":["GET"]}}],"collection":[{"href":"https:\/\/aliceinwaterland.eu\/sl\/wp-json\/wp\/v2\/pages"}],"about":[{"href":"https:\/\/aliceinwaterland.eu\/sl\/wp-json\/wp\/v2\/types\/page"}],"author":[{"embeddable":true,"href":"https:\/\/aliceinwaterland.eu\/sl\/wp-json\/wp\/v2\/users\/1"}],"replies":[{"embeddable":true,"href":"https:\/\/aliceinwaterland.eu\/sl\/wp-json\/wp\/v2\/comments?post=3420"}],"version-history":[{"count":0,"href":"https:\/\/aliceinwaterland.eu\/sl\/wp-json\/wp\/v2\/pages\/3420\/revisions"}],"wp:featuredmedia":[{"embeddable":true,"href":"https:\/\/aliceinwaterland.eu\/sl\/wp-json\/wp\/v2\/media\/3406"}],"wp:attachment":[{"href":"https:\/\/aliceinwaterland.eu\/sl\/wp-json\/wp\/v2\/media?parent=3420"}],"curies":[{"name":"wp","href":"https:\/\/api.w.org\/{rel}","templated":true}]}}