{"id":3395,"date":"2022-05-12T21:32:14","date_gmt":"2022-05-12T19:32:14","guid":{"rendered":"https:\/\/aliceinwaterland.eu\/settimana-da-sogno\/"},"modified":"2026-01-12T16:45:59","modified_gmt":"2026-01-12T15:45:59","slug":"tedensko-sanjsko-krizarjenje","status":"publish","type":"page","link":"https:\/\/aliceinwaterland.eu\/sl\/tedensko-sanjsko-krizarjenje\/","title":{"rendered":"TEDENSKO SANJSKO KRI\u017dARJENJE"},"content":{"rendered":"\n\n\t<h1><strong>TEDEN U\u017dITKA<\/strong><\/h1>\n<h1><strong>Odkrivanje Istre in narodnega parka Brijuni<\/strong><\/h1>\n<h4>\n\t\tItinerarij in program\n\t<\/h4>\n<h2>\n\t\tIZOLA &#8211; NACIONALNI PARK BRIJUNI &#8211; ROVINJ &#8211; PORE\u010c &#8211; PIRAN &#8211; IZOLA\n\t<\/h2>\n\t<ul>\n<li><strong>Vkrcanje v Izoli v soboto ob 18.00 Dobrodo\u0161li na krovu!<\/strong><\/li>\n<\/ul>\n<p>Po izbiri kabine in urejanju prtljage vam bomo pripravili <strong>prijeten aperitiv<\/strong>, se spoznali in vam predstavili program tedna.<\/p>\n<p>V soboto bomo prespali v marini v Izoli, v nedeljo zjutraj pa bomo odpluli proti Hrva\u0161ki. Naslednjo no\u010d bomo prespali na sidru v \u010dudovitem zalivu blizu Rovinja, kjer bomo <strong>ob\u010dudovali son\u010dni zahod z aperitivom in u\u017eivali v ribjem \u017earu pod zvezdami.<\/strong>.<\/p>\n<ul>\n<li><strong>Nacionalni park Brijuni<\/strong><\/li>\n<\/ul>\n<p>V ponedeljek zjutraj se bomo po obilnem zajtrku in kopanju v modrih vodah odpravili v <a href=\"https:\/\/www.np-brijuni.hr\/it\"><u>nacionalni park Brijuni<\/u><\/a> , edinstveno prilo\u017enost za spoznavanje neokrnjenega in brez\u010dasnega <strong>arhipelaga<\/strong>. Za 24 ur se bomo ustavili v\u00a0 pristani\u0161\u010du parka, na kopnem pa si boste lahko izposodili elektri\u010dni avtomobil ali kolesa in imeli dovolj \u010dasa za raziskovanje otoka. <strong>Brijuni vas bodo navdu\u0161ili<\/strong> z dih jemajo\u010dimi pokrajinami, eksoti\u010dnimi \u017eivalmi, zapu\u0161\u010denimi pla\u017eami, rimskimi izkopaninami in parkom dinozavrov! Brijune obo\u017eujejo mladi in stari, ponujajo dejavnosti za vse okuse in so <strong>obvezna destinacija<\/strong> v hrva\u0161ki Istri.<\/p>\n<ul>\n<li><strong>Sestrici in Rovinj<\/strong><\/li>\n<\/ul>\n<p>Iz Brijunov se bomo povzpeli in pre\u017eiveli <strong>dan na \u010dudovitih nenaseljenih oto\u010dkih dveh sestric<\/strong>, ki jih lahko obi\u0161\u010dete s kajakom, supom ali jih preprosto ob\u010dudujete iz jadrnice. Ob son\u010dnem zahodu vam bomo pripravili apertitiv in <strong>dobrote na \u017earu, <\/strong>medtem ko se bo<strong> nebo obarvalo v tiso\u010d odtenkov rde\u010de barve.<\/strong> Naslednje jutro se bomo izkrcali za obisk <strong>\u010dudovitega Rovinja<\/strong>, enega najbolj fotogeni\u010dnih in romanti\u010dnih mest na Jadranu.<\/p>\n<ul>\n<li><strong>Pore\u010d<\/strong><\/li>\n<\/ul>\n<p>Ve\u010der bomo pre\u017eiveli na boji v zalivu pred mestom. <strong>Pore\u010d vas bo o\u010daral<\/strong>: njegovo barvito in \u017eivahno staro mestno jedro je <strong>muzej na prostem<\/strong>, v ozkih ulicah so ohranjeni ostanki starodavnega rimskega mesta, bazilika s \u010dudovitimi mozaiki je uvr\u0161\u010dena na Unescov seznam svetovne dedi\u0161\u010dine, v vsaki ozki ulici pa lahko najdete umetni\u0161ke galerije in trgovine lokalnih obrtnikov. Zaradi <strong>bogate kulinari\u010dne, vinske in glasbene scene<\/strong> je to \u017eivahno in nepogre\u0161ljivo mesto!<\/p>\n<ul>\n<li><strong>Piran<\/strong><\/li>\n<\/ul>\n<p>Naslednje jutro se bomo odpravili proti Sloveniji in se ustavili za kosilo v modrem zalivu, kjer bomo ob\u010dudovali Novigrad in njegovo impresivno srednjeve\u0161ko obzidje. Zve\u010der bomo prispeli v <strong>Piran, najbolj obiskano mesto v Sloveniji.<\/strong> To mestece, ki se razprostira na polotoku, je <strong>perla slovenske obale,<\/strong> vsak koti\u010dek vas bo o\u010daral, izgubiti se v njegovih zavitih ulicah je obvezno, prav tako kot postanek na Tartinijevem trgu s pogledom na mandra\u010d &#8211; majhno kro\u017eno pristani\u0161\u010de, v katerem \u0161e vedno stojijo stari \u010dolni.<\/p>\n<ul>\n<li><strong>Strunjan in Izola<\/strong><\/li>\n<\/ul>\n<p>Slovenija na 46 km obale ponuja modre, za\u0161\u010ditene zalive in naravne parke. <strong>Strunjanski zaliv<\/strong> s klifi in bogatim rastlinjem na obali je <strong>pravi raj<\/strong>, zelena divjina, ki se stika z modrim morjem, pa je edinstven spektakel. Po dnevu kopanja in raziskovanja obale se bomo vrnili v Izolo, kjer je <strong>izkrcanje predvideno v petek popoldne ob 17. uri<\/strong>.<\/p>\n<p>&nbsp;<\/p>\n<hr \/>\n<p>Teden bo namenjen <strong>po\u010ditku<\/strong> in <strong>zabavi<\/strong>, obiski na kopnem bodo dobro uravnote\u017eeni z dejavnostmi na morju in, \u010de bo veter dopu\u0161\u010dal, bomo dajali prednost jadranju.<\/p>\n<p>Za posadko Alice in Waterland sta <strong>varnost in dobro po\u010dutje na\u0161ih gostov na prvem mestu<\/strong>, predstavljeni program je okviren in bo vselej odvisen od vremena. Vse odlo\u010ditve o etapah, ki jih je treba izvesti, plovbi in morebitnih postankih sprejme <em>izklju\u010dno<\/em> kapitan.<\/p>\n<p>&nbsp;<\/p>\n\n<h3>\n\t\t6 dni \/ 6 no\u010di\n\t<\/h3>\n\t\t\t\t<a href=\"https:\/\/aliceinwaterland.eu\/sl\/brez-skrbi\/\" target=\"_self\" itemprop=\"url\">\n\t\t\t\t<img data-recalc-dims=\"1\" decoding=\"async\" data-src=\"https:\/\/i0.wp.com\/aliceinwaterland.eu\/wp-content\/uploads\/2021\/01\/brez-skrbi.png?resize=807%2C243&#038;ssl=1\" alt=\"brez-skrbi\" itemprop=\"image\" height=\"243\" width=\"807\" title=\"brez-skrbi\" onerror=\"this.style.display='none'\" src=\"data:image\/svg+xml;base64,PHN2ZyB3aWR0aD0iMSIgaGVpZ2h0PSIxIiB4bWxucz0iaHR0cDovL3d3dy53My5vcmcvMjAwMC9zdmciPjwvc3ZnPg==\" class=\"lazyload\" style=\"--smush-placeholder-width: 807px; --smush-placeholder-aspect-ratio: 807\/243;\" \/>\n\t\t\t\t<\/a>\n<h4>\n\t\tIZOLA &#8211; NACIONALNI PARK BRIJUNI &#8211; ROVINJ &#8211; PORE\u010c &#8211; PIRAN &#8211; IZOLA\n\t<\/h4>\n\t<h4><strong>Najve\u010dje \u0161tevilo gostov: 6 odraslih in 3 otroci &#8211; glej OPOMBE*.<\/strong><\/h4>\n<h4>Gostom so na voljo <strong>3 kabine<\/strong> z zakonskimi posteljami in <strong>lastno kopalnico<\/strong>.<\/h4>\n<h4>\n\t\tKraj odhoda in povratka\n\t<\/h4>\n\t<p>Izola, Slovenija<\/p>\n<h4>\n\t\tCheck in: Sobota\n\t<\/h4>\n\t<p>18.00<\/p>\n<h4>\n\t\tCheck out: Petek\n\t<\/h4>\n\t<p>17.00<\/p>\n\t\t\t\t<table>\n\t\t\t\t\t<thead>\n\t\t\t\t\t\t\t\t\t\t\t\t\t\t<tr>\n\t\t\t\t\t\t\t\t\t\t\t\t\t\t\t<th rowspan=\"\" colspan=\"\">\n\t\t\t\t\t\t\t\t\t\t OBDOBJE \n\t\t\t\t\t\t\t\t\t\t\t\t\t\t\t\t\t<\/th> \n\t\t\t\t\t\t\t\t\t\t\t\t\t\t<th rowspan=\"\" colspan=\"\">\n\t\t\t\t\t\t\t\t\t\t EKSLUZIVNI NAJEM \n\t\t\t\t\t\t\t\t\t\t\t\t\t\t\t\t\t<\/th> \n\t\t\t\t\t\t\t\t\t\t\t\t\t\t<th rowspan=\"\" colspan=\"\">\n\t\t\t\t\t\t\t\t\t\t\t\t\t\t\t\t\t<label> \n\t\t\t\t\t\t\t\t\t\t<\/label><label> NAJEM KABINE* <\/label> \n\t\t\t\t\t\t\t\t\t\n\t\t\t\t\t\t\t\t\t\t\t\t\t\t\t\t\t<\/th> \n\t\t\t\t\t\t\t\t\t\t\t<\/tr><\/thead>\n\t\t\t\t\t<tbody>\n\t\t\t\t\t\t\t\t\t\t\t\t\t\t\t<tr> \n\t\t\t\t\t\t\t\t\t\t\t\t\t\t\t\t\t\t\t\t<td colspan=\"\" rowspan=\"\"> \n\t\t\t\t\t\t\t\t\t\t\t\t\t\t\t 01\/04\/2026 &#8211; 28\/05\/2026 \n\t\t\t\t\t\t\t\t\t\t\t\t\t\t\t\t\t\t\t\t\t\t\t\t<\/td>\n\t\t\t\t\t\t\t\t\t\t\t\t\t\t\t\t<td colspan=\"\" rowspan=\"\"> \n\t\t\t\t\t\t\t\t\t\t\t\t\t\t\t\t\t\t\t\t\t\t\t 5700\u20ac \n\t\t\t\t\t\t\t\t\t\t\t\t\t\t\t\t\t\t\t\t\t\t\t<\/td>\n\t\t\t\t\t\t\t\t\t\t\t\t\t\t\t\t<td colspan=\"\" rowspan=\"\"> \n\t\t\t\t\t\t\t\t\t\t\t\t\t\t\t\t\t\t\t\t\t\t\t 2000\u20ac \n\t\t\t\t\t\t\t\t\t\t\t\t\t\t\t\t\t\t\t\t\t\t\t<\/td>\n\t\t\t\t\t\t\t\t\t\t\t\t\t\t\t<\/tr><tr> \n\t\t\t\t\t\t\t\t\t\t\t\t\t\t\t\t\t\t\t\t<td colspan=\"\" rowspan=\"\"> \n\t\t\t\t\t\t\t\t\t\t\t\t\t\t\t\t\t\t\t\t\t\t\t 29\/05\/2026 &#8211; 06\/09\/2026 \n\t\t\t\t\t\t\t\t\t\t\t\t\t\t\t\t\t\t\t\t\t\t\t<\/td>\n\t\t\t\t\t\t\t\t\t\t\t\t\t\t\t\t<td colspan=\"\" rowspan=\"\"> \n\t\t\t\t\t\t\t\t\t\t\t\t\t\t\t\t\t\t\t\t\t\t\t 6600\u20ac \n\t\t\t\t\t\t\t\t\t\t\t\t\t\t\t\t\t\t\t\t\t\t\t<\/td>\n\t\t\t\t\t\t\t\t\t\t\t\t\t\t\t\t<td colspan=\"\" rowspan=\"\"> \n\t\t\t\t\t\t\t\t\t\t\t\t\t\t\t\t\t\t\t\t\t\t\t 2500\u20ac \n\t\t\t\t\t\t\t\t\t\t\t\t\t\t\t\t\t\t\t\t\t\t\t<\/td>\n\t\t\t\t\t\t\t\t\t\t\t<\/tr><\/tbody>\n\t\t\t\t<\/table>\n\t<p><strong>* Zagotovljen odhod z najmanj 2 rezerviranima kabinama<\/strong><\/p>\n<h6>\n\t\tV ceno je vklju\u010deno:\n\t<\/h6>\n\t<ul>\n<li>Nastanitev v dvoposteljni kabini z lastno kopalnico, po modelu <a href=\"https:\/\/aliceinwaterland.eu\/sl\/brez-skrbi\/\">brez skrbi<\/a>.<\/li>\n<li>6 no\u010ditev, dve no\u010di v marini in \u0161tiri no\u010di na sidri\u0161\u010du ali boji. \u010ce je treba na \u017eeljo gostov ali zaradi slabega vremena dodati no\u010ditve v marini\/pristanu, se te \u0161tejejo kot <em>nadomestilo<\/em> in jih je treba pla\u010dati na kraju samem neposredno posadki.<\/li>\n<li>6 zajtrkov, 6 kosil, 3 ve\u010derje. Ostali obroki so prosti.<\/li>\n<li>Negazirana in gazirana voda, kava in sok pri zajtrku.<\/li>\n<li>Uporaba Kajaka, Sup-a, napihljivih blazin, \u010doln z izvenkrmnim motorjem (pod vodstvom posadke).<\/li>\n<li>Postanki, navedeni v poglavju &#8220;Na\u010drt in program&#8221;, se lahko spremenijo zaradi vremena in\/ali neugodnih pogojev plovbe. Kapitan si pridr\u017euje pravico, da zaradi varnosti vseh spremeni program kri\u017earjenja!<\/li>\n<\/ul>\n<h6>\n\t\tIz cene je izklju\u010dena:\n\t<\/h6>\n\t<ul>\n<li>65 \u20ac : tedenska pristojbina za vstop na Hrva\u0161ko v sezoni 2024, ki se razdeli med goste na krovu. Cene se bodo prilagajale glede na posodobitve, ki jih bo objavilo hrva\u0161ko ministrstvo za turizem. <em>Vpla\u010dati je treba ob prijavi na jadrnici.<\/em> <a href=\"https:\/\/nautika.evisitor.hr\/\" target=\"_blank\" rel=\"noopener noreferrer\"> Ve\u010d informacij<\/a><\/li>\n<li>\u00a0Turisti\u010dna taksa v Izoli- 2.5\u20ac odrasli\/ 1.25\u20ac otroci 7-18 let (na no\u010d) <a href=\"https:\/\/www.visitizola.com\/novice\/sprememba-turisticne-takse-v-obcini-izola\">Ve\u010d informacij<\/a><\/li>\n<li>Trije obroki bodo prosti, da boste lahko spoznali istrsko kuhinjo: bogata z mediteranskimi notami, okusna in intenzivna, mi pa vam bomo lahko priporo\u010dili kraje, kjer jo lahko u\u017eivate.<\/li>\n<li>Alkohol, pija\u010da in kava, na krovu je prisoten meni pija\u010d.<\/li>\n<li><a href=\"https:\/\/www.np-brijuni.hr\/hr\/nautika?_gl=1*1xi1b56*_up*MQ..*_gs*MQ..*_ga*MTgyMzg2NTIzNi4xNzQwMzIzNzU3*_ga_HP962WHB99*MTc0MDMyMzc1Ni4xLjAuMTc0MDMyMzc1Ni4wLjAuMTQwNjQxMTYwOQ..&amp;gclid=Cj0KCQiAq-u9BhCjARIsANLj-s3-hMwNAFLC97b5Ty0TQWnssW2tIT8N4KlcWIiT-tFJ3-ndqDa7WlMaAlZZEALw_wcB\">Nacionalni park Brijuni<\/a> (270 \u20ac, ki se razdeli med goste na krovu) in najem opreme na Brijunih<\/li>\n<\/ul>\n<h6>\n\t\tOpombe*:\n\t<\/h6>\n\t<ul>\n<li>Na krovu je lahko najve\u010d 6 odraslih in 3 otroci &#8211; v isti kabini z star\u0161i.<\/li>\n<li>Zagotovljen odhod z dvema rezerviranima kabinama<\/li>\n<li>Otroci do 4. leta starosti brezpla\u010dno.<\/li>\n<li>Otroci, stari od 5 do 9 let, lahko spijo s star\u0161i &#8211; dopla\u010dilo 200 \u20ac na teden (30 \u20ac\/dan).<\/li>\n<li>Navedeni postanki se lahko spremenijo zaradi vremena ali neugodnih pogojev plovbe. Kapitan si pridr\u017euje pravico do spremembe ali odpovedi kri\u017earjenja zaradi varnosti vseh!<\/li>\n<li>Prina\u0161anje hrane in\/ali pija\u010de s seboj ni dovoljeno.<\/li>\n<li>Hi\u0161ni ljubljen\u010dki niso dovoljeni.<\/li>\n<\/ul>\n\t\t\t<a href=\"https:\/\/aliceinwaterland.eu\/sl\/booking\/\" target=\"_self\"   role=\"button\" aria-label=\"REZERVIRAJ ZDAJ\">\n\t\t\t\t\t\t\tREZERVIRAJ ZDAJ\n\t\t<\/a>\n<h1>\n\t\tVPRA\u0160ANJA? KONTAKTIRAJ NAS!\n\t<\/h1>\n\t\t\t<a href=\"tel:+38640463082\" target=\"_self\" role=\"button\">\n\t\t\t\t\t\t+386 40 463 082\n\t\t\t\t\t<\/a>\n\t\t\t<a href=\"tel:+393286365700\" target=\"_self\" role=\"button\">\n\t\t\t\t\t\t+39 328 6365 700\n\t\t\t\t\t<\/a>\n\t\t\t<a href=\"mailto:vacation@aliceinwaterland.eu\" target=\"_self\" role=\"button\">\n\t\t\t\t\t\tE-mail\n\t\t\t\t\t<\/a>\n<h2>\n\t\tDELI\n\t<\/h2>\n\t\t\t\t\t\t\t\t\t\t<a class= \"uabb-ss-grid-button-link\" href=\"https:\/\/www.facebook.com\/sharer.php?u=https%3A%2F%2Faliceinwaterland.eu%2Fsl%2F%3Fpage_id%3D3395%26fl_builder\" target=\"_blank\" onclick=\"window.open(this.href,'social-share','left=20,top=20,width=500,height=500,toolbar=1,resizable=0');return false;\">\n\t\t\t\t\t\t\t\t\t\t<\/a>\n\t\t\t\t\t\t\t\t\t\t<a class= \"uabb-ss-grid-button-link\" href=\"https:\/\/api.whatsapp.com\/send?text=https%3A%2F%2Faliceinwaterland.eu%2Fsl%2F%3Fpage_id%3D3395%26fl_builder\" target=\"_blank\" onclick=\"window.open(this.href,'social-share','left=20,top=20,width=500,height=500,toolbar=1,resizable=0');return false;\">\n\t\t\t\t\t\t\t\t\t\t<\/a>\n\t\t\t\t\t\t\t\t\t\t<a class= \"uabb-ss-grid-button-link\" href=\"https:\/\/www.linkedin.com\/shareArticle?url=https%3A%2F%2Faliceinwaterland.eu%2Fsl%2F%3Fpage_id%3D3395%26fl_builder\" target=\"_blank\" onclick=\"window.open(this.href,'social-share','left=20,top=20,width=500,height=500,toolbar=1,resizable=0');return false;\">\n\t\t\t\t\t\t\t\t\t\t<\/a>\n\t\t\t\t\t\t\t\t\t\t<a class= \"uabb-ss-grid-button-link\" href=\"https:\/\/twitter.com\/share?url=https%3A%2F%2Faliceinwaterland.eu%2Fsl%2F%3Fpage_id%3D3395%26fl_builder\" target=\"_blank\" onclick=\"window.open(this.href,'social-share','left=20,top=20,width=500,height=500,toolbar=1,resizable=0');return false;\">\n\t\t\t\t\t\t\t\t\t\t<\/a>\n\n","protected":false},"excerpt":{"rendered":"<p>TEDEN U\u017dITKA Odkrivanje Istre in narodnega parka Brijuni Itinerarij in program IZOLA &#8211; NACIONALNI PARK BRIJUNI &#8211; ROVINJ &#8211; PORE\u010c &#8211; PIRAN &#8211; IZOLA Vkrcanje v Izoli v soboto ob 18.00 Dobrodo\u0161li na krovu! Po izbiri kabine in urejanju prtljage vam bomo pripravili prijeten aperitiv, se spoznali in vam predstavili program tedna. V soboto bomo &hellip;<\/p>\n<p class=\"read-more\"> <a class=\"\" href=\"https:\/\/aliceinwaterland.eu\/sl\/tedensko-sanjsko-krizarjenje\/\"> <span class=\"screen-reader-text\">TEDENSKO SANJSKO KRI\u017dARJENJE<\/span> Read More \u00bb<\/a><\/p>\n","protected":false},"author":2,"featured_media":2472,"parent":0,"menu_order":0,"comment_status":"closed","ping_status":"closed","template":"","meta":{"_eb_attr":"","site-sidebar-layout":"no-sidebar","site-content-layout":"page-builder","ast-global-header-display":"","ast-main-header-display":"","ast-hfb-above-header-display":"","ast-hfb-below-header-display":"","ast-hfb-mobile-header-display":"","site-post-title":"disabled","ast-breadcrumbs-content":"","ast-featured-img":"disabled","footer-sml-layout":"","theme-transparent-header-meta":"default","adv-header-id-meta":"","stick-header-meta":"default","header-above-stick-meta":"","header-main-stick-meta":"","header-below-stick-meta":"","_themeisle_gutenberg_block_has_review":false,"footnotes":""},"class_list":["post-3395","page","type-page","status-publish","has-post-thumbnail","hentry"],"yoast_head":"<!-- This site is optimized with the Yoast SEO Premium plugin v20.3 (Yoast SEO v26.7) - https:\/\/yoast.com\/wordpress\/plugins\/seo\/ -->\n<title>Tedensko sanjsko kri\u017earjenje z jadrnico<\/title>\n<meta name=\"description\" content=\"Va\u0161e sanjske po\u010ditnice le klik stran. 7 dni sprostitve v hrva\u0161ki Istri in Brijunih. Jadrnica izklju\u010dno s posadko in z edinstveno formulo &quot;Brez Skrbi&quot;\" \/>\n<meta name=\"robots\" content=\"index, follow, max-snippet:-1, max-image-preview:large, max-video-preview:-1\" \/>\n<link rel=\"canonical\" href=\"https:\/\/aliceinwaterland.eu\/sl\/tedensko-sanjsko-krizarjenje\/\" \/>\n<meta property=\"og:locale\" content=\"sl_SI\" \/>\n<meta property=\"og:type\" content=\"article\" \/>\n<meta property=\"og:title\" content=\"TEDENSKO SANJSKO KRI\u017dARJENJE\" \/>\n<meta property=\"og:description\" content=\"Va\u0161e sanjske po\u010ditnice le klik stran. 7 dni sprostitve v hrva\u0161ki Istri in Brijunih. Jadrnica izklju\u010dno s posadko in z edinstveno formulo &quot;Brez Skrbi&quot;\" \/>\n<meta property=\"og:url\" content=\"https:\/\/aliceinwaterland.eu\/sl\/tedensko-sanjsko-krizarjenje\/\" \/>\n<meta property=\"og:site_name\" content=\"Alice in Waterland\" \/>\n<meta property=\"article:publisher\" content=\"https:\/\/www.facebook.com\/aliceinwaterlandboat\" \/>\n<meta property=\"article:modified_time\" content=\"2026-01-12T15:45:59+00:00\" \/>\n<meta property=\"og:image\" content=\"https:\/\/i0.wp.com\/aliceinwaterland.eu\/wp-content\/uploads\/2022\/05\/01-kvarner-scaled.jpg?fit=2560%2C1707&ssl=1\" \/>\n\t<meta property=\"og:image:width\" content=\"2560\" \/>\n\t<meta property=\"og:image:height\" content=\"1707\" \/>\n\t<meta property=\"og:image:type\" content=\"image\/jpeg\" \/>\n<meta name=\"twitter:card\" content=\"summary_large_image\" \/>\n<meta name=\"twitter:site\" content=\"@aliceinwtrland\" \/>\n<meta name=\"twitter:label1\" content=\"Est. reading time\" \/>\n\t<meta name=\"twitter:data1\" content=\"3 minute\" \/>\n<script type=\"application\/ld+json\" class=\"yoast-schema-graph\">{\"@context\":\"https:\/\/schema.org\",\"@graph\":[{\"@type\":\"WebPage\",\"@id\":\"https:\/\/aliceinwaterland.eu\/sl\/tedensko-sanjsko-krizarjenje\/\",\"url\":\"https:\/\/aliceinwaterland.eu\/sl\/tedensko-sanjsko-krizarjenje\/\",\"name\":\"Tedensko sanjsko kri\u017earjenje z jadrnico\",\"isPartOf\":{\"@id\":\"https:\/\/aliceinwaterland.eu\/#website\"},\"primaryImageOfPage\":{\"@id\":\"https:\/\/aliceinwaterland.eu\/sl\/tedensko-sanjsko-krizarjenje\/#primaryimage\"},\"image\":{\"@id\":\"https:\/\/aliceinwaterland.eu\/sl\/tedensko-sanjsko-krizarjenje\/#primaryimage\"},\"thumbnailUrl\":\"https:\/\/i0.wp.com\/aliceinwaterland.eu\/wp-content\/uploads\/2022\/05\/01-kvarner-scaled.jpg?fit=2560%2C1707&ssl=1\",\"datePublished\":\"2022-05-12T19:32:14+00:00\",\"dateModified\":\"2026-01-12T15:45:59+00:00\",\"description\":\"Va\u0161e sanjske po\u010ditnice le klik stran. 7 dni sprostitve v hrva\u0161ki Istri in Brijunih. Jadrnica izklju\u010dno s posadko in z edinstveno formulo \\\"Brez Skrbi\\\"\",\"breadcrumb\":{\"@id\":\"https:\/\/aliceinwaterland.eu\/sl\/tedensko-sanjsko-krizarjenje\/#breadcrumb\"},\"inLanguage\":\"sl-SI\",\"potentialAction\":[{\"@type\":\"ReadAction\",\"target\":[\"https:\/\/aliceinwaterland.eu\/sl\/tedensko-sanjsko-krizarjenje\/\"]}]},{\"@type\":\"ImageObject\",\"inLanguage\":\"sl-SI\",\"@id\":\"https:\/\/aliceinwaterland.eu\/sl\/tedensko-sanjsko-krizarjenje\/#primaryimage\",\"url\":\"https:\/\/i0.wp.com\/aliceinwaterland.eu\/wp-content\/uploads\/2022\/05\/01-kvarner-scaled.jpg?fit=2560%2C1707&ssl=1\",\"contentUrl\":\"https:\/\/i0.wp.com\/aliceinwaterland.eu\/wp-content\/uploads\/2022\/05\/01-kvarner-scaled.jpg?fit=2560%2C1707&ssl=1\",\"width\":2560,\"height\":1707},{\"@type\":\"BreadcrumbList\",\"@id\":\"https:\/\/aliceinwaterland.eu\/sl\/tedensko-sanjsko-krizarjenje\/#breadcrumb\",\"itemListElement\":[{\"@type\":\"ListItem\",\"position\":1,\"name\":\"Home\",\"item\":\"https:\/\/aliceinwaterland.eu\/sl\/\"},{\"@type\":\"ListItem\",\"position\":2,\"name\":\"TEDENSKO SANJSKO KRI\u017dARJENJE\"}]},{\"@type\":\"WebSite\",\"@id\":\"https:\/\/aliceinwaterland.eu\/#website\",\"url\":\"https:\/\/aliceinwaterland.eu\/\",\"name\":\"Alice in Waterland\",\"description\":\"Unique family vacation\",\"publisher\":{\"@id\":\"https:\/\/aliceinwaterland.eu\/#organization\"},\"potentialAction\":[{\"@type\":\"SearchAction\",\"target\":{\"@type\":\"EntryPoint\",\"urlTemplate\":\"https:\/\/aliceinwaterland.eu\/?s={search_term_string}\"},\"query-input\":{\"@type\":\"PropertyValueSpecification\",\"valueRequired\":true,\"valueName\":\"search_term_string\"}}],\"inLanguage\":\"sl-SI\"},{\"@type\":\"Organization\",\"@id\":\"https:\/\/aliceinwaterland.eu\/#organization\",\"name\":\"POMORSTVO IN TURIZEM Damjan Ro\u017enik s.p.\",\"url\":\"https:\/\/aliceinwaterland.eu\/\",\"logo\":{\"@type\":\"ImageObject\",\"inLanguage\":\"sl-SI\",\"@id\":\"https:\/\/aliceinwaterland.eu\/#\/schema\/logo\/image\/\",\"url\":\"https:\/\/aliceinwaterland.eu\/wp-content\/uploads\/2023\/06\/AiW-Logo.jpg\",\"contentUrl\":\"https:\/\/aliceinwaterland.eu\/wp-content\/uploads\/2023\/06\/AiW-Logo.jpg\",\"width\":600,\"height\":600,\"caption\":\"POMORSTVO IN TURIZEM Damjan Ro\u017enik s.p.\"},\"image\":{\"@id\":\"https:\/\/aliceinwaterland.eu\/#\/schema\/logo\/image\/\"},\"sameAs\":[\"https:\/\/www.facebook.com\/aliceinwaterlandboat\",\"https:\/\/x.com\/aliceinwtrland\",\"https:\/\/www.instagram.com\/aliceinwaterlandboat\"]}]}<\/script>\n<!-- \/ Yoast SEO Premium plugin. -->","yoast_head_json":{"title":"Tedensko sanjsko kri\u017earjenje z jadrnico","description":"Va\u0161e sanjske po\u010ditnice le klik stran. 7 dni sprostitve v hrva\u0161ki Istri in Brijunih. Jadrnica izklju\u010dno s posadko in z edinstveno formulo \"Brez Skrbi\"","robots":{"index":"index","follow":"follow","max-snippet":"max-snippet:-1","max-image-preview":"max-image-preview:large","max-video-preview":"max-video-preview:-1"},"canonical":"https:\/\/aliceinwaterland.eu\/sl\/tedensko-sanjsko-krizarjenje\/","og_locale":"sl_SI","og_type":"article","og_title":"TEDENSKO SANJSKO KRI\u017dARJENJE","og_description":"Va\u0161e sanjske po\u010ditnice le klik stran. 7 dni sprostitve v hrva\u0161ki Istri in Brijunih. Jadrnica izklju\u010dno s posadko in z edinstveno formulo \"Brez Skrbi\"","og_url":"https:\/\/aliceinwaterland.eu\/sl\/tedensko-sanjsko-krizarjenje\/","og_site_name":"Alice in Waterland","article_publisher":"https:\/\/www.facebook.com\/aliceinwaterlandboat","article_modified_time":"2026-01-12T15:45:59+00:00","og_image":[{"width":2560,"height":1707,"url":"https:\/\/i0.wp.com\/aliceinwaterland.eu\/wp-content\/uploads\/2022\/05\/01-kvarner-scaled.jpg?fit=2560%2C1707&ssl=1","type":"image\/jpeg"}],"twitter_card":"summary_large_image","twitter_site":"@aliceinwtrland","twitter_misc":{"Est. reading time":"3 minute"},"schema":{"@context":"https:\/\/schema.org","@graph":[{"@type":"WebPage","@id":"https:\/\/aliceinwaterland.eu\/sl\/tedensko-sanjsko-krizarjenje\/","url":"https:\/\/aliceinwaterland.eu\/sl\/tedensko-sanjsko-krizarjenje\/","name":"Tedensko sanjsko kri\u017earjenje z jadrnico","isPartOf":{"@id":"https:\/\/aliceinwaterland.eu\/#website"},"primaryImageOfPage":{"@id":"https:\/\/aliceinwaterland.eu\/sl\/tedensko-sanjsko-krizarjenje\/#primaryimage"},"image":{"@id":"https:\/\/aliceinwaterland.eu\/sl\/tedensko-sanjsko-krizarjenje\/#primaryimage"},"thumbnailUrl":"https:\/\/i0.wp.com\/aliceinwaterland.eu\/wp-content\/uploads\/2022\/05\/01-kvarner-scaled.jpg?fit=2560%2C1707&ssl=1","datePublished":"2022-05-12T19:32:14+00:00","dateModified":"2026-01-12T15:45:59+00:00","description":"Va\u0161e sanjske po\u010ditnice le klik stran. 7 dni sprostitve v hrva\u0161ki Istri in Brijunih. Jadrnica izklju\u010dno s posadko in z edinstveno formulo \"Brez Skrbi\"","breadcrumb":{"@id":"https:\/\/aliceinwaterland.eu\/sl\/tedensko-sanjsko-krizarjenje\/#breadcrumb"},"inLanguage":"sl-SI","potentialAction":[{"@type":"ReadAction","target":["https:\/\/aliceinwaterland.eu\/sl\/tedensko-sanjsko-krizarjenje\/"]}]},{"@type":"ImageObject","inLanguage":"sl-SI","@id":"https:\/\/aliceinwaterland.eu\/sl\/tedensko-sanjsko-krizarjenje\/#primaryimage","url":"https:\/\/i0.wp.com\/aliceinwaterland.eu\/wp-content\/uploads\/2022\/05\/01-kvarner-scaled.jpg?fit=2560%2C1707&ssl=1","contentUrl":"https:\/\/i0.wp.com\/aliceinwaterland.eu\/wp-content\/uploads\/2022\/05\/01-kvarner-scaled.jpg?fit=2560%2C1707&ssl=1","width":2560,"height":1707},{"@type":"BreadcrumbList","@id":"https:\/\/aliceinwaterland.eu\/sl\/tedensko-sanjsko-krizarjenje\/#breadcrumb","itemListElement":[{"@type":"ListItem","position":1,"name":"Home","item":"https:\/\/aliceinwaterland.eu\/sl\/"},{"@type":"ListItem","position":2,"name":"TEDENSKO SANJSKO KRI\u017dARJENJE"}]},{"@type":"WebSite","@id":"https:\/\/aliceinwaterland.eu\/#website","url":"https:\/\/aliceinwaterland.eu\/","name":"Alice in Waterland","description":"Unique family vacation","publisher":{"@id":"https:\/\/aliceinwaterland.eu\/#organization"},"potentialAction":[{"@type":"SearchAction","target":{"@type":"EntryPoint","urlTemplate":"https:\/\/aliceinwaterland.eu\/?s={search_term_string}"},"query-input":{"@type":"PropertyValueSpecification","valueRequired":true,"valueName":"search_term_string"}}],"inLanguage":"sl-SI"},{"@type":"Organization","@id":"https:\/\/aliceinwaterland.eu\/#organization","name":"POMORSTVO IN TURIZEM Damjan Ro\u017enik s.p.","url":"https:\/\/aliceinwaterland.eu\/","logo":{"@type":"ImageObject","inLanguage":"sl-SI","@id":"https:\/\/aliceinwaterland.eu\/#\/schema\/logo\/image\/","url":"https:\/\/aliceinwaterland.eu\/wp-content\/uploads\/2023\/06\/AiW-Logo.jpg","contentUrl":"https:\/\/aliceinwaterland.eu\/wp-content\/uploads\/2023\/06\/AiW-Logo.jpg","width":600,"height":600,"caption":"POMORSTVO IN TURIZEM Damjan Ro\u017enik s.p."},"image":{"@id":"https:\/\/aliceinwaterland.eu\/#\/schema\/logo\/image\/"},"sameAs":["https:\/\/www.facebook.com\/aliceinwaterlandboat","https:\/\/x.com\/aliceinwtrland","https:\/\/www.instagram.com\/aliceinwaterlandboat"]}]}},"jetpack_sharing_enabled":true,"_links":{"self":[{"href":"https:\/\/aliceinwaterland.eu\/sl\/wp-json\/wp\/v2\/pages\/3395","targetHints":{"allow":["GET"]}}],"collection":[{"href":"https:\/\/aliceinwaterland.eu\/sl\/wp-json\/wp\/v2\/pages"}],"about":[{"href":"https:\/\/aliceinwaterland.eu\/sl\/wp-json\/wp\/v2\/types\/page"}],"author":[{"embeddable":true,"href":"https:\/\/aliceinwaterland.eu\/sl\/wp-json\/wp\/v2\/users\/2"}],"replies":[{"embeddable":true,"href":"https:\/\/aliceinwaterland.eu\/sl\/wp-json\/wp\/v2\/comments?post=3395"}],"version-history":[{"count":0,"href":"https:\/\/aliceinwaterland.eu\/sl\/wp-json\/wp\/v2\/pages\/3395\/revisions"}],"wp:featuredmedia":[{"embeddable":true,"href":"https:\/\/aliceinwaterland.eu\/sl\/wp-json\/wp\/v2\/media\/2472"}],"wp:attachment":[{"href":"https:\/\/aliceinwaterland.eu\/sl\/wp-json\/wp\/v2\/media?parent=3395"}],"curies":[{"name":"wp","href":"https:\/\/api.w.org\/{rel}","templated":true}]}}