{"id":1291,"date":"2020-08-12T14:30:19","date_gmt":"2020-08-12T14:30:19","guid":{"rendered":"https:\/\/aliceinwaterland.eu\/?page_id=1291"},"modified":"2023-11-20T12:32:28","modified_gmt":"2023-11-20T11:32:28","slug":"pogosto-zastavljena-vprasanja","status":"publish","type":"page","link":"https:\/\/aliceinwaterland.eu\/sl\/ladijski-dnevnik\/pogosto-zastavljena-vprasanja\/","title":{"rendered":"Pogosto zastavljena vpra\u0161anja"},"content":{"rendered":"\n<h1>\n\t\tDiario di bordo\n\t<\/h1>\n\t\t\t\t\t\t\t\t\t\t<h6 tabindex=\"0\">Kaj naj prinesem s seboj?<\/h6>\n\t\t\t\t\t<p>Po\u010ditnice na jadrnici so sinonim za svobodo tako da se posledi\u010dno potuje lahkotno.<\/p>\n<p>Za teden bo dovolj nekaj bistvenih predmetov.<\/p>\n<p>Priporo\u010damo:<\/p>\n<ul>\n<li>lahka vetrovka<\/li>\n<li>nekaj kopalk<\/li>\n<li>brisa\u010do za pla\u017eo, ko greste na pla\u017eo.<\/li>\n<li>natika\u010di<\/li>\n<li>superge<\/li>\n<li>predmeti osebne higiene<\/li>\n<li>dobra knjiga<\/li>\n<\/ul>\n<p>Priporo\u010damo, da stvari shranite v mehke torbe ali nahrbtnike, ki ne zasedajo prostora ko so prazni in jih je enostavno pospraviti!<\/p>\n\t\t\t\t\t\t\t\t\t\t<h6 tabindex=\"0\">Katere kov\u010dke lahko prinesem?<\/h6>\n\t\t\t\t\t<p>Za\u017eeleno je, da za vkrcanje uporabite mehke torbe ali nahrbtnik. Ko jih izpraznite, ne zavzamejo prostora in jih je enostavno pospraviti.<\/p>\n\t\t\t\t\t\t\t\t\t\t<h6 tabindex=\"0\">Ali lahko prinesem son\u010dne kreme ali olja?<\/h6>\n\t\t\t\t\t<p>Seveda, vendar so kreme bolj za\u017eelene. Olj ne priporo\u010damo, da se izognemo naoljevanju krova in tveganju zdrsa.<\/p>\n\t\t\t\t\t\t\t\t\t\t<h6 tabindex=\"0\">Ali lahko vzamem svoj \u0161ampon in gel za prhanje?<\/h6>\n\t\t\t\t\t<p>Na krovu ponujamo vsem na\u0161im strankam izdelke Officina Naturae, biolo\u0161ko razgradljive in brez krutosti do \u017eivali. Izbrani so hipoalergeni izdelki primerni za vse, tudi za najmlaj\u0161e. \u0160e vedno lahko s seboj prinesete izdelke za osebno higieno \u010de \u017eelite, le da potujete lahkotno!<\/p>\n\t\t\t\t\t\t\t\t\t\t<h6 tabindex=\"0\">Ali lahko prinesem su\u0161ilnik za lase?<\/h6>\n\t\t\t\t\t<p>Na barki nimamo 220V, samo 12 V. \u010ce ga \u017eelite vzeti s seboj, ga lahko uporabite le ko smo v pristani\u0161\u010du. Na krovu imamo enega ki ga lahko uporabite, vendar vam svetujemo da lase posu\u0161ite na zraku in v celoti u\u017eivate \u017eivljenje na morju! \u26f5\ufe0f<\/p>\n\t\t\t\t\t\t\t\t\t\t<h6 tabindex=\"0\">Ali lahko polnim svoj mobilni telefon, tablico?<\/h6>\n\t\t\t\t\t<p>Na krovu imamo napetost 12 V. V vsaki kabini so vti\u010dnice USB, kjer lahko polnite svoje elektronske naprave.<\/p>\n\t\t\t\t\t\t\t\t\t\t<h6 tabindex=\"0\">Kak\u0161na elektrika je na \u010dolnu?<\/h6>\n\t\t\t\t\t<p>Na barki je vedno prisotna napetost 12V. V vsaki kabini so vti\u010dnice USB . \u0160ele ko bomo v pristani\u0161\u010du, bomo imeli tok 220V, tako kot doma.<\/p>\n\t\t\t\t\t\t\t\t\t\t<h6 tabindex=\"0\">Kak\u0161ne \u010devlje lahko nosim?<\/h6>\n\t\t\t\t\t<p>Na krovu ste na splo\u0161no bosi, \u010de pa raje nosite obutev mora biti nedrse\u010da in imeti bel podplat, uporabljali jih boste samo na \u010dolnu.<\/p>\n<p>Za zunanja potovanja bo v redu natika\u010d in celo superge, super za pohodni\u0161tvo in kolesarjenje!<\/p>\n\t\t\t\t\t\t\t\t\t\t<h6 tabindex=\"0\">Ali moram prinesti svojo posteljnino?<\/h6>\n\t\t\t\t\t<p>Ne, na krovu boste na\u0161li vso posteljnino ki jo potrebujete za bivanje in sicer: rjuhe, brisa\u010de in brisa\u010de za son\u010denje ki jih boste lahko uporabljali samo na \u010dolnu.<\/p>\n\t\t\t\t\t\t\t\t\t\t<h6 tabindex=\"0\">Ali moram prinesti brisa\u010de?<\/h6>\n\t\t\t\t\t<p>Priporo\u010damo, da s seboj prinesete brisa\u010do za na pla\u017eo. Na krovu vam bomo priskrbeli notranje brisa\u010de in brisa\u010de, ki jih boste lahko uporabljali samo na barki.<\/p>\n\t\t\t\t\t\t\t\t\t\t<h6 tabindex=\"0\">Ali plujete pono\u010di?<\/h6>\n\t\t\t\t\t<p>Po navadi ne. Raje plujemo podnevi, vendar je v primeru posebnih vremenskih razmer ali iz varnostnih razlogov mogo\u010de opraviti tudi no\u010dno navigacijo.<\/p>\n\t\t\t\t\t\t\t\t\t\t<h6 tabindex=\"0\">Ali vedno spite v marini?<\/h6>\n\t\t\t\t\t<p>Ne, predvidene no\u010di v marini so 3. Ve\u010der vkrcanja in izkrcanja in en ve\u010der med tednom, ki se lahko razlikuje glede na kupljeni paket. V primeru neugodnih vremenskih razmer se program lahko razlikuje.<\/p>\n\t\t\t\t\t\t\t\t\t\t<h6 tabindex=\"0\">Ali vedno spite v zalivih na sidru?<\/h6>\n\t\t\t\t\t<p>Najraje spimo na sidru ali bojah. Na sidru v zalivih prespimo 4 no\u010di, 3 no\u010di pa prespimo v marini. No\u010di se lahko razlikujejo glede na kupljeni paket. V primeru slabega vremena se program lahko razlikuje.<\/p>\n\t\t\t\t\t\t\t\t\t\t<h6 tabindex=\"0\">Ali vedno jadrate?<\/h6>\n\t\t\t\t\t<p>Na na\u0161em potovanju bomo posku\u0161ali \u010dimve\u010d jadrati, vendar to ni vedno mogo\u010de.<\/p>\n\t\t\t\t\t\t\t\t\t\t<h6 tabindex=\"0\">Ali vedno plujete z motorjem?<\/h6>\n\t\t\t\t\t<p>Raje jadramo in sli\u0161imo samo zvok valov ki pljuskajo po trupu. Na \u017ealost to ni vedno mogo\u010de, v tem primeru plujemo z motorjem.<\/p>\n\t\t\t\t\t\t\t\t\t\t<h6 tabindex=\"0\">Kako ravnate v neugodnih vremenskih razmerah?<\/h6>\n\t\t\t\t\t<p>Vedno bomo posku\u0161ali ostati zvesti programu tedna, \u017eal pa vremena ne nadzorujemo!<\/p>\n<p>V\u010dasih bo treba sprejeti nepriljubljene odlo\u010ditve, ki pa so pomembne za varnost posadke in gostov, predvsem pa bistvene da lahko pre\u017eivite mirne in varne po\u010ditnice! Odlo\u010ditev kapitana je absolutna.<\/p>\n\t\t\t\t\t\t\t\t\t\t<h6 tabindex=\"0\">Ali lahko na krov prinesem alkoholne pija\u010de ali pija\u010de?<\/h6>\n\t\t\t\t\t<p>Ne, zaradi shranjevanja in notranje organizacije prostorov to ni mogo\u010de. Seveda lahko kupite izdelke za domov in jih shranite v kabine. Na krovu je prisoten jedilni list namenjen vam, iz katerega lahko naro\u010dite alkoholne pija\u010de in pija\u010de, katere pla\u010date na koncu potovanja.<\/p>\n\t\t\t\t\t\t\t\t\t\t<h6 tabindex=\"0\">Ali so na krovu alkoholne pija\u010de?<\/h6>\n\t\t\t\t\t<p>Da, v izbranem jedilnem listu za va\u0161e aperitive in \u010darobne trenutke na krovu. Naro\u010dite lahko po svoji volji in pla\u010date na koncu potovanja.<\/p>\n\t\t\t\t\t\t\t\t\t\t<h6 tabindex=\"0\">Kaj naj storim v primeru alergij in drugih intoleranc?<\/h6>\n\t\t\t\t\t<p>Ob rezervaciji vas prosimo da nas kontaktirate in nam sporo\u010dite svojo alergijo ali intoleranco. Skupaj bomo organizirali za va\u0161e obroke!<\/p>\n\t\t\t\t\t\t\t\t\t\t<h6 tabindex=\"0\">Ali obstajajo vegetarijanski obroki?<\/h6>\n\t\t\t\t\t<p>Pri pripravi obrokov uporabljamo sezonsko zelenjavo. Zelenjava in sadje bodo vedno na voljo. Glede na vro\u010do sezono bomo ponujali sve\u017ee jedi in pogosto z rastlinskimi beljakovinami, v tedenskem jedilniku pa bodo prisotni tudi meso in ribe.<\/p>\n<p>Ob rezervaciji vas prosimo da nas obvestite \u010de \u017eelite vegetarijanske obroke in za koliko ljudi.<\/p>\n\t\t\t\t\t\t\t\t\t\t<h6 tabindex=\"0\">Ali je mogo\u010de pripraviti veganske jedi?<\/h6>\n\t\t\t\t\t<p>V na\u0161em tedenskem na\u010drtu obstajajo jedi ki veljajo za veganske, vendar nimamo jedilnika v skladu z veganstvom.<\/p>\n\t\t\t\t\t\t\t\t\t\t<h6 tabindex=\"0\">Kdo kuha na krovu?<\/h6>\n\t\t\t\t\t<p>Poskrbeli bomo za va\u0161e obroke in organizirali nakup \u017eivil.<\/p>\n<p>Ljudje, ki se \u017eelijo preizkusiti v kuhanju ali preprosto pomagati, so vedno dobrodo\u0161li. \u017divljenje na krovu je tudi izmenjava trenutkov sodelovanja. Zato pozdravljamo tiste, ki \u017eelijo pomagati pri pripravi kosil ali ve\u010derij!<\/p>\n\t\t\t\t\t\t\t\t\t\t<h6 tabindex=\"0\">Kdo \u010disti barko?<\/h6>\n\t\t\t\t\t<p>Ob va\u0161em prihodu bo barka \u010dista in pripravljena na va\u0161 vkrcaj. Ko se nastanite v va\u0161o kabino, ste sami zadol\u017eeni za njeno \u010disto\u010do. Posadka bo izvajala redno \u010di\u0161\u010denje v skupnih prostorih in skrbela za ravnanje z odpadki. Po prihodu v marino se krov in trup spereta tudi s sve\u017eo vodo.<\/p>\n\t\t\t\t\t\t\t\t\t\t<h6 tabindex=\"0\">Kak\u0161ne so kabine?<\/h6>\n\t\t\t\t\t<p>Vsaka kabina ima posteljo, majhno omaro, police in mre\u017ee za shranjevanje predmetov. Ima lu\u010dke za branje in majhen ventilator za hlajenje prostora. Vsaka kabina ima lastno kopalnico.<\/p>\n<p>Poskrbeli bomo za posteljnino potrebno za va\u0161e bivanje, vklju\u010dno z rjuhami in brisa\u010dami, vi pa boste odgovorni da nam jih vrnete po koncu bivanja.<\/p>\n\t\t\t\t\t\t\t\t\t\t<h6 tabindex=\"0\">Ali se lahko rezervirani program spremeni?<\/h6>\n\t\t\t\t\t<p>V primeru neugodnih vremenskih razmer ali posebnih potreb se lahko program spremeni. O spremembah programa in variacijah bo odlo\u010dal izklju\u010dno kapitan. Vsaka sprememba bo vedno sprejeta z namenom varnosti in \u010dim bolj zvesta kupljenemu programu.<\/p>\n\t\t\t\t\t\t\t\t\t\t<h6 tabindex=\"0\">Ali je na krovu komplet za prvo pomo\u010d?<\/h6>\n\t\t\t\t\t<p>Da, obstaja majhna zbirka zdravil z vsem kar potrebujete za zdravljenje la\u017ejih bolezni ali majhnih po\u0161kodb.<\/p>\n\t\t\t\t\t\t\t\t\t\t<h6 tabindex=\"0\">Ali je na krovu sve\u017ea voda?<\/h6>\n\t\t\t\t\t<p>Seveda. Vsi na\u0161i rezervoarji so primerni za shranjevanje pitne vode. Vgradili smo tudi dva \u010distilca, ki omogo\u010data \u010drpanje mikrofiltrirane vode neposredno iz pipe v jedilnici. Dobili boste brezpla\u010dno \u010dutarico, ki jo lahko napolnite in vedno imate pri sebi!<\/p>\n\t\t\t\t\t\t\t\t\t\t<h6 tabindex=\"0\">Kdo pomiva posodo?<\/h6>\n\t\t\t\t\t<p>Zagotovo ne tisti ki kuha :). Ponujamo vam storitev brez skrbi, \u010de pa \u017eelite pomagati in poskusiti biti del posadke, ste dobrodo\u0161li!<\/p>\n\t\t\t\t\t\t\t\t\t\t<h6 tabindex=\"0\">Ali obstajajo igrala za vodo? Lahko prinesem svoja?<\/h6>\n\t\t\t\t\t<p>Da, na krovu je nekaj blazin in igra\u010d za igro v vodi. Ob rezervaciji nam povejte kaj bi radi prinesli s seboj in skupaj bomo videli ali bo to mogo\u010de.<\/p>\n<h3>\n\t\tNe najdete svojega vpra\u0161anja ali odgovora?<br \/>Po\u0161ljite nam svoje vpra\u0161anje in z veseljem bomo odgovorili nanj in ga vklju\u010dili v na\u0161 oddelek s pogostimi vpra\u0161anji.\n\t<\/h3>\n\n","protected":false},"excerpt":{"rendered":"<p>Diario di bordo Kaj naj prinesem s seboj? Po\u010ditnice na jadrnici so sinonim za svobodo tako da se posledi\u010dno potuje lahkotno. Za teden bo dovolj nekaj bistvenih predmetov. Priporo\u010damo: lahka vetrovka nekaj kopalk brisa\u010do za pla\u017eo, ko greste na pla\u017eo. natika\u010di superge predmeti osebne higiene dobra knjiga Priporo\u010damo, da stvari shranite v mehke torbe ali &hellip;<\/p>\n<p class=\"read-more\"> <a class=\"\" href=\"https:\/\/aliceinwaterland.eu\/sl\/ladijski-dnevnik\/pogosto-zastavljena-vprasanja\/\"> <span class=\"screen-reader-text\">Pogosto zastavljena vpra\u0161anja<\/span> Read More \u00bb<\/a><\/p>\n","protected":false},"author":1,"featured_media":0,"parent":576,"menu_order":0,"comment_status":"closed","ping_status":"closed","template":"","meta":{"_eb_attr":"","site-sidebar-layout":"no-sidebar","site-content-layout":"page-builder","ast-global-header-display":"","ast-main-header-display":"","ast-hfb-above-header-display":"","ast-hfb-below-header-display":"","ast-hfb-mobile-header-display":"","site-post-title":"disabled","ast-breadcrumbs-content":"","ast-featured-img":"","footer-sml-layout":"","theme-transparent-header-meta":"default","adv-header-id-meta":"","stick-header-meta":"default","header-above-stick-meta":"","header-main-stick-meta":"","header-below-stick-meta":"","_themeisle_gutenberg_block_has_review":false,"footnotes":""},"class_list":["post-1291","page","type-page","status-publish","hentry"],"yoast_head":"<!-- This site is optimized with the Yoast SEO Premium plugin v20.3 (Yoast SEO v26.7) - https:\/\/yoast.com\/wordpress\/plugins\/seo\/ -->\n<title>Pogosto zastavljena vpra\u0161anja | Alice in Waterland<\/title>\n<meta name=\"robots\" content=\"index, follow, max-snippet:-1, max-image-preview:large, max-video-preview:-1\" \/>\n<link rel=\"canonical\" href=\"https:\/\/aliceinwaterland.eu\/sl\/ladijski-dnevnik\/pogosto-zastavljena-vprasanja\/\" \/>\n<meta property=\"og:locale\" content=\"sl_SI\" \/>\n<meta property=\"og:type\" content=\"article\" \/>\n<meta property=\"og:title\" content=\"Pogosto zastavljena vpra\u0161anja\" \/>\n<meta property=\"og:description\" content=\"Diario di bordo Kaj naj prinesem s seboj? Po\u010ditnice na jadrnici so sinonim za svobodo tako da se posledi\u010dno potuje lahkotno. Za teden bo dovolj nekaj bistvenih predmetov. Priporo\u010damo: lahka vetrovka nekaj kopalk brisa\u010do za pla\u017eo, ko greste na pla\u017eo. natika\u010di superge predmeti osebne higiene dobra knjiga Priporo\u010damo, da stvari shranite v mehke torbe ali &hellip; Pogosto zastavljena vpra\u0161anja Read More \u00bb\" \/>\n<meta property=\"og:url\" content=\"https:\/\/aliceinwaterland.eu\/sl\/ladijski-dnevnik\/pogosto-zastavljena-vprasanja\/\" \/>\n<meta property=\"og:site_name\" content=\"Alice in Waterland\" \/>\n<meta property=\"article:publisher\" content=\"https:\/\/www.facebook.com\/aliceinwaterlandboat\" \/>\n<meta property=\"article:modified_time\" content=\"2023-11-20T11:32:28+00:00\" \/>\n<meta property=\"og:image\" content=\"https:\/\/i0.wp.com\/aliceinwaterland.eu\/wp-content\/uploads\/2023\/05\/Dream-week.jpg?fit=1500%2C1000&ssl=1\" \/>\n\t<meta property=\"og:image:width\" content=\"1500\" \/>\n\t<meta property=\"og:image:height\" content=\"1000\" \/>\n\t<meta property=\"og:image:type\" content=\"image\/jpeg\" \/>\n<meta name=\"twitter:card\" content=\"summary_large_image\" \/>\n<meta name=\"twitter:site\" content=\"@aliceinwtrland\" \/>\n<meta name=\"twitter:label1\" content=\"Est. reading time\" \/>\n\t<meta name=\"twitter:data1\" content=\"6 minut\" \/>\n<script type=\"application\/ld+json\" class=\"yoast-schema-graph\">{\"@context\":\"https:\/\/schema.org\",\"@graph\":[{\"@type\":\"WebPage\",\"@id\":\"https:\/\/aliceinwaterland.eu\/sl\/ladijski-dnevnik\/pogosto-zastavljena-vprasanja\/\",\"url\":\"https:\/\/aliceinwaterland.eu\/sl\/ladijski-dnevnik\/pogosto-zastavljena-vprasanja\/\",\"name\":\"Pogosto zastavljena vpra\u0161anja | Alice in Waterland\",\"isPartOf\":{\"@id\":\"https:\/\/aliceinwaterland.eu\/#website\"},\"datePublished\":\"2020-08-12T14:30:19+00:00\",\"dateModified\":\"2023-11-20T11:32:28+00:00\",\"breadcrumb\":{\"@id\":\"https:\/\/aliceinwaterland.eu\/sl\/ladijski-dnevnik\/pogosto-zastavljena-vprasanja\/#breadcrumb\"},\"inLanguage\":\"sl-SI\",\"potentialAction\":[{\"@type\":\"ReadAction\",\"target\":[\"https:\/\/aliceinwaterland.eu\/sl\/ladijski-dnevnik\/pogosto-zastavljena-vprasanja\/\"]}]},{\"@type\":\"BreadcrumbList\",\"@id\":\"https:\/\/aliceinwaterland.eu\/sl\/ladijski-dnevnik\/pogosto-zastavljena-vprasanja\/#breadcrumb\",\"itemListElement\":[{\"@type\":\"ListItem\",\"position\":1,\"name\":\"Home\",\"item\":\"https:\/\/aliceinwaterland.eu\/sl\/\"},{\"@type\":\"ListItem\",\"position\":2,\"name\":\"Ladijski dnevnik\",\"item\":\"https:\/\/aliceinwaterland.eu\/sl\/ladijski-dnevnik\/\"},{\"@type\":\"ListItem\",\"position\":3,\"name\":\"Pogosto zastavljena vpra\u0161anja\"}]},{\"@type\":\"WebSite\",\"@id\":\"https:\/\/aliceinwaterland.eu\/#website\",\"url\":\"https:\/\/aliceinwaterland.eu\/\",\"name\":\"Alice in Waterland\",\"description\":\"Unique family vacation\",\"publisher\":{\"@id\":\"https:\/\/aliceinwaterland.eu\/#organization\"},\"potentialAction\":[{\"@type\":\"SearchAction\",\"target\":{\"@type\":\"EntryPoint\",\"urlTemplate\":\"https:\/\/aliceinwaterland.eu\/?s={search_term_string}\"},\"query-input\":{\"@type\":\"PropertyValueSpecification\",\"valueRequired\":true,\"valueName\":\"search_term_string\"}}],\"inLanguage\":\"sl-SI\"},{\"@type\":\"Organization\",\"@id\":\"https:\/\/aliceinwaterland.eu\/#organization\",\"name\":\"POMORSTVO IN TURIZEM Damjan Ro\u017enik s.p.\",\"url\":\"https:\/\/aliceinwaterland.eu\/\",\"logo\":{\"@type\":\"ImageObject\",\"inLanguage\":\"sl-SI\",\"@id\":\"https:\/\/aliceinwaterland.eu\/#\/schema\/logo\/image\/\",\"url\":\"https:\/\/aliceinwaterland.eu\/wp-content\/uploads\/2023\/06\/AiW-Logo.jpg\",\"contentUrl\":\"https:\/\/aliceinwaterland.eu\/wp-content\/uploads\/2023\/06\/AiW-Logo.jpg\",\"width\":600,\"height\":600,\"caption\":\"POMORSTVO IN TURIZEM Damjan Ro\u017enik s.p.\"},\"image\":{\"@id\":\"https:\/\/aliceinwaterland.eu\/#\/schema\/logo\/image\/\"},\"sameAs\":[\"https:\/\/www.facebook.com\/aliceinwaterlandboat\",\"https:\/\/x.com\/aliceinwtrland\",\"https:\/\/www.instagram.com\/aliceinwaterlandboat\"]}]}<\/script>\n<!-- \/ Yoast SEO Premium plugin. -->","yoast_head_json":{"title":"Pogosto zastavljena vpra\u0161anja | Alice in Waterland","robots":{"index":"index","follow":"follow","max-snippet":"max-snippet:-1","max-image-preview":"max-image-preview:large","max-video-preview":"max-video-preview:-1"},"canonical":"https:\/\/aliceinwaterland.eu\/sl\/ladijski-dnevnik\/pogosto-zastavljena-vprasanja\/","og_locale":"sl_SI","og_type":"article","og_title":"Pogosto zastavljena vpra\u0161anja","og_description":"Diario di bordo Kaj naj prinesem s seboj? Po\u010ditnice na jadrnici so sinonim za svobodo tako da se posledi\u010dno potuje lahkotno. Za teden bo dovolj nekaj bistvenih predmetov. Priporo\u010damo: lahka vetrovka nekaj kopalk brisa\u010do za pla\u017eo, ko greste na pla\u017eo. natika\u010di superge predmeti osebne higiene dobra knjiga Priporo\u010damo, da stvari shranite v mehke torbe ali &hellip; Pogosto zastavljena vpra\u0161anja Read More \u00bb","og_url":"https:\/\/aliceinwaterland.eu\/sl\/ladijski-dnevnik\/pogosto-zastavljena-vprasanja\/","og_site_name":"Alice in Waterland","article_publisher":"https:\/\/www.facebook.com\/aliceinwaterlandboat","article_modified_time":"2023-11-20T11:32:28+00:00","og_image":[{"width":1500,"height":1000,"url":"https:\/\/i0.wp.com\/aliceinwaterland.eu\/wp-content\/uploads\/2023\/05\/Dream-week.jpg?fit=1500%2C1000&ssl=1","type":"image\/jpeg"}],"twitter_card":"summary_large_image","twitter_site":"@aliceinwtrland","twitter_misc":{"Est. reading time":"6 minut"},"schema":{"@context":"https:\/\/schema.org","@graph":[{"@type":"WebPage","@id":"https:\/\/aliceinwaterland.eu\/sl\/ladijski-dnevnik\/pogosto-zastavljena-vprasanja\/","url":"https:\/\/aliceinwaterland.eu\/sl\/ladijski-dnevnik\/pogosto-zastavljena-vprasanja\/","name":"Pogosto zastavljena vpra\u0161anja | Alice in Waterland","isPartOf":{"@id":"https:\/\/aliceinwaterland.eu\/#website"},"datePublished":"2020-08-12T14:30:19+00:00","dateModified":"2023-11-20T11:32:28+00:00","breadcrumb":{"@id":"https:\/\/aliceinwaterland.eu\/sl\/ladijski-dnevnik\/pogosto-zastavljena-vprasanja\/#breadcrumb"},"inLanguage":"sl-SI","potentialAction":[{"@type":"ReadAction","target":["https:\/\/aliceinwaterland.eu\/sl\/ladijski-dnevnik\/pogosto-zastavljena-vprasanja\/"]}]},{"@type":"BreadcrumbList","@id":"https:\/\/aliceinwaterland.eu\/sl\/ladijski-dnevnik\/pogosto-zastavljena-vprasanja\/#breadcrumb","itemListElement":[{"@type":"ListItem","position":1,"name":"Home","item":"https:\/\/aliceinwaterland.eu\/sl\/"},{"@type":"ListItem","position":2,"name":"Ladijski dnevnik","item":"https:\/\/aliceinwaterland.eu\/sl\/ladijski-dnevnik\/"},{"@type":"ListItem","position":3,"name":"Pogosto zastavljena vpra\u0161anja"}]},{"@type":"WebSite","@id":"https:\/\/aliceinwaterland.eu\/#website","url":"https:\/\/aliceinwaterland.eu\/","name":"Alice in Waterland","description":"Unique family vacation","publisher":{"@id":"https:\/\/aliceinwaterland.eu\/#organization"},"potentialAction":[{"@type":"SearchAction","target":{"@type":"EntryPoint","urlTemplate":"https:\/\/aliceinwaterland.eu\/?s={search_term_string}"},"query-input":{"@type":"PropertyValueSpecification","valueRequired":true,"valueName":"search_term_string"}}],"inLanguage":"sl-SI"},{"@type":"Organization","@id":"https:\/\/aliceinwaterland.eu\/#organization","name":"POMORSTVO IN TURIZEM Damjan Ro\u017enik s.p.","url":"https:\/\/aliceinwaterland.eu\/","logo":{"@type":"ImageObject","inLanguage":"sl-SI","@id":"https:\/\/aliceinwaterland.eu\/#\/schema\/logo\/image\/","url":"https:\/\/aliceinwaterland.eu\/wp-content\/uploads\/2023\/06\/AiW-Logo.jpg","contentUrl":"https:\/\/aliceinwaterland.eu\/wp-content\/uploads\/2023\/06\/AiW-Logo.jpg","width":600,"height":600,"caption":"POMORSTVO IN TURIZEM Damjan Ro\u017enik s.p."},"image":{"@id":"https:\/\/aliceinwaterland.eu\/#\/schema\/logo\/image\/"},"sameAs":["https:\/\/www.facebook.com\/aliceinwaterlandboat","https:\/\/x.com\/aliceinwtrland","https:\/\/www.instagram.com\/aliceinwaterlandboat"]}]}},"jetpack_sharing_enabled":true,"_links":{"self":[{"href":"https:\/\/aliceinwaterland.eu\/sl\/wp-json\/wp\/v2\/pages\/1291","targetHints":{"allow":["GET"]}}],"collection":[{"href":"https:\/\/aliceinwaterland.eu\/sl\/wp-json\/wp\/v2\/pages"}],"about":[{"href":"https:\/\/aliceinwaterland.eu\/sl\/wp-json\/wp\/v2\/types\/page"}],"author":[{"embeddable":true,"href":"https:\/\/aliceinwaterland.eu\/sl\/wp-json\/wp\/v2\/users\/1"}],"replies":[{"embeddable":true,"href":"https:\/\/aliceinwaterland.eu\/sl\/wp-json\/wp\/v2\/comments?post=1291"}],"version-history":[{"count":0,"href":"https:\/\/aliceinwaterland.eu\/sl\/wp-json\/wp\/v2\/pages\/1291\/revisions"}],"up":[{"embeddable":true,"href":"https:\/\/aliceinwaterland.eu\/sl\/wp-json\/wp\/v2\/pages\/576"}],"wp:attachment":[{"href":"https:\/\/aliceinwaterland.eu\/sl\/wp-json\/wp\/v2\/media?parent=1291"}],"curies":[{"name":"wp","href":"https:\/\/api.w.org\/{rel}","templated":true}]}}