{"id":1283,"date":"2020-09-26T13:06:45","date_gmt":"2020-09-26T13:06:45","guid":{"rendered":"https:\/\/aliceinwaterland.eu\/?page_id=1283"},"modified":"2023-02-01T15:09:04","modified_gmt":"2023-02-01T14:09:04","slug":"vreme","status":"publish","type":"page","link":"https:\/\/aliceinwaterland.eu\/sl\/ladijski-dnevnik\/vreme\/","title":{"rendered":"Vreme"},"content":{"rendered":"\n<h1>\n\t\tVREME\n\t<\/h1>\n\tVarna navigacija je za nas bistvenega pomena.<br \/>\nNenehno preverjamo sinopti\u010dne zemljevide in vremenske napovedi. Vnaprej na\u010drtujemo potovanja in po\u010ditnice.<br \/>\nKanalov ki jih uporabljamo je veliko, od meteorolo\u0161kih postaj pa do raznih aplikacij ki jih mornarji pogosto uporabljajo, na primer Windy in Windfinder.\nDolga leta jadranja so nas pripeljala do previdnosti in nau\u010dili smo se po\u010dakati na pravi trenutek, da se premaknemo iz zaliva ali odplujemo na nov cilj.<br \/>\nZ nekajurnim \u010dakanjem se lahko izognete razburkanemu morju, nelagodju in nev\u0161e\u010dnostim.\n<p>Vsaka na\u0161a odlo\u010ditev je tehtana in izra\u010dunana tako, da vam lahko omogo\u010di \u010dudovite po\u010ditnice v popolni sprostitvi in predvsem s prepre\u010devanjem nepotrebnih tveganj!<\/p>\n<p>V preteklih letih smo se na morju pogosto pogovarjali o vremenu z gosti in lastniki in \u017eal niso vse sprejete odlo\u010ditve bile optimalne. Zaupati je treba kapitanu in njegovi posadki. Zagotavljamo vam da so vse na\u0161e odlo\u010ditve sprejete na podlagi izku\u0161enj in z namenom da spro\u0161\u010deno in varno u\u017eivate po\u010ditnice na na\u0161i jadrnici.<\/p>\n<p>Vti\u010dnik na dnu je iz Windyja, ena od aplikacij ki jo uporabljamo za vreme. Zelo dobra za razumevanje prihajajo\u010dih vremenskih motenj in splo\u0161nega trenda v Sredozemlju.<\/p>\n\t<iframe width=\"100%\" height=\"600\" data-src=\"https:\/\/embed.windy.com\/embed2.html?lat=44.057&#038;lon=12.565&#038;detailLat=44.057&#038;detailLon=12.565&#038;width=800&#038;height=500&#038;zoom=5&#038;level=surface&#038;overlay=wind&#038;product=ecmwf&#038;menu=&#038;message=&#038;marker=&#038;calendar=now&#038;pressure=&#038;type=map&#038;location=coordinates&#038;detail=&#038;metricWind=default&#038;metricTemp=default&#038;radarRange=-1\" frameborder=\"0\" src=\"data:image\/svg+xml;base64,PHN2ZyB3aWR0aD0iMSIgaGVpZ2h0PSIxIiB4bWxucz0iaHR0cDovL3d3dy53My5vcmcvMjAwMC9zdmciPjwvc3ZnPg==\" class=\"lazyload\" data-load-mode=\"1\"><\/iframe>\n\n","protected":false},"excerpt":{"rendered":"<p>VREME Varna navigacija je za nas bistvenega pomena. Nenehno preverjamo sinopti\u010dne zemljevide in vremenske napovedi. Vnaprej na\u010drtujemo potovanja in po\u010ditnice. Kanalov ki jih uporabljamo je veliko, od meteorolo\u0161kih postaj pa do raznih aplikacij ki jih mornarji pogosto uporabljajo, na primer Windy in Windfinder. Dolga leta jadranja so nas pripeljala do previdnosti in nau\u010dili smo se &hellip;<\/p>\n<p class=\"read-more\"> <a class=\"\" href=\"https:\/\/aliceinwaterland.eu\/sl\/ladijski-dnevnik\/vreme\/\"> <span class=\"screen-reader-text\">Vreme<\/span> Read More \u00bb<\/a><\/p>\n","protected":false},"author":1,"featured_media":0,"parent":576,"menu_order":0,"comment_status":"closed","ping_status":"closed","template":"","meta":{"_eb_attr":"","site-sidebar-layout":"no-sidebar","site-content-layout":"page-builder","ast-global-header-display":"","ast-main-header-display":"","ast-hfb-above-header-display":"","ast-hfb-below-header-display":"","ast-hfb-mobile-header-display":"","site-post-title":"disabled","ast-breadcrumbs-content":"","ast-featured-img":"disabled","footer-sml-layout":"","theme-transparent-header-meta":"default","adv-header-id-meta":"","stick-header-meta":"default","header-above-stick-meta":"","header-main-stick-meta":"","header-below-stick-meta":"","_themeisle_gutenberg_block_has_review":false,"footnotes":""},"class_list":["post-1283","page","type-page","status-publish","hentry"],"yoast_head":"<!-- This site is optimized with the Yoast SEO Premium plugin v20.3 (Yoast SEO v26.7) - https:\/\/yoast.com\/wordpress\/plugins\/seo\/ -->\n<title>Vreme | Alice in Waterland<\/title>\n<meta name=\"robots\" content=\"index, follow, max-snippet:-1, max-image-preview:large, max-video-preview:-1\" \/>\n<link rel=\"canonical\" href=\"https:\/\/aliceinwaterland.eu\/sl\/ladijski-dnevnik\/vreme\/\" \/>\n<meta property=\"og:locale\" content=\"sl_SI\" \/>\n<meta property=\"og:type\" content=\"article\" \/>\n<meta property=\"og:title\" content=\"Vreme\" \/>\n<meta property=\"og:description\" content=\"VREME Varna navigacija je za nas bistvenega pomena. Nenehno preverjamo sinopti\u010dne zemljevide in vremenske napovedi. Vnaprej na\u010drtujemo potovanja in po\u010ditnice. Kanalov ki jih uporabljamo je veliko, od meteorolo\u0161kih postaj pa do raznih aplikacij ki jih mornarji pogosto uporabljajo, na primer Windy in Windfinder. Dolga leta jadranja so nas pripeljala do previdnosti in nau\u010dili smo se &hellip; Vreme Read More \u00bb\" \/>\n<meta property=\"og:url\" content=\"https:\/\/aliceinwaterland.eu\/sl\/ladijski-dnevnik\/vreme\/\" \/>\n<meta property=\"og:site_name\" content=\"Alice in Waterland\" \/>\n<meta property=\"article:publisher\" content=\"https:\/\/www.facebook.com\/aliceinwaterlandboat\" \/>\n<meta property=\"article:modified_time\" content=\"2023-02-01T14:09:04+00:00\" \/>\n<meta property=\"og:image\" content=\"https:\/\/i0.wp.com\/aliceinwaterland.eu\/wp-content\/uploads\/2023\/05\/Dream-week.jpg?fit=1500%2C1000&ssl=1\" \/>\n\t<meta property=\"og:image:width\" content=\"1500\" \/>\n\t<meta property=\"og:image:height\" content=\"1000\" \/>\n\t<meta property=\"og:image:type\" content=\"image\/jpeg\" \/>\n<meta name=\"twitter:card\" content=\"summary_large_image\" \/>\n<meta name=\"twitter:site\" content=\"@aliceinwtrland\" \/>\n<meta name=\"twitter:label1\" content=\"Est. reading time\" \/>\n\t<meta name=\"twitter:data1\" content=\"1 minuta\" \/>\n<script type=\"application\/ld+json\" class=\"yoast-schema-graph\">{\"@context\":\"https:\/\/schema.org\",\"@graph\":[{\"@type\":\"WebPage\",\"@id\":\"https:\/\/aliceinwaterland.eu\/sl\/ladijski-dnevnik\/vreme\/\",\"url\":\"https:\/\/aliceinwaterland.eu\/sl\/ladijski-dnevnik\/vreme\/\",\"name\":\"Vreme | Alice in Waterland\",\"isPartOf\":{\"@id\":\"https:\/\/aliceinwaterland.eu\/#website\"},\"datePublished\":\"2020-09-26T13:06:45+00:00\",\"dateModified\":\"2023-02-01T14:09:04+00:00\",\"breadcrumb\":{\"@id\":\"https:\/\/aliceinwaterland.eu\/sl\/ladijski-dnevnik\/vreme\/#breadcrumb\"},\"inLanguage\":\"sl-SI\",\"potentialAction\":[{\"@type\":\"ReadAction\",\"target\":[\"https:\/\/aliceinwaterland.eu\/sl\/ladijski-dnevnik\/vreme\/\"]}]},{\"@type\":\"BreadcrumbList\",\"@id\":\"https:\/\/aliceinwaterland.eu\/sl\/ladijski-dnevnik\/vreme\/#breadcrumb\",\"itemListElement\":[{\"@type\":\"ListItem\",\"position\":1,\"name\":\"Home\",\"item\":\"https:\/\/aliceinwaterland.eu\/sl\/\"},{\"@type\":\"ListItem\",\"position\":2,\"name\":\"Ladijski dnevnik\",\"item\":\"https:\/\/aliceinwaterland.eu\/sl\/ladijski-dnevnik\/\"},{\"@type\":\"ListItem\",\"position\":3,\"name\":\"Vreme\"}]},{\"@type\":\"WebSite\",\"@id\":\"https:\/\/aliceinwaterland.eu\/#website\",\"url\":\"https:\/\/aliceinwaterland.eu\/\",\"name\":\"Alice in Waterland\",\"description\":\"Unique family vacation\",\"publisher\":{\"@id\":\"https:\/\/aliceinwaterland.eu\/#organization\"},\"potentialAction\":[{\"@type\":\"SearchAction\",\"target\":{\"@type\":\"EntryPoint\",\"urlTemplate\":\"https:\/\/aliceinwaterland.eu\/?s={search_term_string}\"},\"query-input\":{\"@type\":\"PropertyValueSpecification\",\"valueRequired\":true,\"valueName\":\"search_term_string\"}}],\"inLanguage\":\"sl-SI\"},{\"@type\":\"Organization\",\"@id\":\"https:\/\/aliceinwaterland.eu\/#organization\",\"name\":\"POMORSTVO IN TURIZEM Damjan Ro\u017enik s.p.\",\"url\":\"https:\/\/aliceinwaterland.eu\/\",\"logo\":{\"@type\":\"ImageObject\",\"inLanguage\":\"sl-SI\",\"@id\":\"https:\/\/aliceinwaterland.eu\/#\/schema\/logo\/image\/\",\"url\":\"https:\/\/aliceinwaterland.eu\/wp-content\/uploads\/2023\/06\/AiW-Logo.jpg\",\"contentUrl\":\"https:\/\/aliceinwaterland.eu\/wp-content\/uploads\/2023\/06\/AiW-Logo.jpg\",\"width\":600,\"height\":600,\"caption\":\"POMORSTVO IN TURIZEM Damjan Ro\u017enik s.p.\"},\"image\":{\"@id\":\"https:\/\/aliceinwaterland.eu\/#\/schema\/logo\/image\/\"},\"sameAs\":[\"https:\/\/www.facebook.com\/aliceinwaterlandboat\",\"https:\/\/x.com\/aliceinwtrland\",\"https:\/\/www.instagram.com\/aliceinwaterlandboat\"]}]}<\/script>\n<!-- \/ Yoast SEO Premium plugin. -->","yoast_head_json":{"title":"Vreme | Alice in Waterland","robots":{"index":"index","follow":"follow","max-snippet":"max-snippet:-1","max-image-preview":"max-image-preview:large","max-video-preview":"max-video-preview:-1"},"canonical":"https:\/\/aliceinwaterland.eu\/sl\/ladijski-dnevnik\/vreme\/","og_locale":"sl_SI","og_type":"article","og_title":"Vreme","og_description":"VREME Varna navigacija je za nas bistvenega pomena. Nenehno preverjamo sinopti\u010dne zemljevide in vremenske napovedi. Vnaprej na\u010drtujemo potovanja in po\u010ditnice. Kanalov ki jih uporabljamo je veliko, od meteorolo\u0161kih postaj pa do raznih aplikacij ki jih mornarji pogosto uporabljajo, na primer Windy in Windfinder. Dolga leta jadranja so nas pripeljala do previdnosti in nau\u010dili smo se &hellip; Vreme Read More \u00bb","og_url":"https:\/\/aliceinwaterland.eu\/sl\/ladijski-dnevnik\/vreme\/","og_site_name":"Alice in Waterland","article_publisher":"https:\/\/www.facebook.com\/aliceinwaterlandboat","article_modified_time":"2023-02-01T14:09:04+00:00","og_image":[{"width":1500,"height":1000,"url":"https:\/\/i0.wp.com\/aliceinwaterland.eu\/wp-content\/uploads\/2023\/05\/Dream-week.jpg?fit=1500%2C1000&ssl=1","type":"image\/jpeg"}],"twitter_card":"summary_large_image","twitter_site":"@aliceinwtrland","twitter_misc":{"Est. reading time":"1 minuta"},"schema":{"@context":"https:\/\/schema.org","@graph":[{"@type":"WebPage","@id":"https:\/\/aliceinwaterland.eu\/sl\/ladijski-dnevnik\/vreme\/","url":"https:\/\/aliceinwaterland.eu\/sl\/ladijski-dnevnik\/vreme\/","name":"Vreme | Alice in Waterland","isPartOf":{"@id":"https:\/\/aliceinwaterland.eu\/#website"},"datePublished":"2020-09-26T13:06:45+00:00","dateModified":"2023-02-01T14:09:04+00:00","breadcrumb":{"@id":"https:\/\/aliceinwaterland.eu\/sl\/ladijski-dnevnik\/vreme\/#breadcrumb"},"inLanguage":"sl-SI","potentialAction":[{"@type":"ReadAction","target":["https:\/\/aliceinwaterland.eu\/sl\/ladijski-dnevnik\/vreme\/"]}]},{"@type":"BreadcrumbList","@id":"https:\/\/aliceinwaterland.eu\/sl\/ladijski-dnevnik\/vreme\/#breadcrumb","itemListElement":[{"@type":"ListItem","position":1,"name":"Home","item":"https:\/\/aliceinwaterland.eu\/sl\/"},{"@type":"ListItem","position":2,"name":"Ladijski dnevnik","item":"https:\/\/aliceinwaterland.eu\/sl\/ladijski-dnevnik\/"},{"@type":"ListItem","position":3,"name":"Vreme"}]},{"@type":"WebSite","@id":"https:\/\/aliceinwaterland.eu\/#website","url":"https:\/\/aliceinwaterland.eu\/","name":"Alice in Waterland","description":"Unique family vacation","publisher":{"@id":"https:\/\/aliceinwaterland.eu\/#organization"},"potentialAction":[{"@type":"SearchAction","target":{"@type":"EntryPoint","urlTemplate":"https:\/\/aliceinwaterland.eu\/?s={search_term_string}"},"query-input":{"@type":"PropertyValueSpecification","valueRequired":true,"valueName":"search_term_string"}}],"inLanguage":"sl-SI"},{"@type":"Organization","@id":"https:\/\/aliceinwaterland.eu\/#organization","name":"POMORSTVO IN TURIZEM Damjan Ro\u017enik s.p.","url":"https:\/\/aliceinwaterland.eu\/","logo":{"@type":"ImageObject","inLanguage":"sl-SI","@id":"https:\/\/aliceinwaterland.eu\/#\/schema\/logo\/image\/","url":"https:\/\/aliceinwaterland.eu\/wp-content\/uploads\/2023\/06\/AiW-Logo.jpg","contentUrl":"https:\/\/aliceinwaterland.eu\/wp-content\/uploads\/2023\/06\/AiW-Logo.jpg","width":600,"height":600,"caption":"POMORSTVO IN TURIZEM Damjan Ro\u017enik s.p."},"image":{"@id":"https:\/\/aliceinwaterland.eu\/#\/schema\/logo\/image\/"},"sameAs":["https:\/\/www.facebook.com\/aliceinwaterlandboat","https:\/\/x.com\/aliceinwtrland","https:\/\/www.instagram.com\/aliceinwaterlandboat"]}]}},"jetpack_sharing_enabled":true,"_links":{"self":[{"href":"https:\/\/aliceinwaterland.eu\/sl\/wp-json\/wp\/v2\/pages\/1283","targetHints":{"allow":["GET"]}}],"collection":[{"href":"https:\/\/aliceinwaterland.eu\/sl\/wp-json\/wp\/v2\/pages"}],"about":[{"href":"https:\/\/aliceinwaterland.eu\/sl\/wp-json\/wp\/v2\/types\/page"}],"author":[{"embeddable":true,"href":"https:\/\/aliceinwaterland.eu\/sl\/wp-json\/wp\/v2\/users\/1"}],"replies":[{"embeddable":true,"href":"https:\/\/aliceinwaterland.eu\/sl\/wp-json\/wp\/v2\/comments?post=1283"}],"version-history":[{"count":0,"href":"https:\/\/aliceinwaterland.eu\/sl\/wp-json\/wp\/v2\/pages\/1283\/revisions"}],"up":[{"embeddable":true,"href":"https:\/\/aliceinwaterland.eu\/sl\/wp-json\/wp\/v2\/pages\/576"}],"wp:attachment":[{"href":"https:\/\/aliceinwaterland.eu\/sl\/wp-json\/wp\/v2\/media?parent=1283"}],"curies":[{"name":"wp","href":"https:\/\/api.w.org\/{rel}","templated":true}]}}