{"id":5689,"date":"2023-01-13T11:13:03","date_gmt":"2023-01-13T10:13:03","guid":{"rendered":"https:\/\/aliceinwaterland.eu\/cena-al-tramonto\/"},"modified":"2026-01-12T16:02:45","modified_gmt":"2026-01-12T15:02:45","slug":"sonnenuntergang-dinner","status":"publish","type":"page","link":"https:\/\/aliceinwaterland.eu\/de\/sonnenuntergang-dinner\/","title":{"rendered":"SONNENUNTERGANG-DINNER"},"content":{"rendered":"\n\n\t<h1><strong>SONNENUNTERGANG-DINNER<\/strong><\/h1>\n<h1><strong>entlang der slowenischen K\u00fcste<\/strong><\/h1>\n<h3>\n\t\tReiseplan\n\t<\/h3>\n<h3>\n\t\tBARBECUE BEI SONNENUNTERGANG\n\t<\/h3>\n\t<ul>\n<li><strong>Abfahrt von Isola um 18.00 Uhr. Willkommen an Bord!<\/strong><\/li>\n<\/ul>\n<p>Wir segeln in den Sonnenuntergang nach <strong>&#8222;Bele Skale&#8220;<\/strong>, einer Bucht, die sich durch eine hohe <strong>wei\u00dfe Klippe<\/strong> auszeichnet, in der das <strong>t\u00fcrkisfarbene Wasser<\/strong> und die \u00fcppige Vegetation zu finden sind, und wir schwimmen zum <strong>wei\u00dfen Kieselstrand<\/strong>.<\/p>\n<ul>\n<li><strong>Grillen bei Sonnenuntergang.<\/strong><\/li>\n<\/ul>\n<p>Der Abend beginnt mit einem wundersch\u00f6nen Sonnenuntergang, w\u00e4hrend Sie <strong>einen Aperitif genie\u00dfen, der vom Meer umspielt wird<\/strong>. Auf dem Grill bereiten wir ein <strong>leckeres Fleischessen mit frischen, saisonalen Produkten<\/strong> \u00a0Ein absolut einzigartiges Erlebnis.<\/p>\n<ul>\n<li><strong>Ankunft auf der Isola um 22 Uhr Wir sehen uns beim n\u00e4chsten Segelt\u00f6rn! .<\/strong><\/li>\n<\/ul>\n<h2>\n\t\t4 Stunden\n\t<\/h2>\n\t<h2>Anzahl der G\u00e4ste: 2 &#8211; 8<\/h2>\n<h4>\n\t\tOrt der Abreise und Ankunft:\n\t<\/h4>\n\t<p>Izola, Slowenien<\/p>\n<h4>\n\t\tAbreise:\n\t<\/h4>\n\t<p>18.00<\/p>\n<h4>\n\t\tAnkunft:\n\t<\/h4>\n\t<p>22.00<\/p>\n<h2>\n\t\tPreis: Von 70 \u20ac \/ Person\n\t<\/h2>\n\t<ul>\n<li>Die Besatzung kann bis zu acht G\u00e4ste aufnehmen.<\/li>\n<li>M\u00f6glichkeit der exklusiven Anmietung nach Absprache mit der Besatzung f\u00fcr private Gruppen von bis zu 10 Personen.<\/li>\n<li>Kinder bis zu 4 Jahren sind kostenlos.<\/li>\n<li>Kinder zwischen 5 und 8 Jahren zahlen 50%.<\/li>\n<li>Kinder \u00fcber 9 Jahre zahlen den vollen Preis.<\/li>\n<\/ul>\n<h6>\n\t\tCosa umfassen:\n\t<\/h6>\n\t<ul>\n<li>Abendessen mit Fleisch<\/li>\n<li>Segeln nach Bele Skale<\/li>\n<li>Haltestelle Bad<\/li>\n<li>Nutzung einer Kabine mit Bad<\/li>\n<\/ul>\n<h6>\n\t\tWas es NICHT beinhaltet:\n\t<\/h6>\n\t<ul>\n<li>Alkohol, Getr\u00e4nke und Kaffee nach Verbrauch, ein Bordmen\u00fc ist verf\u00fcgbar<\/li>\n<\/ul>\n<h6>\n\t\tAnmerkungen:\n\t<\/h6>\n\t<ul>\n<li>Sollte die <em>Tour aufgrund von schlechtem Wetter von der Crew abgesagt werden<\/em>, wird ein <em>Gutschein im Wert des ausgegebenen Betrages<\/em> ausgestellt, der ohne zeitliche Begrenzung eingel\u00f6st werden kann. Bei einer <em>Stornierung durch den Gast aus nachweislich gesundheitlichen Gr\u00fcnden<\/em> wird ein <em>Gutschein ausgestellt, der innerhalb der laufenden Saison eingel\u00f6st werden kann<\/em>. Bei einer Stornierung aus zweifelhaften\/vergeblichen Gr\u00fcnden verf\u00e4llt die gezahlte Geb\u00fchr.<\/li>\n<li>Das Mitf\u00fchren von Alkohol oder Getr\u00e4nken ist nicht gestattet.<\/li>\n<li>Haustiere sind nicht erlaubt.<\/li>\n<li>Die angegebenen Haltestellen k\u00f6nnen aufgrund des Wetters oder ung\u00fcnstiger Segelbedingungen ge\u00e4ndert werden.Der Kommandant beh\u00e4lt sich das Recht vor, die Tour im Interesse der Sicherheit aller zu \u00e4ndern oder abzusagen!<\/li>\n<\/ul>\n\t\t\t<a href=\"https:\/\/aliceinwaterland.eu\/de\/booking\/\" target=\"_self\"   role=\"button\" aria-label=\"JETZT BUCHEN\">\n\t\t\t\t\t\t\tJETZT BUCHEN\n\t\t<\/a>\n<h1>\n\t\tHABEN SIE FRAGEN? KONTAKTIEREN SIE UNS!\n\t<\/h1>\n\t\t\t<a href=\"tel:+38640463082\" target=\"_self\" role=\"button\">\n\t\t\t\t\t\t+386 40 463 082\n\t\t\t\t\t<\/a>\n\t\t\t<a href=\"tel:+393286365700\" target=\"_self\" role=\"button\">\n\t\t\t\t\t\t+39 328 6365 700\n\t\t\t\t\t<\/a>\n\t\t\t<a href=\"mailto:vacation@aliceinwaterland.eu\" target=\"_self\" role=\"button\">\n\t\t\t\t\t\tE-mail\n\t\t\t\t\t<\/a>\n<h2>\n\t\tTEILEN\n\t<\/h2>\n\t\t\t\t\t\t\t\t\t\t<a class= \"uabb-ss-grid-button-link\" href=\"https:\/\/www.facebook.com\/sharer.php?u=https%3A%2F%2Faliceinwaterland.eu%2Fde%2F%3Fpage_id%3D5689%26fl_builder\" target=\"_blank\" onclick=\"window.open(this.href,'social-share','left=20,top=20,width=500,height=500,toolbar=1,resizable=0');return false;\">\n\t\t\t\t\t\t\t\t\t\t<\/a>\n\t\t\t\t\t\t\t\t\t\t<a class= \"uabb-ss-grid-button-link\" href=\"https:\/\/api.whatsapp.com\/send?text=https%3A%2F%2Faliceinwaterland.eu%2Fde%2F%3Fpage_id%3D5689%26fl_builder\" target=\"_blank\" onclick=\"window.open(this.href,'social-share','left=20,top=20,width=500,height=500,toolbar=1,resizable=0');return false;\">\n\t\t\t\t\t\t\t\t\t\t<\/a>\n\t\t\t\t\t\t\t\t\t\t<a class= \"uabb-ss-grid-button-link\" href=\"https:\/\/www.linkedin.com\/shareArticle?url=https%3A%2F%2Faliceinwaterland.eu%2Fde%2F%3Fpage_id%3D5689%26fl_builder\" target=\"_blank\" onclick=\"window.open(this.href,'social-share','left=20,top=20,width=500,height=500,toolbar=1,resizable=0');return false;\">\n\t\t\t\t\t\t\t\t\t\t<\/a>\n\t\t\t\t\t\t\t\t\t\t<a class= \"uabb-ss-grid-button-link\" href=\"https:\/\/twitter.com\/share?url=https%3A%2F%2Faliceinwaterland.eu%2Fde%2F%3Fpage_id%3D5689%26fl_builder\" target=\"_blank\" onclick=\"window.open(this.href,'social-share','left=20,top=20,width=500,height=500,toolbar=1,resizable=0');return false;\">\n\t\t\t\t\t\t\t\t\t\t<\/a>\n\n","protected":false},"excerpt":{"rendered":"<p>SONNENUNTERGANG-DINNER entlang der slowenischen K\u00fcste Reiseplan BARBECUE BEI SONNENUNTERGANG Abfahrt von Isola um 18.00 Uhr. Willkommen an Bord! Wir segeln in den Sonnenuntergang nach &#8222;Bele Skale&#8220;, einer Bucht, die sich durch eine hohe wei\u00dfe Klippe auszeichnet, in der das t\u00fcrkisfarbene Wasser und die \u00fcppige Vegetation zu finden sind, und wir schwimmen zum wei\u00dfen Kieselstrand. Grillen &hellip;<\/p>\n<p class=\"read-more\"> <a class=\"\" href=\"https:\/\/aliceinwaterland.eu\/de\/sonnenuntergang-dinner\/\"> <span class=\"screen-reader-text\">SONNENUNTERGANG-DINNER<\/span> Read More \u00bb<\/a><\/p>\n","protected":false},"author":2,"featured_media":5138,"parent":0,"menu_order":2,"comment_status":"closed","ping_status":"closed","template":"","meta":{"_eb_attr":"","site-sidebar-layout":"no-sidebar","site-content-layout":"page-builder","ast-global-header-display":"","ast-main-header-display":"","ast-hfb-above-header-display":"","ast-hfb-below-header-display":"","ast-hfb-mobile-header-display":"","site-post-title":"disabled","ast-breadcrumbs-content":"","ast-featured-img":"disabled","footer-sml-layout":"","theme-transparent-header-meta":"default","adv-header-id-meta":"","stick-header-meta":"default","header-above-stick-meta":"","header-main-stick-meta":"","header-below-stick-meta":"","_themeisle_gutenberg_block_has_review":false,"footnotes":""},"class_list":["post-5689","page","type-page","status-publish","has-post-thumbnail","hentry"],"yoast_head":"<!-- This site is optimized with the Yoast SEO Premium plugin v20.3 (Yoast SEO v26.7) - https:\/\/yoast.com\/wordpress\/plugins\/seo\/ -->\n<title>SONNENUNTERGANG-DINNER | Alice in Waterland<\/title>\n<meta name=\"description\" content=\"Segelwochenende entlang der slowenischen K\u00fcste und Schloss Miramare.\" \/>\n<meta name=\"robots\" content=\"index, follow, max-snippet:-1, max-image-preview:large, max-video-preview:-1\" \/>\n<link rel=\"canonical\" href=\"https:\/\/aliceinwaterland.eu\/de\/sonnenuntergang-dinner\/\" \/>\n<meta property=\"og:locale\" content=\"de_DE\" \/>\n<meta property=\"og:type\" content=\"article\" \/>\n<meta property=\"og:title\" content=\"SONNENUNTERGANG-DINNER\" \/>\n<meta property=\"og:description\" content=\"Segelwochenende entlang der slowenischen K\u00fcste und Schloss Miramare.\" \/>\n<meta property=\"og:url\" content=\"https:\/\/aliceinwaterland.eu\/de\/sonnenuntergang-dinner\/\" \/>\n<meta property=\"og:site_name\" content=\"Alice in Waterland\" \/>\n<meta property=\"article:publisher\" content=\"https:\/\/www.facebook.com\/aliceinwaterlandboat\" \/>\n<meta property=\"article:modified_time\" content=\"2026-01-12T15:02:45+00:00\" \/>\n<meta property=\"og:image\" content=\"https:\/\/i0.wp.com\/aliceinwaterland.eu\/wp-content\/uploads\/2022\/03\/02-bbq-chef-scaled.jpg?fit=2560%2C1707&ssl=1\" \/>\n\t<meta property=\"og:image:width\" content=\"2560\" \/>\n\t<meta property=\"og:image:height\" content=\"1707\" \/>\n\t<meta property=\"og:image:type\" content=\"image\/jpeg\" \/>\n<meta name=\"twitter:card\" content=\"summary_large_image\" \/>\n<meta name=\"twitter:site\" content=\"@aliceinwtrland\" \/>\n<meta name=\"twitter:label1\" content=\"Gesch\u00e4tzte Lesezeit\" \/>\n\t<meta name=\"twitter:data1\" content=\"2\u00a0Minuten\" \/>\n<script type=\"application\/ld+json\" class=\"yoast-schema-graph\">{\"@context\":\"https:\/\/schema.org\",\"@graph\":[{\"@type\":\"WebPage\",\"@id\":\"https:\/\/aliceinwaterland.eu\/de\/sonnenuntergang-dinner\/\",\"url\":\"https:\/\/aliceinwaterland.eu\/de\/sonnenuntergang-dinner\/\",\"name\":\"SONNENUNTERGANG-DINNER | Alice in Waterland\",\"isPartOf\":{\"@id\":\"https:\/\/aliceinwaterland.eu\/#website\"},\"primaryImageOfPage\":{\"@id\":\"https:\/\/aliceinwaterland.eu\/de\/sonnenuntergang-dinner\/#primaryimage\"},\"image\":{\"@id\":\"https:\/\/aliceinwaterland.eu\/de\/sonnenuntergang-dinner\/#primaryimage\"},\"thumbnailUrl\":\"https:\/\/i0.wp.com\/aliceinwaterland.eu\/wp-content\/uploads\/2022\/03\/02-bbq-chef-scaled.jpg?fit=2560%2C1707&ssl=1\",\"datePublished\":\"2023-01-13T10:13:03+00:00\",\"dateModified\":\"2026-01-12T15:02:45+00:00\",\"description\":\"Segelwochenende entlang der slowenischen K\u00fcste und Schloss Miramare.\",\"breadcrumb\":{\"@id\":\"https:\/\/aliceinwaterland.eu\/de\/sonnenuntergang-dinner\/#breadcrumb\"},\"inLanguage\":\"de\",\"potentialAction\":[{\"@type\":\"ReadAction\",\"target\":[\"https:\/\/aliceinwaterland.eu\/de\/sonnenuntergang-dinner\/\"]}]},{\"@type\":\"ImageObject\",\"inLanguage\":\"de\",\"@id\":\"https:\/\/aliceinwaterland.eu\/de\/sonnenuntergang-dinner\/#primaryimage\",\"url\":\"https:\/\/i0.wp.com\/aliceinwaterland.eu\/wp-content\/uploads\/2022\/03\/02-bbq-chef-scaled.jpg?fit=2560%2C1707&ssl=1\",\"contentUrl\":\"https:\/\/i0.wp.com\/aliceinwaterland.eu\/wp-content\/uploads\/2022\/03\/02-bbq-chef-scaled.jpg?fit=2560%2C1707&ssl=1\",\"width\":2560,\"height\":1707},{\"@type\":\"BreadcrumbList\",\"@id\":\"https:\/\/aliceinwaterland.eu\/de\/sonnenuntergang-dinner\/#breadcrumb\",\"itemListElement\":[{\"@type\":\"ListItem\",\"position\":1,\"name\":\"Home\",\"item\":\"https:\/\/aliceinwaterland.eu\/de\/\"},{\"@type\":\"ListItem\",\"position\":2,\"name\":\"SONNENUNTERGANG-DINNER\"}]},{\"@type\":\"WebSite\",\"@id\":\"https:\/\/aliceinwaterland.eu\/#website\",\"url\":\"https:\/\/aliceinwaterland.eu\/\",\"name\":\"Alice in Waterland\",\"description\":\"Unique family vacation\",\"publisher\":{\"@id\":\"https:\/\/aliceinwaterland.eu\/#organization\"},\"potentialAction\":[{\"@type\":\"SearchAction\",\"target\":{\"@type\":\"EntryPoint\",\"urlTemplate\":\"https:\/\/aliceinwaterland.eu\/?s={search_term_string}\"},\"query-input\":{\"@type\":\"PropertyValueSpecification\",\"valueRequired\":true,\"valueName\":\"search_term_string\"}}],\"inLanguage\":\"de\"},{\"@type\":\"Organization\",\"@id\":\"https:\/\/aliceinwaterland.eu\/#organization\",\"name\":\"POMORSTVO IN TURIZEM Damjan Ro\u017enik s.p.\",\"url\":\"https:\/\/aliceinwaterland.eu\/\",\"logo\":{\"@type\":\"ImageObject\",\"inLanguage\":\"de\",\"@id\":\"https:\/\/aliceinwaterland.eu\/#\/schema\/logo\/image\/\",\"url\":\"https:\/\/aliceinwaterland.eu\/wp-content\/uploads\/2023\/06\/AiW-Logo.jpg\",\"contentUrl\":\"https:\/\/aliceinwaterland.eu\/wp-content\/uploads\/2023\/06\/AiW-Logo.jpg\",\"width\":600,\"height\":600,\"caption\":\"POMORSTVO IN TURIZEM Damjan Ro\u017enik s.p.\"},\"image\":{\"@id\":\"https:\/\/aliceinwaterland.eu\/#\/schema\/logo\/image\/\"},\"sameAs\":[\"https:\/\/www.facebook.com\/aliceinwaterlandboat\",\"https:\/\/x.com\/aliceinwtrland\",\"https:\/\/www.instagram.com\/aliceinwaterlandboat\"]}]}<\/script>\n<!-- \/ Yoast SEO Premium plugin. -->","yoast_head_json":{"title":"SONNENUNTERGANG-DINNER | Alice in Waterland","description":"Segelwochenende entlang der slowenischen K\u00fcste und Schloss Miramare.","robots":{"index":"index","follow":"follow","max-snippet":"max-snippet:-1","max-image-preview":"max-image-preview:large","max-video-preview":"max-video-preview:-1"},"canonical":"https:\/\/aliceinwaterland.eu\/de\/sonnenuntergang-dinner\/","og_locale":"de_DE","og_type":"article","og_title":"SONNENUNTERGANG-DINNER","og_description":"Segelwochenende entlang der slowenischen K\u00fcste und Schloss Miramare.","og_url":"https:\/\/aliceinwaterland.eu\/de\/sonnenuntergang-dinner\/","og_site_name":"Alice in Waterland","article_publisher":"https:\/\/www.facebook.com\/aliceinwaterlandboat","article_modified_time":"2026-01-12T15:02:45+00:00","og_image":[{"width":2560,"height":1707,"url":"https:\/\/i0.wp.com\/aliceinwaterland.eu\/wp-content\/uploads\/2022\/03\/02-bbq-chef-scaled.jpg?fit=2560%2C1707&ssl=1","type":"image\/jpeg"}],"twitter_card":"summary_large_image","twitter_site":"@aliceinwtrland","twitter_misc":{"Gesch\u00e4tzte Lesezeit":"2\u00a0Minuten"},"schema":{"@context":"https:\/\/schema.org","@graph":[{"@type":"WebPage","@id":"https:\/\/aliceinwaterland.eu\/de\/sonnenuntergang-dinner\/","url":"https:\/\/aliceinwaterland.eu\/de\/sonnenuntergang-dinner\/","name":"SONNENUNTERGANG-DINNER | Alice in Waterland","isPartOf":{"@id":"https:\/\/aliceinwaterland.eu\/#website"},"primaryImageOfPage":{"@id":"https:\/\/aliceinwaterland.eu\/de\/sonnenuntergang-dinner\/#primaryimage"},"image":{"@id":"https:\/\/aliceinwaterland.eu\/de\/sonnenuntergang-dinner\/#primaryimage"},"thumbnailUrl":"https:\/\/i0.wp.com\/aliceinwaterland.eu\/wp-content\/uploads\/2022\/03\/02-bbq-chef-scaled.jpg?fit=2560%2C1707&ssl=1","datePublished":"2023-01-13T10:13:03+00:00","dateModified":"2026-01-12T15:02:45+00:00","description":"Segelwochenende entlang der slowenischen K\u00fcste und Schloss Miramare.","breadcrumb":{"@id":"https:\/\/aliceinwaterland.eu\/de\/sonnenuntergang-dinner\/#breadcrumb"},"inLanguage":"de","potentialAction":[{"@type":"ReadAction","target":["https:\/\/aliceinwaterland.eu\/de\/sonnenuntergang-dinner\/"]}]},{"@type":"ImageObject","inLanguage":"de","@id":"https:\/\/aliceinwaterland.eu\/de\/sonnenuntergang-dinner\/#primaryimage","url":"https:\/\/i0.wp.com\/aliceinwaterland.eu\/wp-content\/uploads\/2022\/03\/02-bbq-chef-scaled.jpg?fit=2560%2C1707&ssl=1","contentUrl":"https:\/\/i0.wp.com\/aliceinwaterland.eu\/wp-content\/uploads\/2022\/03\/02-bbq-chef-scaled.jpg?fit=2560%2C1707&ssl=1","width":2560,"height":1707},{"@type":"BreadcrumbList","@id":"https:\/\/aliceinwaterland.eu\/de\/sonnenuntergang-dinner\/#breadcrumb","itemListElement":[{"@type":"ListItem","position":1,"name":"Home","item":"https:\/\/aliceinwaterland.eu\/de\/"},{"@type":"ListItem","position":2,"name":"SONNENUNTERGANG-DINNER"}]},{"@type":"WebSite","@id":"https:\/\/aliceinwaterland.eu\/#website","url":"https:\/\/aliceinwaterland.eu\/","name":"Alice in Waterland","description":"Unique family vacation","publisher":{"@id":"https:\/\/aliceinwaterland.eu\/#organization"},"potentialAction":[{"@type":"SearchAction","target":{"@type":"EntryPoint","urlTemplate":"https:\/\/aliceinwaterland.eu\/?s={search_term_string}"},"query-input":{"@type":"PropertyValueSpecification","valueRequired":true,"valueName":"search_term_string"}}],"inLanguage":"de"},{"@type":"Organization","@id":"https:\/\/aliceinwaterland.eu\/#organization","name":"POMORSTVO IN TURIZEM Damjan Ro\u017enik s.p.","url":"https:\/\/aliceinwaterland.eu\/","logo":{"@type":"ImageObject","inLanguage":"de","@id":"https:\/\/aliceinwaterland.eu\/#\/schema\/logo\/image\/","url":"https:\/\/aliceinwaterland.eu\/wp-content\/uploads\/2023\/06\/AiW-Logo.jpg","contentUrl":"https:\/\/aliceinwaterland.eu\/wp-content\/uploads\/2023\/06\/AiW-Logo.jpg","width":600,"height":600,"caption":"POMORSTVO IN TURIZEM Damjan Ro\u017enik s.p."},"image":{"@id":"https:\/\/aliceinwaterland.eu\/#\/schema\/logo\/image\/"},"sameAs":["https:\/\/www.facebook.com\/aliceinwaterlandboat","https:\/\/x.com\/aliceinwtrland","https:\/\/www.instagram.com\/aliceinwaterlandboat"]}]}},"jetpack_sharing_enabled":true,"_links":{"self":[{"href":"https:\/\/aliceinwaterland.eu\/de\/wp-json\/wp\/v2\/pages\/5689","targetHints":{"allow":["GET"]}}],"collection":[{"href":"https:\/\/aliceinwaterland.eu\/de\/wp-json\/wp\/v2\/pages"}],"about":[{"href":"https:\/\/aliceinwaterland.eu\/de\/wp-json\/wp\/v2\/types\/page"}],"author":[{"embeddable":true,"href":"https:\/\/aliceinwaterland.eu\/de\/wp-json\/wp\/v2\/users\/2"}],"replies":[{"embeddable":true,"href":"https:\/\/aliceinwaterland.eu\/de\/wp-json\/wp\/v2\/comments?post=5689"}],"version-history":[{"count":0,"href":"https:\/\/aliceinwaterland.eu\/de\/wp-json\/wp\/v2\/pages\/5689\/revisions"}],"wp:featuredmedia":[{"embeddable":true,"href":"https:\/\/aliceinwaterland.eu\/de\/wp-json\/wp\/v2\/media\/5138"}],"wp:attachment":[{"href":"https:\/\/aliceinwaterland.eu\/de\/wp-json\/wp\/v2\/media?parent=5689"}],"curies":[{"name":"wp","href":"https:\/\/api.w.org\/{rel}","templated":true}]}}