{"id":5682,"date":"2021-05-18T20:22:03","date_gmt":"2021-05-18T20:22:03","guid":{"rendered":"https:\/\/aliceinwaterland.eu\/weekend-in-barca\/"},"modified":"2026-01-12T16:22:18","modified_gmt":"2026-01-12T15:22:18","slug":"wochenende-auf-dem-segelboot","status":"publish","type":"page","link":"https:\/\/aliceinwaterland.eu\/de\/wochenende-auf-dem-segelboot\/","title":{"rendered":"WOCHENENDE AUF DEM SEGELBOOT"},"content":{"rendered":"\n\n\t<h1>3-DAY<strong> SAILING<\/strong><\/h1>\n<h3>\n\t\tReiseplan\n\t<\/h3>\n<h3>\n\t\tIZOLA &#8211; PIRAN &#8211; PORTORO\u017d &#8211; KOPER\n\t<\/h3>\n<h3>\n\t\tDrei Tage, um die slowenische K\u00fcste aus einem einzigartigen Blickwinkel zu entdecken!\n\t<\/h3>\n\t<ul>\n<li>Drei Tage lang k\u00f6nnen Sie <strong>in die Wunder der slowenischen K\u00fcste eintauchen, fernab von den Menschenmassen und der Hitze! <\/strong>Sanftes Segeln, atemberaubende Landschaften und der Komfort eines exklusiven Segelbootes, die <strong>perfekte Erfahrung auch f\u00fcr diejenigen, die noch nie auf einem Boot waren!<\/strong>Jeder Halt wird vom Kapit\u00e4n entschieden, um Ihre Sicherheit und ein pers\u00f6nliches Erlebnis zu gew\u00e4hrleisten, immer in Abh\u00e4ngigkeit vom Wetter und dem Meer.<br \/>\n<hr \/>\n<ul>\n<li><strong>Einschiffung in Izola um 14:00 Uhr <\/strong><strong>\u2192<\/strong><strong>Willkommen an Bord!!!<\/strong><\/li>\n<\/ul>\n<p>Ihr Abenteuer beginnt! Nachdem Sie Ihre Kabine ausgew\u00e4hlt haben, werden wir uns vorstellen und die Tour je nach Wetterlage planen. Der erste Halt wird die malerische <strong>Bele Skale<\/strong> sein, eine <strong>bezaubernde Bucht mit hohen wei\u00dfen Klippen<\/strong> und kristallklarem Wasser, ideal f\u00fcr ein erfrischendes Bad. \ud83c\udfd6\ufe0f<\/p>\n<ul>\n<li><strong>Portoro\u017e<\/strong><\/li>\n<\/ul>\n<p>Am Nachmittag segeln wir zur <strong>Bucht von San Bernardino<\/strong> und bewundern das Savudria-Vorgebirge und das sch\u00f6ne Piran. Halt in <strong>Portoro\u017e, dem lebhaften Touristenort mit <\/strong>Sloweniens <strong>einzigem Sandstrand <\/strong>, wo sich Spa\u00df und Entspannung perfekt verbinden. <strong>Zur\u00fcck an Bord, tauchen Sie ins Meer ein, genie\u00dfen Sie einen Aperitif und ein Abendessen unter dem Sternenhimmel.<\/strong><\/p>\n<ul>\n<li><strong>Koper<\/strong><\/li>\n<\/ul>\n<p>Am n\u00e4chsten Tag fahren wir nach <strong>Koper<\/strong>, einer bezaubernden Hafenstadt mit einer <strong>Altstadt im venezianischen Stil: Pal\u00e4ste, verwinkelte Gassen und versteckte G\u00e4rten laden zum Fotografieren ein.<\/strong> Kleine Caf\u00e9s und Kunsthandwerksl\u00e4den sorgen f\u00fcr das mediterrane Flair, das man nur in K\u00fcstenst\u00e4dten findet.<\/p>\n<ul>\n<li><strong>Piran<\/strong><\/li>\n<\/ul>\n<p>Am Abend fahren wir nach <strong>Piran<\/strong>,<strong> der meistbesuchten Stadt Sloweniens, der<\/strong> <strong>Perle der slowenischen K\u00fcste<\/strong>. Mit der imposanten St.-Georgs-Kathedrale, die die Halbinsel beherrscht, ist Piran ein Zauber von atemberaubender Eleganz und Sch\u00f6nheit. Die Restaurants am Meer und die kleinen Tavernen werden Ihnen ein unvergessliches kulinarisches Erlebnis bieten.<\/p>\n<ul>\n<li><strong>Strunjan-Nationalpark.<\/strong><\/li>\n<\/ul>\n<p>Am letzten Tag werden wir den<strong> Strunjan-Park<\/strong> erkunden: Hier verschmilzt die mediterrane Vegetation mit dem t\u00fcrkisfarbenen Wasser und schafft eine traumhafte Landschaft. Ein Mittagessen an Bord, inmitten dieser paradiesischen Umgebung, wird Ihnen ein entspannendes Erlebnis bescheren.<\/p>\n<ul>\n<li><strong>Ausschiffung um 16 Uhr in Izola <\/strong><strong>\u2192<\/strong><strong>bis zur n\u00e4chsten Fahrt!<\/strong><\/li>\n<\/ul>\n<p>&nbsp;<\/p>\n<hr \/>\nDie Fahrten zwischen den Zielorten dauern nicht l\u00e4nger als zwei Stunden und finden haupts\u00e4chlich an Land statt. F\u00fcr die Besatzung von Alice in Waterland <strong>ist die Sicherheit und das Wohlbefinden unserer G\u00e4ste an erster Stelle<\/strong>, der Zeitplan pr\u00e4sentiert ist indikativ und wird <strong>immer<\/strong> vom Wetter abh\u00e4ngig sein. Alle Entscheidungen in Bezug auf die Haltestellen und Navigation wird <strong>ausschlie\u00dflich<\/strong> durch den Kapit\u00e4n gemacht werden.<\/li>\n<\/ul>\n<h3>\n\t\t3 Tage \/ 2 N\u00e4chte\n\t<\/h3>\n\t\t\t\t<a href=\"https:\/\/aliceinwaterland.eu\/de\/sorgenfrei\/\" target=\"_self\" itemprop=\"url\">\n\t\t\t\t<img data-recalc-dims=\"1\" decoding=\"async\" data-src=\"https:\/\/i0.wp.com\/aliceinwaterland.eu\/wp-content\/uploads\/2021\/01\/carefree.png?resize=648%2C213&#038;ssl=1\" alt=\"carefree\" itemprop=\"image\" height=\"213\" width=\"648\" title=\"carefree\" onerror=\"this.style.display='none'\" src=\"data:image\/svg+xml;base64,PHN2ZyB3aWR0aD0iMSIgaGVpZ2h0PSIxIiB4bWxucz0iaHR0cDovL3d3dy53My5vcmcvMjAwMC9zdmciPjwvc3ZnPg==\" class=\"lazyload\" style=\"--smush-placeholder-width: 648px; --smush-placeholder-aspect-ratio: 648\/213;\" \/>\n\t\t\t\t<\/a>\n<h4>\n\t\tIZOLA &#8211; PIRAN &#8211; PORTOROZ &#8211; MIRAMARE- STRUNJAN- IZOLA\n\t<\/h4>\n\t<h4><strong>Maximale G\u00e4stezahl: 6 Erwachsene und 3 Kinder &#8211; siehe ANMERKUNGEN*.<\/strong><\/h4>\n<h4>Den G\u00e4sten stehen <strong>3 Kabinen<\/strong> mit Doppelbetten und <strong>privatem Bad<\/strong> zur Verf\u00fcgung.<\/h4>\n<h4>\n\t\tOrt der Abfahrt und Ankunft\n\t<\/h4>\n\t<p>Izola, Slowenien<\/p>\n<h4>\n\t\tEinchecken: TAG 1\n\t<\/h4>\n\t<p>14.00<\/p>\n<h4>\n\t\tCheck out: TAG 2\n\t<\/h4>\n\t<p>16.00<\/p>\n\t\t\t\t<table>\n\t\t\t\t\t<thead>\n\t\t\t\t\t\t\t\t\t\t\t\t\t\t<tr>\n\t\t\t\t\t\t\t\t\t\t\t\t\t\t\t<th rowspan=\"\" colspan=\"\">\n\t\t\t\t\t\t\t\t\t\t PERIOD \n\t\t\t\t\t\t\t\t\t\t\t\t\t\t\t\t\t<\/th> \n\t\t\t\t\t\t\t\t\t\t\t\t\t\t<th rowspan=\"\" colspan=\"\">\n\t\t\t\t\t\t\t\t\t\t EXKLUSIVES BOOT \n\t\t\t\t\t\t\t\t\t\t\t\t\t\t\t\t\t<\/th> \n\t\t\t\t\t\t\t\t\t\t\t\t\t\t<th rowspan=\"\" colspan=\"\">\n\t\t\t\t\t\t\t\t\t\t\t\t\t\t\t\t\t<label> \n\t\t\t\t\t\t\t\t\t\t<\/label><label> CABIN CHARTER* <\/label> \n\t\t\t\t\t\t\t\t\t\n\t\t\t\t\t\t\t\t\t\t\t\t\t\t\t\t\t<\/th> \n\t\t\t\t\t\t\t\t\t\t\t<\/tr><\/thead>\n\t\t\t\t\t<tbody>\n\t\t\t\t\t\t\t\t\t\t\t\t\t\t\t<tr> \n\t\t\t\t\t\t\t\t\t\t\t\t\t\t\t\t\t\t\t\t<td colspan=\"\" rowspan=\"\"> \n\t\t\t\t\t\t\t\t\t\t\t\t\t\t\t 01\/04\/2026 &#8211; 28\/05\/2026 \n\t\t\t\t\t\t\t\t\t\t\t\t\t\t\t\t\t\t\t\t\t\t\t\t<\/td>\n\t\t\t\t\t\t\t\t\t\t\t\t\t\t\t\t<td colspan=\"\" rowspan=\"\"> \n\t\t\t\t\t\t\t\t\t\t\t\t\t\t\t\t\t\t\t\t\t\t\t 2400\u20ac \n\t\t\t\t\t\t\t\t\t\t\t\t\t\t\t\t\t\t\t\t\t\t\t<\/td>\n\t\t\t\t\t\t\t\t\t\t\t\t\t\t\t\t<td colspan=\"\" rowspan=\"\"> \n\t\t\t\t\t\t\t\t\t\t\t\t\t\t\t\t\t\t\t\t\t\t\t 1000\u20ac \n\t\t\t\t\t\t\t\t\t\t\t\t\t\t\t\t\t\t\t\t\t\t\t<\/td>\n\t\t\t\t\t\t\t\t\t\t\t\t\t\t\t<\/tr><tr> \n\t\t\t\t\t\t\t\t\t\t\t\t\t\t\t\t\t\t\t\t<td colspan=\"\" rowspan=\"\"> \n\t\t\t\t\t\t\t\t\t\t\t\t\t\t\t 29\/05\/2026 &#8211; 13\/09\/2026 \n\t\t\t\t\t\t\t\t\t\t\t\t\t\t\t\t\t\t\t\t\t\t\t\t<\/td>\n\t\t\t\t\t\t\t\t\t\t\t\t\t\t\t\t<td colspan=\"\" rowspan=\"\"> \n\t\t\t\t\t\t\t\t\t\t\t\t\t\t\t\t\t\t\t\t\t\t\t 2500\u20ac \n\t\t\t\t\t\t\t\t\t\t\t\t\t\t\t\t\t\t\t\t\t\t\t<\/td>\n\t\t\t\t\t\t\t\t\t\t\t\t\t\t\t\t<td colspan=\"\" rowspan=\"\"> \n\t\t\t\t\t\t\t\t\t\t\t\t\t\t\t\t\t\t\t\t\t\t\t 1100\u20ac \n\t\t\t\t\t\t\t\t\t\t\t\t\t\t\t\t\t\t\t\t\t\t\t<\/td>\n\t\t\t\t\t\t\t\t\t\t\t<\/tr><\/tbody>\n\t\t\t\t<\/table>\n\t<h6>\n\t\tWas enthalten ist:\n\t<\/h6>\n\t<ul>\n<li>3 Tage\/2 N\u00e4chte Unterkunft in einer Doppelkabine mit eigenem Bad, Behandlung <a href=\"https:\/\/aliceinwaterland.eu\/de\/sorgenfrei\/\">Sorgenfrei<\/a>.<\/li>\n<li>2 Fr\u00fchst\u00fccke, 2 Mittagessen, 1 Abendessen. Die restliche Mahlzeit ist kostenlos.<\/li>\n<li>Wasser mit und ohne Kohlens\u00e4ure, Kaffee und Saft zum Fr\u00fchst\u00fcck.<\/li>\n<li>Die unter &#8222;Reiseroute und Programm&#8220; angegebenen Etappen k\u00f6nnen aufgrund des Wetters und\/oder ung\u00fcnstiger Segelbedingungen ge\u00e4ndert werden. Der Kapit\u00e4n beh\u00e4lt sich das Recht vor, die Tour im Interesse der Sicherheit aller zu \u00e4ndern!<\/li>\n<\/ul>\n<h6>\n\t\tWas NICHT enthalten ist\n\t<\/h6>\n\t<ul>\n<li>\u00a0Kurtaxe in Isola- 2,5\u20ac Erwachsene\/ 1,25\u20ac Kinder 7-18 Jahre (pro Nacht) <a href=\"https:\/\/www.visitizola.com\/novice\/sprememba-turisticne-takse-v-obcini-izola\">Weitere Informationen<\/a><\/li>\n<li>1 Mahlzeit ist frei, damit Sie die Gelegenheit haben, die istrische K\u00fcche kennenzulernen: reich an mediterranen Noten, schmackhaft und intensiv.<\/li>\n<li>Alkohol, Getr\u00e4nke und Kaffee nach Verbrauch, ein Bordmen\u00fc ist verf\u00fcgbar<\/li>\n<\/ul>\n<h6>\n\t\tAnmerkungen:\n\t<\/h6>\n\t<ul>\n<li>Es k\u00f6nnen maximal 6 Erwachsene und 3 Kinder an Bord genommen werden &#8211; in der gleichen Kabine wie die Passagiere.<\/li>\n<li>Garantierte Abfahrt bei Buchung von zwei Kabinen<\/li>\n<li>Kinder bis zu 4 Jahren sind kostenlos.<\/li>\n<li>Kinder von 5 bis 9 Jahren k\u00f6nnen bei ihren Eltern schlafen &#8211; Aufpreis 80\u20ac (40\u20ac\/Tag).<\/li>\n<li>Essen und\/oder Getr\u00e4nke sind an Bord nicht erlaubt.<\/li>\n<li>Tiere sind nicht erlaubt.<\/li>\n<li><em>Die unter &#8222;Reiseroute und Programm&#8220; angegebenen Etappen k\u00f6nnen aufgrund des Wetters und\/oder ung\u00fcnstiger Segelbedingungen ge\u00e4ndert werden. Der Kapit\u00e4n beh\u00e4lt sich das Recht vor, die Tour im Interesse der Sicherheit aller zu \u00e4ndern!<\/em><\/li>\n<\/ul>\n\t\t\t<a href=\"https:\/\/aliceinwaterland.eu\/de\/booking\/\" target=\"_self\"   role=\"button\" aria-label=\"JETZT BUCHEN\">\n\t\t\t\t\t\t\tJETZT BUCHEN\n\t\t<\/a>\n<h1>\n\t\tHABEN SIE FRAGEN? KONTAKTIEREN SIE UNS!\n\t<\/h1>\n\t\t\t<a href=\"tel:+38640463082\" target=\"_self\" role=\"button\">\n\t\t\t\t\t\t+386 40 463 082\n\t\t\t\t\t<\/a>\n\t\t\t<a href=\"tel:+393286365700\" target=\"_self\" role=\"button\">\n\t\t\t\t\t\t+39 328 6365 700\n\t\t\t\t\t<\/a>\n\t\t\t<a href=\"mailto:vacation@aliceinwaterland.eu\" target=\"_self\" role=\"button\">\n\t\t\t\t\t\tE-mail\n\t\t\t\t\t<\/a>\n<h2>\n\t\tTEILEN\n\t<\/h2>\n\t\t\t\t\t\t\t\t\t\t<a class= \"uabb-ss-grid-button-link\" href=\"https:\/\/www.facebook.com\/sharer.php?u=https%3A%2F%2Faliceinwaterland.eu%2Fde%2F%3Fpage_id%3D5682%26fl_builder\" target=\"_blank\" onclick=\"window.open(this.href,'social-share','left=20,top=20,width=500,height=500,toolbar=1,resizable=0');return false;\">\n\t\t\t\t\t\t\t\t\t\t<\/a>\n\t\t\t\t\t\t\t\t\t\t<a class= \"uabb-ss-grid-button-link\" href=\"https:\/\/api.whatsapp.com\/send?text=https%3A%2F%2Faliceinwaterland.eu%2Fde%2F%3Fpage_id%3D5682%26fl_builder\" target=\"_blank\" onclick=\"window.open(this.href,'social-share','left=20,top=20,width=500,height=500,toolbar=1,resizable=0');return false;\">\n\t\t\t\t\t\t\t\t\t\t<\/a>\n\t\t\t\t\t\t\t\t\t\t<a class= \"uabb-ss-grid-button-link\" href=\"https:\/\/www.linkedin.com\/shareArticle?url=https%3A%2F%2Faliceinwaterland.eu%2Fde%2F%3Fpage_id%3D5682%26fl_builder\" target=\"_blank\" onclick=\"window.open(this.href,'social-share','left=20,top=20,width=500,height=500,toolbar=1,resizable=0');return false;\">\n\t\t\t\t\t\t\t\t\t\t<\/a>\n\t\t\t\t\t\t\t\t\t\t<a class= \"uabb-ss-grid-button-link\" href=\"https:\/\/twitter.com\/share?url=https%3A%2F%2Faliceinwaterland.eu%2Fde%2F%3Fpage_id%3D5682%26fl_builder\" target=\"_blank\" onclick=\"window.open(this.href,'social-share','left=20,top=20,width=500,height=500,toolbar=1,resizable=0');return false;\">\n\t\t\t\t\t\t\t\t\t\t<\/a>\n\n","protected":false},"excerpt":{"rendered":"<p>3-DAY SAILING Reiseplan IZOLA &#8211; PIRAN &#8211; PORTORO\u017d &#8211; KOPER Drei Tage, um die slowenische K\u00fcste aus einem einzigartigen Blickwinkel zu entdecken! Drei Tage lang k\u00f6nnen Sie in die Wunder der slowenischen K\u00fcste eintauchen, fernab von den Menschenmassen und der Hitze! Sanftes Segeln, atemberaubende Landschaften und der Komfort eines exklusiven Segelbootes, die perfekte Erfahrung auch &hellip;<\/p>\n<p class=\"read-more\"> <a class=\"\" href=\"https:\/\/aliceinwaterland.eu\/de\/wochenende-auf-dem-segelboot\/\"> <span class=\"screen-reader-text\">WOCHENENDE AUF DEM SEGELBOOT<\/span> Read More \u00bb<\/a><\/p>\n","protected":false},"author":1,"featured_media":5252,"parent":0,"menu_order":2,"comment_status":"closed","ping_status":"closed","template":"","meta":{"_eb_attr":"","site-sidebar-layout":"no-sidebar","site-content-layout":"page-builder","ast-global-header-display":"","ast-main-header-display":"","ast-hfb-above-header-display":"","ast-hfb-below-header-display":"","ast-hfb-mobile-header-display":"","site-post-title":"disabled","ast-breadcrumbs-content":"","ast-featured-img":"disabled","footer-sml-layout":"","theme-transparent-header-meta":"default","adv-header-id-meta":"","stick-header-meta":"default","header-above-stick-meta":"","header-main-stick-meta":"","header-below-stick-meta":"","_themeisle_gutenberg_block_has_review":false,"footnotes":""},"class_list":["post-5682","page","type-page","status-publish","has-post-thumbnail","hentry"],"yoast_head":"<!-- This site is optimized with the Yoast SEO Premium plugin v20.3 (Yoast SEO v26.7) - https:\/\/yoast.com\/wordpress\/plugins\/seo\/ -->\n<title>WOCHENENDE AUF DEM SEGELBOOT | Alice in Waterland<\/title>\n<meta name=\"description\" content=\"Segelwochenende entlang der slowenischen K\u00fcste und Schloss Miramare.\" \/>\n<meta name=\"robots\" content=\"index, follow, max-snippet:-1, max-image-preview:large, max-video-preview:-1\" \/>\n<link rel=\"canonical\" href=\"https:\/\/aliceinwaterland.eu\/de\/wochenende-auf-dem-segelboot\/\" \/>\n<meta property=\"og:locale\" content=\"de_DE\" \/>\n<meta property=\"og:type\" content=\"article\" \/>\n<meta property=\"og:title\" content=\"WOCHENENDE AUF DEM SEGELBOOT\" \/>\n<meta property=\"og:description\" content=\"Segelwochenende entlang der slowenischen K\u00fcste und Schloss Miramare.\" \/>\n<meta property=\"og:url\" content=\"https:\/\/aliceinwaterland.eu\/de\/wochenende-auf-dem-segelboot\/\" \/>\n<meta property=\"og:site_name\" content=\"Alice in Waterland\" \/>\n<meta property=\"article:publisher\" content=\"https:\/\/www.facebook.com\/aliceinwaterlandboat\" \/>\n<meta property=\"article:modified_time\" content=\"2026-01-12T15:22:18+00:00\" \/>\n<meta property=\"og:image\" content=\"https:\/\/i0.wp.com\/aliceinwaterland.eu\/wp-content\/uploads\/2023\/01\/castello-miramare.jpg?fit=1500%2C1000&ssl=1\" \/>\n\t<meta property=\"og:image:width\" content=\"1500\" \/>\n\t<meta property=\"og:image:height\" content=\"1000\" \/>\n\t<meta property=\"og:image:type\" content=\"image\/jpeg\" \/>\n<meta name=\"twitter:card\" content=\"summary_large_image\" \/>\n<meta name=\"twitter:site\" content=\"@aliceinwtrland\" \/>\n<meta name=\"twitter:label1\" content=\"Gesch\u00e4tzte Lesezeit\" \/>\n\t<meta name=\"twitter:data1\" content=\"5\u00a0Minuten\" \/>\n<script type=\"application\/ld+json\" class=\"yoast-schema-graph\">{\"@context\":\"https:\/\/schema.org\",\"@graph\":[{\"@type\":\"WebPage\",\"@id\":\"https:\/\/aliceinwaterland.eu\/de\/wochenende-auf-dem-segelboot\/\",\"url\":\"https:\/\/aliceinwaterland.eu\/de\/wochenende-auf-dem-segelboot\/\",\"name\":\"WOCHENENDE AUF DEM SEGELBOOT | Alice in Waterland\",\"isPartOf\":{\"@id\":\"https:\/\/aliceinwaterland.eu\/#website\"},\"primaryImageOfPage\":{\"@id\":\"https:\/\/aliceinwaterland.eu\/de\/wochenende-auf-dem-segelboot\/#primaryimage\"},\"image\":{\"@id\":\"https:\/\/aliceinwaterland.eu\/de\/wochenende-auf-dem-segelboot\/#primaryimage\"},\"thumbnailUrl\":\"https:\/\/i0.wp.com\/aliceinwaterland.eu\/wp-content\/uploads\/2023\/01\/castello-miramare.jpg?fit=1500%2C1000&ssl=1\",\"datePublished\":\"2021-05-18T20:22:03+00:00\",\"dateModified\":\"2026-01-12T15:22:18+00:00\",\"description\":\"Segelwochenende entlang der slowenischen K\u00fcste und Schloss Miramare.\",\"breadcrumb\":{\"@id\":\"https:\/\/aliceinwaterland.eu\/de\/wochenende-auf-dem-segelboot\/#breadcrumb\"},\"inLanguage\":\"de\",\"potentialAction\":[{\"@type\":\"ReadAction\",\"target\":[\"https:\/\/aliceinwaterland.eu\/de\/wochenende-auf-dem-segelboot\/\"]}]},{\"@type\":\"ImageObject\",\"inLanguage\":\"de\",\"@id\":\"https:\/\/aliceinwaterland.eu\/de\/wochenende-auf-dem-segelboot\/#primaryimage\",\"url\":\"https:\/\/i0.wp.com\/aliceinwaterland.eu\/wp-content\/uploads\/2023\/01\/castello-miramare.jpg?fit=1500%2C1000&ssl=1\",\"contentUrl\":\"https:\/\/i0.wp.com\/aliceinwaterland.eu\/wp-content\/uploads\/2023\/01\/castello-miramare.jpg?fit=1500%2C1000&ssl=1\",\"width\":1500,\"height\":1000},{\"@type\":\"BreadcrumbList\",\"@id\":\"https:\/\/aliceinwaterland.eu\/de\/wochenende-auf-dem-segelboot\/#breadcrumb\",\"itemListElement\":[{\"@type\":\"ListItem\",\"position\":1,\"name\":\"Home\",\"item\":\"https:\/\/aliceinwaterland.eu\/de\/\"},{\"@type\":\"ListItem\",\"position\":2,\"name\":\"WOCHENENDE AUF DEM SEGELBOOT\"}]},{\"@type\":\"WebSite\",\"@id\":\"https:\/\/aliceinwaterland.eu\/#website\",\"url\":\"https:\/\/aliceinwaterland.eu\/\",\"name\":\"Alice in Waterland\",\"description\":\"Unique family vacation\",\"publisher\":{\"@id\":\"https:\/\/aliceinwaterland.eu\/#organization\"},\"potentialAction\":[{\"@type\":\"SearchAction\",\"target\":{\"@type\":\"EntryPoint\",\"urlTemplate\":\"https:\/\/aliceinwaterland.eu\/?s={search_term_string}\"},\"query-input\":{\"@type\":\"PropertyValueSpecification\",\"valueRequired\":true,\"valueName\":\"search_term_string\"}}],\"inLanguage\":\"de\"},{\"@type\":\"Organization\",\"@id\":\"https:\/\/aliceinwaterland.eu\/#organization\",\"name\":\"POMORSTVO IN TURIZEM Damjan Ro\u017enik s.p.\",\"url\":\"https:\/\/aliceinwaterland.eu\/\",\"logo\":{\"@type\":\"ImageObject\",\"inLanguage\":\"de\",\"@id\":\"https:\/\/aliceinwaterland.eu\/#\/schema\/logo\/image\/\",\"url\":\"https:\/\/aliceinwaterland.eu\/wp-content\/uploads\/2023\/06\/AiW-Logo.jpg\",\"contentUrl\":\"https:\/\/aliceinwaterland.eu\/wp-content\/uploads\/2023\/06\/AiW-Logo.jpg\",\"width\":600,\"height\":600,\"caption\":\"POMORSTVO IN TURIZEM Damjan Ro\u017enik s.p.\"},\"image\":{\"@id\":\"https:\/\/aliceinwaterland.eu\/#\/schema\/logo\/image\/\"},\"sameAs\":[\"https:\/\/www.facebook.com\/aliceinwaterlandboat\",\"https:\/\/x.com\/aliceinwtrland\",\"https:\/\/www.instagram.com\/aliceinwaterlandboat\"]}]}<\/script>\n<!-- \/ Yoast SEO Premium plugin. -->","yoast_head_json":{"title":"WOCHENENDE AUF DEM SEGELBOOT | Alice in Waterland","description":"Segelwochenende entlang der slowenischen K\u00fcste und Schloss Miramare.","robots":{"index":"index","follow":"follow","max-snippet":"max-snippet:-1","max-image-preview":"max-image-preview:large","max-video-preview":"max-video-preview:-1"},"canonical":"https:\/\/aliceinwaterland.eu\/de\/wochenende-auf-dem-segelboot\/","og_locale":"de_DE","og_type":"article","og_title":"WOCHENENDE AUF DEM SEGELBOOT","og_description":"Segelwochenende entlang der slowenischen K\u00fcste und Schloss Miramare.","og_url":"https:\/\/aliceinwaterland.eu\/de\/wochenende-auf-dem-segelboot\/","og_site_name":"Alice in Waterland","article_publisher":"https:\/\/www.facebook.com\/aliceinwaterlandboat","article_modified_time":"2026-01-12T15:22:18+00:00","og_image":[{"width":1500,"height":1000,"url":"https:\/\/i0.wp.com\/aliceinwaterland.eu\/wp-content\/uploads\/2023\/01\/castello-miramare.jpg?fit=1500%2C1000&ssl=1","type":"image\/jpeg"}],"twitter_card":"summary_large_image","twitter_site":"@aliceinwtrland","twitter_misc":{"Gesch\u00e4tzte Lesezeit":"5\u00a0Minuten"},"schema":{"@context":"https:\/\/schema.org","@graph":[{"@type":"WebPage","@id":"https:\/\/aliceinwaterland.eu\/de\/wochenende-auf-dem-segelboot\/","url":"https:\/\/aliceinwaterland.eu\/de\/wochenende-auf-dem-segelboot\/","name":"WOCHENENDE AUF DEM SEGELBOOT | Alice in Waterland","isPartOf":{"@id":"https:\/\/aliceinwaterland.eu\/#website"},"primaryImageOfPage":{"@id":"https:\/\/aliceinwaterland.eu\/de\/wochenende-auf-dem-segelboot\/#primaryimage"},"image":{"@id":"https:\/\/aliceinwaterland.eu\/de\/wochenende-auf-dem-segelboot\/#primaryimage"},"thumbnailUrl":"https:\/\/i0.wp.com\/aliceinwaterland.eu\/wp-content\/uploads\/2023\/01\/castello-miramare.jpg?fit=1500%2C1000&ssl=1","datePublished":"2021-05-18T20:22:03+00:00","dateModified":"2026-01-12T15:22:18+00:00","description":"Segelwochenende entlang der slowenischen K\u00fcste und Schloss Miramare.","breadcrumb":{"@id":"https:\/\/aliceinwaterland.eu\/de\/wochenende-auf-dem-segelboot\/#breadcrumb"},"inLanguage":"de","potentialAction":[{"@type":"ReadAction","target":["https:\/\/aliceinwaterland.eu\/de\/wochenende-auf-dem-segelboot\/"]}]},{"@type":"ImageObject","inLanguage":"de","@id":"https:\/\/aliceinwaterland.eu\/de\/wochenende-auf-dem-segelboot\/#primaryimage","url":"https:\/\/i0.wp.com\/aliceinwaterland.eu\/wp-content\/uploads\/2023\/01\/castello-miramare.jpg?fit=1500%2C1000&ssl=1","contentUrl":"https:\/\/i0.wp.com\/aliceinwaterland.eu\/wp-content\/uploads\/2023\/01\/castello-miramare.jpg?fit=1500%2C1000&ssl=1","width":1500,"height":1000},{"@type":"BreadcrumbList","@id":"https:\/\/aliceinwaterland.eu\/de\/wochenende-auf-dem-segelboot\/#breadcrumb","itemListElement":[{"@type":"ListItem","position":1,"name":"Home","item":"https:\/\/aliceinwaterland.eu\/de\/"},{"@type":"ListItem","position":2,"name":"WOCHENENDE AUF DEM SEGELBOOT"}]},{"@type":"WebSite","@id":"https:\/\/aliceinwaterland.eu\/#website","url":"https:\/\/aliceinwaterland.eu\/","name":"Alice in Waterland","description":"Unique family vacation","publisher":{"@id":"https:\/\/aliceinwaterland.eu\/#organization"},"potentialAction":[{"@type":"SearchAction","target":{"@type":"EntryPoint","urlTemplate":"https:\/\/aliceinwaterland.eu\/?s={search_term_string}"},"query-input":{"@type":"PropertyValueSpecification","valueRequired":true,"valueName":"search_term_string"}}],"inLanguage":"de"},{"@type":"Organization","@id":"https:\/\/aliceinwaterland.eu\/#organization","name":"POMORSTVO IN TURIZEM Damjan Ro\u017enik s.p.","url":"https:\/\/aliceinwaterland.eu\/","logo":{"@type":"ImageObject","inLanguage":"de","@id":"https:\/\/aliceinwaterland.eu\/#\/schema\/logo\/image\/","url":"https:\/\/aliceinwaterland.eu\/wp-content\/uploads\/2023\/06\/AiW-Logo.jpg","contentUrl":"https:\/\/aliceinwaterland.eu\/wp-content\/uploads\/2023\/06\/AiW-Logo.jpg","width":600,"height":600,"caption":"POMORSTVO IN TURIZEM Damjan Ro\u017enik s.p."},"image":{"@id":"https:\/\/aliceinwaterland.eu\/#\/schema\/logo\/image\/"},"sameAs":["https:\/\/www.facebook.com\/aliceinwaterlandboat","https:\/\/x.com\/aliceinwtrland","https:\/\/www.instagram.com\/aliceinwaterlandboat"]}]}},"jetpack_sharing_enabled":true,"_links":{"self":[{"href":"https:\/\/aliceinwaterland.eu\/de\/wp-json\/wp\/v2\/pages\/5682","targetHints":{"allow":["GET"]}}],"collection":[{"href":"https:\/\/aliceinwaterland.eu\/de\/wp-json\/wp\/v2\/pages"}],"about":[{"href":"https:\/\/aliceinwaterland.eu\/de\/wp-json\/wp\/v2\/types\/page"}],"author":[{"embeddable":true,"href":"https:\/\/aliceinwaterland.eu\/de\/wp-json\/wp\/v2\/users\/1"}],"replies":[{"embeddable":true,"href":"https:\/\/aliceinwaterland.eu\/de\/wp-json\/wp\/v2\/comments?post=5682"}],"version-history":[{"count":0,"href":"https:\/\/aliceinwaterland.eu\/de\/wp-json\/wp\/v2\/pages\/5682\/revisions"}],"wp:featuredmedia":[{"embeddable":true,"href":"https:\/\/aliceinwaterland.eu\/de\/wp-json\/wp\/v2\/media\/5252"}],"wp:attachment":[{"href":"https:\/\/aliceinwaterland.eu\/de\/wp-json\/wp\/v2\/media?parent=5682"}],"curies":[{"name":"wp","href":"https:\/\/api.w.org\/{rel}","templated":true}]}}