{"id":5566,"date":"2020-09-26T13:06:45","date_gmt":"2020-09-26T13:06:45","guid":{"rendered":"https:\/\/aliceinwaterland.eu\/meteo\/"},"modified":"2023-11-20T14:04:13","modified_gmt":"2023-11-20T13:04:13","slug":"wetter","status":"publish","type":"page","link":"https:\/\/aliceinwaterland.eu\/de\/wetter\/","title":{"rendered":"Wetter"},"content":{"rendered":"\n<h1>\n\t\tWETTER\n\t<\/h1>\n\tSicheres Navigieren ist f\u00fcr uns entscheidend.<br \/>\nWir \u00fcberpr\u00fcfen st\u00e4ndig synoptische Karten und Wettervorhersagen. Wir planen unsere T\u00f6rns und Ihren Urlaub im Voraus.<br \/>\nDie Kan\u00e4le, die wir nutzen, sind vielf\u00e4ltig, vom Navigator&#8217;s Bulletin bis zu den Vorhersagen der Luftwaffe, sowie verschiedene Apps, die von Skippern h\u00e4ufig genutzt werden, wie Windy und Windfinder.\nAufgrund unserer langj\u00e4hrigen Segelt\u00e4tigkeit haben wir gelernt, vorsichtig zu sein und den richtigen Moment abzuwarten, um eine Bucht zu verlassen oder ein neues Ziel anzusteuern.<br \/>\nEin paar Stunden Wartezeit k\u00f6nnen raue See, m\u00f6gliche Unannehmlichkeiten und Unannehmlichkeiten vermeiden.\n<p>Jede Entscheidung, die wir treffen, ist wohl\u00fcberlegt und kalkuliert, damit Sie einen wundersch\u00f6nen Urlaub in v\u00f6lliger Entspannung verbringen und vor allem unn\u00f6tige Risiken vermeiden k\u00f6nnen!<\/p>\n<p>Im Laufe der Jahre auf See hatten wir oft Diskussionen mit G\u00e4sten und Eignern \u00fcber das Wetter, und leider waren nicht alle getroffenen Entscheidungen optimal. Sie m\u00fcssen dem Kapit\u00e4n und Ihrer Crew vertrauen, und wir garantieren, dass alle unsere Entscheidungen in voller Kenntnis der Sachlage und immer mit dem Ziel getroffen werden, Ihnen zu helfen, sich zu entspannen und Ihre Erfahrung auf unserem Segelboot voll zu genie\u00dfen.<\/p>\n<p>Das Plugin unten stammt von Windy, einer der Apps, die wir f\u00fcr das Wetter verwenden und die sehr gut geeignet ist, um eingehende St\u00f6rungen und den allgemeinen Trend \u00fcber dem Mittelmeer zu verstehen.<\/p>\n\t<iframe width=\"100%\" height=\"600\" data-src=\"https:\/\/embed.windy.com\/embed2.html?lat=44.057&#038;lon=12.565&#038;detailLat=44.057&#038;detailLon=12.565&#038;width=800&#038;height=500&#038;zoom=5&#038;level=surface&#038;overlay=wind&#038;product=ecmwf&#038;menu=&#038;message=&#038;marker=&#038;calendar=now&#038;pressure=&#038;type=map&#038;location=coordinates&#038;detail=&#038;metricWind=default&#038;metricTemp=default&#038;radarRange=-1\" frameborder=\"0\" src=\"data:image\/svg+xml;base64,PHN2ZyB3aWR0aD0iMSIgaGVpZ2h0PSIxIiB4bWxucz0iaHR0cDovL3d3dy53My5vcmcvMjAwMC9zdmciPjwvc3ZnPg==\" class=\"lazyload\" data-load-mode=\"1\"><\/iframe>\n\n","protected":false},"excerpt":{"rendered":"<p>WETTER Sicheres Navigieren ist f\u00fcr uns entscheidend. Wir \u00fcberpr\u00fcfen st\u00e4ndig synoptische Karten und Wettervorhersagen. Wir planen unsere T\u00f6rns und Ihren Urlaub im Voraus. Die Kan\u00e4le, die wir nutzen, sind vielf\u00e4ltig, vom Navigator&#8217;s Bulletin bis zu den Vorhersagen der Luftwaffe, sowie verschiedene Apps, die von Skippern h\u00e4ufig genutzt werden, wie Windy und Windfinder. Aufgrund unserer langj\u00e4hrigen &hellip;<\/p>\n<p class=\"read-more\"> <a class=\"\" href=\"https:\/\/aliceinwaterland.eu\/de\/wetter\/\"> <span class=\"screen-reader-text\">Wetter<\/span> Read More \u00bb<\/a><\/p>\n","protected":false},"author":2,"featured_media":0,"parent":0,"menu_order":0,"comment_status":"closed","ping_status":"closed","template":"","meta":{"_eb_attr":"","site-sidebar-layout":"no-sidebar","site-content-layout":"page-builder","ast-global-header-display":"","ast-main-header-display":"","ast-hfb-above-header-display":"","ast-hfb-below-header-display":"","ast-hfb-mobile-header-display":"","site-post-title":"disabled","ast-breadcrumbs-content":"","ast-featured-img":"disabled","footer-sml-layout":"","theme-transparent-header-meta":"default","adv-header-id-meta":"","stick-header-meta":"default","header-above-stick-meta":"","header-main-stick-meta":"","header-below-stick-meta":"","_themeisle_gutenberg_block_has_review":false,"footnotes":""},"class_list":["post-5566","page","type-page","status-publish","hentry"],"yoast_head":"<!-- This site is optimized with the Yoast SEO Premium plugin v20.3 (Yoast SEO v26.7) - https:\/\/yoast.com\/wordpress\/plugins\/seo\/ -->\n<title>Wetter | Alice in Waterland<\/title>\n<meta name=\"robots\" content=\"index, follow, max-snippet:-1, max-image-preview:large, max-video-preview:-1\" \/>\n<link rel=\"canonical\" href=\"https:\/\/aliceinwaterland.eu\/de\/wetter\/\" \/>\n<meta property=\"og:locale\" content=\"de_DE\" \/>\n<meta property=\"og:type\" content=\"article\" \/>\n<meta property=\"og:title\" content=\"Wetter\" \/>\n<meta property=\"og:description\" content=\"WETTER Sicheres Navigieren ist f\u00fcr uns entscheidend. Wir \u00fcberpr\u00fcfen st\u00e4ndig synoptische Karten und Wettervorhersagen. Wir planen unsere T\u00f6rns und Ihren Urlaub im Voraus. Die Kan\u00e4le, die wir nutzen, sind vielf\u00e4ltig, vom Navigator&#8217;s Bulletin bis zu den Vorhersagen der Luftwaffe, sowie verschiedene Apps, die von Skippern h\u00e4ufig genutzt werden, wie Windy und Windfinder. Aufgrund unserer langj\u00e4hrigen &hellip; Wetter Read More \u00bb\" \/>\n<meta property=\"og:url\" content=\"https:\/\/aliceinwaterland.eu\/de\/wetter\/\" \/>\n<meta property=\"og:site_name\" content=\"Alice in Waterland\" \/>\n<meta property=\"article:publisher\" content=\"https:\/\/www.facebook.com\/aliceinwaterlandboat\" \/>\n<meta property=\"article:modified_time\" content=\"2023-11-20T13:04:13+00:00\" \/>\n<meta property=\"og:image\" content=\"https:\/\/i0.wp.com\/aliceinwaterland.eu\/wp-content\/uploads\/2023\/05\/Dream-week.jpg?fit=1500%2C1000&ssl=1\" \/>\n\t<meta property=\"og:image:width\" content=\"1500\" \/>\n\t<meta property=\"og:image:height\" content=\"1000\" \/>\n\t<meta property=\"og:image:type\" content=\"image\/jpeg\" \/>\n<meta name=\"twitter:card\" content=\"summary_large_image\" \/>\n<meta name=\"twitter:site\" content=\"@aliceinwtrland\" \/>\n<meta name=\"twitter:label1\" content=\"Gesch\u00e4tzte Lesezeit\" \/>\n\t<meta name=\"twitter:data1\" content=\"1\u00a0Minute\" \/>\n<script type=\"application\/ld+json\" class=\"yoast-schema-graph\">{\"@context\":\"https:\/\/schema.org\",\"@graph\":[{\"@type\":\"WebPage\",\"@id\":\"https:\/\/aliceinwaterland.eu\/de\/wetter\/\",\"url\":\"https:\/\/aliceinwaterland.eu\/de\/wetter\/\",\"name\":\"Wetter | Alice in Waterland\",\"isPartOf\":{\"@id\":\"https:\/\/aliceinwaterland.eu\/#website\"},\"datePublished\":\"2020-09-26T13:06:45+00:00\",\"dateModified\":\"2023-11-20T13:04:13+00:00\",\"breadcrumb\":{\"@id\":\"https:\/\/aliceinwaterland.eu\/de\/wetter\/#breadcrumb\"},\"inLanguage\":\"de\",\"potentialAction\":[{\"@type\":\"ReadAction\",\"target\":[\"https:\/\/aliceinwaterland.eu\/de\/wetter\/\"]}]},{\"@type\":\"BreadcrumbList\",\"@id\":\"https:\/\/aliceinwaterland.eu\/de\/wetter\/#breadcrumb\",\"itemListElement\":[{\"@type\":\"ListItem\",\"position\":1,\"name\":\"Home\",\"item\":\"https:\/\/aliceinwaterland.eu\/de\/\"},{\"@type\":\"ListItem\",\"position\":2,\"name\":\"Wetter\"}]},{\"@type\":\"WebSite\",\"@id\":\"https:\/\/aliceinwaterland.eu\/#website\",\"url\":\"https:\/\/aliceinwaterland.eu\/\",\"name\":\"Alice in Waterland\",\"description\":\"Unique family vacation\",\"publisher\":{\"@id\":\"https:\/\/aliceinwaterland.eu\/#organization\"},\"potentialAction\":[{\"@type\":\"SearchAction\",\"target\":{\"@type\":\"EntryPoint\",\"urlTemplate\":\"https:\/\/aliceinwaterland.eu\/?s={search_term_string}\"},\"query-input\":{\"@type\":\"PropertyValueSpecification\",\"valueRequired\":true,\"valueName\":\"search_term_string\"}}],\"inLanguage\":\"de\"},{\"@type\":\"Organization\",\"@id\":\"https:\/\/aliceinwaterland.eu\/#organization\",\"name\":\"POMORSTVO IN TURIZEM Damjan Ro\u017enik s.p.\",\"url\":\"https:\/\/aliceinwaterland.eu\/\",\"logo\":{\"@type\":\"ImageObject\",\"inLanguage\":\"de\",\"@id\":\"https:\/\/aliceinwaterland.eu\/#\/schema\/logo\/image\/\",\"url\":\"https:\/\/aliceinwaterland.eu\/wp-content\/uploads\/2023\/06\/AiW-Logo.jpg\",\"contentUrl\":\"https:\/\/aliceinwaterland.eu\/wp-content\/uploads\/2023\/06\/AiW-Logo.jpg\",\"width\":600,\"height\":600,\"caption\":\"POMORSTVO IN TURIZEM Damjan Ro\u017enik s.p.\"},\"image\":{\"@id\":\"https:\/\/aliceinwaterland.eu\/#\/schema\/logo\/image\/\"},\"sameAs\":[\"https:\/\/www.facebook.com\/aliceinwaterlandboat\",\"https:\/\/x.com\/aliceinwtrland\",\"https:\/\/www.instagram.com\/aliceinwaterlandboat\"]}]}<\/script>\n<!-- \/ Yoast SEO Premium plugin. -->","yoast_head_json":{"title":"Wetter | Alice in Waterland","robots":{"index":"index","follow":"follow","max-snippet":"max-snippet:-1","max-image-preview":"max-image-preview:large","max-video-preview":"max-video-preview:-1"},"canonical":"https:\/\/aliceinwaterland.eu\/de\/wetter\/","og_locale":"de_DE","og_type":"article","og_title":"Wetter","og_description":"WETTER Sicheres Navigieren ist f\u00fcr uns entscheidend. Wir \u00fcberpr\u00fcfen st\u00e4ndig synoptische Karten und Wettervorhersagen. Wir planen unsere T\u00f6rns und Ihren Urlaub im Voraus. Die Kan\u00e4le, die wir nutzen, sind vielf\u00e4ltig, vom Navigator&#8217;s Bulletin bis zu den Vorhersagen der Luftwaffe, sowie verschiedene Apps, die von Skippern h\u00e4ufig genutzt werden, wie Windy und Windfinder. Aufgrund unserer langj\u00e4hrigen &hellip; Wetter Read More \u00bb","og_url":"https:\/\/aliceinwaterland.eu\/de\/wetter\/","og_site_name":"Alice in Waterland","article_publisher":"https:\/\/www.facebook.com\/aliceinwaterlandboat","article_modified_time":"2023-11-20T13:04:13+00:00","og_image":[{"width":1500,"height":1000,"url":"https:\/\/i0.wp.com\/aliceinwaterland.eu\/wp-content\/uploads\/2023\/05\/Dream-week.jpg?fit=1500%2C1000&ssl=1","type":"image\/jpeg"}],"twitter_card":"summary_large_image","twitter_site":"@aliceinwtrland","twitter_misc":{"Gesch\u00e4tzte Lesezeit":"1\u00a0Minute"},"schema":{"@context":"https:\/\/schema.org","@graph":[{"@type":"WebPage","@id":"https:\/\/aliceinwaterland.eu\/de\/wetter\/","url":"https:\/\/aliceinwaterland.eu\/de\/wetter\/","name":"Wetter | Alice in Waterland","isPartOf":{"@id":"https:\/\/aliceinwaterland.eu\/#website"},"datePublished":"2020-09-26T13:06:45+00:00","dateModified":"2023-11-20T13:04:13+00:00","breadcrumb":{"@id":"https:\/\/aliceinwaterland.eu\/de\/wetter\/#breadcrumb"},"inLanguage":"de","potentialAction":[{"@type":"ReadAction","target":["https:\/\/aliceinwaterland.eu\/de\/wetter\/"]}]},{"@type":"BreadcrumbList","@id":"https:\/\/aliceinwaterland.eu\/de\/wetter\/#breadcrumb","itemListElement":[{"@type":"ListItem","position":1,"name":"Home","item":"https:\/\/aliceinwaterland.eu\/de\/"},{"@type":"ListItem","position":2,"name":"Wetter"}]},{"@type":"WebSite","@id":"https:\/\/aliceinwaterland.eu\/#website","url":"https:\/\/aliceinwaterland.eu\/","name":"Alice in Waterland","description":"Unique family vacation","publisher":{"@id":"https:\/\/aliceinwaterland.eu\/#organization"},"potentialAction":[{"@type":"SearchAction","target":{"@type":"EntryPoint","urlTemplate":"https:\/\/aliceinwaterland.eu\/?s={search_term_string}"},"query-input":{"@type":"PropertyValueSpecification","valueRequired":true,"valueName":"search_term_string"}}],"inLanguage":"de"},{"@type":"Organization","@id":"https:\/\/aliceinwaterland.eu\/#organization","name":"POMORSTVO IN TURIZEM Damjan Ro\u017enik s.p.","url":"https:\/\/aliceinwaterland.eu\/","logo":{"@type":"ImageObject","inLanguage":"de","@id":"https:\/\/aliceinwaterland.eu\/#\/schema\/logo\/image\/","url":"https:\/\/aliceinwaterland.eu\/wp-content\/uploads\/2023\/06\/AiW-Logo.jpg","contentUrl":"https:\/\/aliceinwaterland.eu\/wp-content\/uploads\/2023\/06\/AiW-Logo.jpg","width":600,"height":600,"caption":"POMORSTVO IN TURIZEM Damjan Ro\u017enik s.p."},"image":{"@id":"https:\/\/aliceinwaterland.eu\/#\/schema\/logo\/image\/"},"sameAs":["https:\/\/www.facebook.com\/aliceinwaterlandboat","https:\/\/x.com\/aliceinwtrland","https:\/\/www.instagram.com\/aliceinwaterlandboat"]}]}},"jetpack_sharing_enabled":true,"_links":{"self":[{"href":"https:\/\/aliceinwaterland.eu\/de\/wp-json\/wp\/v2\/pages\/5566","targetHints":{"allow":["GET"]}}],"collection":[{"href":"https:\/\/aliceinwaterland.eu\/de\/wp-json\/wp\/v2\/pages"}],"about":[{"href":"https:\/\/aliceinwaterland.eu\/de\/wp-json\/wp\/v2\/types\/page"}],"author":[{"embeddable":true,"href":"https:\/\/aliceinwaterland.eu\/de\/wp-json\/wp\/v2\/users\/2"}],"replies":[{"embeddable":true,"href":"https:\/\/aliceinwaterland.eu\/de\/wp-json\/wp\/v2\/comments?post=5566"}],"version-history":[{"count":0,"href":"https:\/\/aliceinwaterland.eu\/de\/wp-json\/wp\/v2\/pages\/5566\/revisions"}],"wp:attachment":[{"href":"https:\/\/aliceinwaterland.eu\/de\/wp-json\/wp\/v2\/media?parent=5566"}],"curies":[{"name":"wp","href":"https:\/\/api.w.org\/{rel}","templated":true}]}}