{"id":5558,"date":"2020-08-12T14:30:19","date_gmt":"2020-08-12T14:30:19","guid":{"rendered":"https:\/\/aliceinwaterland.eu\/domande-frequenti\/"},"modified":"2023-11-20T12:33:53","modified_gmt":"2023-11-20T11:33:53","slug":"haufig-gestellte-fragen","status":"publish","type":"page","link":"https:\/\/aliceinwaterland.eu\/de\/haufig-gestellte-fragen\/","title":{"rendered":"H\u00e4ufig gestellte Fragen"},"content":{"rendered":"\n<h1>\n\t\tDiario di bordo\n\t<\/h1>\n\t\t\t\t\t\t\t\t\t\t<h6 tabindex=\"0\">Was sollte ich mitbringen?<\/h6>\n\t\t\t\t\t<p>Ein Segelurlaub ist gleichbedeutend mit Freiheit, und deshalb reist man mit leichtem Gep\u00e4ck.<br \/>Ein paar wesentliche Dinge reichen f\u00fcr eine Woche.<\/p>\n<p>Wir empfehlen die Einnahme:<\/p>\n<ul>\n<li>eine leichte Windjacke<\/li>\n<li>ein Paar Kost\u00fcme<\/li>\n<li>ein Strandhandtuch f\u00fcr den Strandbesuch.<\/li>\n<li>flip-flops<\/li>\n<li>Trainer<\/li>\n<li>pers\u00f6nliche Hygieneartikel<\/li>\n<li>ein gutes Buch<\/li>\n<\/ul>\n<p>Wir empfehlen, Ihr Hab und Gut in weichen Sees\u00e4cken zu verstauen, die im leeren Zustand keinen Platz wegnehmen und vor allem leicht zu verstauen sind!<\/p>\n\t\t\t\t\t\t\t\t\t\t<h6 tabindex=\"0\">Welches Gep\u00e4ck kann ich mitnehmen?<\/h6>\n\t\t\t\t\t<p>Es ist besser, weiche Sees\u00e4cke f\u00fcr die Mitnahme an Bord zu verwenden. Einmal geleert, nehmen sie keinen Platz weg und sind leicht zu verstauen.<\/p>\n\t\t\t\t\t\t\t\t\t\t<h6 tabindex=\"0\">Kann ich Sonnencremes oder -\u00f6le mitbringen?<\/h6>\n\t\t\t\t\t<p>Nat\u00fcrlich sind Cremes vorzuziehen, aber wir raten von \u00d6len ab, um die Decke nicht zu fetten und ein Verrutschen zu riskieren.<\/p>\n\t\t\t\t\t\t\t\t\t\t<h6 tabindex=\"0\">Kann ich mein eigenes Shampoo und Duschgel mitbringen?<\/h6>\n\t\t\t\t\t<p>An Bord bieten wir allen unseren Kunden Produkte von Officina Naturae an, die biologisch abbaubar und frei von Tierqu\u00e4lerei sind. Wir haben hypoallergene Produkte ausgew\u00e4hlt, die f\u00fcr jeden geeignet sind, auch f\u00fcr die Kleinsten, und die zart duften. Sie k\u00f6nnen trotzdem alles mitnehmen, was Sie f\u00fcr Ihre pers\u00f6nliche Hygiene bevorzugen, immer mit dem Gedanken, mit leichtem Gep\u00e4ck zu reisen!<\/p>\n\t\t\t\t\t\t\t\t\t\t<h6 tabindex=\"0\">Kann ich mein Handy mitbringen?<\/h6>\n\t\t\t\t\t<p>Auf dem Schiff haben wir keinen 220er Strom, nur 12 V. Wenn Sie einen mitbringen m\u00f6chten, k\u00f6nnen Sie ihn nur benutzen, wenn wir im Hafen sind. Wir haben einen an Bord, den Sie benutzen k\u00f6nnen, aber wir raten Ihnen, Ihr Haar an der Luft trocknen zu lassen und das Seemannsleben voll zu genie\u00dfen! \u26f5\ufe0f<\/p>\n\t\t\t\t\t\t\t\t\t\t<h6 tabindex=\"0\">Kann ich mein Mobiltelefon, mein Tablet oder meinen PC aufladen?<\/h6>\n\t\t\t\t\t<p>Es gibt 12V an Bord und an verschiedenen Stellen im Boot und in jeder Kabine gibt es USB-Steckdosen, an denen Sie Ihre elektronischen Ger\u00e4te aufladen k\u00f6nnen.<\/p>\n\t\t\t\t\t\t\t\t\t\t<h6 tabindex=\"0\">Welche Elektrizit\u00e4t ist im Boot vorhanden?<\/h6>\n\t\t\t\t\t<p>Es gibt immer 12V an Bord und an verschiedenen Stellen auf dem Boot und in jeder Kabine gibt es USB-Steckdosen, die die G\u00e4ste nutzen k\u00f6nnen. Nur wenn wir im Yachthafen sind, haben wir 220V Strom, wie zu Hause.<\/p>\n\t\t\t\t\t\t\t\t\t\t<h6 tabindex=\"0\">Welche Schuhe soll ich tragen?<\/h6>\n\t\t\t\t\t<p>An Bord gehen Sie in der Regel barfu\u00df, aber wenn Sie Schuhe tragen m\u00f6chten, m\u00fcssen diese rutschfest sein und eine wei\u00dfe Sohle haben, sie werden nur auf dem Schiff benutzt. <br \/>F\u00fcr Ausfl\u00fcge an Land gen\u00fcgen ein Paar Flip-Flops und ein Paar Turnschuhe, ideal zum Wandern und Radfahren!<\/p>\n\t\t\t\t\t\t\t\t\t\t<h6 tabindex=\"0\">Soll ich Handt\u00fccher mitbringen?<\/h6>\n\t\t\t\t\t<p>Wir empfehlen Ihnen, f\u00fcr Ihre Landausfl\u00fcge ein Strandhandtuch mitzubringen. An Bord stellen wir Ihnen Handt\u00fccher f\u00fcr den Innen- und Au\u00dfenbereich zur Verf\u00fcgung, allerdings nur f\u00fcr den Gebrauch auf dem Schiff.<\/p>\n\t\t\t\t\t\t\t\t\t\t<h6 tabindex=\"0\">Segeln Sie nachts?<\/h6>\n\t\t\t\t\t<p>Wir neigen dazu, das nicht zu tun. Wir ziehen es vor, tags\u00fcber zu segeln, aber bei besonderen Wetterbedingungen ist es m\u00f6glich.<\/p>\n\t\t\t\t\t\t\t\t\t\t<h6 tabindex=\"0\">Schlafen Sie immer in der Marine?<\/h6>\n\t\t\t\t\t<p>Nein, unter der Woche gibt es drei \u00dcbernachtungen im Yachthafen. Der Abend der Einschiffung und Ausschiffung und ein Abend in der Woche, der je nach gebuchtem Paket variieren kann. Im Falle von schlechtem Wetter kann das Programm ge\u00e4ndert werden.<\/p>\n\t\t\t\t\t\t\t\t\t\t<h6 tabindex=\"0\">Schlafen Sie immer auf der Reede?<\/h6>\n\t\t\t\t\t<p>Wir werden es vorziehen, vor Anker oder an den Bojen zu schlafen. Vier N\u00e4chte werden wir auf der Reede verbringen, w\u00e4hrend wir drei N\u00e4chte im Yachthafen sein werden. Die Anzahl der N\u00e4chte kann je nach gebuchtem Paket variieren. Im Falle von schlechtem Wetter kann sich das Programm \u00e4ndern.<\/p>\n\t\t\t\t\t\t\t\t\t\t<h6 tabindex=\"0\">Segeln Sie immer?<\/h6>\n\t\t\t\t\t<p>Das w\u00e4re sch\u00f6n, ist aber leider fast unm\u00f6glich. Wir werden unser Bestes tun, um zu segeln, aber es ist nicht immer m\u00f6glich.<\/p>\n\t\t\t\t\t\t\t\t\t\t<h6 tabindex=\"0\">Segeln Sie immer mit einem Motor?<\/h6>\n\t\t\t\t\t<p>Wir ziehen es vor zu segeln und nur das Ger\u00e4usch der Wellen zu h\u00f6ren, die gegen den Rumpf schlagen. Leider ist das nicht immer m\u00f6glich, und in diesem Fall fahren wir mit dem Motor.<\/p>\n\t\t\t\t\t\t\t\t\t\t<h6 tabindex=\"0\">Was tun Sie bei schlechtem Wetter?<\/h6>\n\t\t\t\t\t<p>Wir werden uns bem\u00fchen, den Zeitplan der Woche einzuhalten, aber leider haben wir keinen Einfluss auf das Wetter! Und der Kommandant hat immer Recht!<\/p>\n<p>Manchmal m\u00fcssen auch unpopul\u00e4re Entscheidungen getroffen werden, aber sie sind wichtig f\u00fcr die Sicherheit der Besatzung und vor allem f\u00fcr einen friedlichen Urlaub!<\/p>\n\t\t\t\t\t\t\t\t\t\t<h6 tabindex=\"0\">Kann ich Alkohol oder Getr\u00e4nke an Bord mitbringen?<\/h6>\n\t\t\t\t\t<p>Nein, aus Gr\u00fcnden des Stauraums und der internen Organisation ist dies nicht m\u00f6glich. Es steht Ihnen nat\u00fcrlich frei, Produkte zum Mitnehmen zu kaufen und sie in Ihren Kabinen aufzubewahren. An Bord finden Sie eine spezielle Speisekarte, aus der Sie nach Belieben Alkohol und Getr\u00e4nke bestellen k\u00f6nnen. Am Ende Ihres Aufenthaltes k\u00f6nnen Sie bezahlen, was Sie konsumiert haben.<\/p>\n\t\t\t\t\t\t\t\t\t\t<h6 tabindex=\"0\">Gibt es Alkohol an Bord?<\/h6>\n\t\t\t\t\t<p>Ja, ein ausgew\u00e4hltes Men\u00fc f\u00fcr Ihre Aperitifs und magischen Momente an Bord. Sie k\u00f6nnen nach Herzenslust bestellen und am Ende der Kreuzfahrt bezahlen.<\/p>\n\t\t\t\t\t\t\t\t\t\t<h6 tabindex=\"0\">Was sollte ich tun, wenn ich Lebensmittelallergien oder -unvertr\u00e4glichkeiten habe?<\/h6>\n\t\t\t\t\t<p>Wir bitten Sie, sich vor der Buchung mit uns in Verbindung zu setzen und uns \u00fcber Ihre Allergie oder Unvertr\u00e4glichkeit zu informieren. Wir werden gemeinsam sehen, wie wir Ihre Mahlzeiten organisieren k\u00f6nnen!<\/p>\n\t\t\t\t\t\t\t\t\t\t<h6 tabindex=\"0\">Gibt es vegetarische Gerichte?<\/h6>\n\t\t\t\t\t<p>Wir bevorzugen bei der Zubereitung unserer Mahlzeiten Gem\u00fcse der Saison. Gem\u00fcse und Obst werden also immer verf\u00fcgbar sein. In der warmen Jahreszeit werden wir frische und oft pflanzliche Eiwei\u00dfgerichte anbieten, aber auch Fleisch und Fisch stehen auf der Wochenkarte.<\/p>\n<p>Wir bitten Sie, uns bei der Buchung mitzuteilen, ob Sie vegetarische Gerichte bevorzugen und f\u00fcr wie viele Personen.<\/p>\n\t\t\t\t\t\t\t\t\t\t<h6 tabindex=\"0\">Ist es m\u00f6glich, vegane Gerichte anzubieten?<\/h6>\n\t\t\t\t\t<p>In unserem Wochenplan gibt es Gerichte, die als vegan gelten, aber wir haben keinen Speiseplan, der auf Veganismus ausgerichtet ist.<\/p>\n\t\t\t\t\t\t\t\t\t\t<h6 tabindex=\"0\">Wer kocht an Bord?<\/h6>\n\t\t\t\t\t<p>Wir k\u00fcmmern uns um Ihre Mahlzeiten, organisieren die Komb\u00fcse und bereiten die Gerichte zu, die Sie an Bord genie\u00dfen k\u00f6nnen!<\/p>\n<p>Menschen, die sich im Kochen versuchen oder einfach mit anpacken wollen, sind immer willkommen. Das Leben an Bord bedeutet auch gemeinsame Momente in Zusammenarbeit und Austausch. Wir freuen uns daher \u00fcber jeden, der sich an der Zubereitung des Mittag- oder Abendessens beteiligen m\u00f6chte!<\/p>\n\t\t\t\t\t\t\t\t\t\t<h6 tabindex=\"0\">Wer reinigt das Boot?<\/h6>\n\t\t\t\t\t<p>Bei Ihrer Ankunft ist das Boot bereit, Sie zu empfangen, und es ist in allen Bereichen sauber. Sobald Sie Ihre Kabine in Besitz genommen haben, liegt es in Ihrer Verantwortung, sie sauber zu halten. Die Crew wird die Gemeinschaftsr\u00e4ume regelm\u00e4\u00dfig reinigen und sich um die Abfallentsorgung k\u00fcmmern. Bei der Ankunft im Yachthafen werden das Deck und der Rumpf mit frischem Wasser abgesp\u00fclt.<\/p>\n\t\t\t\t\t\t\t\t\t\t<h6 tabindex=\"0\">Wie sind die Kabinen beschaffen?<\/h6>\n\t\t\t\t\t<p>Jede Kabine hat ein Bett, einen kleinen Kleiderschrank, Regale und Netze zur Aufbewahrung. Sie hat Leselampen und kleine Ventilatoren, um den Schlafbereich zu erhellen, und jede Kabine hat ein eigenes Bad.<\/p>\n<p>Wir stellen Ihnen die f\u00fcr Ihren Aufenthalt erforderliche W\u00e4sche zur Verf\u00fcgung, einschlie\u00dflich Bettw\u00e4sche und Handt\u00fccher, die Sie am Ende Ihres Aufenthalts an uns zur\u00fcckgeben m\u00fcssen.<\/p>\n\t\t\t\t\t\t\t\t\t\t<h6 tabindex=\"0\">Kann das gebuchte Programm ge\u00e4ndert werden?<\/h6>\n\t\t\t\t\t<p>Im Falle von schlechtem Wetter oder besonderen Bed\u00fcrfnissen kann das Programm ge\u00e4ndert werden. Programm\u00e4nderungen und Abweichungen werden ausschlie\u00dflich vom Skipper beschlossen. Alle \u00c4nderungen werden immer unter dem Gesichtspunkt der Sicherheit und der gr\u00f6\u00dftm\u00f6glichen \u00dcbereinstimmung mit dem gekauften Programm vorgenommen.<\/p>\n\t\t\t\t\t\t\t\t\t\t<h6 tabindex=\"0\">Gibt es einen Erste-Hilfe-Kasten an Bord?<\/h6>\n\t\t\t\t\t<p>Ja, es gibt eine kleine Apotheke mit allem, was man f\u00fcr die Behandlung kleinerer Beschwerden oder Verletzungen braucht.<\/p>\n\t\t\t\t\t\t\t\t\t\t<h6 tabindex=\"0\">Gibt es frisches Wasser an Bord?<\/h6>\n\t\t\t\t\t<p>Klar, und Wasser ist das kostbarste Gut an Bord!<\/p>\n<p>Alle unsere Tanks sind f\u00fcr Trinkwasser geeignet, und wir haben auch zwei Wasseraufbereiter installiert, die Ihnen die M\u00f6glichkeit geben, noch mehr mikrogefiltertes Wasser direkt aus dem Wasserhahn in der Dinette zu zapfen. Sie erhalten eine kostenlose personalisierte Wasserflasche, die Sie bef\u00fcllen und immer bei sich haben k\u00f6nnen!<\/p>\n\t\t\t\t\t\t\t\t\t\t<h6 tabindex=\"0\">Wer macht den Abwasch?<\/h6>\n\t\t\t\t\t<p>Sicherlich nicht derjenige, der gekocht hat! Wir bieten einen sorglosen Service, aber wenn Sie mit anpacken und sich als Teil der Crew f\u00fchlen wollen, sind Sie willkommen!<\/p>\n\t\t\t\t\t\t\t\t\t\t<h6 tabindex=\"0\">Gibt es Wasserspiele? Kann ich meine eigenen mitbringen?<\/h6>\n\t\t\t\t\t<p>Ja, es gibt Matten an Bord und einige Spielzeuge f\u00fcr den Gebrauch im Wasser. Teilen Sie uns bei der Buchung mit, was Sie an Bord mitnehmen m\u00f6chten und wir werden gemeinsam schauen, ob es m\u00f6glich ist, es auf dem Boot zu verstauen.<\/p>\n\t\t\t\t\t\t\t\t\t\t<h6 tabindex=\"0\">Gibt es Brettspiele an Bord?<\/h6>\n\t\t\t\t\t<p>Ja, es gibt ein paar Spiele, darunter Karten und verschiedene Schachtelspiele. Die G\u00e4ste k\u00f6nnen sie nach Belieben benutzen, solange sie sorgf\u00e4ltig aufbewahrt und benutzt werden.<\/p>\n<h2>\n\t\t Sie k\u00f6nnen Ihre Frage oder Antwort nicht finden?<br \/>Senden Sie uns Ihre Frage und wir werden sie gerne beantworten und in unseren FAQ-Bereich aufnehmen.\n\t<\/h2>\n\n","protected":false},"excerpt":{"rendered":"<p>Diario di bordo Was sollte ich mitbringen? Ein Segelurlaub ist gleichbedeutend mit Freiheit, und deshalb reist man mit leichtem Gep\u00e4ck.Ein paar wesentliche Dinge reichen f\u00fcr eine Woche. Wir empfehlen die Einnahme: eine leichte Windjacke ein Paar Kost\u00fcme ein Strandhandtuch f\u00fcr den Strandbesuch. flip-flops Trainer pers\u00f6nliche Hygieneartikel ein gutes Buch Wir empfehlen, Ihr Hab und Gut &hellip;<\/p>\n<p class=\"read-more\"> <a class=\"\" href=\"https:\/\/aliceinwaterland.eu\/de\/haufig-gestellte-fragen\/\"> <span class=\"screen-reader-text\">H\u00e4ufig gestellte Fragen<\/span> Read More \u00bb<\/a><\/p>\n","protected":false},"author":1,"featured_media":0,"parent":0,"menu_order":0,"comment_status":"closed","ping_status":"closed","template":"","meta":{"_eb_attr":"","site-sidebar-layout":"no-sidebar","site-content-layout":"page-builder","ast-global-header-display":"","ast-main-header-display":"","ast-hfb-above-header-display":"","ast-hfb-below-header-display":"","ast-hfb-mobile-header-display":"","site-post-title":"disabled","ast-breadcrumbs-content":"","ast-featured-img":"","footer-sml-layout":"","theme-transparent-header-meta":"default","adv-header-id-meta":"","stick-header-meta":"default","header-above-stick-meta":"","header-main-stick-meta":"","header-below-stick-meta":"","_themeisle_gutenberg_block_has_review":false,"footnotes":""},"class_list":["post-5558","page","type-page","status-publish","hentry"],"yoast_head":"<!-- This site is optimized with the Yoast SEO Premium plugin v20.3 (Yoast SEO v26.7) - https:\/\/yoast.com\/wordpress\/plugins\/seo\/ -->\n<title>H\u00e4ufig gestellte Fragen | Alice in Waterland<\/title>\n<meta name=\"robots\" content=\"index, follow, max-snippet:-1, max-image-preview:large, max-video-preview:-1\" \/>\n<link rel=\"canonical\" href=\"https:\/\/aliceinwaterland.eu\/de\/haufig-gestellte-fragen\/\" \/>\n<meta property=\"og:locale\" content=\"de_DE\" \/>\n<meta property=\"og:type\" content=\"article\" \/>\n<meta property=\"og:title\" content=\"H\u00e4ufig gestellte Fragen\" \/>\n<meta property=\"og:description\" content=\"Diario di bordo Was sollte ich mitbringen? Ein Segelurlaub ist gleichbedeutend mit Freiheit, und deshalb reist man mit leichtem Gep\u00e4ck.Ein paar wesentliche Dinge reichen f\u00fcr eine Woche. Wir empfehlen die Einnahme: eine leichte Windjacke ein Paar Kost\u00fcme ein Strandhandtuch f\u00fcr den Strandbesuch. flip-flops Trainer pers\u00f6nliche Hygieneartikel ein gutes Buch Wir empfehlen, Ihr Hab und Gut &hellip; H\u00e4ufig gestellte Fragen Read More \u00bb\" \/>\n<meta property=\"og:url\" content=\"https:\/\/aliceinwaterland.eu\/de\/haufig-gestellte-fragen\/\" \/>\n<meta property=\"og:site_name\" content=\"Alice in Waterland\" \/>\n<meta property=\"article:publisher\" content=\"https:\/\/www.facebook.com\/aliceinwaterlandboat\" \/>\n<meta property=\"article:modified_time\" content=\"2023-11-20T11:33:53+00:00\" \/>\n<meta property=\"og:image\" content=\"https:\/\/i0.wp.com\/aliceinwaterland.eu\/wp-content\/uploads\/2023\/05\/Dream-week.jpg?fit=1500%2C1000&ssl=1\" \/>\n\t<meta property=\"og:image:width\" content=\"1500\" \/>\n\t<meta property=\"og:image:height\" content=\"1000\" \/>\n\t<meta property=\"og:image:type\" content=\"image\/jpeg\" \/>\n<meta name=\"twitter:card\" content=\"summary_large_image\" \/>\n<meta name=\"twitter:site\" content=\"@aliceinwtrland\" \/>\n<meta name=\"twitter:label1\" content=\"Gesch\u00e4tzte Lesezeit\" \/>\n\t<meta name=\"twitter:data1\" content=\"6\u00a0Minuten\" \/>\n<script type=\"application\/ld+json\" class=\"yoast-schema-graph\">{\"@context\":\"https:\/\/schema.org\",\"@graph\":[{\"@type\":\"WebPage\",\"@id\":\"https:\/\/aliceinwaterland.eu\/de\/haufig-gestellte-fragen\/\",\"url\":\"https:\/\/aliceinwaterland.eu\/de\/haufig-gestellte-fragen\/\",\"name\":\"H\u00e4ufig gestellte Fragen | Alice in Waterland\",\"isPartOf\":{\"@id\":\"https:\/\/aliceinwaterland.eu\/#website\"},\"datePublished\":\"2020-08-12T14:30:19+00:00\",\"dateModified\":\"2023-11-20T11:33:53+00:00\",\"breadcrumb\":{\"@id\":\"https:\/\/aliceinwaterland.eu\/de\/haufig-gestellte-fragen\/#breadcrumb\"},\"inLanguage\":\"de\",\"potentialAction\":[{\"@type\":\"ReadAction\",\"target\":[\"https:\/\/aliceinwaterland.eu\/de\/haufig-gestellte-fragen\/\"]}]},{\"@type\":\"BreadcrumbList\",\"@id\":\"https:\/\/aliceinwaterland.eu\/de\/haufig-gestellte-fragen\/#breadcrumb\",\"itemListElement\":[{\"@type\":\"ListItem\",\"position\":1,\"name\":\"Home\",\"item\":\"https:\/\/aliceinwaterland.eu\/de\/\"},{\"@type\":\"ListItem\",\"position\":2,\"name\":\"H\u00e4ufig gestellte Fragen\"}]},{\"@type\":\"WebSite\",\"@id\":\"https:\/\/aliceinwaterland.eu\/#website\",\"url\":\"https:\/\/aliceinwaterland.eu\/\",\"name\":\"Alice in Waterland\",\"description\":\"Unique family vacation\",\"publisher\":{\"@id\":\"https:\/\/aliceinwaterland.eu\/#organization\"},\"potentialAction\":[{\"@type\":\"SearchAction\",\"target\":{\"@type\":\"EntryPoint\",\"urlTemplate\":\"https:\/\/aliceinwaterland.eu\/?s={search_term_string}\"},\"query-input\":{\"@type\":\"PropertyValueSpecification\",\"valueRequired\":true,\"valueName\":\"search_term_string\"}}],\"inLanguage\":\"de\"},{\"@type\":\"Organization\",\"@id\":\"https:\/\/aliceinwaterland.eu\/#organization\",\"name\":\"POMORSTVO IN TURIZEM Damjan Ro\u017enik s.p.\",\"url\":\"https:\/\/aliceinwaterland.eu\/\",\"logo\":{\"@type\":\"ImageObject\",\"inLanguage\":\"de\",\"@id\":\"https:\/\/aliceinwaterland.eu\/#\/schema\/logo\/image\/\",\"url\":\"https:\/\/aliceinwaterland.eu\/wp-content\/uploads\/2023\/06\/AiW-Logo.jpg\",\"contentUrl\":\"https:\/\/aliceinwaterland.eu\/wp-content\/uploads\/2023\/06\/AiW-Logo.jpg\",\"width\":600,\"height\":600,\"caption\":\"POMORSTVO IN TURIZEM Damjan Ro\u017enik s.p.\"},\"image\":{\"@id\":\"https:\/\/aliceinwaterland.eu\/#\/schema\/logo\/image\/\"},\"sameAs\":[\"https:\/\/www.facebook.com\/aliceinwaterlandboat\",\"https:\/\/x.com\/aliceinwtrland\",\"https:\/\/www.instagram.com\/aliceinwaterlandboat\"]}]}<\/script>\n<!-- \/ Yoast SEO Premium plugin. -->","yoast_head_json":{"title":"H\u00e4ufig gestellte Fragen | Alice in Waterland","robots":{"index":"index","follow":"follow","max-snippet":"max-snippet:-1","max-image-preview":"max-image-preview:large","max-video-preview":"max-video-preview:-1"},"canonical":"https:\/\/aliceinwaterland.eu\/de\/haufig-gestellte-fragen\/","og_locale":"de_DE","og_type":"article","og_title":"H\u00e4ufig gestellte Fragen","og_description":"Diario di bordo Was sollte ich mitbringen? Ein Segelurlaub ist gleichbedeutend mit Freiheit, und deshalb reist man mit leichtem Gep\u00e4ck.Ein paar wesentliche Dinge reichen f\u00fcr eine Woche. Wir empfehlen die Einnahme: eine leichte Windjacke ein Paar Kost\u00fcme ein Strandhandtuch f\u00fcr den Strandbesuch. flip-flops Trainer pers\u00f6nliche Hygieneartikel ein gutes Buch Wir empfehlen, Ihr Hab und Gut &hellip; H\u00e4ufig gestellte Fragen Read More \u00bb","og_url":"https:\/\/aliceinwaterland.eu\/de\/haufig-gestellte-fragen\/","og_site_name":"Alice in Waterland","article_publisher":"https:\/\/www.facebook.com\/aliceinwaterlandboat","article_modified_time":"2023-11-20T11:33:53+00:00","og_image":[{"width":1500,"height":1000,"url":"https:\/\/i0.wp.com\/aliceinwaterland.eu\/wp-content\/uploads\/2023\/05\/Dream-week.jpg?fit=1500%2C1000&ssl=1","type":"image\/jpeg"}],"twitter_card":"summary_large_image","twitter_site":"@aliceinwtrland","twitter_misc":{"Gesch\u00e4tzte Lesezeit":"6\u00a0Minuten"},"schema":{"@context":"https:\/\/schema.org","@graph":[{"@type":"WebPage","@id":"https:\/\/aliceinwaterland.eu\/de\/haufig-gestellte-fragen\/","url":"https:\/\/aliceinwaterland.eu\/de\/haufig-gestellte-fragen\/","name":"H\u00e4ufig gestellte Fragen | Alice in Waterland","isPartOf":{"@id":"https:\/\/aliceinwaterland.eu\/#website"},"datePublished":"2020-08-12T14:30:19+00:00","dateModified":"2023-11-20T11:33:53+00:00","breadcrumb":{"@id":"https:\/\/aliceinwaterland.eu\/de\/haufig-gestellte-fragen\/#breadcrumb"},"inLanguage":"de","potentialAction":[{"@type":"ReadAction","target":["https:\/\/aliceinwaterland.eu\/de\/haufig-gestellte-fragen\/"]}]},{"@type":"BreadcrumbList","@id":"https:\/\/aliceinwaterland.eu\/de\/haufig-gestellte-fragen\/#breadcrumb","itemListElement":[{"@type":"ListItem","position":1,"name":"Home","item":"https:\/\/aliceinwaterland.eu\/de\/"},{"@type":"ListItem","position":2,"name":"H\u00e4ufig gestellte Fragen"}]},{"@type":"WebSite","@id":"https:\/\/aliceinwaterland.eu\/#website","url":"https:\/\/aliceinwaterland.eu\/","name":"Alice in Waterland","description":"Unique family vacation","publisher":{"@id":"https:\/\/aliceinwaterland.eu\/#organization"},"potentialAction":[{"@type":"SearchAction","target":{"@type":"EntryPoint","urlTemplate":"https:\/\/aliceinwaterland.eu\/?s={search_term_string}"},"query-input":{"@type":"PropertyValueSpecification","valueRequired":true,"valueName":"search_term_string"}}],"inLanguage":"de"},{"@type":"Organization","@id":"https:\/\/aliceinwaterland.eu\/#organization","name":"POMORSTVO IN TURIZEM Damjan Ro\u017enik s.p.","url":"https:\/\/aliceinwaterland.eu\/","logo":{"@type":"ImageObject","inLanguage":"de","@id":"https:\/\/aliceinwaterland.eu\/#\/schema\/logo\/image\/","url":"https:\/\/aliceinwaterland.eu\/wp-content\/uploads\/2023\/06\/AiW-Logo.jpg","contentUrl":"https:\/\/aliceinwaterland.eu\/wp-content\/uploads\/2023\/06\/AiW-Logo.jpg","width":600,"height":600,"caption":"POMORSTVO IN TURIZEM Damjan Ro\u017enik s.p."},"image":{"@id":"https:\/\/aliceinwaterland.eu\/#\/schema\/logo\/image\/"},"sameAs":["https:\/\/www.facebook.com\/aliceinwaterlandboat","https:\/\/x.com\/aliceinwtrland","https:\/\/www.instagram.com\/aliceinwaterlandboat"]}]}},"jetpack_sharing_enabled":true,"_links":{"self":[{"href":"https:\/\/aliceinwaterland.eu\/de\/wp-json\/wp\/v2\/pages\/5558","targetHints":{"allow":["GET"]}}],"collection":[{"href":"https:\/\/aliceinwaterland.eu\/de\/wp-json\/wp\/v2\/pages"}],"about":[{"href":"https:\/\/aliceinwaterland.eu\/de\/wp-json\/wp\/v2\/types\/page"}],"author":[{"embeddable":true,"href":"https:\/\/aliceinwaterland.eu\/de\/wp-json\/wp\/v2\/users\/1"}],"replies":[{"embeddable":true,"href":"https:\/\/aliceinwaterland.eu\/de\/wp-json\/wp\/v2\/comments?post=5558"}],"version-history":[{"count":0,"href":"https:\/\/aliceinwaterland.eu\/de\/wp-json\/wp\/v2\/pages\/5558\/revisions"}],"wp:attachment":[{"href":"https:\/\/aliceinwaterland.eu\/de\/wp-json\/wp\/v2\/media?parent=5558"}],"curies":[{"name":"wp","href":"https:\/\/api.w.org\/{rel}","templated":true}]}}