{"id":5543,"date":"2023-01-13T11:13:19","date_gmt":"2023-01-13T10:13:19","guid":{"rendered":"https:\/\/aliceinwaterland.eu\/gita-in-barca\/"},"modified":"2026-01-12T16:02:09","modified_gmt":"2026-01-12T15:02:09","slug":"bootfahrt","status":"publish","type":"page","link":"https:\/\/aliceinwaterland.eu\/de\/bootfahrt\/","title":{"rendered":"BOOTFAHRT"},"content":{"rendered":"\n\n\t<h1><strong>BOOTFAHRT<\/strong><\/h1>\n<h2><strong>entlang der slowenischen K\u00fcste<\/strong><\/h2>\n<h3>\n\t\tReiseplan\n\t<\/h3>\n\t<ul>\n<li><strong>Abfahrt um 9.00 Uhr von Izola.<\/strong><\/li>\n<li><strong>Schifffahrt entlang der slowenischen K\u00fcste.<\/strong><\/li>\n<\/ul>\n<p>Wir werden<strong> Piran vom Meer aus sehen, ein einzigartiger Blickwinkel, um die meistbesuchte Stadt Sloweniens zu bewundern.<\/strong> Die San Bernardino Bucht vor uns beherbergt eine<strong>Nistkolonie von Delfinen,<\/strong> die von der gemeinn\u00fctzigen Organisation <a href=\"https:\/\/www.morigenos.org\/it\/chi-siamo\/\">Morigenos<\/a> beobachtet und \u00fcberwacht wird, und wenn wir Gl\u00fcck haben, k\u00f6nnen wir diese wunderbaren Meeresbewohner w\u00e4hrend unserer Schifffahrt treffen!<\/p>\n<ul>\n<li><strong>Halt in der Bucht von Strunjan<\/strong><\/li>\n<\/ul>\n<p>Zwischen Izola und Piran befindet sich seit 1990 der Strunjan-Park, der sich durch eine typisch mediterrane Flora und Fauna auszeichnet, die zu jeder Jahreszeit bl\u00fcht. Diese Bucht bietet ein<strong>einzigartiges Schauspiel<\/strong>: auf der einen Seite die dunkelgr\u00fcne wilde Vegetation, die auf das blaue Wasser trifft und ein einzigartiges Farbenspiel erzeugt, und auf der anderen Seite die typisch venezianische St. Georgs-Glocke, die in den blauen Himmel ragt. In dieser herrlichen Bucht bereiten wir ein <strong>leckeres Mittagessen<\/strong> zu und Sie k\u00f6nnen sich <strong>vom Meer einlullen lassen, fernab von den Menschenmassen<\/strong>.<\/p>\n<ul>\n<li><strong>Segeln und Anhalten in &#8222;Bele Skale&#8220;<\/strong><\/li>\n<\/ul>\n<p>Wir segeln weiter und bringen Sie zu einem weiteren sch\u00f6nen Badeplatz: <strong>&#8222;Bele Skale&#8220;. eine Bucht, die sich durch eine hohe Klippe mit wei\u00dfen Felsen auszeichnet<\/strong>. <strong>Das Wasser ist t\u00fcrkisfarben, die Vegetation \u00fcppig und der Strand<\/strong>, der nur \u00fcber das Meer oder durch einen langen Spaziergang von Isola aus zu erreichen ist, <strong>besteht aus wei\u00dfen Kieseln<\/strong>. Schnorchelfreunde k\u00f6nnen die Sch\u00f6nheit der Unterwasserwelt entdecken und die <strong>Pinne Nobilis<\/strong> bewundern, die gr\u00f6\u00dfte Muschel des Mittelmeers, die dank eines eruop\u00e4ischen Projekts den Meeresboden wieder besiedelt.<\/p>\n<ul>\n<li><strong>R\u00fcckkehr nach Izola und Ausschiffung um 17.00 Uhr.<\/strong><\/li>\n<\/ul>\n<p>&nbsp;<\/p>\n<hr \/>\n<p><strong>Ein Tag, der der Entspannung und dem Meer gewidmet ist, weit weg von den sommerlichen Menschenmassen! <\/strong> Wir segeln entlang der K\u00fcste, essen im Freien zu Mittag, w\u00e4hrend wir die Aussicht genie\u00dfen und haben die M\u00f6glichkeit, ein paar Spr\u00fcnge vom Boot aus zu machen, oder Sie k\u00f6nnen einfach an Deck mit einem guten Glas Wein oder einem k\u00fchlen Cocktail faulenzen.<\/p>\n<h2>\n\t\t8 Stunden\n\t<\/h2>\n\t<h2>Anzahl der G\u00e4ste: 2 &#8211; 8<\/h2>\n<h4>\n\t\tOrt der Abreise und Ankunft:\n\t<\/h4>\n\t<p>Isola, Slovenia<\/p>\n<h4>\n\t\tAbreise:\n\t<\/h4>\n\t<p>9.00<\/p>\n<h4>\n\t\tAnkunft:\n\t<\/h4>\n\t<p>17.00<\/p>\n<h2>\n\t\tPreis: Von 100 \u20ac \/ Person\n\t<\/h2>\n\t<ul>\n<li>Die Besatzung kann bis zu acht G\u00e4ste aufnehmen.<\/li>\n<li>M\u00f6glichkeit der exklusiven Anmietung nach Absprache mit der Besatzung f\u00fcr private Gruppen von bis zu 10 Personen.<\/li>\n<li>Kinder bis zu 4 Jahren sind kostenlos.<\/li>\n<li>Kinder zwischen 5 und 8 Jahren zahlen 50%.<\/li>\n<li>Kinder \u00fcber 9 Jahre zahlen den vollen Preis.<\/li>\n<\/ul>\n<h6>\n\t\tWas ist enthalten?\n\t<\/h6>\n\t<ul>\n<li>Segeln nach Piran<\/li>\n<li>Zwei Badestellen<\/li>\n<li>Begr\u00fc\u00dfungskaffee &#8211; Mittagessen &#8211; Snack<\/li>\n<li>Nutzung einer Kabine mit Bad<\/li>\n<\/ul>\n<h6>\n\t\tWas NICHT enthalten ist\n\t<\/h6>\n\t<ul>\n<li>Alkohol, Getr\u00e4nke und Kaffee nach Verbrauch, ein Bordmen\u00fc ist verf\u00fcgbar<\/li>\n<\/ul>\n<h6>\n\t\tAnmerkung:\n\t<\/h6>\n\t<ul>\n<li>Im Falle einer <em>Absage der Tour durch die Crew<\/em> aufgrund von schlechtem Wetter wird ein <em>Gutschein im Wert des ausgegebenen Betrages<\/em> ausgestellt, der ohne zeitliche Begrenzung eingel\u00f6st werden kann. Bei <em>R\u00fccktritt des Gastes aus nachweisbaren gesundheitlichen Gr\u00fcnden<\/em> wird ein <em>Gutschein zur Einl\u00f6sung innerhalb der laufenden Saison<\/em> ausgestellt. Bei einer Stornierung aus zweifelhaften\/vergeblichen Gr\u00fcnden verf\u00e4llt die gezahlte Geb\u00fchr.<\/li>\n<li>Das Mitf\u00fchren von Alkohol oder Getr\u00e4nken ist nicht gestattet.<\/li>\n<li>Haustiere sind nicht erlaubt.<\/li>\n<li>Die angegebenen Haltestellen k\u00f6nnen aufgrund des Wetters oder ung\u00fcnstiger Segelbedingungen ge\u00e4ndert werden.Der Kommandant beh\u00e4lt sich das Recht vor, die Tour im Interesse der Sicherheit aller zu \u00e4ndern oder abzusagen!<\/li>\n<\/ul>\n\t\t\t<a href=\"https:\/\/aliceinwaterland.eu\/de\/booking\/\" target=\"_self\"   role=\"button\" aria-label=\"JETZT BUCHEN\">\n\t\t\t\t\t\t\tJETZT BUCHEN\n\t\t<\/a>\n<h1>\n\t\tHABEN SIE FRAGEN? KONTAKTIEREN SIE UNS!\n\t<\/h1>\n\t\t\t<a href=\"tel:+38640463082\" target=\"_self\" role=\"button\">\n\t\t\t\t\t\t+386 40 463 082\n\t\t\t\t\t<\/a>\n\t\t\t<a href=\"tel:+393286365700\" target=\"_self\" role=\"button\">\n\t\t\t\t\t\t+39 328 6365 700\n\t\t\t\t\t<\/a>\n\t\t\t<a href=\"mailto:vacation@aliceinwaterland.eu\" target=\"_self\" role=\"button\">\n\t\t\t\t\t\tE-mail\n\t\t\t\t\t<\/a>\n<h2>\n\t\tTEILEN\n\t<\/h2>\n\t\t\t\t\t\t\t\t\t\t<a class= \"uabb-ss-grid-button-link\" href=\"https:\/\/www.facebook.com\/sharer.php?u=https%3A%2F%2Faliceinwaterland.eu%2Fde%2F%3Fpage_id%3D5543%26fl_builder\" target=\"_blank\" onclick=\"window.open(this.href,'social-share','left=20,top=20,width=500,height=500,toolbar=1,resizable=0');return false;\">\n\t\t\t\t\t\t\t\t\t\t<\/a>\n\t\t\t\t\t\t\t\t\t\t<a class= \"uabb-ss-grid-button-link\" href=\"https:\/\/api.whatsapp.com\/send?text=https%3A%2F%2Faliceinwaterland.eu%2Fde%2F%3Fpage_id%3D5543%26fl_builder\" target=\"_blank\" onclick=\"window.open(this.href,'social-share','left=20,top=20,width=500,height=500,toolbar=1,resizable=0');return false;\">\n\t\t\t\t\t\t\t\t\t\t<\/a>\n\t\t\t\t\t\t\t\t\t\t<a class= \"uabb-ss-grid-button-link\" href=\"https:\/\/www.linkedin.com\/shareArticle?url=https%3A%2F%2Faliceinwaterland.eu%2Fde%2F%3Fpage_id%3D5543%26fl_builder\" target=\"_blank\" onclick=\"window.open(this.href,'social-share','left=20,top=20,width=500,height=500,toolbar=1,resizable=0');return false;\">\n\t\t\t\t\t\t\t\t\t\t<\/a>\n\t\t\t\t\t\t\t\t\t\t<a class= \"uabb-ss-grid-button-link\" href=\"https:\/\/twitter.com\/share?url=https%3A%2F%2Faliceinwaterland.eu%2Fde%2F%3Fpage_id%3D5543%26fl_builder\" target=\"_blank\" onclick=\"window.open(this.href,'social-share','left=20,top=20,width=500,height=500,toolbar=1,resizable=0');return false;\">\n\t\t\t\t\t\t\t\t\t\t<\/a>\n\n","protected":false},"excerpt":{"rendered":"<p>BOOTFAHRT entlang der slowenischen K\u00fcste Reiseplan Abfahrt um 9.00 Uhr von Izola. Schifffahrt entlang der slowenischen K\u00fcste. Wir werden Piran vom Meer aus sehen, ein einzigartiger Blickwinkel, um die meistbesuchte Stadt Sloweniens zu bewundern. Die San Bernardino Bucht vor uns beherbergt eineNistkolonie von Delfinen, die von der gemeinn\u00fctzigen Organisation Morigenos beobachtet und \u00fcberwacht wird, und &hellip;<\/p>\n<p class=\"read-more\"> <a class=\"\" href=\"https:\/\/aliceinwaterland.eu\/de\/bootfahrt\/\"> <span class=\"screen-reader-text\">BOOTFAHRT<\/span> Read More \u00bb<\/a><\/p>\n","protected":false},"author":2,"featured_media":5136,"parent":0,"menu_order":2,"comment_status":"closed","ping_status":"closed","template":"","meta":{"_eb_attr":"","site-sidebar-layout":"no-sidebar","site-content-layout":"page-builder","ast-global-header-display":"","ast-main-header-display":"","ast-hfb-above-header-display":"","ast-hfb-below-header-display":"","ast-hfb-mobile-header-display":"","site-post-title":"disabled","ast-breadcrumbs-content":"","ast-featured-img":"disabled","footer-sml-layout":"","theme-transparent-header-meta":"default","adv-header-id-meta":"","stick-header-meta":"default","header-above-stick-meta":"","header-main-stick-meta":"","header-below-stick-meta":"","_themeisle_gutenberg_block_has_review":false,"footnotes":""},"class_list":["post-5543","page","type-page","status-publish","has-post-thumbnail","hentry"],"yoast_head":"<!-- This site is optimized with the Yoast SEO Premium plugin v20.3 (Yoast SEO v26.7) - https:\/\/yoast.com\/wordpress\/plugins\/seo\/ -->\n<title>BOOTFAHRT | Alice in Waterland<\/title>\n<meta name=\"description\" content=\"Ein Tagesausflug auf einem Segelboot ist ein einzigartiges Erlebnis f\u00fcr alle, die das Meer auf besondere Weise genie\u00dfen wollen. Sonnenbaden, Schwimmen und gutes Essen!\" \/>\n<meta name=\"robots\" content=\"index, follow, max-snippet:-1, max-image-preview:large, max-video-preview:-1\" \/>\n<link rel=\"canonical\" href=\"https:\/\/aliceinwaterland.eu\/de\/bootfahrt\/\" \/>\n<meta property=\"og:locale\" content=\"de_DE\" \/>\n<meta property=\"og:type\" content=\"article\" \/>\n<meta property=\"og:title\" content=\"BOOTFAHRT\" \/>\n<meta property=\"og:description\" content=\"Ein Tagesausflug auf einem Segelboot ist ein einzigartiges Erlebnis f\u00fcr alle, die das Meer auf besondere Weise genie\u00dfen wollen. Sonnenbaden, Schwimmen und gutes Essen!\" \/>\n<meta property=\"og:url\" content=\"https:\/\/aliceinwaterland.eu\/de\/bootfahrt\/\" \/>\n<meta property=\"og:site_name\" content=\"Alice in Waterland\" \/>\n<meta property=\"article:publisher\" content=\"https:\/\/www.facebook.com\/aliceinwaterlandboat\" \/>\n<meta property=\"article:modified_time\" content=\"2026-01-12T15:02:09+00:00\" \/>\n<meta property=\"og:image\" content=\"https:\/\/i0.wp.com\/aliceinwaterland.eu\/wp-content\/uploads\/2022\/03\/01-daily-tour-scaled.jpg?fit=2560%2C2048&ssl=1\" \/>\n\t<meta property=\"og:image:width\" content=\"2560\" \/>\n\t<meta property=\"og:image:height\" content=\"2048\" \/>\n\t<meta property=\"og:image:type\" content=\"image\/jpeg\" \/>\n<meta name=\"twitter:card\" content=\"summary_large_image\" \/>\n<meta name=\"twitter:site\" content=\"@aliceinwtrland\" \/>\n<meta name=\"twitter:label1\" content=\"Gesch\u00e4tzte Lesezeit\" \/>\n\t<meta name=\"twitter:data1\" content=\"3\u00a0Minuten\" \/>\n<script type=\"application\/ld+json\" class=\"yoast-schema-graph\">{\"@context\":\"https:\/\/schema.org\",\"@graph\":[{\"@type\":\"WebPage\",\"@id\":\"https:\/\/aliceinwaterland.eu\/de\/bootfahrt\/\",\"url\":\"https:\/\/aliceinwaterland.eu\/de\/bootfahrt\/\",\"name\":\"BOOTFAHRT | Alice in Waterland\",\"isPartOf\":{\"@id\":\"https:\/\/aliceinwaterland.eu\/#website\"},\"primaryImageOfPage\":{\"@id\":\"https:\/\/aliceinwaterland.eu\/de\/bootfahrt\/#primaryimage\"},\"image\":{\"@id\":\"https:\/\/aliceinwaterland.eu\/de\/bootfahrt\/#primaryimage\"},\"thumbnailUrl\":\"https:\/\/i0.wp.com\/aliceinwaterland.eu\/wp-content\/uploads\/2022\/03\/01-daily-tour-scaled.jpg?fit=2560%2C2048&ssl=1\",\"datePublished\":\"2023-01-13T10:13:19+00:00\",\"dateModified\":\"2026-01-12T15:02:09+00:00\",\"description\":\"Ein Tagesausflug auf einem Segelboot ist ein einzigartiges Erlebnis f\u00fcr alle, die das Meer auf besondere Weise genie\u00dfen wollen. Sonnenbaden, Schwimmen und gutes Essen!\",\"breadcrumb\":{\"@id\":\"https:\/\/aliceinwaterland.eu\/de\/bootfahrt\/#breadcrumb\"},\"inLanguage\":\"de\",\"potentialAction\":[{\"@type\":\"ReadAction\",\"target\":[\"https:\/\/aliceinwaterland.eu\/de\/bootfahrt\/\"]}]},{\"@type\":\"ImageObject\",\"inLanguage\":\"de\",\"@id\":\"https:\/\/aliceinwaterland.eu\/de\/bootfahrt\/#primaryimage\",\"url\":\"https:\/\/i0.wp.com\/aliceinwaterland.eu\/wp-content\/uploads\/2022\/03\/01-daily-tour-scaled.jpg?fit=2560%2C2048&ssl=1\",\"contentUrl\":\"https:\/\/i0.wp.com\/aliceinwaterland.eu\/wp-content\/uploads\/2022\/03\/01-daily-tour-scaled.jpg?fit=2560%2C2048&ssl=1\",\"width\":2560,\"height\":2048},{\"@type\":\"BreadcrumbList\",\"@id\":\"https:\/\/aliceinwaterland.eu\/de\/bootfahrt\/#breadcrumb\",\"itemListElement\":[{\"@type\":\"ListItem\",\"position\":1,\"name\":\"Home\",\"item\":\"https:\/\/aliceinwaterland.eu\/de\/\"},{\"@type\":\"ListItem\",\"position\":2,\"name\":\"BOOTFAHRT\"}]},{\"@type\":\"WebSite\",\"@id\":\"https:\/\/aliceinwaterland.eu\/#website\",\"url\":\"https:\/\/aliceinwaterland.eu\/\",\"name\":\"Alice in Waterland\",\"description\":\"Unique family vacation\",\"publisher\":{\"@id\":\"https:\/\/aliceinwaterland.eu\/#organization\"},\"potentialAction\":[{\"@type\":\"SearchAction\",\"target\":{\"@type\":\"EntryPoint\",\"urlTemplate\":\"https:\/\/aliceinwaterland.eu\/?s={search_term_string}\"},\"query-input\":{\"@type\":\"PropertyValueSpecification\",\"valueRequired\":true,\"valueName\":\"search_term_string\"}}],\"inLanguage\":\"de\"},{\"@type\":\"Organization\",\"@id\":\"https:\/\/aliceinwaterland.eu\/#organization\",\"name\":\"POMORSTVO IN TURIZEM Damjan Ro\u017enik s.p.\",\"url\":\"https:\/\/aliceinwaterland.eu\/\",\"logo\":{\"@type\":\"ImageObject\",\"inLanguage\":\"de\",\"@id\":\"https:\/\/aliceinwaterland.eu\/#\/schema\/logo\/image\/\",\"url\":\"https:\/\/aliceinwaterland.eu\/wp-content\/uploads\/2023\/06\/AiW-Logo.jpg\",\"contentUrl\":\"https:\/\/aliceinwaterland.eu\/wp-content\/uploads\/2023\/06\/AiW-Logo.jpg\",\"width\":600,\"height\":600,\"caption\":\"POMORSTVO IN TURIZEM Damjan Ro\u017enik s.p.\"},\"image\":{\"@id\":\"https:\/\/aliceinwaterland.eu\/#\/schema\/logo\/image\/\"},\"sameAs\":[\"https:\/\/www.facebook.com\/aliceinwaterlandboat\",\"https:\/\/x.com\/aliceinwtrland\",\"https:\/\/www.instagram.com\/aliceinwaterlandboat\"]}]}<\/script>\n<!-- \/ Yoast SEO Premium plugin. -->","yoast_head_json":{"title":"BOOTFAHRT | Alice in Waterland","description":"Ein Tagesausflug auf einem Segelboot ist ein einzigartiges Erlebnis f\u00fcr alle, die das Meer auf besondere Weise genie\u00dfen wollen. Sonnenbaden, Schwimmen und gutes Essen!","robots":{"index":"index","follow":"follow","max-snippet":"max-snippet:-1","max-image-preview":"max-image-preview:large","max-video-preview":"max-video-preview:-1"},"canonical":"https:\/\/aliceinwaterland.eu\/de\/bootfahrt\/","og_locale":"de_DE","og_type":"article","og_title":"BOOTFAHRT","og_description":"Ein Tagesausflug auf einem Segelboot ist ein einzigartiges Erlebnis f\u00fcr alle, die das Meer auf besondere Weise genie\u00dfen wollen. Sonnenbaden, Schwimmen und gutes Essen!","og_url":"https:\/\/aliceinwaterland.eu\/de\/bootfahrt\/","og_site_name":"Alice in Waterland","article_publisher":"https:\/\/www.facebook.com\/aliceinwaterlandboat","article_modified_time":"2026-01-12T15:02:09+00:00","og_image":[{"width":2560,"height":2048,"url":"https:\/\/i0.wp.com\/aliceinwaterland.eu\/wp-content\/uploads\/2022\/03\/01-daily-tour-scaled.jpg?fit=2560%2C2048&ssl=1","type":"image\/jpeg"}],"twitter_card":"summary_large_image","twitter_site":"@aliceinwtrland","twitter_misc":{"Gesch\u00e4tzte Lesezeit":"3\u00a0Minuten"},"schema":{"@context":"https:\/\/schema.org","@graph":[{"@type":"WebPage","@id":"https:\/\/aliceinwaterland.eu\/de\/bootfahrt\/","url":"https:\/\/aliceinwaterland.eu\/de\/bootfahrt\/","name":"BOOTFAHRT | Alice in Waterland","isPartOf":{"@id":"https:\/\/aliceinwaterland.eu\/#website"},"primaryImageOfPage":{"@id":"https:\/\/aliceinwaterland.eu\/de\/bootfahrt\/#primaryimage"},"image":{"@id":"https:\/\/aliceinwaterland.eu\/de\/bootfahrt\/#primaryimage"},"thumbnailUrl":"https:\/\/i0.wp.com\/aliceinwaterland.eu\/wp-content\/uploads\/2022\/03\/01-daily-tour-scaled.jpg?fit=2560%2C2048&ssl=1","datePublished":"2023-01-13T10:13:19+00:00","dateModified":"2026-01-12T15:02:09+00:00","description":"Ein Tagesausflug auf einem Segelboot ist ein einzigartiges Erlebnis f\u00fcr alle, die das Meer auf besondere Weise genie\u00dfen wollen. Sonnenbaden, Schwimmen und gutes Essen!","breadcrumb":{"@id":"https:\/\/aliceinwaterland.eu\/de\/bootfahrt\/#breadcrumb"},"inLanguage":"de","potentialAction":[{"@type":"ReadAction","target":["https:\/\/aliceinwaterland.eu\/de\/bootfahrt\/"]}]},{"@type":"ImageObject","inLanguage":"de","@id":"https:\/\/aliceinwaterland.eu\/de\/bootfahrt\/#primaryimage","url":"https:\/\/i0.wp.com\/aliceinwaterland.eu\/wp-content\/uploads\/2022\/03\/01-daily-tour-scaled.jpg?fit=2560%2C2048&ssl=1","contentUrl":"https:\/\/i0.wp.com\/aliceinwaterland.eu\/wp-content\/uploads\/2022\/03\/01-daily-tour-scaled.jpg?fit=2560%2C2048&ssl=1","width":2560,"height":2048},{"@type":"BreadcrumbList","@id":"https:\/\/aliceinwaterland.eu\/de\/bootfahrt\/#breadcrumb","itemListElement":[{"@type":"ListItem","position":1,"name":"Home","item":"https:\/\/aliceinwaterland.eu\/de\/"},{"@type":"ListItem","position":2,"name":"BOOTFAHRT"}]},{"@type":"WebSite","@id":"https:\/\/aliceinwaterland.eu\/#website","url":"https:\/\/aliceinwaterland.eu\/","name":"Alice in Waterland","description":"Unique family vacation","publisher":{"@id":"https:\/\/aliceinwaterland.eu\/#organization"},"potentialAction":[{"@type":"SearchAction","target":{"@type":"EntryPoint","urlTemplate":"https:\/\/aliceinwaterland.eu\/?s={search_term_string}"},"query-input":{"@type":"PropertyValueSpecification","valueRequired":true,"valueName":"search_term_string"}}],"inLanguage":"de"},{"@type":"Organization","@id":"https:\/\/aliceinwaterland.eu\/#organization","name":"POMORSTVO IN TURIZEM Damjan Ro\u017enik s.p.","url":"https:\/\/aliceinwaterland.eu\/","logo":{"@type":"ImageObject","inLanguage":"de","@id":"https:\/\/aliceinwaterland.eu\/#\/schema\/logo\/image\/","url":"https:\/\/aliceinwaterland.eu\/wp-content\/uploads\/2023\/06\/AiW-Logo.jpg","contentUrl":"https:\/\/aliceinwaterland.eu\/wp-content\/uploads\/2023\/06\/AiW-Logo.jpg","width":600,"height":600,"caption":"POMORSTVO IN TURIZEM Damjan Ro\u017enik s.p."},"image":{"@id":"https:\/\/aliceinwaterland.eu\/#\/schema\/logo\/image\/"},"sameAs":["https:\/\/www.facebook.com\/aliceinwaterlandboat","https:\/\/x.com\/aliceinwtrland","https:\/\/www.instagram.com\/aliceinwaterlandboat"]}]}},"jetpack_sharing_enabled":true,"_links":{"self":[{"href":"https:\/\/aliceinwaterland.eu\/de\/wp-json\/wp\/v2\/pages\/5543","targetHints":{"allow":["GET"]}}],"collection":[{"href":"https:\/\/aliceinwaterland.eu\/de\/wp-json\/wp\/v2\/pages"}],"about":[{"href":"https:\/\/aliceinwaterland.eu\/de\/wp-json\/wp\/v2\/types\/page"}],"author":[{"embeddable":true,"href":"https:\/\/aliceinwaterland.eu\/de\/wp-json\/wp\/v2\/users\/2"}],"replies":[{"embeddable":true,"href":"https:\/\/aliceinwaterland.eu\/de\/wp-json\/wp\/v2\/comments?post=5543"}],"version-history":[{"count":0,"href":"https:\/\/aliceinwaterland.eu\/de\/wp-json\/wp\/v2\/pages\/5543\/revisions"}],"wp:featuredmedia":[{"embeddable":true,"href":"https:\/\/aliceinwaterland.eu\/de\/wp-json\/wp\/v2\/media\/5136"}],"wp:attachment":[{"href":"https:\/\/aliceinwaterland.eu\/de\/wp-json\/wp\/v2\/media?parent=5543"}],"curies":[{"name":"wp","href":"https:\/\/api.w.org\/{rel}","templated":true}]}}