{"id":5532,"date":"2020-05-15T13:24:18","date_gmt":"2020-05-15T13:24:18","guid":{"rendered":"https:\/\/aliceinwaterland.eu\/home\/"},"modified":"2026-01-12T15:56:58","modified_gmt":"2026-01-12T14:56:58","slug":"home","status":"publish","type":"page","link":"https:\/\/aliceinwaterland.eu\/de\/","title":{"rendered":"Home"},"content":{"rendered":"\n\n\t<!-- Elfsight Slider | Front slider DE -->\n\t<!-- Elfsight Pricing Table | SOMMER -->\n\t<p>Project\u00a0<strong>&#8222;MODERNISATION OF THE ENERGY AND WATER SYSTEM AND DEVELOPMENT OF THE NAUTICAL OFFER<\/strong>&#8220; implemented thanks to the European Call for Proposals OSSIN &#8211; Measure ANS 1\/1 2021-2024 :<\/p>\n<p><strong>&#8222;Promotion of new economic projects in the area where members of the Italian national indigenous community live for the period 2023 and 2024&#8220;<\/strong><\/p>\n<hr \/>\nProject of\u00a0<strong><i>&#8222;PURCHASE OF ELECTRIC OUTBOARD AND TENDER&#8220;\u00a0<\/i><\/strong>implemented thanks to the European Call for Proposals OSSIN &#8211; Measure ANS 1\/4 2021-2024 :\n<strong>&#8222;Program for the development of the economic base of the Italian nationality community&#8220;<\/strong>\n\n<p>Project implemented and financed in cooperation with:<\/p>\n\t\t\t\t<a href=\"https:\/\/www.slovenia.info\/green&#038;safe\" target=\"_self\" itemprop=\"url\">\n\t\t\t\t<img data-recalc-dims=\"1\" decoding=\"async\" data-src=\"https:\/\/i0.wp.com\/aliceinwaterland.eu\/wp-content\/uploads\/2022\/06\/greensafe-logo-1-scaled.jpg?resize=2560%2C1112&#038;ssl=1\" alt=\"green&amp;safe logo\" itemprop=\"image\" height=\"1112\" width=\"2560\" title=\"green&amp;safe logo\" onerror=\"this.style.display='none'\" src=\"data:image\/svg+xml;base64,PHN2ZyB3aWR0aD0iMSIgaGVpZ2h0PSIxIiB4bWxucz0iaHR0cDovL3d3dy53My5vcmcvMjAwMC9zdmciPjwvc3ZnPg==\" class=\"lazyload\" style=\"--smush-placeholder-width: 2560px; --smush-placeholder-aspect-ratio: 2560\/1112;\" \/>\n\t\t\t\t<\/a>\n\n","protected":false},"excerpt":{"rendered":"<p>Project\u00a0&#8222;MODERNISATION OF THE ENERGY AND WATER SYSTEM AND DEVELOPMENT OF THE NAUTICAL OFFER&#8220; implemented thanks to the European Call for Proposals OSSIN &#8211; Measure ANS 1\/1 2021-2024 : &#8222;Promotion of new economic projects in the area where members of the Italian national indigenous community live for the period 2023 and 2024&#8220; Project of\u00a0&#8222;PURCHASE OF ELECTRIC &hellip;<\/p>\n<p class=\"read-more\"> <a class=\"\" href=\"https:\/\/aliceinwaterland.eu\/de\/\"> <span class=\"screen-reader-text\">Home<\/span> Read More \u00bb<\/a><\/p>\n","protected":false},"author":1,"featured_media":5154,"parent":0,"menu_order":0,"comment_status":"closed","ping_status":"closed","template":"","meta":{"_eb_attr":"","site-sidebar-layout":"no-sidebar","site-content-layout":"page-builder","ast-global-header-display":"","ast-main-header-display":"","ast-hfb-above-header-display":"","ast-hfb-below-header-display":"","ast-hfb-mobile-header-display":"","site-post-title":"disabled","ast-breadcrumbs-content":"","ast-featured-img":"disabled","footer-sml-layout":"","theme-transparent-header-meta":"disabled","adv-header-id-meta":"","stick-header-meta":"enabled","header-above-stick-meta":"","header-main-stick-meta":"on","header-below-stick-meta":"","_themeisle_gutenberg_block_has_review":false,"footnotes":""},"class_list":["post-5532","page","type-page","status-publish","has-post-thumbnail","hentry"],"yoast_head":"<!-- This site is optimized with the Yoast SEO Premium plugin v20.3 (Yoast SEO v26.7) - https:\/\/yoast.com\/wordpress\/plugins\/seo\/ -->\n<title>Willkommen an Bord! | Alice in Waterland Unique family vacation<\/title>\n<meta name=\"description\" content=\"Interessiert an einem Segelurlaub in Slowenien? Wir haben das perfekte Rezept f\u00fcr Ihren Segelurlaub. Erfahrene Crew, leckeres Essen, Komfort, Wasserausr\u00fcstung und mehr zu den besten Preisen. Und das Beste ist, dass Sie Ihren Urlaub ohne Sorgen genie\u00dfen k\u00f6nnen. Bei uns werden Sie sich wie zu Hause f\u00fchlen.\" \/>\n<meta name=\"robots\" content=\"index, follow, max-snippet:-1, max-image-preview:large, max-video-preview:-1\" \/>\n<link rel=\"canonical\" href=\"https:\/\/aliceinwaterland.eu\/de\/\" \/>\n<meta property=\"og:locale\" content=\"de_DE\" \/>\n<meta property=\"og:type\" content=\"article\" \/>\n<meta property=\"og:title\" content=\"Alice in Waterland | Unique family vacation\" \/>\n<meta property=\"og:description\" content=\"Interessiert an einem Segelurlaub in Slowenien? Wir haben das perfekte Rezept f\u00fcr Ihren Segelurlaub. Erfahrene Crew, leckeres Essen, Komfort, Wasserausr\u00fcstung und mehr zu den besten Preisen. Und das Beste ist, dass Sie Ihren Urlaub ohne Sorgen genie\u00dfen k\u00f6nnen. Bei uns werden Sie sich wie zu Hause f\u00fchlen.\" \/>\n<meta property=\"og:url\" content=\"https:\/\/aliceinwaterland.eu\/de\/\" \/>\n<meta property=\"og:site_name\" content=\"Alice in Waterland\" \/>\n<meta property=\"article:publisher\" content=\"https:\/\/www.facebook.com\/aliceinwaterlandboat\" \/>\n<meta property=\"article:modified_time\" content=\"2026-01-12T14:56:58+00:00\" \/>\n<meta property=\"og:image\" content=\"https:\/\/i0.wp.com\/aliceinwaterland.eu\/wp-content\/uploads\/2022\/05\/01-kvarner-scaled.jpg?fit=2560%2C1707&ssl=1\" \/>\n\t<meta property=\"og:image:width\" content=\"2560\" \/>\n\t<meta property=\"og:image:height\" content=\"1707\" \/>\n\t<meta property=\"og:image:type\" content=\"image\/jpeg\" \/>\n<meta name=\"twitter:card\" content=\"summary_large_image\" \/>\n<meta name=\"twitter:title\" content=\"Alice in Waterland | Unique family vacation\" \/>\n<meta name=\"twitter:site\" content=\"@aliceinwtrland\" \/>\n<meta name=\"twitter:label1\" content=\"Gesch\u00e4tzte Lesezeit\" \/>\n\t<meta name=\"twitter:data1\" content=\"1\u00a0Minute\" \/>\n<script type=\"application\/ld+json\" class=\"yoast-schema-graph\">{\"@context\":\"https:\/\/schema.org\",\"@graph\":[{\"@type\":\"WebPage\",\"@id\":\"https:\/\/aliceinwaterland.eu\/de\/\",\"url\":\"https:\/\/aliceinwaterland.eu\/de\/\",\"name\":\"Willkommen an Bord! | Alice in Waterland Unique family vacation\",\"isPartOf\":{\"@id\":\"https:\/\/aliceinwaterland.eu\/#website\"},\"primaryImageOfPage\":{\"@id\":\"https:\/\/aliceinwaterland.eu\/de\/#primaryimage\"},\"image\":{\"@id\":\"https:\/\/aliceinwaterland.eu\/de\/#primaryimage\"},\"thumbnailUrl\":\"https:\/\/i0.wp.com\/aliceinwaterland.eu\/wp-content\/uploads\/2022\/05\/01-kvarner-scaled.jpg?fit=2560%2C1707&ssl=1\",\"datePublished\":\"2020-05-15T13:24:18+00:00\",\"dateModified\":\"2026-01-12T14:56:58+00:00\",\"description\":\"Interessiert an einem Segelurlaub in Slowenien? Wir haben das perfekte Rezept f\u00fcr Ihren Segelurlaub. Erfahrene Crew, leckeres Essen, Komfort, Wasserausr\u00fcstung und mehr zu den besten Preisen. Und das Beste ist, dass Sie Ihren Urlaub ohne Sorgen genie\u00dfen k\u00f6nnen. Bei uns werden Sie sich wie zu Hause f\u00fchlen.\",\"breadcrumb\":{\"@id\":\"https:\/\/aliceinwaterland.eu\/de\/#breadcrumb\"},\"inLanguage\":\"de\",\"potentialAction\":[{\"@type\":\"ReadAction\",\"target\":[\"https:\/\/aliceinwaterland.eu\/de\/\"]}]},{\"@type\":\"ImageObject\",\"inLanguage\":\"de\",\"@id\":\"https:\/\/aliceinwaterland.eu\/de\/#primaryimage\",\"url\":\"https:\/\/i0.wp.com\/aliceinwaterland.eu\/wp-content\/uploads\/2022\/05\/01-kvarner-scaled.jpg?fit=2560%2C1707&ssl=1\",\"contentUrl\":\"https:\/\/i0.wp.com\/aliceinwaterland.eu\/wp-content\/uploads\/2022\/05\/01-kvarner-scaled.jpg?fit=2560%2C1707&ssl=1\",\"width\":2560,\"height\":1707},{\"@type\":\"BreadcrumbList\",\"@id\":\"https:\/\/aliceinwaterland.eu\/de\/#breadcrumb\",\"itemListElement\":[{\"@type\":\"ListItem\",\"position\":1,\"name\":\"Home\",\"item\":\"https:\/\/aliceinwaterland.eu\/de\/\"},{\"@type\":\"ListItem\",\"position\":2,\"name\":\"Home\"}]},{\"@type\":\"WebSite\",\"@id\":\"https:\/\/aliceinwaterland.eu\/#website\",\"url\":\"https:\/\/aliceinwaterland.eu\/\",\"name\":\"Alice in Waterland\",\"description\":\"Unique family vacation\",\"publisher\":{\"@id\":\"https:\/\/aliceinwaterland.eu\/#organization\"},\"potentialAction\":[{\"@type\":\"SearchAction\",\"target\":{\"@type\":\"EntryPoint\",\"urlTemplate\":\"https:\/\/aliceinwaterland.eu\/?s={search_term_string}\"},\"query-input\":{\"@type\":\"PropertyValueSpecification\",\"valueRequired\":true,\"valueName\":\"search_term_string\"}}],\"inLanguage\":\"de\"},{\"@type\":\"Organization\",\"@id\":\"https:\/\/aliceinwaterland.eu\/#organization\",\"name\":\"POMORSTVO IN TURIZEM Damjan Ro\u017enik s.p.\",\"url\":\"https:\/\/aliceinwaterland.eu\/\",\"logo\":{\"@type\":\"ImageObject\",\"inLanguage\":\"de\",\"@id\":\"https:\/\/aliceinwaterland.eu\/#\/schema\/logo\/image\/\",\"url\":\"https:\/\/aliceinwaterland.eu\/wp-content\/uploads\/2023\/06\/AiW-Logo.jpg\",\"contentUrl\":\"https:\/\/aliceinwaterland.eu\/wp-content\/uploads\/2023\/06\/AiW-Logo.jpg\",\"width\":600,\"height\":600,\"caption\":\"POMORSTVO IN TURIZEM Damjan Ro\u017enik s.p.\"},\"image\":{\"@id\":\"https:\/\/aliceinwaterland.eu\/#\/schema\/logo\/image\/\"},\"sameAs\":[\"https:\/\/www.facebook.com\/aliceinwaterlandboat\",\"https:\/\/x.com\/aliceinwtrland\",\"https:\/\/www.instagram.com\/aliceinwaterlandboat\"]}]}<\/script>\n<!-- \/ Yoast SEO Premium plugin. -->","yoast_head_json":{"title":"Willkommen an Bord! | Alice in Waterland Unique family vacation","description":"Interessiert an einem Segelurlaub in Slowenien? Wir haben das perfekte Rezept f\u00fcr Ihren Segelurlaub. Erfahrene Crew, leckeres Essen, Komfort, Wasserausr\u00fcstung und mehr zu den besten Preisen. Und das Beste ist, dass Sie Ihren Urlaub ohne Sorgen genie\u00dfen k\u00f6nnen. Bei uns werden Sie sich wie zu Hause f\u00fchlen.","robots":{"index":"index","follow":"follow","max-snippet":"max-snippet:-1","max-image-preview":"max-image-preview:large","max-video-preview":"max-video-preview:-1"},"canonical":"https:\/\/aliceinwaterland.eu\/de\/","og_locale":"de_DE","og_type":"article","og_title":"Alice in Waterland | Unique family vacation","og_description":"Interessiert an einem Segelurlaub in Slowenien? Wir haben das perfekte Rezept f\u00fcr Ihren Segelurlaub. Erfahrene Crew, leckeres Essen, Komfort, Wasserausr\u00fcstung und mehr zu den besten Preisen. Und das Beste ist, dass Sie Ihren Urlaub ohne Sorgen genie\u00dfen k\u00f6nnen. Bei uns werden Sie sich wie zu Hause f\u00fchlen.","og_url":"https:\/\/aliceinwaterland.eu\/de\/","og_site_name":"Alice in Waterland","article_publisher":"https:\/\/www.facebook.com\/aliceinwaterlandboat","article_modified_time":"2026-01-12T14:56:58+00:00","og_image":[{"width":2560,"height":1707,"url":"https:\/\/i0.wp.com\/aliceinwaterland.eu\/wp-content\/uploads\/2022\/05\/01-kvarner-scaled.jpg?fit=2560%2C1707&ssl=1","type":"image\/jpeg"}],"twitter_card":"summary_large_image","twitter_title":"Alice in Waterland | Unique family vacation","twitter_site":"@aliceinwtrland","twitter_misc":{"Gesch\u00e4tzte Lesezeit":"1\u00a0Minute"},"schema":{"@context":"https:\/\/schema.org","@graph":[{"@type":"WebPage","@id":"https:\/\/aliceinwaterland.eu\/de\/","url":"https:\/\/aliceinwaterland.eu\/de\/","name":"Willkommen an Bord! | Alice in Waterland Unique family vacation","isPartOf":{"@id":"https:\/\/aliceinwaterland.eu\/#website"},"primaryImageOfPage":{"@id":"https:\/\/aliceinwaterland.eu\/de\/#primaryimage"},"image":{"@id":"https:\/\/aliceinwaterland.eu\/de\/#primaryimage"},"thumbnailUrl":"https:\/\/i0.wp.com\/aliceinwaterland.eu\/wp-content\/uploads\/2022\/05\/01-kvarner-scaled.jpg?fit=2560%2C1707&ssl=1","datePublished":"2020-05-15T13:24:18+00:00","dateModified":"2026-01-12T14:56:58+00:00","description":"Interessiert an einem Segelurlaub in Slowenien? Wir haben das perfekte Rezept f\u00fcr Ihren Segelurlaub. Erfahrene Crew, leckeres Essen, Komfort, Wasserausr\u00fcstung und mehr zu den besten Preisen. Und das Beste ist, dass Sie Ihren Urlaub ohne Sorgen genie\u00dfen k\u00f6nnen. Bei uns werden Sie sich wie zu Hause f\u00fchlen.","breadcrumb":{"@id":"https:\/\/aliceinwaterland.eu\/de\/#breadcrumb"},"inLanguage":"de","potentialAction":[{"@type":"ReadAction","target":["https:\/\/aliceinwaterland.eu\/de\/"]}]},{"@type":"ImageObject","inLanguage":"de","@id":"https:\/\/aliceinwaterland.eu\/de\/#primaryimage","url":"https:\/\/i0.wp.com\/aliceinwaterland.eu\/wp-content\/uploads\/2022\/05\/01-kvarner-scaled.jpg?fit=2560%2C1707&ssl=1","contentUrl":"https:\/\/i0.wp.com\/aliceinwaterland.eu\/wp-content\/uploads\/2022\/05\/01-kvarner-scaled.jpg?fit=2560%2C1707&ssl=1","width":2560,"height":1707},{"@type":"BreadcrumbList","@id":"https:\/\/aliceinwaterland.eu\/de\/#breadcrumb","itemListElement":[{"@type":"ListItem","position":1,"name":"Home","item":"https:\/\/aliceinwaterland.eu\/de\/"},{"@type":"ListItem","position":2,"name":"Home"}]},{"@type":"WebSite","@id":"https:\/\/aliceinwaterland.eu\/#website","url":"https:\/\/aliceinwaterland.eu\/","name":"Alice in Waterland","description":"Unique family vacation","publisher":{"@id":"https:\/\/aliceinwaterland.eu\/#organization"},"potentialAction":[{"@type":"SearchAction","target":{"@type":"EntryPoint","urlTemplate":"https:\/\/aliceinwaterland.eu\/?s={search_term_string}"},"query-input":{"@type":"PropertyValueSpecification","valueRequired":true,"valueName":"search_term_string"}}],"inLanguage":"de"},{"@type":"Organization","@id":"https:\/\/aliceinwaterland.eu\/#organization","name":"POMORSTVO IN TURIZEM Damjan Ro\u017enik s.p.","url":"https:\/\/aliceinwaterland.eu\/","logo":{"@type":"ImageObject","inLanguage":"de","@id":"https:\/\/aliceinwaterland.eu\/#\/schema\/logo\/image\/","url":"https:\/\/aliceinwaterland.eu\/wp-content\/uploads\/2023\/06\/AiW-Logo.jpg","contentUrl":"https:\/\/aliceinwaterland.eu\/wp-content\/uploads\/2023\/06\/AiW-Logo.jpg","width":600,"height":600,"caption":"POMORSTVO IN TURIZEM Damjan Ro\u017enik s.p."},"image":{"@id":"https:\/\/aliceinwaterland.eu\/#\/schema\/logo\/image\/"},"sameAs":["https:\/\/www.facebook.com\/aliceinwaterlandboat","https:\/\/x.com\/aliceinwtrland","https:\/\/www.instagram.com\/aliceinwaterlandboat"]}]}},"jetpack_sharing_enabled":true,"_links":{"self":[{"href":"https:\/\/aliceinwaterland.eu\/de\/wp-json\/wp\/v2\/pages\/5532","targetHints":{"allow":["GET"]}}],"collection":[{"href":"https:\/\/aliceinwaterland.eu\/de\/wp-json\/wp\/v2\/pages"}],"about":[{"href":"https:\/\/aliceinwaterland.eu\/de\/wp-json\/wp\/v2\/types\/page"}],"author":[{"embeddable":true,"href":"https:\/\/aliceinwaterland.eu\/de\/wp-json\/wp\/v2\/users\/1"}],"replies":[{"embeddable":true,"href":"https:\/\/aliceinwaterland.eu\/de\/wp-json\/wp\/v2\/comments?post=5532"}],"version-history":[{"count":0,"href":"https:\/\/aliceinwaterland.eu\/de\/wp-json\/wp\/v2\/pages\/5532\/revisions"}],"wp:featuredmedia":[{"embeddable":true,"href":"https:\/\/aliceinwaterland.eu\/de\/wp-json\/wp\/v2\/media\/5154"}],"wp:attachment":[{"href":"https:\/\/aliceinwaterland.eu\/de\/wp-json\/wp\/v2\/media?parent=5532"}],"curies":[{"name":"wp","href":"https:\/\/api.w.org\/{rel}","templated":true}]}}