{"id":5519,"date":"2022-05-12T21:32:14","date_gmt":"2022-05-12T19:32:14","guid":{"rendered":"https:\/\/aliceinwaterland.eu\/settimana-da-sogno\/"},"modified":"2026-01-12T16:34:38","modified_gmt":"2026-01-12T15:34:38","slug":"traumwoche-kreuzfahrt","status":"publish","type":"page","link":"https:\/\/aliceinwaterland.eu\/de\/traumwoche-kreuzfahrt\/","title":{"rendered":"TRAUMWOCHE KREUZFAHRT"},"content":{"rendered":"\n\n\t<h1><strong>WOCHE DER ENTSPANNUNG<\/strong><\/h1>\n<h1>Entdeckung Istriens und des Nationalparks Brijuni<\/h1>\n<h3>\n\t\tReiseroute und Programm\n\t<\/h3>\n<h3>\n\t\tIZOLA &#8211; BRIJUNI NATIONALPARK &#8211; ROVINJ &#8211; PORE\u010c &#8211; PIRAN &#8211; IZOLA\n\t<\/h3>\n<h3>\n\t\tEine Traumwoche, um Istrien mit dem Segelboot zu entdecken!\n\t<\/h3>\n\t<ul>\n<li><strong>Einschiffung in Izola am Samstag um 18.00 Uhr Willkommen an Bord!<\/strong><\/li>\n<\/ul>\n<p>Nach der Wahl der Kabinen und der Organisation des Gep\u00e4cks bereiten wir einen <strong>appetitlichen Aperitif<\/strong> vor, lernen uns gegenseitig kennen und geben einen \u00dcberblick \u00fcber das Programm der Woche.<\/p>\n<p>Am Samstag schlafen wir in der Marina in Izola und am Sonntagmorgen setzen wir die Segel in Richtung Kroatien. Die folgende Nacht verbringen wir auf der Reede, in einer wundersch\u00f6nen Bucht in der N\u00e4he von Rovinj, wo wir <strong>den Sonnenuntergang mit einem Aperitif bewundern und einen Fisch vom Grill unter den Sternen genie\u00dfen werden.<\/strong>.<\/p>\n<ul>\n<li><strong>Nationalpark Brijuni-Inseln<\/strong><\/li>\n<\/ul>\n<p>Am Montagmorgen, nach einem ausgiebigen Fr\u00fchst\u00fcck und einem Bad im blauen Wasser Kroatiens, machen wir uns auf den Weg zum <a href=\"https:\/\/www.np-brijuni.hr\/de\"><u>Brijuni-Nationalpark<\/u><\/a> , eine einzigartige Gelegenheit, ein unber\u00fchrtes und zeitloses <strong>Archipel<\/strong> kennenzulernen. Wir werden f\u00fcr 24 Stunden im kleinen Hafen des Parks halten und an Land k\u00f6nnen Sie ein Elektroauto oder Fahrr\u00e4der mieten und haben viel Zeit, die Insel zu erkunden. <strong>Die Insel Brijuni <\/strong>wird Sie mit atemberaubenden Landschaften, exotischen Tieren, einsamen Str\u00e4nden, r\u00f6mischen Ausgrabungen und einem echten Dinosaurierpark \u00fcberraschen! Brijuni ist bei Jung und Alt beliebt<strong>, <\/strong>bietet Aktivit\u00e4ten f\u00fcr alle Geschm\u00e4cker und ist ein <strong><\/strong><strong>Muss<\/strong>-Ziel im kroatischen Istrien.<\/p>\n<ul>\n<li><strong>Zwei Schwestern und Rovinj<\/strong><\/li>\n<\/ul>\n<p>Von Brijuni aus steigen wir hinauf und verbringen einen <strong>Tag auf den wundersch\u00f6nen unbewohnten Inseln der Zwei Schwestern<\/strong>. Sie k\u00f6nnen sie mit dem Kajak oder dem Sup besuchen oder sie einfach vom Boot aus bewundern. Bei Sonnenuntergang z\u00fcnden wir den <strong>Grill<\/strong> an und bereiten Ihnen einen <strong>Grill vor, w\u00e4hrend sich der Himmel in tausend Rott\u00f6nen f\u00e4rbt.<\/strong> Am n\u00e4chsten Morgen gehen wir von Bord und besuchen das <strong>prachtvolle Rovinj<\/strong>, eine der fotogensten und romantischsten St\u00e4dte an der Adria.<\/p>\n<ul>\n<li><strong>Porec<\/strong><\/li>\n<\/ul>\n<p>Den Abend werden wir an der Boje in der Bucht davor verbringen. <strong>Pore\u010d wird Sie verzaubern<\/strong>: seine farbenfrohe und lebendige Altstadt ist ein <strong>Open-Air-Museum<\/strong>, die \u00dcberreste der alten r\u00f6mischen Stadt sind in den engen Gassen zu finden, und die Basilika mit ihren pr\u00e4chtigen Mosaiken geh\u00f6rt zum UNESCO-Weltkulturerbe, und Kunstgalerien und L\u00e4den lokaler Handwerker sind in jeder engen Gasse zu finden. Eine <strong>reiche Gastronomie-, Wein- und Musikszene<\/strong> machen sie zu einer lebendigen Stadt, die man nicht verpassen sollte!<\/p>\n<ul>\n<li><strong>Piran<\/strong><\/li>\n<\/ul>\n<p>Am n\u00e4chsten Morgen machen wir uns auf den Weg nach Slowenien und halten zum Mittagessen in einer blauen Bucht, wo wir Novigrad und seine beeindruckenden mittelalterlichen Mauern bewundern k\u00f6nnen. Am Abend erreichen wir <strong>Piran, die meistbesuchte Stadt Sloweniens.<\/strong> Diese kleine Stadt, die sich auf einer Halbinsel erstreckt, ist eine <strong>Perle der slowenischen K\u00fcste,<\/strong> jede Ecke wird Sie in ihren Bann ziehen, sich in den verwinkelten Gassen zu verirren ist ein Muss, ebenso wie ein Halt am Tartini-Platz, der den mandra\u010d \u00fcberblickt &#8211; ein kleiner kreisf\u00f6rmiger Hafen, in dem noch alte Boote liegen.<\/p>\n<ul>\n<li><strong>Strunjan und Izola<\/strong><\/li>\n<\/ul>\n<p>Auf 46 km K\u00fcstenl\u00e4nge bietet Slowenien blaue, gesch\u00fctzte Buchten und Naturparks. Die <strong>Strunjan-Bucht<\/strong> mit ihren Klippen und der \u00fcppigen Vegetation an der K\u00fcste ist ein <strong>wahres Paradies<\/strong>, die gr\u00fcne Wildnis, die auf das blaue Meer trifft, ist ein einzigartiges Spektakel. Nach einem Tag des Tauchens und der Erkundung der K\u00fcste kehren wir nach Izola zur\u00fcck, wo die <strong>Ausschiffung am Freitagnachmittag um 17 Uhr vorgesehen ist.<\/strong><\/p>\n<p>&nbsp;<\/p>\n<hr \/>\n<p>Die Woche wird ganz im Zeichen von <strong>Entspannung<\/strong> und <strong>Unterhaltung<\/strong> stehen, Besuche an Land werden mit Aktivit\u00e4ten auf dem Meer ausgewogen sein, und wenn es der Wind erlaubt, werden wir das Segeln bevorzugen.<\/p>\n<p>F\u00fcr die Crew von Alice in Waterland ist <strong>die Sicherheit und das Wohlbefinden unserer G\u00e4ste von gr\u00f6\u00dfter Bedeutung<\/strong>. Das vorgestellte Programm ist ein Richtwert und immer wetterabh\u00e4ngig. Jede Entscheidung \u00fcber die durchzuf\u00fchrenden Etappen, die Navigation und eventuelle Stopps wird <em>ausschlie\u00dflich<\/em> vom Kapit\u00e4n getroffen.<\/p>\n<p>&nbsp;<\/p>\n\n<h3>\n\t\t6 Tage \/ 6 N\u00e4chte\n\t<\/h3>\n\t\t\t\t<a href=\"https:\/\/aliceinwaterland.eu\/de\/sorgenfrei\/\" target=\"_self\" itemprop=\"url\">\n\t\t\t\t<img data-recalc-dims=\"1\" decoding=\"async\" data-src=\"https:\/\/i0.wp.com\/aliceinwaterland.eu\/wp-content\/uploads\/2021\/01\/carefree.png?resize=648%2C213&#038;ssl=1\" alt=\"carefree\" itemprop=\"image\" height=\"213\" width=\"648\" title=\"carefree\" onerror=\"this.style.display='none'\" src=\"data:image\/svg+xml;base64,PHN2ZyB3aWR0aD0iMSIgaGVpZ2h0PSIxIiB4bWxucz0iaHR0cDovL3d3dy53My5vcmcvMjAwMC9zdmciPjwvc3ZnPg==\" class=\"lazyload\" style=\"--smush-placeholder-width: 648px; --smush-placeholder-aspect-ratio: 648\/213;\" \/>\n\t\t\t\t<\/a>\n<h3>\n\t\tIZOLA &#8211; BRIONI PARK &#8211; ROVINJ &#8211; PORE\u010c &#8211; PIRAN &#8211; IZOLA\n\t<\/h3>\n\t<h4><strong>Maximale G\u00e4stezahl: 6 Erwachsene und 3 Kinder &#8211; siehe ANMERKUNGEN*.<\/strong><\/h4>\n<h4>Den G\u00e4sten stehen <strong>3 Kabinen<\/strong> mit Doppelbetten und <strong>privatem Bad<\/strong> zur Verf\u00fcgung.<\/h4>\n<h4>\n\t\tOrt der Abfahrt und Ankunft\n\t<\/h4>\n\t<p>Izola, Slowenien<\/p>\n<h4>\n\t\tEinchecken: Samstag\n\t<\/h4>\n\t<p>18.00<\/p>\n<h4>\n\t\tSiehe auch: Freitag\n\t<\/h4>\n\t<p>17.00<\/p>\n\t\t\t\t<table>\n\t\t\t\t\t<thead>\n\t\t\t\t\t\t\t\t\t\t\t\t\t\t<tr>\n\t\t\t\t\t\t\t\t\t\t\t\t\t\t\t<th rowspan=\"\" colspan=\"\">\n\t\t\t\t\t\t\t\t\t\t PERIOD \n\t\t\t\t\t\t\t\t\t\t\t\t\t\t\t\t\t<\/th> \n\t\t\t\t\t\t\t\t\t\t\t\t\t\t<th rowspan=\"\" colspan=\"\">\n\t\t\t\t\t\t\t\t\t\t EXKLUSIVES BOOT \n\t\t\t\t\t\t\t\t\t\t\t\t\t\t\t\t\t<\/th> \n\t\t\t\t\t\t\t\t\t\t\t\t\t\t<th rowspan=\"\" colspan=\"\">\n\t\t\t\t\t\t\t\t\t\t\t\t\t\t\t\t\t<label> \n\t\t\t\t\t\t\t\t\t\t<\/label><label> CABIN CHARTER* <\/label> \n\t\t\t\t\t\t\t\t\t\n\t\t\t\t\t\t\t\t\t\t\t\t\t\t\t\t\t<\/th> \n\t\t\t\t\t\t\t\t\t\t\t<\/tr><\/thead>\n\t\t\t\t\t<tbody>\n\t\t\t\t\t\t\t\t\t\t\t\t\t\t\t<tr> \n\t\t\t\t\t\t\t\t\t\t\t\t\t\t\t\t\t\t\t\t<td colspan=\"\" rowspan=\"\"> \n\t\t\t\t\t\t\t\t\t\t\t\t\t\t\t 01\/04\/2026 &#8211; 28\/05\/2026 \n\t\t\t\t\t\t\t\t\t\t\t\t\t\t\t\t\t\t\t\t\t\t\t\t<\/td>\n\t\t\t\t\t\t\t\t\t\t\t\t\t\t\t\t<td colspan=\"\" rowspan=\"\"> \n\t\t\t\t\t\t\t\t\t\t\t\t\t\t\t\t\t\t\t\t\t\t\t 5700\u20ac \n\t\t\t\t\t\t\t\t\t\t\t\t\t\t\t\t\t\t\t\t\t\t\t<\/td>\n\t\t\t\t\t\t\t\t\t\t\t\t\t\t\t\t<td colspan=\"\" rowspan=\"\"> \n\t\t\t\t\t\t\t\t\t\t\t\t\t\t\t\t\t\t\t\t\t\t\t 2000\u20ac \n\t\t\t\t\t\t\t\t\t\t\t\t\t\t\t\t\t\t\t\t\t\t\t<\/td>\n\t\t\t\t\t\t\t\t\t\t\t\t\t\t\t<\/tr><tr> \n\t\t\t\t\t\t\t\t\t\t\t\t\t\t\t\t\t\t\t\t<td colspan=\"\" rowspan=\"\"> \n\t\t\t\t\t\t\t\t\t\t\t\t\t\t\t\t\t\t\t\t\t\t\t 29\/05\/2026 &#8211; 06\/09\/2025 \n\t\t\t\t\t\t\t\t\t\t\t\t\t\t\t\t\t\t\t\t\t\t\t<\/td>\n\t\t\t\t\t\t\t\t\t\t\t\t\t\t\t\t<td colspan=\"\" rowspan=\"\"> \n\t\t\t\t\t\t\t\t\t\t\t\t\t\t\t\t\t\t\t\t\t\t\t 6600\u20ac \n\t\t\t\t\t\t\t\t\t\t\t\t\t\t\t\t\t\t\t\t\t\t\t<\/td>\n\t\t\t\t\t\t\t\t\t\t\t\t\t\t\t\t<td colspan=\"\" rowspan=\"\"> \n\t\t\t\t\t\t\t\t\t\t\t\t\t\t\t\t\t\t\t\t\t\t\t 2500\u20ac \n\t\t\t\t\t\t\t\t\t\t\t\t\t\t\t\t\t\t\t\t\t\t\t<\/td>\n\t\t\t\t\t\t\t\t\t\t\t<\/tr><\/tbody>\n\t\t\t\t<\/table>\n\t<p>*Garantierte Abfahrt bei Buchung von mindestens 2 Kabinen<\/p>\n<h6>\n\t\tWas enthalten ist:\n\t<\/h6>\n\t<ul>\n<li>Unterkunft in einer Doppelkabine mit eigenem Bad, Behandlung <a href=\"https:\/\/aliceinwaterland.eu\/de\/sorgenfrei\/\">Sorgenfrei<\/a>.<\/li>\n<li>6 \u00dcbernachtungen, zwei N\u00e4chte in der Marina und vier N\u00e4chte vor Anker oder an der Boje. Sollten auf Wunsch der G\u00e4ste oder aufgrund von schlechtem Wetter zus\u00e4tzliche \u00dcbernachtungen in der Marina\/im Hafen notwendig sein, so sind diese als <em>Zusatzkosten<\/em> zu betrachten und vor Ort direkt an die Crew zu zahlen.<\/li>\n<li>6 Fr\u00fchst\u00fccke, 6 Mittagessen, 3 Abendessen. Die \u00fcbrigen Mahlzeiten sind kostenlos.<\/li>\n<li>Wasser mit und ohne Kohlens\u00e4ure, Kaffee und Saft zum Fr\u00fchst\u00fcck.<\/li>\n<li>Verwenden Sie Kajaks, Sup, Schlauchboote, Beiboot mit Au\u00dfenbordmotor (von der Crew gef\u00fchrt).<\/li>\n<li>Die unter &#8222;Reiseroute und Programm&#8220; angegebenen Etappen k\u00f6nnen aufgrund des Wetters und\/oder ung\u00fcnstiger Segelbedingungen ge\u00e4ndert werden. Der Kapit\u00e4n beh\u00e4lt sich das Recht vor, die Tour im Interesse der Sicherheit aller zu \u00e4ndern!<\/li>\n<\/ul>\n<h6>\n\t\tWas NICHT enthalten ist:\n\t<\/h6>\n\t<ul>\n<li>65 \u20ac : w\u00f6chentliche Geb\u00fchr f\u00fcr die Saison 2024 f\u00fcr die Einreise nach Kroatien, die unter den G\u00e4sten an Bord aufgeteilt wird. Die Preise werden je nach den vom kroatischen Tourismusministerium angek\u00fcndigten Aktualisierungen angepasst. <em>Zu zahlen beim Check-in auf dem Schiff.<\/em> <a href=\"https:\/\/nautika.evisitor.hr\/\" target=\"_blank\" rel=\"noopener noreferrer\">Weitere Informationen<\/a><\/li>\n<li>\u00a0Slowenische Kurtaxe- 2\u20ac Erwachsene\/ 1\u20ac Kinder <a href=\"https:\/\/www.koper.si\/it\/comune\/amministrazione-comunale\/ufficio-economia-agricoltura-e-sviluppo\/tassa-di-soggiorno-e-tassa-forfettaria\/#:~:text=\u00dcbernachtungs%20Geb\u00fchr%20,-Der%20Geb\u00fchren%20Betrag&amp;text=EUR%201%2C00%20pro%20Person,%E2%82%AC%20pro%20Person%2Tag).\">Weitere Informationen<\/a>.<\/li>\n<li>Drei Mahlzeiten werden kostenlos sein, um Ihnen die Gelegenheit zu geben, die istrische K\u00fcche kennen zu lernen: Sie ist reich an mediterranen Noten, schmackhaft und intensiv, und wir werden in der Lage sein, Ihnen Orte zu empfehlen, wo Sie sie genie\u00dfen k\u00f6nnen.<\/li>\n<li>Alkohol, Getr\u00e4nke und Kaffee nach Verbrauch, ein Bordmen\u00fc ist verf\u00fcgbar<\/li>\n<li><a href=\"https:\/\/www.np-brijuni.hr\/hr\/nautika?_gl=1*1xi1b56*_up*MQ..*_gs*MQ..*_ga*MTgyMzg2NTIzNi4xNzQwMzIzNzU3*_ga_HP962WHB99*MTc0MDMyMzc1Ni4xLjAuMTc0MDMyMzc1Ni4wLjAuMTQwNjQxMTYwOQ..&amp;gclid=Cj0KCQiAq-u9BhCjARIsANLj-s3-hMwNAFLC97b5Ty0TQWnssW2tIT8N4KlcWIiT-tFJ3-ndqDa7WlMaAlZZEALw_wcB\">Brijuni-Nationalpark<\/a> (270\u20ac, wird unter den G\u00e4sten an Bord aufgeteilt) und Ausr\u00fcstungsverleih auf Brijuni<\/li>\n<\/ul>\n<h6>\n\t\tAnmerkungen*: \n\t<\/h6>\n\t<ul>\n<li>Es k\u00f6nnen maximal 6 Erwachsene und 3 Kinder an Bord genommen werden &#8211; in der gleichen Kabine wie die Passagiere.<\/li>\n<li>Garantierte Abfahrt bei Buchung von zwei Kabinen<\/li>\n<li>Kinder bis zu 4 Jahren sind kostenlos.<\/li>\n<li>Kinder von 5 bis 9 Jahren k\u00f6nnen bei ihren Eltern schlafen &#8211; Aufpreis 200\u20ac pro Woche (30\u20ac\/Tag).<\/li>\n<li>Die angegebenen Haltestellen k\u00f6nnen sich aufgrund des Wetters oder ung\u00fcnstiger Segelbedingungen \u00e4ndern. Der Kapit\u00e4n beh\u00e4lt sich das Recht vor, die Tour im Interesse der Sicherheit aller zu \u00e4ndern oder abzusagen!<\/li>\n<li>Essen und\/oder Getr\u00e4nke sind an Bord nicht erlaubt.<\/li>\n<li>Haustiere sind nicht erlaubt.<\/li>\n<\/ul>\n\t\t\t<a href=\"https:\/\/aliceinwaterland.eu\/en\/booking\/\" target=\"_self\"   role=\"button\" aria-label=\"JETZT BUCHEN\">\n\t\t\t\t\t\t\tJETZT BUCHEN\n\t\t<\/a>\n<h1>\n\t\tHABEN SIE FRAGEN? KONTAKTIEREN SIE UNS!\n\t<\/h1>\n\t\t\t<a href=\"tel:+38640463082\" target=\"_self\" role=\"button\">\n\t\t\t\t\t\t+386 40 463 082\n\t\t\t\t\t<\/a>\n\t\t\t<a href=\"tel:+393286365700\" target=\"_self\" role=\"button\">\n\t\t\t\t\t\t+39 328 6365 700\n\t\t\t\t\t<\/a>\n\t\t\t<a href=\"mailto:vacation@aliceinwaterland.eu\" target=\"_self\" role=\"button\">\n\t\t\t\t\t\tE-mail\n\t\t\t\t\t<\/a>\n<h2>\n\t\tTEILEN\n\t<\/h2>\n\t\t\t\t\t\t\t\t\t\t<a class= \"uabb-ss-grid-button-link\" href=\"https:\/\/www.facebook.com\/sharer.php?u=https%3A%2F%2Faliceinwaterland.eu%2Fde%2F%3Fpage_id%3D5519%26fl_builder\" target=\"_blank\" onclick=\"window.open(this.href,'social-share','left=20,top=20,width=500,height=500,toolbar=1,resizable=0');return false;\">\n\t\t\t\t\t\t\t\t\t\t<\/a>\n\t\t\t\t\t\t\t\t\t\t<a class= \"uabb-ss-grid-button-link\" href=\"https:\/\/api.whatsapp.com\/send?text=https%3A%2F%2Faliceinwaterland.eu%2Fde%2F%3Fpage_id%3D5519%26fl_builder\" target=\"_blank\" onclick=\"window.open(this.href,'social-share','left=20,top=20,width=500,height=500,toolbar=1,resizable=0');return false;\">\n\t\t\t\t\t\t\t\t\t\t<\/a>\n\t\t\t\t\t\t\t\t\t\t<a class= \"uabb-ss-grid-button-link\" href=\"https:\/\/www.linkedin.com\/shareArticle?url=https%3A%2F%2Faliceinwaterland.eu%2Fde%2F%3Fpage_id%3D5519%26fl_builder\" target=\"_blank\" onclick=\"window.open(this.href,'social-share','left=20,top=20,width=500,height=500,toolbar=1,resizable=0');return false;\">\n\t\t\t\t\t\t\t\t\t\t<\/a>\n\t\t\t\t\t\t\t\t\t\t<a class= \"uabb-ss-grid-button-link\" href=\"https:\/\/twitter.com\/share?url=https%3A%2F%2Faliceinwaterland.eu%2Fde%2F%3Fpage_id%3D5519%26fl_builder\" target=\"_blank\" onclick=\"window.open(this.href,'social-share','left=20,top=20,width=500,height=500,toolbar=1,resizable=0');return false;\">\n\t\t\t\t\t\t\t\t\t\t<\/a>\n\n","protected":false},"excerpt":{"rendered":"<p>WOCHE DER ENTSPANNUNG Entdeckung Istriens und des Nationalparks Brijuni Reiseroute und Programm IZOLA &#8211; BRIJUNI NATIONALPARK &#8211; ROVINJ &#8211; PORE\u010c &#8211; PIRAN &#8211; IZOLA Eine Traumwoche, um Istrien mit dem Segelboot zu entdecken! Einschiffung in Izola am Samstag um 18.00 Uhr Willkommen an Bord! Nach der Wahl der Kabinen und der Organisation des Gep\u00e4cks bereiten &hellip;<\/p>\n<p class=\"read-more\"> <a class=\"\" href=\"https:\/\/aliceinwaterland.eu\/de\/traumwoche-kreuzfahrt\/\"> <span class=\"screen-reader-text\">TRAUMWOCHE KREUZFAHRT<\/span> Read More \u00bb<\/a><\/p>\n","protected":false},"author":2,"featured_media":5154,"parent":0,"menu_order":0,"comment_status":"closed","ping_status":"closed","template":"","meta":{"_eb_attr":"","site-sidebar-layout":"no-sidebar","site-content-layout":"page-builder","ast-global-header-display":"","ast-main-header-display":"","ast-hfb-above-header-display":"","ast-hfb-below-header-display":"","ast-hfb-mobile-header-display":"","site-post-title":"disabled","ast-breadcrumbs-content":"","ast-featured-img":"disabled","footer-sml-layout":"","theme-transparent-header-meta":"default","adv-header-id-meta":"","stick-header-meta":"default","header-above-stick-meta":"","header-main-stick-meta":"","header-below-stick-meta":"","_themeisle_gutenberg_block_has_review":false,"footnotes":""},"class_list":["post-5519","page","type-page","status-publish","has-post-thumbnail","hentry"],"yoast_head":"<!-- This site is optimized with the Yoast SEO Premium plugin v20.3 (Yoast SEO v26.7) - https:\/\/yoast.com\/wordpress\/plugins\/seo\/ -->\n<title>Traum-Segelwoche<\/title>\n<meta name=\"description\" content=\"Ihr Traumurlaub ist nur einen Klick entfernt. 7 Tage Entspannung im kroatischen Istrien und auf den Brijuni-Inseln. Exklusives Segelboot mit Crew und der einzigartigen &quot;Sorgenfreis&quot; Formel\" \/>\n<meta name=\"robots\" content=\"index, follow, max-snippet:-1, max-image-preview:large, max-video-preview:-1\" \/>\n<link rel=\"canonical\" href=\"https:\/\/aliceinwaterland.eu\/de\/traumwoche-kreuzfahrt\/\" \/>\n<meta property=\"og:locale\" content=\"de_DE\" \/>\n<meta property=\"og:type\" content=\"article\" \/>\n<meta property=\"og:title\" content=\"TRAUMWOCHE KREUZFAHRT\" \/>\n<meta property=\"og:description\" content=\"Ihr Traumurlaub ist nur einen Klick entfernt. 7 Tage Entspannung im kroatischen Istrien und auf den Brijuni-Inseln. Exklusives Segelboot mit Crew und der einzigartigen &quot;Sorgenfreis&quot; Formel\" \/>\n<meta property=\"og:url\" content=\"https:\/\/aliceinwaterland.eu\/de\/traumwoche-kreuzfahrt\/\" \/>\n<meta property=\"og:site_name\" content=\"Alice in Waterland\" \/>\n<meta property=\"article:publisher\" content=\"https:\/\/www.facebook.com\/aliceinwaterlandboat\" \/>\n<meta property=\"article:modified_time\" content=\"2026-01-12T15:34:38+00:00\" \/>\n<meta property=\"og:image\" content=\"https:\/\/i0.wp.com\/aliceinwaterland.eu\/wp-content\/uploads\/2022\/05\/01-kvarner-scaled.jpg?fit=2560%2C1707&ssl=1\" \/>\n\t<meta property=\"og:image:width\" content=\"2560\" \/>\n\t<meta property=\"og:image:height\" content=\"1707\" \/>\n\t<meta property=\"og:image:type\" content=\"image\/jpeg\" \/>\n<meta name=\"twitter:card\" content=\"summary_large_image\" \/>\n<meta name=\"twitter:site\" content=\"@aliceinwtrland\" \/>\n<meta name=\"twitter:label1\" content=\"Gesch\u00e4tzte Lesezeit\" \/>\n\t<meta name=\"twitter:data1\" content=\"5\u00a0Minuten\" \/>\n<script type=\"application\/ld+json\" class=\"yoast-schema-graph\">{\"@context\":\"https:\/\/schema.org\",\"@graph\":[{\"@type\":\"WebPage\",\"@id\":\"https:\/\/aliceinwaterland.eu\/de\/traumwoche-kreuzfahrt\/\",\"url\":\"https:\/\/aliceinwaterland.eu\/de\/traumwoche-kreuzfahrt\/\",\"name\":\"Traum-Segelwoche\",\"isPartOf\":{\"@id\":\"https:\/\/aliceinwaterland.eu\/#website\"},\"primaryImageOfPage\":{\"@id\":\"https:\/\/aliceinwaterland.eu\/de\/traumwoche-kreuzfahrt\/#primaryimage\"},\"image\":{\"@id\":\"https:\/\/aliceinwaterland.eu\/de\/traumwoche-kreuzfahrt\/#primaryimage\"},\"thumbnailUrl\":\"https:\/\/i0.wp.com\/aliceinwaterland.eu\/wp-content\/uploads\/2022\/05\/01-kvarner-scaled.jpg?fit=2560%2C1707&ssl=1\",\"datePublished\":\"2022-05-12T19:32:14+00:00\",\"dateModified\":\"2026-01-12T15:34:38+00:00\",\"description\":\"Ihr Traumurlaub ist nur einen Klick entfernt. 7 Tage Entspannung im kroatischen Istrien und auf den Brijuni-Inseln. Exklusives Segelboot mit Crew und der einzigartigen \\\"Sorgenfreis\\\" Formel\",\"breadcrumb\":{\"@id\":\"https:\/\/aliceinwaterland.eu\/de\/traumwoche-kreuzfahrt\/#breadcrumb\"},\"inLanguage\":\"de\",\"potentialAction\":[{\"@type\":\"ReadAction\",\"target\":[\"https:\/\/aliceinwaterland.eu\/de\/traumwoche-kreuzfahrt\/\"]}]},{\"@type\":\"ImageObject\",\"inLanguage\":\"de\",\"@id\":\"https:\/\/aliceinwaterland.eu\/de\/traumwoche-kreuzfahrt\/#primaryimage\",\"url\":\"https:\/\/i0.wp.com\/aliceinwaterland.eu\/wp-content\/uploads\/2022\/05\/01-kvarner-scaled.jpg?fit=2560%2C1707&ssl=1\",\"contentUrl\":\"https:\/\/i0.wp.com\/aliceinwaterland.eu\/wp-content\/uploads\/2022\/05\/01-kvarner-scaled.jpg?fit=2560%2C1707&ssl=1\",\"width\":2560,\"height\":1707},{\"@type\":\"BreadcrumbList\",\"@id\":\"https:\/\/aliceinwaterland.eu\/de\/traumwoche-kreuzfahrt\/#breadcrumb\",\"itemListElement\":[{\"@type\":\"ListItem\",\"position\":1,\"name\":\"Home\",\"item\":\"https:\/\/aliceinwaterland.eu\/de\/\"},{\"@type\":\"ListItem\",\"position\":2,\"name\":\"TRAUMWOCHE KREUZFAHRT\"}]},{\"@type\":\"WebSite\",\"@id\":\"https:\/\/aliceinwaterland.eu\/#website\",\"url\":\"https:\/\/aliceinwaterland.eu\/\",\"name\":\"Alice in Waterland\",\"description\":\"Unique family vacation\",\"publisher\":{\"@id\":\"https:\/\/aliceinwaterland.eu\/#organization\"},\"potentialAction\":[{\"@type\":\"SearchAction\",\"target\":{\"@type\":\"EntryPoint\",\"urlTemplate\":\"https:\/\/aliceinwaterland.eu\/?s={search_term_string}\"},\"query-input\":{\"@type\":\"PropertyValueSpecification\",\"valueRequired\":true,\"valueName\":\"search_term_string\"}}],\"inLanguage\":\"de\"},{\"@type\":\"Organization\",\"@id\":\"https:\/\/aliceinwaterland.eu\/#organization\",\"name\":\"POMORSTVO IN TURIZEM Damjan Ro\u017enik s.p.\",\"url\":\"https:\/\/aliceinwaterland.eu\/\",\"logo\":{\"@type\":\"ImageObject\",\"inLanguage\":\"de\",\"@id\":\"https:\/\/aliceinwaterland.eu\/#\/schema\/logo\/image\/\",\"url\":\"https:\/\/aliceinwaterland.eu\/wp-content\/uploads\/2023\/06\/AiW-Logo.jpg\",\"contentUrl\":\"https:\/\/aliceinwaterland.eu\/wp-content\/uploads\/2023\/06\/AiW-Logo.jpg\",\"width\":600,\"height\":600,\"caption\":\"POMORSTVO IN TURIZEM Damjan Ro\u017enik s.p.\"},\"image\":{\"@id\":\"https:\/\/aliceinwaterland.eu\/#\/schema\/logo\/image\/\"},\"sameAs\":[\"https:\/\/www.facebook.com\/aliceinwaterlandboat\",\"https:\/\/x.com\/aliceinwtrland\",\"https:\/\/www.instagram.com\/aliceinwaterlandboat\"]}]}<\/script>\n<!-- \/ Yoast SEO Premium plugin. -->","yoast_head_json":{"title":"Traum-Segelwoche","description":"Ihr Traumurlaub ist nur einen Klick entfernt. 7 Tage Entspannung im kroatischen Istrien und auf den Brijuni-Inseln. Exklusives Segelboot mit Crew und der einzigartigen \"Sorgenfreis\" Formel","robots":{"index":"index","follow":"follow","max-snippet":"max-snippet:-1","max-image-preview":"max-image-preview:large","max-video-preview":"max-video-preview:-1"},"canonical":"https:\/\/aliceinwaterland.eu\/de\/traumwoche-kreuzfahrt\/","og_locale":"de_DE","og_type":"article","og_title":"TRAUMWOCHE KREUZFAHRT","og_description":"Ihr Traumurlaub ist nur einen Klick entfernt. 7 Tage Entspannung im kroatischen Istrien und auf den Brijuni-Inseln. Exklusives Segelboot mit Crew und der einzigartigen \"Sorgenfreis\" Formel","og_url":"https:\/\/aliceinwaterland.eu\/de\/traumwoche-kreuzfahrt\/","og_site_name":"Alice in Waterland","article_publisher":"https:\/\/www.facebook.com\/aliceinwaterlandboat","article_modified_time":"2026-01-12T15:34:38+00:00","og_image":[{"width":2560,"height":1707,"url":"https:\/\/i0.wp.com\/aliceinwaterland.eu\/wp-content\/uploads\/2022\/05\/01-kvarner-scaled.jpg?fit=2560%2C1707&ssl=1","type":"image\/jpeg"}],"twitter_card":"summary_large_image","twitter_site":"@aliceinwtrland","twitter_misc":{"Gesch\u00e4tzte Lesezeit":"5\u00a0Minuten"},"schema":{"@context":"https:\/\/schema.org","@graph":[{"@type":"WebPage","@id":"https:\/\/aliceinwaterland.eu\/de\/traumwoche-kreuzfahrt\/","url":"https:\/\/aliceinwaterland.eu\/de\/traumwoche-kreuzfahrt\/","name":"Traum-Segelwoche","isPartOf":{"@id":"https:\/\/aliceinwaterland.eu\/#website"},"primaryImageOfPage":{"@id":"https:\/\/aliceinwaterland.eu\/de\/traumwoche-kreuzfahrt\/#primaryimage"},"image":{"@id":"https:\/\/aliceinwaterland.eu\/de\/traumwoche-kreuzfahrt\/#primaryimage"},"thumbnailUrl":"https:\/\/i0.wp.com\/aliceinwaterland.eu\/wp-content\/uploads\/2022\/05\/01-kvarner-scaled.jpg?fit=2560%2C1707&ssl=1","datePublished":"2022-05-12T19:32:14+00:00","dateModified":"2026-01-12T15:34:38+00:00","description":"Ihr Traumurlaub ist nur einen Klick entfernt. 7 Tage Entspannung im kroatischen Istrien und auf den Brijuni-Inseln. Exklusives Segelboot mit Crew und der einzigartigen \"Sorgenfreis\" Formel","breadcrumb":{"@id":"https:\/\/aliceinwaterland.eu\/de\/traumwoche-kreuzfahrt\/#breadcrumb"},"inLanguage":"de","potentialAction":[{"@type":"ReadAction","target":["https:\/\/aliceinwaterland.eu\/de\/traumwoche-kreuzfahrt\/"]}]},{"@type":"ImageObject","inLanguage":"de","@id":"https:\/\/aliceinwaterland.eu\/de\/traumwoche-kreuzfahrt\/#primaryimage","url":"https:\/\/i0.wp.com\/aliceinwaterland.eu\/wp-content\/uploads\/2022\/05\/01-kvarner-scaled.jpg?fit=2560%2C1707&ssl=1","contentUrl":"https:\/\/i0.wp.com\/aliceinwaterland.eu\/wp-content\/uploads\/2022\/05\/01-kvarner-scaled.jpg?fit=2560%2C1707&ssl=1","width":2560,"height":1707},{"@type":"BreadcrumbList","@id":"https:\/\/aliceinwaterland.eu\/de\/traumwoche-kreuzfahrt\/#breadcrumb","itemListElement":[{"@type":"ListItem","position":1,"name":"Home","item":"https:\/\/aliceinwaterland.eu\/de\/"},{"@type":"ListItem","position":2,"name":"TRAUMWOCHE KREUZFAHRT"}]},{"@type":"WebSite","@id":"https:\/\/aliceinwaterland.eu\/#website","url":"https:\/\/aliceinwaterland.eu\/","name":"Alice in Waterland","description":"Unique family vacation","publisher":{"@id":"https:\/\/aliceinwaterland.eu\/#organization"},"potentialAction":[{"@type":"SearchAction","target":{"@type":"EntryPoint","urlTemplate":"https:\/\/aliceinwaterland.eu\/?s={search_term_string}"},"query-input":{"@type":"PropertyValueSpecification","valueRequired":true,"valueName":"search_term_string"}}],"inLanguage":"de"},{"@type":"Organization","@id":"https:\/\/aliceinwaterland.eu\/#organization","name":"POMORSTVO IN TURIZEM Damjan Ro\u017enik s.p.","url":"https:\/\/aliceinwaterland.eu\/","logo":{"@type":"ImageObject","inLanguage":"de","@id":"https:\/\/aliceinwaterland.eu\/#\/schema\/logo\/image\/","url":"https:\/\/aliceinwaterland.eu\/wp-content\/uploads\/2023\/06\/AiW-Logo.jpg","contentUrl":"https:\/\/aliceinwaterland.eu\/wp-content\/uploads\/2023\/06\/AiW-Logo.jpg","width":600,"height":600,"caption":"POMORSTVO IN TURIZEM Damjan Ro\u017enik s.p."},"image":{"@id":"https:\/\/aliceinwaterland.eu\/#\/schema\/logo\/image\/"},"sameAs":["https:\/\/www.facebook.com\/aliceinwaterlandboat","https:\/\/x.com\/aliceinwtrland","https:\/\/www.instagram.com\/aliceinwaterlandboat"]}]}},"jetpack_sharing_enabled":true,"_links":{"self":[{"href":"https:\/\/aliceinwaterland.eu\/de\/wp-json\/wp\/v2\/pages\/5519","targetHints":{"allow":["GET"]}}],"collection":[{"href":"https:\/\/aliceinwaterland.eu\/de\/wp-json\/wp\/v2\/pages"}],"about":[{"href":"https:\/\/aliceinwaterland.eu\/de\/wp-json\/wp\/v2\/types\/page"}],"author":[{"embeddable":true,"href":"https:\/\/aliceinwaterland.eu\/de\/wp-json\/wp\/v2\/users\/2"}],"replies":[{"embeddable":true,"href":"https:\/\/aliceinwaterland.eu\/de\/wp-json\/wp\/v2\/comments?post=5519"}],"version-history":[{"count":0,"href":"https:\/\/aliceinwaterland.eu\/de\/wp-json\/wp\/v2\/pages\/5519\/revisions"}],"wp:featuredmedia":[{"embeddable":true,"href":"https:\/\/aliceinwaterland.eu\/de\/wp-json\/wp\/v2\/media\/5154"}],"wp:attachment":[{"href":"https:\/\/aliceinwaterland.eu\/de\/wp-json\/wp\/v2\/media?parent=5519"}],"curies":[{"name":"wp","href":"https:\/\/api.w.org\/{rel}","templated":true}]}}