{"id":5513,"date":"2023-01-11T13:04:45","date_gmt":"2023-01-11T12:04:45","guid":{"rendered":"https:\/\/aliceinwaterland.eu\/senza-pensieri\/"},"modified":"2025-02-26T17:43:01","modified_gmt":"2025-02-26T16:43:01","slug":"sorgenfrei","status":"publish","type":"page","link":"https:\/\/aliceinwaterland.eu\/de\/sorgenfrei\/","title":{"rendered":"SORGENFREI"},"content":{"rendered":"\n\n\t<h4>PAKET<\/h4>\n<h1><strong>SORGENFREI<\/strong><\/h1>\n<h1>\n\t\tWas bedeutet das?\n\t<\/h1>\n\t<p>&nbsp;<\/p>\n<p>Sie <strong>m\u00fcssen sich um nichts k\u00fcmmern<\/strong> au\u00dfer um den Weg zu uns, um den Rest k\u00fcmmern wir uns!<\/p>\n<p>Sie finden die H\u00fctten bereit, um Ihre Sachen zu verstauen, die Badezimmer sind mit Toilettenartikeln und W\u00e4sche ausgestattet, und Ihre Eink\u00e4ufe sind bereits erledigt!\u00a0Bei Ihrer Buchung erhalten Sie einen Fragebogen zum Thema Essen, um Ihre Vorlieben herauszufinden, und w\u00e4hrend Ihres Urlaubs m\u00fcssen Sie sich <strong>keine Gedanken \u00fcber Mahlzeiten<\/strong> und die Beschaffung von Essen und Getr\u00e4nken machen!\u00a0<strong>Sie werden einfach nur Spa\u00df haben und sich entspannen<\/strong>, wir nehmen Sie mit, um die Sch\u00f6nheit der K\u00fcste zu entdecken, segeln und besuchen wunderbare St\u00e4dte, die vom Meer umsp\u00fclt werden. Auf dem Boot ist Ihre Mitarbeit immer willkommen, aber wir k\u00fcmmern uns um die Navigation und die Logistik! Sie werden einen <strong>einzigartigen Service f\u00fcr Sie<\/strong> w\u00e4hrend Ihres gesamten Aufenthalts haben.<\/p>\n<p>Ihr einziger Gedanke? \u00a0<strong>Genie\u00dfen Sie die Feiertage!\u00a0<\/strong><\/p>\n<h1>\n\t\tWas beinhaltet sie?\n\t<\/h1>\n<h1>\n\t\tWas ist darin nicht enthalten?\n\t<\/h1>\n\t<ul>\n<li>\n<ul>\n<li><strong>*3 Mahlzeiten<\/strong> innerhalb einer Woche sind frei, Sie haben die M\u00f6glichkeit, an Land zu gehen und die schmackhafte und intensive istrische K\u00fcche kennenzulernen.<\/li>\n<li><strong>**Alkohol und Getr\u00e4nke:<\/strong> An Bord finden Sie eine Auswahl an Getr\u00e4nken, Weinen und Spirituosen f\u00fcr Ihre Aperitifs bei Sonnenuntergang und Ihre Abendessen unter dem Sternenhimmel. Sie k\u00f6nnen alles auf der Speisekarte bestellen und am Ende Ihres Aufenthalts bequem bezahlen.<\/li>\n<li><strong>Aufenthaltssteuer <\/strong>in Slowenien und Kroatien.<\/li>\n<li>\u00a0<b>Eintritt in Naturparks<\/b>auf der Grundlage der erworbenen Pakete<\/li>\n<li>Alles, was nicht unter &#8222;Was geh\u00f6rt dazu&#8220; aufgef\u00fchrt ist<\/li>\n<\/ul>\n<\/li>\n<\/ul>\n<p>&nbsp;<\/p>\n<p>*im Paket &#8218;Traumwoche&#8216;<\/p>\n<p>** in allen Paketen<\/p>\n<h1>\n\t\tHABEN SIE FRAGEN? KONTAKT UNS\n\t<\/h1>\n\t\t\t<a href=\"tel:+38640463082\" target=\"_self\" role=\"button\" rel=\"noopener\">\n\t\t\t\t\t\t+386 40 463 082\n\t\t\t\t\t<\/a>\n\t\t\t<a href=\"tel:+393286365700\" target=\"_self\" role=\"button\" rel=\"noopener\">\n\t\t\t\t\t\t+39 328 6365 700\n\t\t\t\t\t<\/a>\n\t\t\t<a href=\"mailto:vacation@aliceinwaterland.eu\" target=\"_self\" role=\"button\" rel=\"noopener\">\n\t\t\t\t\t\tE-mail\n\t\t\t\t\t<\/a>\n<h2>\n\t\tTEILEN\n\t<\/h2>\n\t\t\t\t\t\t\t\t\t\t<a class=\"uabb-ss-grid-button-link\" href=\"https:\/\/www.facebook.com\/sharer.php?u=https%3A%2F%2Faliceinwaterland.eu%2Fde%2F%3Fpage_id%3D5513%26fl_builder\" target=\"_blank\" onclick=\"window.open(this.href,'social-share','left=20,top=20,width=500,height=500,toolbar=1,resizable=0');return false;\" rel=\"noopener\">\n\t\t\t\t\t\t\t\t\t\t<\/a>\n\t\t\t\t\t\t\t\t\t\t<a class=\"uabb-ss-grid-button-link\" href=\"https:\/\/api.whatsapp.com\/send?text=https%3A%2F%2Faliceinwaterland.eu%2Fde%2F%3Fpage_id%3D5513%26fl_builder\" target=\"_blank\" onclick=\"window.open(this.href,'social-share','left=20,top=20,width=500,height=500,toolbar=1,resizable=0');return false;\" rel=\"noopener\">\n\t\t\t\t\t\t\t\t\t\t<\/a>\n\t\t\t\t\t\t\t\t\t\t<a class=\"uabb-ss-grid-button-link\" href=\"https:\/\/www.linkedin.com\/shareArticle?url=https%3A%2F%2Faliceinwaterland.eu%2Fde%2F%3Fpage_id%3D5513%26fl_builder\" target=\"_blank\" onclick=\"window.open(this.href,'social-share','left=20,top=20,width=500,height=500,toolbar=1,resizable=0');return false;\" rel=\"noopener\">\n\t\t\t\t\t\t\t\t\t\t<\/a>\n\t\t\t\t\t\t\t\t\t\t<a class=\"uabb-ss-grid-button-link\" href=\"https:\/\/twitter.com\/share?url=https%3A%2F%2Faliceinwaterland.eu%2Fde%2F%3Fpage_id%3D5513%26fl_builder\" target=\"_blank\" onclick=\"window.open(this.href,'social-share','left=20,top=20,width=500,height=500,toolbar=1,resizable=0');return false;\" rel=\"noopener\">\n\t\t\t\t\t\t\t\t\t\t<\/a>\n\n","protected":false},"excerpt":{"rendered":"<p>PAKET SORGENFREI Was bedeutet das? &nbsp; Sie m\u00fcssen sich um nichts k\u00fcmmern au\u00dfer um den Weg zu uns, um den Rest k\u00fcmmern wir uns! Sie finden die H\u00fctten bereit, um Ihre Sachen zu verstauen, die Badezimmer sind mit Toilettenartikeln und W\u00e4sche ausgestattet, und Ihre Eink\u00e4ufe sind bereits erledigt!\u00a0Bei Ihrer Buchung erhalten Sie einen Fragebogen zum &hellip;<\/p>\n<p class=\"read-more\"> <a class=\"\" href=\"https:\/\/aliceinwaterland.eu\/de\/sorgenfrei\/\"> <span class=\"screen-reader-text\">SORGENFREI<\/span> Read More \u00bb<\/a><\/p>\n","protected":false},"author":2,"featured_media":5227,"parent":0,"menu_order":0,"comment_status":"closed","ping_status":"closed","template":"","meta":{"_eb_attr":"","site-sidebar-layout":"no-sidebar","site-content-layout":"page-builder","ast-global-header-display":"","ast-main-header-display":"","ast-hfb-above-header-display":"","ast-hfb-below-header-display":"","ast-hfb-mobile-header-display":"","site-post-title":"disabled","ast-breadcrumbs-content":"","ast-featured-img":"disabled","footer-sml-layout":"","theme-transparent-header-meta":"default","adv-header-id-meta":"","stick-header-meta":"default","header-above-stick-meta":"","header-main-stick-meta":"","header-below-stick-meta":"","_themeisle_gutenberg_block_has_review":false,"footnotes":""},"class_list":["post-5513","page","type-page","status-publish","has-post-thumbnail","hentry"],"yoast_head":"<!-- This site is optimized with the Yoast SEO Premium plugin v20.3 (Yoast SEO v26.7) - https:\/\/yoast.com\/wordpress\/plugins\/seo\/ -->\n<title>Alice in Waterland | SORGENFREI<\/title>\n<meta name=\"description\" content=\"Con Il nostro paccheto &quot;Senza Pensieri&quot; non dovete pensare a nulla, tranne al viaggio per raggiungerci, per il resto pensiamo a tutto noi!\" \/>\n<meta name=\"robots\" content=\"index, follow, max-snippet:-1, max-image-preview:large, max-video-preview:-1\" \/>\n<link rel=\"canonical\" href=\"https:\/\/aliceinwaterland.eu\/de\/sorgenfrei\/\" \/>\n<meta property=\"og:locale\" content=\"de_DE\" \/>\n<meta property=\"og:type\" content=\"article\" \/>\n<meta property=\"og:title\" content=\"SORGENFREI\" \/>\n<meta property=\"og:description\" content=\"Con Il nostro paccheto &quot;Senza Pensieri&quot; non dovete pensare a nulla, tranne al viaggio per raggiungerci, per il resto pensiamo a tutto noi!\" \/>\n<meta property=\"og:url\" content=\"https:\/\/aliceinwaterland.eu\/de\/sorgenfrei\/\" \/>\n<meta property=\"og:site_name\" content=\"Alice in Waterland\" \/>\n<meta property=\"article:publisher\" content=\"https:\/\/www.facebook.com\/aliceinwaterlandboat\" \/>\n<meta property=\"article:modified_time\" content=\"2025-02-26T16:43:01+00:00\" \/>\n<meta property=\"og:image\" content=\"https:\/\/i0.wp.com\/aliceinwaterland.eu\/wp-content\/uploads\/2022\/11\/01-carefree-scaled.jpg?fit=2560%2C2048&ssl=1\" \/>\n\t<meta property=\"og:image:width\" content=\"2560\" \/>\n\t<meta property=\"og:image:height\" content=\"2048\" \/>\n\t<meta property=\"og:image:type\" content=\"image\/jpeg\" \/>\n<meta name=\"twitter:card\" content=\"summary_large_image\" \/>\n<meta name=\"twitter:site\" content=\"@aliceinwtrland\" \/>\n<meta name=\"twitter:label1\" content=\"Gesch\u00e4tzte Lesezeit\" \/>\n\t<meta name=\"twitter:data1\" content=\"2\u00a0Minuten\" \/>\n<script type=\"application\/ld+json\" class=\"yoast-schema-graph\">{\"@context\":\"https:\/\/schema.org\",\"@graph\":[{\"@type\":\"WebPage\",\"@id\":\"https:\/\/aliceinwaterland.eu\/de\/sorgenfrei\/\",\"url\":\"https:\/\/aliceinwaterland.eu\/de\/sorgenfrei\/\",\"name\":\"Alice in Waterland | SORGENFREI\",\"isPartOf\":{\"@id\":\"https:\/\/aliceinwaterland.eu\/#website\"},\"primaryImageOfPage\":{\"@id\":\"https:\/\/aliceinwaterland.eu\/de\/sorgenfrei\/#primaryimage\"},\"image\":{\"@id\":\"https:\/\/aliceinwaterland.eu\/de\/sorgenfrei\/#primaryimage\"},\"thumbnailUrl\":\"https:\/\/i0.wp.com\/aliceinwaterland.eu\/wp-content\/uploads\/2022\/11\/01-carefree-scaled.jpg?fit=2560%2C2048&ssl=1\",\"datePublished\":\"2023-01-11T12:04:45+00:00\",\"dateModified\":\"2025-02-26T16:43:01+00:00\",\"description\":\"Con Il nostro paccheto \\\"Senza Pensieri\\\" non dovete pensare a nulla, tranne al viaggio per raggiungerci, per il resto pensiamo a tutto noi!\",\"breadcrumb\":{\"@id\":\"https:\/\/aliceinwaterland.eu\/de\/sorgenfrei\/#breadcrumb\"},\"inLanguage\":\"de\",\"potentialAction\":[{\"@type\":\"ReadAction\",\"target\":[\"https:\/\/aliceinwaterland.eu\/de\/sorgenfrei\/\"]}]},{\"@type\":\"ImageObject\",\"inLanguage\":\"de\",\"@id\":\"https:\/\/aliceinwaterland.eu\/de\/sorgenfrei\/#primaryimage\",\"url\":\"https:\/\/i0.wp.com\/aliceinwaterland.eu\/wp-content\/uploads\/2022\/11\/01-carefree-scaled.jpg?fit=2560%2C2048&ssl=1\",\"contentUrl\":\"https:\/\/i0.wp.com\/aliceinwaterland.eu\/wp-content\/uploads\/2022\/11\/01-carefree-scaled.jpg?fit=2560%2C2048&ssl=1\",\"width\":2560,\"height\":2048},{\"@type\":\"BreadcrumbList\",\"@id\":\"https:\/\/aliceinwaterland.eu\/de\/sorgenfrei\/#breadcrumb\",\"itemListElement\":[{\"@type\":\"ListItem\",\"position\":1,\"name\":\"Home\",\"item\":\"https:\/\/aliceinwaterland.eu\/de\/\"},{\"@type\":\"ListItem\",\"position\":2,\"name\":\"SORGENFREI\"}]},{\"@type\":\"WebSite\",\"@id\":\"https:\/\/aliceinwaterland.eu\/#website\",\"url\":\"https:\/\/aliceinwaterland.eu\/\",\"name\":\"Alice in Waterland\",\"description\":\"Unique family vacation\",\"publisher\":{\"@id\":\"https:\/\/aliceinwaterland.eu\/#organization\"},\"potentialAction\":[{\"@type\":\"SearchAction\",\"target\":{\"@type\":\"EntryPoint\",\"urlTemplate\":\"https:\/\/aliceinwaterland.eu\/?s={search_term_string}\"},\"query-input\":{\"@type\":\"PropertyValueSpecification\",\"valueRequired\":true,\"valueName\":\"search_term_string\"}}],\"inLanguage\":\"de\"},{\"@type\":\"Organization\",\"@id\":\"https:\/\/aliceinwaterland.eu\/#organization\",\"name\":\"POMORSTVO IN TURIZEM Damjan Ro\u017enik s.p.\",\"url\":\"https:\/\/aliceinwaterland.eu\/\",\"logo\":{\"@type\":\"ImageObject\",\"inLanguage\":\"de\",\"@id\":\"https:\/\/aliceinwaterland.eu\/#\/schema\/logo\/image\/\",\"url\":\"https:\/\/aliceinwaterland.eu\/wp-content\/uploads\/2023\/06\/AiW-Logo.jpg\",\"contentUrl\":\"https:\/\/aliceinwaterland.eu\/wp-content\/uploads\/2023\/06\/AiW-Logo.jpg\",\"width\":600,\"height\":600,\"caption\":\"POMORSTVO IN TURIZEM Damjan Ro\u017enik s.p.\"},\"image\":{\"@id\":\"https:\/\/aliceinwaterland.eu\/#\/schema\/logo\/image\/\"},\"sameAs\":[\"https:\/\/www.facebook.com\/aliceinwaterlandboat\",\"https:\/\/x.com\/aliceinwtrland\",\"https:\/\/www.instagram.com\/aliceinwaterlandboat\"]}]}<\/script>\n<!-- \/ Yoast SEO Premium plugin. -->","yoast_head_json":{"title":"Alice in Waterland | SORGENFREI","description":"Con Il nostro paccheto \"Senza Pensieri\" non dovete pensare a nulla, tranne al viaggio per raggiungerci, per il resto pensiamo a tutto noi!","robots":{"index":"index","follow":"follow","max-snippet":"max-snippet:-1","max-image-preview":"max-image-preview:large","max-video-preview":"max-video-preview:-1"},"canonical":"https:\/\/aliceinwaterland.eu\/de\/sorgenfrei\/","og_locale":"de_DE","og_type":"article","og_title":"SORGENFREI","og_description":"Con Il nostro paccheto \"Senza Pensieri\" non dovete pensare a nulla, tranne al viaggio per raggiungerci, per il resto pensiamo a tutto noi!","og_url":"https:\/\/aliceinwaterland.eu\/de\/sorgenfrei\/","og_site_name":"Alice in Waterland","article_publisher":"https:\/\/www.facebook.com\/aliceinwaterlandboat","article_modified_time":"2025-02-26T16:43:01+00:00","og_image":[{"width":2560,"height":2048,"url":"https:\/\/i0.wp.com\/aliceinwaterland.eu\/wp-content\/uploads\/2022\/11\/01-carefree-scaled.jpg?fit=2560%2C2048&ssl=1","type":"image\/jpeg"}],"twitter_card":"summary_large_image","twitter_site":"@aliceinwtrland","twitter_misc":{"Gesch\u00e4tzte Lesezeit":"2\u00a0Minuten"},"schema":{"@context":"https:\/\/schema.org","@graph":[{"@type":"WebPage","@id":"https:\/\/aliceinwaterland.eu\/de\/sorgenfrei\/","url":"https:\/\/aliceinwaterland.eu\/de\/sorgenfrei\/","name":"Alice in Waterland | SORGENFREI","isPartOf":{"@id":"https:\/\/aliceinwaterland.eu\/#website"},"primaryImageOfPage":{"@id":"https:\/\/aliceinwaterland.eu\/de\/sorgenfrei\/#primaryimage"},"image":{"@id":"https:\/\/aliceinwaterland.eu\/de\/sorgenfrei\/#primaryimage"},"thumbnailUrl":"https:\/\/i0.wp.com\/aliceinwaterland.eu\/wp-content\/uploads\/2022\/11\/01-carefree-scaled.jpg?fit=2560%2C2048&ssl=1","datePublished":"2023-01-11T12:04:45+00:00","dateModified":"2025-02-26T16:43:01+00:00","description":"Con Il nostro paccheto \"Senza Pensieri\" non dovete pensare a nulla, tranne al viaggio per raggiungerci, per il resto pensiamo a tutto noi!","breadcrumb":{"@id":"https:\/\/aliceinwaterland.eu\/de\/sorgenfrei\/#breadcrumb"},"inLanguage":"de","potentialAction":[{"@type":"ReadAction","target":["https:\/\/aliceinwaterland.eu\/de\/sorgenfrei\/"]}]},{"@type":"ImageObject","inLanguage":"de","@id":"https:\/\/aliceinwaterland.eu\/de\/sorgenfrei\/#primaryimage","url":"https:\/\/i0.wp.com\/aliceinwaterland.eu\/wp-content\/uploads\/2022\/11\/01-carefree-scaled.jpg?fit=2560%2C2048&ssl=1","contentUrl":"https:\/\/i0.wp.com\/aliceinwaterland.eu\/wp-content\/uploads\/2022\/11\/01-carefree-scaled.jpg?fit=2560%2C2048&ssl=1","width":2560,"height":2048},{"@type":"BreadcrumbList","@id":"https:\/\/aliceinwaterland.eu\/de\/sorgenfrei\/#breadcrumb","itemListElement":[{"@type":"ListItem","position":1,"name":"Home","item":"https:\/\/aliceinwaterland.eu\/de\/"},{"@type":"ListItem","position":2,"name":"SORGENFREI"}]},{"@type":"WebSite","@id":"https:\/\/aliceinwaterland.eu\/#website","url":"https:\/\/aliceinwaterland.eu\/","name":"Alice in Waterland","description":"Unique family vacation","publisher":{"@id":"https:\/\/aliceinwaterland.eu\/#organization"},"potentialAction":[{"@type":"SearchAction","target":{"@type":"EntryPoint","urlTemplate":"https:\/\/aliceinwaterland.eu\/?s={search_term_string}"},"query-input":{"@type":"PropertyValueSpecification","valueRequired":true,"valueName":"search_term_string"}}],"inLanguage":"de"},{"@type":"Organization","@id":"https:\/\/aliceinwaterland.eu\/#organization","name":"POMORSTVO IN TURIZEM Damjan Ro\u017enik s.p.","url":"https:\/\/aliceinwaterland.eu\/","logo":{"@type":"ImageObject","inLanguage":"de","@id":"https:\/\/aliceinwaterland.eu\/#\/schema\/logo\/image\/","url":"https:\/\/aliceinwaterland.eu\/wp-content\/uploads\/2023\/06\/AiW-Logo.jpg","contentUrl":"https:\/\/aliceinwaterland.eu\/wp-content\/uploads\/2023\/06\/AiW-Logo.jpg","width":600,"height":600,"caption":"POMORSTVO IN TURIZEM Damjan Ro\u017enik s.p."},"image":{"@id":"https:\/\/aliceinwaterland.eu\/#\/schema\/logo\/image\/"},"sameAs":["https:\/\/www.facebook.com\/aliceinwaterlandboat","https:\/\/x.com\/aliceinwtrland","https:\/\/www.instagram.com\/aliceinwaterlandboat"]}]}},"jetpack_sharing_enabled":true,"_links":{"self":[{"href":"https:\/\/aliceinwaterland.eu\/de\/wp-json\/wp\/v2\/pages\/5513","targetHints":{"allow":["GET"]}}],"collection":[{"href":"https:\/\/aliceinwaterland.eu\/de\/wp-json\/wp\/v2\/pages"}],"about":[{"href":"https:\/\/aliceinwaterland.eu\/de\/wp-json\/wp\/v2\/types\/page"}],"author":[{"embeddable":true,"href":"https:\/\/aliceinwaterland.eu\/de\/wp-json\/wp\/v2\/users\/2"}],"replies":[{"embeddable":true,"href":"https:\/\/aliceinwaterland.eu\/de\/wp-json\/wp\/v2\/comments?post=5513"}],"version-history":[{"count":0,"href":"https:\/\/aliceinwaterland.eu\/de\/wp-json\/wp\/v2\/pages\/5513\/revisions"}],"wp:featuredmedia":[{"embeddable":true,"href":"https:\/\/aliceinwaterland.eu\/de\/wp-json\/wp\/v2\/media\/5227"}],"wp:attachment":[{"href":"https:\/\/aliceinwaterland.eu\/de\/wp-json\/wp\/v2\/media?parent=5513"}],"curies":[{"name":"wp","href":"https:\/\/api.w.org\/{rel}","templated":true}]}}