{"id":5501,"date":"2020-06-01T13:08:17","date_gmt":"2020-06-01T13:08:17","guid":{"rendered":"https:\/\/aliceinwaterland.eu\/crew\/"},"modified":"2023-11-17T16:11:04","modified_gmt":"2023-11-17T15:11:04","slug":"crew","status":"publish","type":"page","link":"https:\/\/aliceinwaterland.eu\/de\/crew\/","title":{"rendered":"Crew"},"content":{"rendered":"\n<h1>\n\t\tCREW\n\t<\/h1>\n\t\t\t\t\t\t\t<p>&#8222;Ein Schiff geht erst dann unter, wenn es von seiner Besatzung verlassen wird&#8220;.<\/p>\t\t\t\t\t\t\n\t\t\t\t\t\t\t\t&#8211; Wes Fesler\t\t\t\t\t\t\t\t\n\t\t\t\t<img decoding=\"async\" data-src=\"https:\/\/aliceinwaterland.eu\/wp-content\/uploads\/2020\/05\/crta.svg\" alt=\"crta\" title=\"crta\" itemprop=\"image\" src=\"data:image\/svg+xml;base64,PHN2ZyB3aWR0aD0iMSIgaGVpZ2h0PSIxIiB4bWxucz0iaHR0cDovL3d3dy53My5vcmcvMjAwMC9zdmciPjwvc3ZnPg==\" class=\"lazyload\">\n\t\t\t\t<img data-recalc-dims=\"1\" decoding=\"async\" data-src=\"https:\/\/i0.wp.com\/aliceinwaterland.eu\/wp-content\/uploads\/2023\/11\/Alice-1.png?resize=982%2C982&#038;ssl=1\" alt=\"Alice (1)\" itemprop=\"image\" height=\"982\" width=\"982\" title=\"Alice (1)\" onerror=\"this.style.display='none'\" src=\"data:image\/svg+xml;base64,PHN2ZyB3aWR0aD0iMSIgaGVpZ2h0PSIxIiB4bWxucz0iaHR0cDovL3d3dy53My5vcmcvMjAwMC9zdmciPjwvc3ZnPg==\" class=\"lazyload\" style=\"--smush-placeholder-width: 982px; --smush-placeholder-aspect-ratio: 982\/982;\">\n\t\t\t\t<img decoding=\"async\" src=\"\" alt=\"\" title=\"\" itemprop=\"image\">\n\t\t\t\t \n\t\t<h3>Alice Ro\u017enik<\/h3>Kapit\u00e4n\n<strong>Geburtsdatum:<\/strong> 25. Januar 2018<br> <strong>Nationalit\u00e4t:<\/strong> Ravenna<br> <strong>Nationalit\u00e4t:<\/strong> Italienisch &#8211; Slowenisch<br> <strong>Ausbildung:<\/strong> Azilo<br> <strong>Arbeit und Erfahrung:<\/strong>Seit meiner Geburt stehe ich nie still. Meine Eltern sind mit mir schon durch halb Europa gereist, haben mich nach Asien mitgenommen und sind mehr als 2000 Meilen gesegelt. Ich habe mit vielen Kindern gespielt und eine Menge Spa\u00df gehabt. Ich h\u00f6re zu, wenn ich Lust habe, und bin ein bisschen frech, aber auch sehr brav.<br> <a href=\"#\">Weiter lesen &#8230;<\/a>\t\t\t\t\t\n\t\t\t<h2>Alice Ro\u017enik<\/h2>\n\t\t\t<p>Kommandant<\/p>\n<p><strong>Geburtsdatum:<\/strong> 25. Januar 2018<br><strong>Geburtsort:<\/strong> Ravenna<br><strong>Nationalit\u00e4t:<\/strong> Italienisch &#8211; Slowenisch<br><strong>Ausbildung:<\/strong> Azilo<br><strong>Arbeit und Erfahrung:<\/strong>Seit meiner Geburt stehe ich nie still. Meine Eltern sind mit mir schon durch halb Europa gereist, haben mich nach Asien mitgenommen und sind mehr als 2000 Meilen gesegelt. Ich habe mit vielen Kindern gespielt und eine Menge Spa\u00df gehabt. Ich h\u00f6re zu, wenn ich Lust habe, und bin ein bisschen ein Bengel, aber auch sehr gut.<\/p>\n<p><strong>Interessen:<\/strong> Ich liebe es, mir B\u00fccher vorlesen zu lassen, ich habe viele davon und lese die ganze Zeit. Ich spiele gerne mit allem und ich liebe meinen Hund Joy, manchmal ziehe ich sie an den Haaren und am Schwanz, aber ich liebe sie trotzdem. 8.<\/p>\n<p><strong>Pers\u00f6nliches Motto:<\/strong> Ba ba uuuuu, Alice sehen, Alice ber\u00fchren.<br><strong>Sprachkenntnisse:<\/strong> Italienisch, Slowenisch<\/p>\n\t\t<h5>Modal Popup &#8211; ID <\/h5>\n\t\tClick here to edit the &#8222;Modal Popup&#8220; settings. This text will not be visible on frontend.\t\n\t\t\t\t<img data-recalc-dims=\"1\" decoding=\"async\" data-src=\"https:\/\/i0.wp.com\/aliceinwaterland.eu\/wp-content\/uploads\/2023\/11\/Crew_Fede.jpg?resize=1280%2C1280&#038;ssl=1\" alt=\"Crew_Fede\" itemprop=\"image\" height=\"1280\" width=\"1280\" title=\"Crew_Fede\" onerror=\"this.style.display='none'\" src=\"data:image\/svg+xml;base64,PHN2ZyB3aWR0aD0iMSIgaGVpZ2h0PSIxIiB4bWxucz0iaHR0cDovL3d3dy53My5vcmcvMjAwMC9zdmciPjwvc3ZnPg==\" class=\"lazyload\" style=\"--smush-placeholder-width: 1280px; --smush-placeholder-aspect-ratio: 1280\/1280;\">\n\t\t\t\t<img decoding=\"async\" src=\"\" alt=\"\" title=\"\" itemprop=\"image\">\n\t\t\t\t \n\t\t<h3>Federica Minghelli<\/h3>Erster Offizier\n<strong>Geburtsdatum:<\/strong> 25. Juli 1979<br> <strong>Geburtsort:<\/strong> Ravenna<br> <strong>Staatsangeh\u00f6rigkeit:<\/strong> Italienisch<br> <strong>Ausbildung:<\/strong> Meeresbiologin<br> <strong>Arbeit und Erfahrung:<\/strong> Meine erste Arbeitserfahrung war das Pfl\u00fccken von Pfirsichen auf dem Land in der Romagna, ich war 16 Jahre alt. <br> Ab dem darauffolgenden Sommer arbeitete ich in der Gastronomie, angefangen vom Baden am Meer an der Riviera bis hin zum Barkeeper und manchmal auch Kellner in Bologna w\u00e4hrend des Studiums.<br> <a href=\"\">Weiterlesen &#8230;<\/a>\t\t\t\t\t\n\t\t\t<h2>Federica Minghelli<\/h2>\n\t\t\t<p>Erster Offizier<\/p>\n<p><strong>Geburtsdatum:<\/strong> 25. Juli 1979<br><strong>Geburtsort:<\/strong> Ravenna<br><strong>Staatsangeh\u00f6rigkeit:<\/strong>Italienerin<br><strong>Ausbildung:<\/strong>Marinebiologin<br><strong>Arbeit und Erfahrung:<\/strong>Meine erste Arbeitserfahrung war das Pfl\u00fccken von Pfirsichen auf dem Land in der Romagna, ich war 16 Jahre alt. <br>Ab dem darauffolgenden Sommer arbeitete ich in der Gastronomie, angefangen vom Baden am Meer an der Riviera bis hin zur Arbeit als Bardame und manchmal als Kellnerin in Bologna w\u00e4hrend des Studiums.<br>Mit 23 Jahren entdeckte ich die Welt der Schifffahrt, ich denke gerne, dass es das Schicksal war, das mich zu den Booten brachte, auch weil mein erstes Einsteigen reiner Zufall war. Ich machte einen Freiwilligendienst in der Riserva Marina di Miramare in Triest, und als die vereinbarte Zeit um war, schlug der Biologe, mit dem ich zusammenarbeitete, vor, dass ich bei einem ihm bekannten Kapit\u00e4n als Au-pair-M\u00e4dchen mitfahren sollte. Ich sagte sofort zu, das war ein Abenteuer, das ich nicht aufgeben wollte. Und hier fing alles an&#8230;<br>In 17 Jahren Segeln bin ich auf alten Briggs, Luxusjachten, Segelbooten, Gulets und auf renommierten Segelschiffen gefahren. Ein Jahr lang bin ich sogar auf mehreren Booten f\u00fcr eine sizilianische Charterfirma gependelt, jede Woche war ich auf einem anderen Boot! Ich habe praktisch alle Aufgaben an Bord \u00fcbernommen, mit Ausnahme des Ingenieurs, ich war Deckshelfer, Matrose und Bootsmann, bis ich Kapit\u00e4n und Kapit\u00e4n des Schiffes wurde. Ich war K\u00f6chin, Hostess und Chef. <br>Ich hatte immer das Gef\u00fchl, dass die M\u00f6glichkeit, alle Funktionen an Bord abzudecken, ohne mich auf eine Position festzulegen, mir eine viel umfassendere Sicht auf meine Arbeit erm\u00f6glicht.<\/p>\n<p><strong>Interessen:<\/strong> Diese Frage hat mich immer in ein kleines Dilemma gebracht, ich wei\u00df nie, wo ich anfangen soll und in welcher Reihenfolge. Ich halte mich f\u00fcr einen extrem neugierigen Menschen, und das hat dazu gef\u00fchrt, dass ich im Laufe der Jahre viele, viele, manchmal zu viele Interessen hatte. Vielleicht sollte ich mit meiner bedingungslosen Liebe zum Meer und zu den Tieren beginnen, denn diese &#8222;besondere Verbindung&#8220; zur Natur hat mich zu dem gemacht, was ich bin, und mich dazu gebracht, das Leben zu w\u00e4hlen, das ich lebe. Ich habe definitiv Fernweh: Reisen, die Welt entdecken, andere Menschen treffen und den eigenen Horizont erweitern ist ein unausweichlicher Teil von mir.<br>Ich liebe es zu lesen, eine Leidenschaft, die ich seit meiner Kindheit kultiviert habe, ein gutes Buch ist ein Allheilmittel f\u00fcr die Seele, ich liebe das Kino, ich habe eine Schw\u00e4che f\u00fcr Fantasy-Filme, die einen buchst\u00e4blich in andere Welten reisen lassen und eine gro\u00dfe Leidenschaft f\u00fcr die Fotografie, die ich nicht so kultivieren kann, wie ich es gerne w\u00fcrde. Ich koche und esse gerne und ein gutes Glas Wein bei Sonnenuntergang macht meiner Meinung nach jeden Tag perfekt!<\/p>\n<p><strong>Pers\u00f6nliches Motto:<\/strong>Wenn du willst, kannst du, alles andere ist eine Ausrede.<br><strong>Sprachkenntnisse:<\/strong> Italienisch, Englisch, Spanisch<\/p>\n\t\t<h5>Modal Popup &#8211; ID <\/h5>\n\t\tClick here to edit the &#8222;Modal Popup&#8220; settings. This text will not be visible on frontend.\t\n\t\t\t\t<img data-recalc-dims=\"1\" decoding=\"async\" data-src=\"https:\/\/i0.wp.com\/aliceinwaterland.eu\/wp-content\/uploads\/2023\/11\/Crew_Damjan-e1620054486862.jpg?resize=1193%2C1193&#038;ssl=1\" alt=\"Crew_Damjan-e1620054486862\" itemprop=\"image\" height=\"1193\" width=\"1193\" title=\"Crew_Damjan-e1620054486862\" onerror=\"this.style.display='none'\" src=\"data:image\/svg+xml;base64,PHN2ZyB3aWR0aD0iMSIgaGVpZ2h0PSIxIiB4bWxucz0iaHR0cDovL3d3dy53My5vcmcvMjAwMC9zdmciPjwvc3ZnPg==\" class=\"lazyload\" style=\"--smush-placeholder-width: 1193px; --smush-placeholder-aspect-ratio: 1193\/1193;\">\n\t\t\t\t<img decoding=\"async\" src=\"\" alt=\"\" title=\"\" itemprop=\"image\">\n\t\t\t\t \n\t\t<h3>Damjan Ro\u017enik<\/h3>Schiffsingenieur\n<strong>Geburtsdatum:<\/strong> 7. Februar 1986<br> <strong>Geburtsort:<\/strong> Koper<br> <strong>Staatsangeh\u00f6rigkeit:<\/strong>Slowenisch<br> <strong>Ausbildung:<\/strong> Nautischer Offiziersanw\u00e4rter<br> <strong>Beruf und Erfahrung:<\/strong> Federica nennt mich &#8222;den Alien&#8220; und macht oft Witze \u00fcber mein Alter. Sie sagt, dass es nicht m\u00f6glich ist, dass ich nur so alt bin, wie ich bin, und dass ich bei all den Jobs, die ich gemacht habe und kann, mindestens hundert Jahre alt sein m\u00fcsste. <br> Ich bin neugierig und habe ein Gesp\u00fcr f\u00fcr handwerkliche Arbeit, und das hat mir erlaubt, mich vielen Berufen zu n\u00e4hern. <br> <a href=\"#\">Weiter lesen &#8230;<\/a>\t\t\t\t\t\n\t\t\t<h2>Damjan Ro\u017enik<\/h2>\n\t\t\t<p>Schiffsingenieur<\/p>\n<p><strong>Geburtsdatum:<\/strong> 7. Februar 1986<br><strong>Geburtsort:<\/strong> Koper<br><strong>Staatsangeh\u00f6rigkeit: <\/strong>Slowenisch<br><strong>Ausbildung:<\/strong> Nautischer Offiziersanw\u00e4rter<br><strong>Beruf und Erfahrung:<\/strong> Federica nennt mich &#8222;den Alien&#8220; und macht oft Witze \u00fcber mein Alter. Sie sagt, dass es nicht m\u00f6glich ist, dass ich nur so alt bin, wie ich bin, und dass ich bei all den Jobs, die ich gemacht habe und wei\u00df, wie man sie macht, mindestens hundert Jahre alt sein m\u00fcsste. <br>Ich bin neugierig und habe ein Gesp\u00fcr f\u00fcr handwerkliche Arbeiten, und das hat es mir erm\u00f6glicht, mich vielen Berufen zu n\u00e4hern.<br>Ich habe im Alter von 10 Jahren angefangen, meinem Vater zu helfen, er ist Klempner und ich habe ihn immer auf Baustellen begleitet. Im Laufe der Zeit habe ich mit vielen Fachleuten zusammengearbeitet und gelernt, Elektriker, Maler, Maurer und vieles mehr zu sein. Ich besuchte die Nautikschule und wurde Deckoffizier. Nach meinem Abschluss ging ich sofort an Bord einer 40-Meter-Benetti von 1977, der Intuition Lady, und arbeitete 10 Jahre lang f\u00fcr die Firma des Eigners. Ich habe alles an Bord gemacht, vom Deckshelfer \u00fcber den Maschinenraumhelfer bis hin zum Ersten Offizier. W\u00e4hrend meiner langen Zeit an Bord wurde das Schiff mehrfach umgebaut, wobei ich mit Mechanikern, Schwei\u00dfern, Schreinern und Elektronikern zusammenarbeitete und assistierte. Nach den ersten drei Jahren an Bord machte ich eine Pause von fast vier Jahren, baute ein Musikstudio auf, leitete und er\u00f6ffnete eine Bar im Zentrum von Izola und arbeitete auf Schleppern in Triest. Nach der Pause an Land kehrte ich f\u00fcr weitere sieben Jahre zum Segeln an Bord der Intuition Lady zur\u00fcck, bis das Projekt Alice in Waterland geboren wurde.<\/p>\n<p><strong>Interessen:<\/strong> Meine gr\u00f6\u00dfte Leidenschaft ist die Musik: Seit ich 8 Jahre alt bin, bin ich Schlagzeuger. Ich habe im Laufe der Jahre in verschiedenen Bands gespielt und arbeite immer noch in verschiedenen Musikprojekten mit. Ich liebe alles, was mit Handarbeit zu tun hat, und besch\u00e4ftige mich mit der Herstellung von Objekten aus verschiedenen Materialien und der Modifizierung von wiederverwerteten Gegenst\u00e4nden. Als Kind hatte ich nie einen PC, aber als ich mit der digitalen Welt in Ber\u00fchrung kam, habe ich mich in sie verliebt, ich liebe Videospiele, ich erstelle Grafiken und bearbeite Videos. Federica hat mich in die Sch\u00f6nheit des Reisens eingef\u00fchrt und ich habe es zu meiner gro\u00dfen Leidenschaft gemacht.<\/p>\n<p><strong>Pers\u00f6nliches Motto: <\/strong>Leben und leben lassen.<br><strong>Sprachen:<\/strong> Slowenisch, Italienisch, Englisch, Kroatisch<\/p>\n\t\t<h5>Modal Popup &#8211; ID <\/h5>\n\t\tClick here to edit the &#8222;Modal Popup&#8220; settings. This text will not be visible on frontend.\n","protected":false},"excerpt":{"rendered":"<p>CREW &#8222;Ein Schiff geht erst dann unter, wenn es von seiner Besatzung verlassen wird&#8220;. &#8211; Wes Fesler Alice Ro\u017enik Kapit\u00e4n Geburtsdatum: 25. Januar 2018 Nationalit\u00e4t: Ravenna Nationalit\u00e4t: Italienisch &#8211; Slowenisch Ausbildung: Azilo Arbeit und Erfahrung:Seit meiner Geburt stehe ich nie still. Meine Eltern sind mit mir schon durch halb Europa gereist, haben mich nach Asien &hellip;<\/p>\n<p class=\"read-more\"> <a class=\"\" href=\"https:\/\/aliceinwaterland.eu\/de\/crew\/\"> <span class=\"screen-reader-text\">Crew<\/span> Read More \u00bb<\/a><\/p>\n","protected":false},"author":1,"featured_media":0,"parent":0,"menu_order":0,"comment_status":"closed","ping_status":"closed","template":"","meta":{"_eb_attr":"","site-sidebar-layout":"no-sidebar","site-content-layout":"page-builder","ast-global-header-display":"","ast-main-header-display":"","ast-hfb-above-header-display":"","ast-hfb-below-header-display":"","ast-hfb-mobile-header-display":"","site-post-title":"disabled","ast-breadcrumbs-content":"","ast-featured-img":"disabled","footer-sml-layout":"","theme-transparent-header-meta":"default","adv-header-id-meta":"","stick-header-meta":"default","header-above-stick-meta":"","header-main-stick-meta":"","header-below-stick-meta":"","_themeisle_gutenberg_block_has_review":false,"footnotes":""},"class_list":["post-5501","page","type-page","status-publish","hentry"],"yoast_head":"<!-- This site is optimized with the Yoast SEO Premium plugin v20.3 (Yoast SEO v26.7) - https:\/\/yoast.com\/wordpress\/plugins\/seo\/ -->\n<title>Crew | Alice in Waterland<\/title>\n<meta name=\"robots\" content=\"index, follow, max-snippet:-1, max-image-preview:large, max-video-preview:-1\" \/>\n<link rel=\"canonical\" href=\"https:\/\/aliceinwaterland.eu\/de\/crew\/\" \/>\n<meta property=\"og:locale\" content=\"de_DE\" \/>\n<meta property=\"og:type\" content=\"article\" \/>\n<meta property=\"og:title\" content=\"Crew\" \/>\n<meta property=\"og:description\" content=\"CREW &#8222;Ein Schiff geht erst dann unter, wenn es von seiner Besatzung verlassen wird&#8220;. &#8211; Wes Fesler Alice Ro\u017enik Kapit\u00e4n Geburtsdatum: 25. Januar 2018 Nationalit\u00e4t: Ravenna Nationalit\u00e4t: Italienisch &#8211; Slowenisch Ausbildung: Azilo Arbeit und Erfahrung:Seit meiner Geburt stehe ich nie still. Meine Eltern sind mit mir schon durch halb Europa gereist, haben mich nach Asien &hellip; Crew Read More \u00bb\" \/>\n<meta property=\"og:url\" content=\"https:\/\/aliceinwaterland.eu\/de\/crew\/\" \/>\n<meta property=\"og:site_name\" content=\"Alice in Waterland\" \/>\n<meta property=\"article:publisher\" content=\"https:\/\/www.facebook.com\/aliceinwaterlandboat\" \/>\n<meta property=\"article:modified_time\" content=\"2023-11-17T15:11:04+00:00\" \/>\n<meta property=\"og:image\" content=\"https:\/\/aliceinwaterland.eu\/wp-content\/uploads\/2020\/05\/crta.svg\" \/>\n<meta name=\"twitter:card\" content=\"summary_large_image\" \/>\n<meta name=\"twitter:site\" content=\"@aliceinwtrland\" \/>\n<meta name=\"twitter:label1\" content=\"Gesch\u00e4tzte Lesezeit\" \/>\n\t<meta name=\"twitter:data1\" content=\"7\u00a0Minuten\" \/>\n<script type=\"application\/ld+json\" class=\"yoast-schema-graph\">{\"@context\":\"https:\/\/schema.org\",\"@graph\":[{\"@type\":\"WebPage\",\"@id\":\"https:\/\/aliceinwaterland.eu\/de\/crew\/\",\"url\":\"https:\/\/aliceinwaterland.eu\/de\/crew\/\",\"name\":\"Crew | Alice in Waterland\",\"isPartOf\":{\"@id\":\"https:\/\/aliceinwaterland.eu\/#website\"},\"primaryImageOfPage\":{\"@id\":\"https:\/\/aliceinwaterland.eu\/de\/crew\/#primaryimage\"},\"image\":{\"@id\":\"https:\/\/aliceinwaterland.eu\/de\/crew\/#primaryimage\"},\"thumbnailUrl\":\"https:\/\/aliceinwaterland.eu\/wp-content\/uploads\/2020\/05\/crta.svg\",\"datePublished\":\"2020-06-01T13:08:17+00:00\",\"dateModified\":\"2023-11-17T15:11:04+00:00\",\"breadcrumb\":{\"@id\":\"https:\/\/aliceinwaterland.eu\/de\/crew\/#breadcrumb\"},\"inLanguage\":\"de\",\"potentialAction\":[{\"@type\":\"ReadAction\",\"target\":[\"https:\/\/aliceinwaterland.eu\/de\/crew\/\"]}]},{\"@type\":\"ImageObject\",\"inLanguage\":\"de\",\"@id\":\"https:\/\/aliceinwaterland.eu\/de\/crew\/#primaryimage\",\"url\":\"https:\/\/aliceinwaterland.eu\/wp-content\/uploads\/2020\/05\/crta.svg\",\"contentUrl\":\"https:\/\/aliceinwaterland.eu\/wp-content\/uploads\/2020\/05\/crta.svg\"},{\"@type\":\"BreadcrumbList\",\"@id\":\"https:\/\/aliceinwaterland.eu\/de\/crew\/#breadcrumb\",\"itemListElement\":[{\"@type\":\"ListItem\",\"position\":1,\"name\":\"Home\",\"item\":\"https:\/\/aliceinwaterland.eu\/de\/\"},{\"@type\":\"ListItem\",\"position\":2,\"name\":\"Crew\"}]},{\"@type\":\"WebSite\",\"@id\":\"https:\/\/aliceinwaterland.eu\/#website\",\"url\":\"https:\/\/aliceinwaterland.eu\/\",\"name\":\"Alice in Waterland\",\"description\":\"Unique family vacation\",\"publisher\":{\"@id\":\"https:\/\/aliceinwaterland.eu\/#organization\"},\"potentialAction\":[{\"@type\":\"SearchAction\",\"target\":{\"@type\":\"EntryPoint\",\"urlTemplate\":\"https:\/\/aliceinwaterland.eu\/?s={search_term_string}\"},\"query-input\":{\"@type\":\"PropertyValueSpecification\",\"valueRequired\":true,\"valueName\":\"search_term_string\"}}],\"inLanguage\":\"de\"},{\"@type\":\"Organization\",\"@id\":\"https:\/\/aliceinwaterland.eu\/#organization\",\"name\":\"POMORSTVO IN TURIZEM Damjan Ro\u017enik s.p.\",\"url\":\"https:\/\/aliceinwaterland.eu\/\",\"logo\":{\"@type\":\"ImageObject\",\"inLanguage\":\"de\",\"@id\":\"https:\/\/aliceinwaterland.eu\/#\/schema\/logo\/image\/\",\"url\":\"https:\/\/aliceinwaterland.eu\/wp-content\/uploads\/2023\/06\/AiW-Logo.jpg\",\"contentUrl\":\"https:\/\/aliceinwaterland.eu\/wp-content\/uploads\/2023\/06\/AiW-Logo.jpg\",\"width\":600,\"height\":600,\"caption\":\"POMORSTVO IN TURIZEM Damjan Ro\u017enik s.p.\"},\"image\":{\"@id\":\"https:\/\/aliceinwaterland.eu\/#\/schema\/logo\/image\/\"},\"sameAs\":[\"https:\/\/www.facebook.com\/aliceinwaterlandboat\",\"https:\/\/x.com\/aliceinwtrland\",\"https:\/\/www.instagram.com\/aliceinwaterlandboat\"]}]}<\/script>\n<!-- \/ Yoast SEO Premium plugin. -->","yoast_head_json":{"title":"Crew | Alice in Waterland","robots":{"index":"index","follow":"follow","max-snippet":"max-snippet:-1","max-image-preview":"max-image-preview:large","max-video-preview":"max-video-preview:-1"},"canonical":"https:\/\/aliceinwaterland.eu\/de\/crew\/","og_locale":"de_DE","og_type":"article","og_title":"Crew","og_description":"CREW &#8222;Ein Schiff geht erst dann unter, wenn es von seiner Besatzung verlassen wird&#8220;. &#8211; Wes Fesler Alice Ro\u017enik Kapit\u00e4n Geburtsdatum: 25. Januar 2018 Nationalit\u00e4t: Ravenna Nationalit\u00e4t: Italienisch &#8211; Slowenisch Ausbildung: Azilo Arbeit und Erfahrung:Seit meiner Geburt stehe ich nie still. Meine Eltern sind mit mir schon durch halb Europa gereist, haben mich nach Asien &hellip; Crew Read More \u00bb","og_url":"https:\/\/aliceinwaterland.eu\/de\/crew\/","og_site_name":"Alice in Waterland","article_publisher":"https:\/\/www.facebook.com\/aliceinwaterlandboat","article_modified_time":"2023-11-17T15:11:04+00:00","og_image":[{"url":"https:\/\/aliceinwaterland.eu\/wp-content\/uploads\/2020\/05\/crta.svg","type":"","width":"","height":""}],"twitter_card":"summary_large_image","twitter_site":"@aliceinwtrland","twitter_misc":{"Gesch\u00e4tzte Lesezeit":"7\u00a0Minuten"},"schema":{"@context":"https:\/\/schema.org","@graph":[{"@type":"WebPage","@id":"https:\/\/aliceinwaterland.eu\/de\/crew\/","url":"https:\/\/aliceinwaterland.eu\/de\/crew\/","name":"Crew | Alice in Waterland","isPartOf":{"@id":"https:\/\/aliceinwaterland.eu\/#website"},"primaryImageOfPage":{"@id":"https:\/\/aliceinwaterland.eu\/de\/crew\/#primaryimage"},"image":{"@id":"https:\/\/aliceinwaterland.eu\/de\/crew\/#primaryimage"},"thumbnailUrl":"https:\/\/aliceinwaterland.eu\/wp-content\/uploads\/2020\/05\/crta.svg","datePublished":"2020-06-01T13:08:17+00:00","dateModified":"2023-11-17T15:11:04+00:00","breadcrumb":{"@id":"https:\/\/aliceinwaterland.eu\/de\/crew\/#breadcrumb"},"inLanguage":"de","potentialAction":[{"@type":"ReadAction","target":["https:\/\/aliceinwaterland.eu\/de\/crew\/"]}]},{"@type":"ImageObject","inLanguage":"de","@id":"https:\/\/aliceinwaterland.eu\/de\/crew\/#primaryimage","url":"https:\/\/aliceinwaterland.eu\/wp-content\/uploads\/2020\/05\/crta.svg","contentUrl":"https:\/\/aliceinwaterland.eu\/wp-content\/uploads\/2020\/05\/crta.svg"},{"@type":"BreadcrumbList","@id":"https:\/\/aliceinwaterland.eu\/de\/crew\/#breadcrumb","itemListElement":[{"@type":"ListItem","position":1,"name":"Home","item":"https:\/\/aliceinwaterland.eu\/de\/"},{"@type":"ListItem","position":2,"name":"Crew"}]},{"@type":"WebSite","@id":"https:\/\/aliceinwaterland.eu\/#website","url":"https:\/\/aliceinwaterland.eu\/","name":"Alice in Waterland","description":"Unique family vacation","publisher":{"@id":"https:\/\/aliceinwaterland.eu\/#organization"},"potentialAction":[{"@type":"SearchAction","target":{"@type":"EntryPoint","urlTemplate":"https:\/\/aliceinwaterland.eu\/?s={search_term_string}"},"query-input":{"@type":"PropertyValueSpecification","valueRequired":true,"valueName":"search_term_string"}}],"inLanguage":"de"},{"@type":"Organization","@id":"https:\/\/aliceinwaterland.eu\/#organization","name":"POMORSTVO IN TURIZEM Damjan Ro\u017enik s.p.","url":"https:\/\/aliceinwaterland.eu\/","logo":{"@type":"ImageObject","inLanguage":"de","@id":"https:\/\/aliceinwaterland.eu\/#\/schema\/logo\/image\/","url":"https:\/\/aliceinwaterland.eu\/wp-content\/uploads\/2023\/06\/AiW-Logo.jpg","contentUrl":"https:\/\/aliceinwaterland.eu\/wp-content\/uploads\/2023\/06\/AiW-Logo.jpg","width":600,"height":600,"caption":"POMORSTVO IN TURIZEM Damjan Ro\u017enik s.p."},"image":{"@id":"https:\/\/aliceinwaterland.eu\/#\/schema\/logo\/image\/"},"sameAs":["https:\/\/www.facebook.com\/aliceinwaterlandboat","https:\/\/x.com\/aliceinwtrland","https:\/\/www.instagram.com\/aliceinwaterlandboat"]}]}},"jetpack_sharing_enabled":true,"_links":{"self":[{"href":"https:\/\/aliceinwaterland.eu\/de\/wp-json\/wp\/v2\/pages\/5501","targetHints":{"allow":["GET"]}}],"collection":[{"href":"https:\/\/aliceinwaterland.eu\/de\/wp-json\/wp\/v2\/pages"}],"about":[{"href":"https:\/\/aliceinwaterland.eu\/de\/wp-json\/wp\/v2\/types\/page"}],"author":[{"embeddable":true,"href":"https:\/\/aliceinwaterland.eu\/de\/wp-json\/wp\/v2\/users\/1"}],"replies":[{"embeddable":true,"href":"https:\/\/aliceinwaterland.eu\/de\/wp-json\/wp\/v2\/comments?post=5501"}],"version-history":[{"count":0,"href":"https:\/\/aliceinwaterland.eu\/de\/wp-json\/wp\/v2\/pages\/5501\/revisions"}],"wp:attachment":[{"href":"https:\/\/aliceinwaterland.eu\/de\/wp-json\/wp\/v2\/media?parent=5501"}],"curies":[{"name":"wp","href":"https:\/\/api.w.org\/{rel}","templated":true}]}}